{"id":9,"date":"2014-09-12T10:15:01","date_gmt":"2014-09-12T10:15:01","guid":{"rendered":"http:\/\/agora.xtec.cat\/iespompeufabra-bdn\/?page_id=9"},"modified":"2026-03-05T17:08:14","modified_gmt":"2026-03-05T16:08:14","slug":"pagina-dinici-buida","status":"publish","type":"page","link":"https:\/\/agora.xtec.cat\/iespompeufabra-bdn\/","title":{"rendered":"Inici"},"content":{"rendered":"\n<style>\n.cards-container{\n  display:grid;\n  grid-template-columns:1fr 1fr;\n  gap:30px;\n  max-width:900px;\n  margin:auto;\n}\n\n.card{\n  background:#f2f2f2;\n  border-radius:20px;\n  overflow:hidden;\n  font-family:Arial, Helvetica, sans-serif;\n  transition:transform .25s ease, box-shadow .25s ease;\n}\n\n.card:hover{\n  transform:translateY(-6px);\n  box-shadow:0 10px 25px rgba(0,0,0,0.15);\n}\n\n.card img{\n  width:100%;\n  aspect-ratio:6\/4;\n  object-fit:contain;\n  background:#e9eef3;\n  display:block;\n}\n\n.card-content{\n  padding:30px;\n}\n\n.card-title{\n  color:#2aa3df;\n  font-size:34px;\n  font-weight:700;\n  line-height:1.1;\n  margin-bottom:20px;\n}\n\n.card-text{\n  color:#222;\n  font-size:20px;\n  line-height:1.4;\n}\n\n\/* eliminar subrayado siempre *\/\n.card a,\n.card a:hover,\n.card a:focus,\n.card a:active,\n.card a:visited{\n  text-decoration:none !important;\n  color:inherit;\n  display:block;\n}\n<\/style>\n\n<div class=\"cards-container\">\n\n  <!-- CARD 1 -->\n  <div class=\"card\">\n    <a href=\"https:\/\/agora.xtec.cat\/iespompeufabra-bdn\/preinscripcio-i-matriculacio-eso-i-bat\/\">\n      <img decoding=\"async\" src=\"https:\/\/agora.xtec.cat\/iespompeufabra-bdn\/wp-content\/uploads\/usu2935\/2026\/03\/ChatGPT-Image-5-mar-2026-10_33_35.png\">\n      <div class=\"card-content\">\n        <div class=\"card-title\">\n          PREINSCRIPCI\u00d3 I MATRICULACI\u00d3<br>ESO I BAT\n        <\/div>\n        <div class=\"card-text\">\n          Informaci\u00f3 sobre el proc\u00e9s de preinscripci\u00f3 i matriculaci\u00f3 per als estudis d&#8217;ESO i Batxillerat.\n        <\/div>\n      <\/div>\n    <\/a>\n  <\/div>\n\n  <!-- CARD 2 -->\n  <div class=\"card\">\n    <a href=\"https:\/\/agora.xtec.cat\/iespompeufabra-bdn\/preinscripcio-i-matriculacio-ccff-i-pfi\/\">\n      <img decoding=\"async\" src=\"https:\/\/agora.xtec.cat\/iespompeufabra-bdn\/wp-content\/uploads\/usu2935\/2026\/03\/ChatGPT-Image-5-mar-2026-10_34_22.png\">\n      <div class=\"card-content\">\n        <div class=\"card-title\">\n          PREINSCRIPCI\u00d3 I MATRICULACI\u00d3<br>CCFF I PFI\n        <\/div>\n        <div class=\"card-text\">\n          Informaci\u00f3 sobre el proc\u00e9s de preinscripci\u00f3 i matriculaci\u00f3 per als Cicles Formatius i els Programes de Formaci\u00f3 i Inserci\u00f3.\n        <\/div>\n      <\/div>\n    <\/a>\n  <\/div>\n\n<\/div>\n\n\n\n<figure class=\"wp-block-image size-large\"><a href=\"https:\/\/agora.xtec.cat\/iespompeufabra-bdn\/wp-content\/uploads\/usu2935\/2026\/03\/Orange-Green-and-Brown-Illustrated-Back-to-School-Poster.png\"><img loading=\"lazy\" decoding=\"async\" width=\"724\" height=\"1024\" src=\"https:\/\/agora.xtec.cat\/iespompeufabra-bdn\/wp-content\/uploads\/usu2935\/2026\/03\/Orange-Green-and-Brown-Illustrated-Back-to-School-Poster-724x1024.png\" alt=\"\" class=\"wp-image-3507\" srcset=\"https:\/\/agora.xtec.cat\/iespompeufabra-bdn\/wp-content\/uploads\/usu2935\/2026\/03\/Orange-Green-and-Brown-Illustrated-Back-to-School-Poster-724x1024.png 724w, https:\/\/agora.xtec.cat\/iespompeufabra-bdn\/wp-content\/uploads\/usu2935\/2026\/03\/Orange-Green-and-Brown-Illustrated-Back-to-School-Poster-212x300.png 212w, https:\/\/agora.xtec.cat\/iespompeufabra-bdn\/wp-content\/uploads\/usu2935\/2026\/03\/Orange-Green-and-Brown-Illustrated-Back-to-School-Poster-768x1086.png 768w, https:\/\/agora.xtec.cat\/iespompeufabra-bdn\/wp-content\/uploads\/usu2935\/2026\/03\/Orange-Green-and-Brown-Illustrated-Back-to-School-Poster-1086x1536.png 1086w, https:\/\/agora.xtec.cat\/iespompeufabra-bdn\/wp-content\/uploads\/usu2935\/2026\/03\/Orange-Green-and-Brown-Illustrated-Back-to-School-Poster-1448x2048.png 1448w, https:\/\/agora.xtec.cat\/iespompeufabra-bdn\/wp-content\/uploads\/usu2935\/2026\/03\/Orange-Green-and-Brown-Illustrated-Back-to-School-Poster.png 1587w\" sizes=\"auto, (max-width: 724px) 100vw, 724px\" \/><\/a><\/figure>\n\n\n\n<p><\/p>\n\n\n\n<p><\/p>\n\n\n\n<p><\/p>\n\n\n\n<p><\/p>\n\n\n\n<p><\/p>\n\n\n\n<p><\/p>\n","protected":false},"excerpt":{"rendered":"<p>PREINSCRIPCI\u00d3 I MATRICULACI\u00d3ESO I BAT Informaci\u00f3 sobre el proc\u00e9s de preinscripci\u00f3 i matriculaci\u00f3 per als estudis d&#8217;ESO i Batxillerat. PREINSCRIPCI\u00d3 [&hellip;]<\/p>\n","protected":false},"author":1,"featured_media":0,"parent":0,"menu_order":0,"comment_status":"closed","ping_status":"closed","template":"","meta":{"_bbp_topic_count":0,"_bbp_reply_count":0,"_bbp_total_topic_count":0,"_bbp_total_reply_count":0,"_bbp_voice_count":0,"_bbp_anonymous_reply_count":0,"_bbp_topic_count_hidden":0,"_bbp_reply_count_hidden":0,"_bbp_forum_subforum_count":0,"site-sidebar-layout":"default","site-content-layout":"","ast-site-content-layout":"default","site-content-style":"default","site-sidebar-style":"default","ast-global-header-display":"","ast-banner-title-visibility":"","ast-main-header-display":"","ast-hfb-above-header-display":"","ast-hfb-below-header-display":"","ast-hfb-mobile-header-display":"","site-post-title":"","ast-breadcrumbs-content":"","ast-featured-img":"","footer-sml-layout":"","theme-transparent-header-meta":"default","adv-header-id-meta":"","stick-header-meta":"","header-above-stick-meta":"","header-main-stick-meta":"","header-below-stick-meta":"","astra-migrate-meta-layouts":"set","ast-page-background-enabled":"default","ast-page-background-meta":{"desktop":{"background-color":"var(--ast-global-color-4)","background-image":"","background-repeat":"repeat","background-position":"center center","background-size":"auto","background-attachment":"scroll","background-type":"","background-media":"","overlay-type":"","overlay-color":"","overlay-opacity":"","overlay-gradient":""},"tablet":{"background-color":"","background-image":"","background-repeat":"repeat","background-position":"center center","background-size":"auto","background-attachment":"scroll","background-type":"","background-media":"","overlay-type":"","overlay-color":"","overlay-opacity":"","overlay-gradient":""},"mobile":{"background-color":"","background-image":"","background-repeat":"repeat","background-position":"center center","background-size":"auto","background-attachment":"scroll","background-type":"","background-media":"","overlay-type":"","overlay-color":"","overlay-opacity":"","overlay-gradient":""}},"ast-content-background-meta":{"desktop":{"background-color":"var(--ast-global-color-5)","background-image":"","background-repeat":"repeat","background-position":"center center","background-size":"auto","background-attachment":"scroll","background-type":"","background-media":"","overlay-type":"","overlay-color":"","overlay-opacity":"","overlay-gradient":""},"tablet":{"background-color":"var(--ast-global-color-5)","background-image":"","background-repeat":"repeat","background-position":"center center","background-size":"auto","background-attachment":"scroll","background-type":"","background-media":"","overlay-type":"","overlay-color":"","overlay-opacity":"","overlay-gradient":""},"mobile":{"background-color":"var(--ast-global-color-5)","background-image":"","background-repeat":"repeat","background-position":"center center","background-size":"auto","background-attachment":"scroll","background-type":"","background-media":"","overlay-type":"","overlay-color":"","overlay-opacity":"","overlay-gradient":""}},"footnotes":""},"class_list":["post-9","page","type-page","status-publish","hentry"],"post_mailing_queue_ids":[],"_links":{"self":[{"href":"https:\/\/agora.xtec.cat\/iespompeufabra-bdn\/wp-json\/wp\/v2\/pages\/9","targetHints":{"allow":["GET"]}}],"collection":[{"href":"https:\/\/agora.xtec.cat\/iespompeufabra-bdn\/wp-json\/wp\/v2\/pages"}],"about":[{"href":"https:\/\/agora.xtec.cat\/iespompeufabra-bdn\/wp-json\/wp\/v2\/types\/page"}],"author":[{"embeddable":true,"href":"https:\/\/agora.xtec.cat\/iespompeufabra-bdn\/wp-json\/wp\/v2\/users\/1"}],"replies":[{"embeddable":true,"href":"https:\/\/agora.xtec.cat\/iespompeufabra-bdn\/wp-json\/wp\/v2\/comments?post=9"}],"version-history":[{"count":6,"href":"https:\/\/agora.xtec.cat\/iespompeufabra-bdn\/wp-json\/wp\/v2\/pages\/9\/revisions"}],"predecessor-version":[{"id":3508,"href":"https:\/\/agora.xtec.cat\/iespompeufabra-bdn\/wp-json\/wp\/v2\/pages\/9\/revisions\/3508"}],"wp:attachment":[{"href":"https:\/\/agora.xtec.cat\/iespompeufabra-bdn\/wp-json\/wp\/v2\/media?parent=9"}],"curies":[{"name":"wp","href":"https:\/\/api.w.org\/{rel}","templated":true}]}}