{"id":800,"date":"2024-02-27T12:22:52","date_gmt":"2024-02-27T11:22:52","guid":{"rendered":"https:\/\/agora.xtec.cat\/iespompeufabra-bdn\/?page_id=800"},"modified":"2024-11-25T14:28:19","modified_gmt":"2024-11-25T13:28:19","slug":"mecanitzacio-dual","status":"publish","type":"page","link":"https:\/\/agora.xtec.cat\/iespompeufabra-bdn\/oferta-educativa\/formacio-profesional\/grau-mitja\/mecanitzacio-dual\/","title":{"rendered":"FM20 Mecanitzaci\u00f3 (Dual)"},"content":{"rendered":"<p><img loading=\"lazy\" decoding=\"async\" class=\"alignright size-full wp-image-1861\" src=\"https:\/\/agora.xtec.cat\/iespompeufabra-bdn\/wp-content\/uploads\/usu2935\/2024\/11\/FPGM-FPGS-PFI-FabricacioMecanica.png\" alt=\"\" width=\"331\" height=\"285\" srcset=\"https:\/\/agora.xtec.cat\/iespompeufabra-bdn\/wp-content\/uploads\/usu2935\/2024\/11\/FPGM-FPGS-PFI-FabricacioMecanica.png 331w, https:\/\/agora.xtec.cat\/iespompeufabra-bdn\/wp-content\/uploads\/usu2935\/2024\/11\/FPGM-FPGS-PFI-FabricacioMecanica-300x258.png 300w\" sizes=\"auto, (max-width: 331px) 100vw, 331px\" \/>Aquests estudis capaciten per executar els processos de mecanitzaci\u00f3 per arrencament de ferritja, conformat i procediments especials, preparant, programant, operant les m\u00e0quines eines i verificant el producte obtingut, complint amb les especificacions de qualitat, seguretat i protecci\u00f3 mediambiental.<\/p>\n<p>Tenen una durada de 2.000 hores distribu\u00efdes en dos cursos acad\u00e8mics (1.485 en un centre educatiu i 515 (hores d&#8217;estada a l&#8217;empresa) en un centre de treball).<\/p>\n<p>Aquest estudi substitueix el cicle Mecanitzaci\u00f3 (LOGSE).<\/p>\n<p><strong>Mat\u00e8ries i continguts que s&#8217;imparteixen:<\/strong><\/p>\n<ul class=\"llista-especial\">\n<li>Processos de mecanitzaci\u00f3<\/li>\n<li>Mecanitzaci\u00f3 per control num\u00e8ric<\/li>\n<li>Fabricaci\u00f3 per abrasi\u00f3, electroerosi\u00f3, tall i conformat i per processos especials<\/li>\n<li>Fabricaci\u00f3 per arrencament de ferritja<\/li>\n<li>Sistemes automatitzats<\/li>\n<li>Metrologia i assaig<\/li>\n<li>Interpretaci\u00f3 gr\u00e0fica<\/li>\n<li>Angl\u00e8s professional (GM)<\/li>\n<li>Digitalitzaci\u00f3 aplicada als sectors productius (GM)<\/li>\n<li>Sostenibilitat aplicada al sistema productiu<\/li>\n<li>Itinerari personal per a l&#8217;ocupabilitat I<\/li>\n<li>Itinerari personal per a l&#8217;ocupabilitat II<\/li>\n<li>Projecte intermodular<\/li>\n<li>M\u00f2dul professional optatiu<\/li>\n<\/ul>\n<p><strong>Qu\u00e8 necessito per accedir-hi:<\/strong><\/p>\n<p>Pots accedir als cicles de grau mitj\u00e0 si compleixes algun dels requisits seg\u00fcents:<\/p>\n<p>Tenir un d\u2019aquests t\u00edtols:<\/p>\n<ul class=\"llista-especial\">\n<li>\u00a0Graduat\/ada en educaci\u00f3 secund\u00e0ria obligat\u00f2ria.<\/li>\n<li>\u00a0T\u00e8cnic\/a b\u00e0sic\/a.<\/li>\n<li>\u00a0T\u00e8cnic\/a.<\/li>\n<li>\u00a0T\u00e8cnic\/a superior.<\/li>\n<li>\u00a0T\u00e8cnic\/a auxiliar.<\/li>\n<li>\u00a0Batxillerat superior (plans educatius anteriors a la Llei org\u00e0nica 2\/2006, de 3 de maig).<\/li>\n<li>\u00a0Titulacions equivalents per accedir als cicles formatius de grau superior.<\/li>\n<\/ul>\n<p>O b\u00e9, haver superat:<\/p>\n<ul class=\"llista-especial\">\n<li>\u00a0Una oferta formativa de certificat professional inclosa en el cicle.<\/li>\n<li>\u00a0Un\u00a0curs de formaci\u00f3 preparatori per a l&#8217;acc\u00e9s als cicles de grau mitj\u00e0.<\/li>\n<li>\u00a0Una\u00a0prova d&#8217;acc\u00e9s.<\/li>\n<li>\u00a0El segon curs del primer cicle experimental de reforma dels ensenyaments mitjans.<\/li>\n<li>\u00a0El tercer curs del Pla 1963 o segon de comuns experimental dels ensenyaments d&#8217;arts aplicades i oficis art\u00edstics.<\/li>\n<li>\u00a0El segon curs de BUP, amb un m\u00e0xim de dues mat\u00e8ries suspeses.<\/li>\n<li>\u00a0Haver superat la prova d&#8217;acc\u00e9s a la universitat per a m\u00e9s grans de 25 o de 45 anys, o haver accedit a la universitat per tenir 40 anys o m\u00e9s i acreditar experi\u00e8ncia laboral o professional.<\/li>\n<li>Altres estudis o cursos de formaci\u00f3 equivalents acad\u00e8micament.<\/li>\n<\/ul>\n<h2 class=\"subtitle\">Quines s\u00f3n les sortides acad\u00e8miques i professionals<\/h2>\n<div id=\"bloc1-1\" class=\"panel-collapse collapse in\">\n<div class=\"col-xs-12 columna_esquerra\">\n<p><strong>Sortides acad\u00e8miques:<br \/>\n<\/strong>Amb aquests estudis s&#8217;obt\u00e9 el t\u00edtol de\u00a0<strong>t\u00e8cnic o t\u00e8cnica<\/strong>, que permet accedir:<\/p>\n<ul>\n<li>Al batxillerat,<\/li>\n<li>A un cicle de grau superior de formaci\u00f3 professional<\/li>\n<\/ul>\n<p><strong>Sortides professionals:<br \/>\n<\/strong>La superaci\u00f3 d&#8217;aquest cicle formatiu permet accedir al\u00a0<strong>m\u00f3n laboral<\/strong>\u00a0com a:<\/p>\n<ul>\n<li>\u00a0Operari ajustador o oper\u00e0ria ajustadora de m\u00e0quines eina;<\/li>\n<li>\u00a0Polidor o polidora de metalls i afilador o afiladora d&#8217;eines;<\/li>\n<li>\u00a0Operador o operadora de m\u00e0quines per treballar metalls, de m\u00e0quines eina o de robots industrials, i<\/li>\n<li>\u00a0Torner o tornera, fresador o fresadora i mandrinador o mandrinadora.<\/li>\n<\/ul>\n<p>&nbsp;<\/p>\n<p><strong>\u00a0<\/strong><\/p>\n<\/div>\n<\/div>\n","protected":false},"excerpt":{"rendered":"<p>Aquests estudis capaciten per executar els processos de mecanitzaci\u00f3 per arrencament de ferritja, conformat i procediments especials, preparant, programant, operant [&hellip;]<\/p>\n","protected":false},"author":1,"featured_media":0,"parent":762,"menu_order":0,"comment_status":"closed","ping_status":"closed","template":"page-templates\/side-menu.php","meta":{"_bbp_topic_count":0,"_bbp_reply_count":0,"_bbp_total_topic_count":0,"_bbp_total_reply_count":0,"_bbp_voice_count":0,"_bbp_anonymous_reply_count":0,"_bbp_topic_count_hidden":0,"_bbp_reply_count_hidden":0,"_bbp_forum_subforum_count":0,"site-sidebar-layout":"default","site-content-layout":"","ast-site-content-layout":"","site-content-style":"default","site-sidebar-style":"default","ast-global-header-display":"","ast-banner-title-visibility":"","ast-main-header-display":"","ast-hfb-above-header-display":"","ast-hfb-below-header-display":"","ast-hfb-mobile-header-display":"","site-post-title":"","ast-breadcrumbs-content":"","ast-featured-img":"","footer-sml-layout":"","theme-transparent-header-meta":"","adv-header-id-meta":"","stick-header-meta":"","header-above-stick-meta":"","header-main-stick-meta":"","header-below-stick-meta":"","astra-migrate-meta-layouts":"default","ast-page-background-enabled":"default","ast-page-background-meta":{"desktop":{"background-color":"var(--ast-global-color-4)","background-image":"","background-repeat":"repeat","background-position":"center center","background-size":"auto","background-attachment":"scroll","background-type":"","background-media":"","overlay-type":"","overlay-color":"","overlay-opacity":"","overlay-gradient":""},"tablet":{"background-color":"","background-image":"","background-repeat":"repeat","background-position":"center center","background-size":"auto","background-attachment":"scroll","background-type":"","background-media":"","overlay-type":"","overlay-color":"","overlay-opacity":"","overlay-gradient":""},"mobile":{"background-color":"","background-image":"","background-repeat":"repeat","background-position":"center center","background-size":"auto","background-attachment":"scroll","background-type":"","background-media":"","overlay-type":"","overlay-color":"","overlay-opacity":"","overlay-gradient":""}},"ast-content-background-meta":{"desktop":{"background-color":"var(--ast-global-color-5)","background-image":"","background-repeat":"repeat","background-position":"center center","background-size":"auto","background-attachment":"scroll","background-type":"","background-media":"","overlay-type":"","overlay-color":"","overlay-opacity":"","overlay-gradient":""},"tablet":{"background-color":"var(--ast-global-color-5)","background-image":"","background-repeat":"repeat","background-position":"center center","background-size":"auto","background-attachment":"scroll","background-type":"","background-media":"","overlay-type":"","overlay-color":"","overlay-opacity":"","overlay-gradient":""},"mobile":{"background-color":"var(--ast-global-color-5)","background-image":"","background-repeat":"repeat","background-position":"center center","background-size":"auto","background-attachment":"scroll","background-type":"","background-media":"","overlay-type":"","overlay-color":"","overlay-opacity":"","overlay-gradient":""}},"footnotes":""},"class_list":["post-800","page","type-page","status-publish","hentry"],"post_mailing_queue_ids":[],"_links":{"self":[{"href":"https:\/\/agora.xtec.cat\/iespompeufabra-bdn\/wp-json\/wp\/v2\/pages\/800","targetHints":{"allow":["GET"]}}],"collection":[{"href":"https:\/\/agora.xtec.cat\/iespompeufabra-bdn\/wp-json\/wp\/v2\/pages"}],"about":[{"href":"https:\/\/agora.xtec.cat\/iespompeufabra-bdn\/wp-json\/wp\/v2\/types\/page"}],"author":[{"embeddable":true,"href":"https:\/\/agora.xtec.cat\/iespompeufabra-bdn\/wp-json\/wp\/v2\/users\/1"}],"replies":[{"embeddable":true,"href":"https:\/\/agora.xtec.cat\/iespompeufabra-bdn\/wp-json\/wp\/v2\/comments?post=800"}],"version-history":[{"count":6,"href":"https:\/\/agora.xtec.cat\/iespompeufabra-bdn\/wp-json\/wp\/v2\/pages\/800\/revisions"}],"predecessor-version":[{"id":1863,"href":"https:\/\/agora.xtec.cat\/iespompeufabra-bdn\/wp-json\/wp\/v2\/pages\/800\/revisions\/1863"}],"up":[{"embeddable":true,"href":"https:\/\/agora.xtec.cat\/iespompeufabra-bdn\/wp-json\/wp\/v2\/pages\/762"}],"wp:attachment":[{"href":"https:\/\/agora.xtec.cat\/iespompeufabra-bdn\/wp-json\/wp\/v2\/media?parent=800"}],"curies":[{"name":"wp","href":"https:\/\/api.w.org\/{rel}","templated":true}]}}