{"id":798,"date":"2024-02-27T12:21:38","date_gmt":"2024-02-27T11:21:38","guid":{"rendered":"https:\/\/agora.xtec.cat\/iespompeufabra-bdn\/?page_id=798"},"modified":"2024-11-25T14:22:40","modified_gmt":"2024-11-25T13:22:40","slug":"electromecanica-de-vehicles","status":"publish","type":"page","link":"https:\/\/agora.xtec.cat\/iespompeufabra-bdn\/oferta-educativa\/formacio-profesional\/grau-mitja\/electromecanica-de-vehicles\/","title":{"rendered":"TM10 Electromec\u00e0nica de vehicles (Dual)"},"content":{"rendered":"<p><img loading=\"lazy\" decoding=\"async\" class=\"alignright size-full wp-image-1809\" src=\"https:\/\/agora.xtec.cat\/iespompeufabra-bdn\/wp-content\/uploads\/usu2935\/2024\/11\/FPGM-FPGS-PFI-TransportiMantenimentDeVehicles.png\" alt=\"\" width=\"380\" height=\"285\" \/>Aquests estudis capaciten per fer operacions de manteniment, muntatge d&#8217;accessoris i transformacions a les \u00e0rees de mec\u00e0nica, hidr\u00e0ulica, pneum\u00e0tica i electricitat del sector d\u2019automoci\u00f3, ajustant-se a procediments i temps establerts, complint amb les especificacions de qualitat, seguretat i protecci\u00f3 ambiental.<\/p>\n<p>La durada \u00e9s de 2.000 hores (1.485 en un centre educatiu i 515 (hores d&#8217;estada a l&#8217;empresa) en un centre de treball) distribu\u00efdes en\u00a0<strong>dos cursos<\/strong>\u00a0acad\u00e8mics.<\/p>\n<p><strong>Mat\u00e8ries i continguts que s&#8217;imparteixen:<\/strong><\/p>\n<ul class=\"llista-especial\">\n<li>Mecanitzaci\u00f3 B\u00e0sica<\/li>\n<li>Motors<\/li>\n<li>Sistemes Auxiliars del Motor<\/li>\n<li>Circuits de Fluids, Suspensi\u00f3 i Direcci\u00f3<\/li>\n<li>Sistemes de Transmissi\u00f3 i Frenada<\/li>\n<li>Sistemes de C\u00e0rrega i Arrencada<\/li>\n<li>Circuits El\u00e8ctrics Auxiliars del Vehicle<\/li>\n<li>Sistemes de Seguretat i Confortabilitat<\/li>\n<li>Angl\u00e8s Professional<\/li>\n<li>Digitalitzaci\u00f3 Aplicada als Sectors Productius<\/li>\n<li>Sostenibilitat Aplicada al Sistema Productiu<\/li>\n<li>Itinerari Personal per a l&#8217;Ocupabilitat I<\/li>\n<li>Itinerari Personal per a l&#8217;Ocupabilitat II<\/li>\n<li>Projecte Intermodular<\/li>\n<li>M\u00f2dul Professional Optatiu<\/li>\n<\/ul>\n<p><strong>Qu\u00e8 necessito per accedir-hi:<\/strong><\/p>\n<p>Pots accedir als cicles de grau mitj\u00e0 si compleixes algun dels requisits seg\u00fcents:<\/p>\n<p>Tenir un d\u2019aquests t\u00edtols:<\/p>\n<ul class=\"llista-especial\">\n<li>\u00a0Graduat\/ada en educaci\u00f3 secund\u00e0ria obligat\u00f2ria.<\/li>\n<li>\u00a0T\u00e8cnic\/a b\u00e0sic\/a.<\/li>\n<li>\u00a0T\u00e8cnic\/a.<\/li>\n<li>\u00a0T\u00e8cnic\/a superior.<\/li>\n<li>\u00a0T\u00e8cnic\/a auxiliar.<\/li>\n<li>\u00a0Batxillerat superior (plans educatius anteriors a la Llei org\u00e0nica 2\/2006, de 3 de maig).<\/li>\n<li>\u00a0Titulacions equivalents per accedir als cicles formatius de grau superior.<\/li>\n<\/ul>\n<p>O b\u00e9, haver superat:<\/p>\n<ul class=\"llista-especial\">\n<li>\u00a0Una oferta formativa de certificat professional inclosa en el cicle.<\/li>\n<li>\u00a0Un\u00a0curs de formaci\u00f3 preparatori per a l&#8217;acc\u00e9s als cicles de grau mitj\u00e0.<\/li>\n<li>\u00a0Una\u00a0prova d&#8217;acc\u00e9s.<\/li>\n<li>\u00a0El segon curs del primer cicle experimental de reforma dels ensenyaments mitjans.<\/li>\n<li>\u00a0El tercer curs del Pla 1963 o segon de comuns experimental dels ensenyaments d&#8217;arts aplicades i oficis art\u00edstics.<\/li>\n<li>\u00a0El segon curs de BUP, amb un m\u00e0xim de dues mat\u00e8ries suspeses.<\/li>\n<li>\u00a0Haver superat la prova d&#8217;acc\u00e9s a la universitat per a m\u00e9s grans de 25 o de 45 anys, o haver accedit a la universitat per tenir 40 anys o m\u00e9s i acreditar experi\u00e8ncia laboral o professional.<\/li>\n<li>Altres estudis o cursos de formaci\u00f3 equivalents acad\u00e8micament.<\/li>\n<\/ul>\n<h2 class=\"subtitle\">Quines s\u00f3n les sortides acad\u00e8miques i professionals<\/h2>\n<div id=\"bloc1-1\" class=\"panel-collapse collapse in\">\n<div class=\"col-xs-12 columna_esquerra\">\n<p><strong>Sortides acad\u00e8miques:<br \/>\n<\/strong>Amb aquests estudis s&#8217;obt\u00e9 el t\u00edtol de\u00a0<strong>t\u00e8cnic o t\u00e8cnica<\/strong>, que permet accedir:<\/p>\n<ul>\n<li>\u00a0Al batxillerat,<\/li>\n<li>\u00a0A un cicle de grau superior de formaci\u00f3 professional<\/li>\n<\/ul>\n<p><strong>Sortides professionals:<\/strong><br \/>\nLa superaci\u00f3 d&#8217;aquest cicle formatiu permet accedir al <strong>m\u00f3n laboral<\/strong>\u00a0com a:<\/p>\n<ul>\n<li>Reparador o reparadora de sistemes pneum\u00e0tics i hidr\u00e0ulics.<\/li>\n<li>\u00a0Reparador o reparadora de sistemes de transmissi\u00f3 i frens.<\/li>\n<li>\u00a0Reparador o reparadora de sistemes de direcci\u00f3 i suspensi\u00f3.<\/li>\n<li>\u00a0Operari o oper\u00e0ria d&#8217;ITV.<\/li>\n<li>\u00a0Instal\u00b7lador o instal\u00b7ladora d&#8217;accessoris a vehicles.<\/li>\n<li>\u00a0Operari o oper\u00e0ria d&#8217;empreses dedicades a la fabricaci\u00f3 de recanvis.<\/li>\n<li>\u00a0Electromec\u00e0nic Electromec\u00e0nic de motocicletes.<\/li>\n<li>\u00a0Venedor o venedora, distribu\u00efdor o distribu\u00efdora de recanvis i d&#8217;equips de diagnosi.<\/li>\n<\/ul>\n<p>Amb aquesta titulaci\u00f3\u00a0<strong>s&#8217;obt\u00e9 de forma directa el certificat acreditatiu<\/strong>\u00a0per a la comercialitzaci\u00f3 i manipulaci\u00f3 d&#8217;equips amb sistemes frigor\u00edfics que utilitzin\u00a0<strong>refrigerants fluorats<\/strong>\u00a0destinats a confort t\u00e8rmic de persones instal\u00b7lats en vehicles.<\/p>\n<\/div>\n<\/div>\n<p>&nbsp;<\/p>\n<p>&nbsp;<\/p>\n","protected":false},"excerpt":{"rendered":"<p>Aquests estudis capaciten per fer operacions de manteniment, muntatge d&#8217;accessoris i transformacions a les \u00e0rees de mec\u00e0nica, hidr\u00e0ulica, pneum\u00e0tica i [&hellip;]<\/p>\n","protected":false},"author":1,"featured_media":0,"parent":762,"menu_order":0,"comment_status":"closed","ping_status":"closed","template":"page-templates\/side-menu.php","meta":{"_bbp_topic_count":0,"_bbp_reply_count":0,"_bbp_total_topic_count":0,"_bbp_total_reply_count":0,"_bbp_voice_count":0,"_bbp_anonymous_reply_count":0,"_bbp_topic_count_hidden":0,"_bbp_reply_count_hidden":0,"_bbp_forum_subforum_count":0,"site-sidebar-layout":"default","site-content-layout":"","ast-site-content-layout":"","site-content-style":"default","site-sidebar-style":"default","ast-global-header-display":"","ast-banner-title-visibility":"","ast-main-header-display":"","ast-hfb-above-header-display":"","ast-hfb-below-header-display":"","ast-hfb-mobile-header-display":"","site-post-title":"","ast-breadcrumbs-content":"","ast-featured-img":"","footer-sml-layout":"","theme-transparent-header-meta":"","adv-header-id-meta":"","stick-header-meta":"","header-above-stick-meta":"","header-main-stick-meta":"","header-below-stick-meta":"","astra-migrate-meta-layouts":"default","ast-page-background-enabled":"default","ast-page-background-meta":{"desktop":{"background-color":"var(--ast-global-color-4)","background-image":"","background-repeat":"repeat","background-position":"center center","background-size":"auto","background-attachment":"scroll","background-type":"","background-media":"","overlay-type":"","overlay-color":"","overlay-opacity":"","overlay-gradient":""},"tablet":{"background-color":"","background-image":"","background-repeat":"repeat","background-position":"center center","background-size":"auto","background-attachment":"scroll","background-type":"","background-media":"","overlay-type":"","overlay-color":"","overlay-opacity":"","overlay-gradient":""},"mobile":{"background-color":"","background-image":"","background-repeat":"repeat","background-position":"center center","background-size":"auto","background-attachment":"scroll","background-type":"","background-media":"","overlay-type":"","overlay-color":"","overlay-opacity":"","overlay-gradient":""}},"ast-content-background-meta":{"desktop":{"background-color":"var(--ast-global-color-5)","background-image":"","background-repeat":"repeat","background-position":"center center","background-size":"auto","background-attachment":"scroll","background-type":"","background-media":"","overlay-type":"","overlay-color":"","overlay-opacity":"","overlay-gradient":""},"tablet":{"background-color":"var(--ast-global-color-5)","background-image":"","background-repeat":"repeat","background-position":"center center","background-size":"auto","background-attachment":"scroll","background-type":"","background-media":"","overlay-type":"","overlay-color":"","overlay-opacity":"","overlay-gradient":""},"mobile":{"background-color":"var(--ast-global-color-5)","background-image":"","background-repeat":"repeat","background-position":"center center","background-size":"auto","background-attachment":"scroll","background-type":"","background-media":"","overlay-type":"","overlay-color":"","overlay-opacity":"","overlay-gradient":""}},"footnotes":""},"class_list":["post-798","page","type-page","status-publish","hentry"],"post_mailing_queue_ids":[],"_links":{"self":[{"href":"https:\/\/agora.xtec.cat\/iespompeufabra-bdn\/wp-json\/wp\/v2\/pages\/798","targetHints":{"allow":["GET"]}}],"collection":[{"href":"https:\/\/agora.xtec.cat\/iespompeufabra-bdn\/wp-json\/wp\/v2\/pages"}],"about":[{"href":"https:\/\/agora.xtec.cat\/iespompeufabra-bdn\/wp-json\/wp\/v2\/types\/page"}],"author":[{"embeddable":true,"href":"https:\/\/agora.xtec.cat\/iespompeufabra-bdn\/wp-json\/wp\/v2\/users\/1"}],"replies":[{"embeddable":true,"href":"https:\/\/agora.xtec.cat\/iespompeufabra-bdn\/wp-json\/wp\/v2\/comments?post=798"}],"version-history":[{"count":6,"href":"https:\/\/agora.xtec.cat\/iespompeufabra-bdn\/wp-json\/wp\/v2\/pages\/798\/revisions"}],"predecessor-version":[{"id":2494,"href":"https:\/\/agora.xtec.cat\/iespompeufabra-bdn\/wp-json\/wp\/v2\/pages\/798\/revisions\/2494"}],"up":[{"embeddable":true,"href":"https:\/\/agora.xtec.cat\/iespompeufabra-bdn\/wp-json\/wp\/v2\/pages\/762"}],"wp:attachment":[{"href":"https:\/\/agora.xtec.cat\/iespompeufabra-bdn\/wp-json\/wp\/v2\/media?parent=798"}],"curies":[{"name":"wp","href":"https:\/\/api.w.org\/{rel}","templated":true}]}}