{"id":764,"date":"2024-02-26T21:35:00","date_gmt":"2024-02-26T20:35:00","guid":{"rendered":"https:\/\/agora.xtec.cat\/iespompeufabra-bdn\/?page_id=764"},"modified":"2025-09-12T13:03:07","modified_gmt":"2025-09-12T11:03:07","slug":"grau-superior","status":"publish","type":"page","link":"https:\/\/agora.xtec.cat\/iespompeufabra-bdn\/oferta-educativa\/formacio-profesional\/grau-superior\/","title":{"rendered":"CCFF GRAU SUPERIOR"},"content":{"rendered":"\n<figure class=\"wp-block-image alignright\"><img loading=\"lazy\" decoding=\"async\" width=\"262\" height=\"285\" src=\"https:\/\/agora.xtec.cat\/iespompeufabra-bdn\/wp-content\/uploads\/usu2935\/2024\/11\/Cursos-FP.png\" alt=\"\" class=\"wp-image-1829\"\/><\/figure>\n\n\n\n<p>A l&#8217;institut Pompeu Fabra de Badalona s&#8217;imparteixen diferents CCFGS de diferents Fam\u00edlies professionals.<\/p>\n\n\n\n<p><strong>Fabricaci\u00f3 mec\u00e0nica:<\/strong><\/p>\n\n\n\n<ul class=\"wp-block-list\">\n<li><a href=\"https:\/\/agora.xtec.cat\/iespompeufabra-bdn\/oferta-educativa\/grau-superior\/fmb0-fmc0-programacio-de-la-prod-disseny-en-fab-mecanica\/\">FMB0 + FMC0 Programaci\u00f3 de la Prod. + Disseny en Fab. Mec\u00e0nica<\/a>.<\/li>\n<\/ul>\n\n\n\n<p><strong>Transport i manteniment de vehicles:<\/strong><\/p>\n\n\n\n<ul class=\"wp-block-list\">\n<li><a href=\"https:\/\/agora.xtec.cat\/iespompeufabra-bdn\/oferta-educativa\/grau-superior\/grau-superior-en-carrosseria-dual\/\">TMA0 Automoci\u00f3 (Dual)<\/a>.<\/li>\n<\/ul>\n\n\n\n<p><strong>Qu\u00edmica:<\/strong><\/p>\n\n\n\n<ul class=\"wp-block-list\">\n<li><a href=\"https:\/\/agora.xtec.cat\/iespompeufabra-bdn\/oferta-educativa\/grau-superior\/grau-superior-en-fabricacio-de-productes-farmaceutics-biotecnologics-i-afins-dual\/\">QUB0 Fabricaci\u00f3 de prod. farmac\u00e8utics, biotecnol\u00f2gics i afins<\/a>.<\/li>\n\n\n\n<li><a href=\"https:\/\/agora.xtec.cat\/iespompeufabra-bdn\/oferta-educativa\/formacio-profesional\/grau-superior\/qud0-laboratori-danalisi-i-control-de-qualitat\/\">QUD0 Laboratori d\u2019An\u00e0lisi i de Control de Qualitat.<\/a><\/li>\n<\/ul>\n\n\n\n<p>Els cicles formatius de grau superior (CFGS) s\u00f3n estudis professionalitzadors que formen part de l&#8217;educaci\u00f3 superior i que preparen l\u2019alumnat per a l&#8217;activitat qualificada en un camp professional.<br>Aquests ensenyaments tenen una durada de 2.000 hores (en dos cursos acad\u00e8mics) i s&#8217;agrupen en fam\u00edlies professionals.<\/p>\n\n\n\n<p>La titulaci\u00f3 que s&#8217;obt\u00e9 en finalitzar un cicle formatiu de grau superior \u00e9s la de t\u00e8cnic o t\u00e8cnica superior del perfil professional corresponent, que permet incorporar-se al m\u00f3n laboral i accedir a estudis universitaris.<\/p>\n\n\n\n<div>\n<div>\n<div class=\"row\">\n<h2 class=\"subtitle\"><strong>Qu\u00e8 necessito per accedir-hi<\/strong><\/h2>\n<\/div>\n<\/div>\n<\/div>\n\n\n\n<div class=\"pd-15x\">\n<p>Per al curs 2024-2025,\u00a0pots accedir als cicles de grau superior si compleixes algun dels requisits seg\u00fcents:<\/p>\n<p>Tenir un d\u2019aquests t\u00edtols:<\/p>\n<ul>\n<li>Batxillerat.<\/li>\n<li>Batxillerat LOGSE.<\/li>\n<li>BUP.<\/li>\n<li>T\u00e8cnic\/a superior de formaci\u00f3 professional o grau universitari o equivalent.<\/li>\n<li>T\u00e8cnic\/a especialista, t\u00e8cnic\/a superior o equivalent.<\/li>\n<li>T\u00e8cnic\/a de grau mitj\u00e0 de formaci\u00f3 professional o t\u00edtol de t\u00e8cnic\/a o t\u00e8cnic\/a d&#8217;arts pl\u00e0stiques i disseny.<\/li>\n<\/ul>\n<p>O b\u00e9, haver superat:<\/p>\n<ul>\n<li>Una oferta formativa de certificat professional inclosa en el cicle.<\/li>\n<li>Un\u00a0curs de preparaci\u00f3\u00a0per a la incorporaci\u00f3 als cicles de grau superior.<\/li>\n<li>Una\u00a0prova d&#8217;acc\u00e9s.<\/li>\n<li>El segon curs de qualsevol modalitat de batxillerat experimental.<\/li>\n<li>El COU o un curs preuniversitari.<\/li>\n<li>Haver superat la prova d&#8217;acc\u00e9s a la universitat per a m\u00e9s grans de 25 o de 45 anys, o haver accedit a la universitat per tenir 40 anys o m\u00e9s i acreditar experi\u00e8ncia laboral o professional.<\/li>\n<\/ul>\n<div class=\"pd-15x\">\u00a0<\/div>\n<\/div>\n","protected":false},"excerpt":{"rendered":"<p>A l&#8217;institut Pompeu Fabra de Badalona s&#8217;imparteixen diferents CCFGS de diferents Fam\u00edlies professionals. Fabricaci\u00f3 mec\u00e0nica: Transport i manteniment de vehicles: [&hellip;]<\/p>\n","protected":false},"author":1,"featured_media":0,"parent":1911,"menu_order":2,"comment_status":"closed","ping_status":"closed","template":"","meta":{"_bbp_topic_count":0,"_bbp_reply_count":0,"_bbp_total_topic_count":0,"_bbp_total_reply_count":0,"_bbp_voice_count":0,"_bbp_anonymous_reply_count":0,"_bbp_topic_count_hidden":0,"_bbp_reply_count_hidden":0,"_bbp_forum_subforum_count":0,"site-sidebar-layout":"default","site-content-layout":"","ast-site-content-layout":"default","site-content-style":"default","site-sidebar-style":"default","ast-global-header-display":"","ast-banner-title-visibility":"","ast-main-header-display":"","ast-hfb-above-header-display":"","ast-hfb-below-header-display":"","ast-hfb-mobile-header-display":"","site-post-title":"","ast-breadcrumbs-content":"","ast-featured-img":"","footer-sml-layout":"","theme-transparent-header-meta":"","adv-header-id-meta":"","stick-header-meta":"","header-above-stick-meta":"","header-main-stick-meta":"","header-below-stick-meta":"","astra-migrate-meta-layouts":"set","ast-page-background-enabled":"default","ast-page-background-meta":{"desktop":{"background-color":"var(--ast-global-color-4)","background-image":"","background-repeat":"repeat","background-position":"center center","background-size":"auto","background-attachment":"scroll","background-type":"","background-media":"","overlay-type":"","overlay-color":"","overlay-opacity":"","overlay-gradient":""},"tablet":{"background-color":"","background-image":"","background-repeat":"repeat","background-position":"center center","background-size":"auto","background-attachment":"scroll","background-type":"","background-media":"","overlay-type":"","overlay-color":"","overlay-opacity":"","overlay-gradient":""},"mobile":{"background-color":"","background-image":"","background-repeat":"repeat","background-position":"center center","background-size":"auto","background-attachment":"scroll","background-type":"","background-media":"","overlay-type":"","overlay-color":"","overlay-opacity":"","overlay-gradient":""}},"ast-content-background-meta":{"desktop":{"background-color":"var(--ast-global-color-5)","background-image":"","background-repeat":"repeat","background-position":"center center","background-size":"auto","background-attachment":"scroll","background-type":"","background-media":"","overlay-type":"","overlay-color":"","overlay-opacity":"","overlay-gradient":""},"tablet":{"background-color":"var(--ast-global-color-5)","background-image":"","background-repeat":"repeat","background-position":"center center","background-size":"auto","background-attachment":"scroll","background-type":"","background-media":"","overlay-type":"","overlay-color":"","overlay-opacity":"","overlay-gradient":""},"mobile":{"background-color":"var(--ast-global-color-5)","background-image":"","background-repeat":"repeat","background-position":"center center","background-size":"auto","background-attachment":"scroll","background-type":"","background-media":"","overlay-type":"","overlay-color":"","overlay-opacity":"","overlay-gradient":""}},"footnotes":""},"class_list":["post-764","page","type-page","status-publish","hentry"],"post_mailing_queue_ids":[],"_links":{"self":[{"href":"https:\/\/agora.xtec.cat\/iespompeufabra-bdn\/wp-json\/wp\/v2\/pages\/764","targetHints":{"allow":["GET"]}}],"collection":[{"href":"https:\/\/agora.xtec.cat\/iespompeufabra-bdn\/wp-json\/wp\/v2\/pages"}],"about":[{"href":"https:\/\/agora.xtec.cat\/iespompeufabra-bdn\/wp-json\/wp\/v2\/types\/page"}],"author":[{"embeddable":true,"href":"https:\/\/agora.xtec.cat\/iespompeufabra-bdn\/wp-json\/wp\/v2\/users\/1"}],"replies":[{"embeddable":true,"href":"https:\/\/agora.xtec.cat\/iespompeufabra-bdn\/wp-json\/wp\/v2\/comments?post=764"}],"version-history":[{"count":6,"href":"https:\/\/agora.xtec.cat\/iespompeufabra-bdn\/wp-json\/wp\/v2\/pages\/764\/revisions"}],"predecessor-version":[{"id":3080,"href":"https:\/\/agora.xtec.cat\/iespompeufabra-bdn\/wp-json\/wp\/v2\/pages\/764\/revisions\/3080"}],"up":[{"embeddable":true,"href":"https:\/\/agora.xtec.cat\/iespompeufabra-bdn\/wp-json\/wp\/v2\/pages\/1911"}],"wp:attachment":[{"href":"https:\/\/agora.xtec.cat\/iespompeufabra-bdn\/wp-json\/wp\/v2\/media?parent=764"}],"curies":[{"name":"wp","href":"https:\/\/api.w.org\/{rel}","templated":true}]}}