{"id":762,"date":"2024-02-26T21:34:53","date_gmt":"2024-02-26T20:34:53","guid":{"rendered":"https:\/\/agora.xtec.cat\/iespompeufabra-bdn\/?page_id=762"},"modified":"2025-09-12T13:02:28","modified_gmt":"2025-09-12T11:02:28","slug":"grau-mitja","status":"publish","type":"page","link":"https:\/\/agora.xtec.cat\/iespompeufabra-bdn\/oferta-educativa\/formacio-profesional\/grau-mitja\/","title":{"rendered":"CCFF GRAU MITJ\u00c0"},"content":{"rendered":"<p><img loading=\"lazy\" decoding=\"async\" class=\"alignright wp-image-1829 size-full\" src=\"https:\/\/agora.xtec.cat\/iespompeufabra-bdn\/wp-content\/uploads\/usu2935\/2024\/11\/Cursos-FP.png\" alt=\"\" width=\"262\" height=\"285\" \/><\/p>\n<p>A l&#8217;institut Pompeu Fabra de Badalona s&#8217;imparteixen diferents CCFGM de diferents Fam\u00edlies professionals.<\/p>\n<p><strong>Fabricaci\u00f3 mec\u00e0nica:<br \/><\/strong><\/p>\n<ul>\n<li class=\"page_item page-item-800\"><a title=\"FM20 Mecanitzaci\u00f3 (Dual)\" href=\"https:\/\/agora.xtec.cat\/iespompeufabra-bdn\/oferta-educativa\/grau-mitja\/mecanitzacio-dual\/\">FM20 Mecanitzaci\u00f3 (Dual)<\/a>.<\/li>\n<\/ul>\n<p><strong>Transport i manteniment de vehicles:<\/strong><\/p>\n<ul>\n<li class=\"page_item page-item-796\"><a title=\"TM20 Carrosseria (Dual)\" href=\"https:\/\/agora.xtec.cat\/iespompeufabra-bdn\/oferta-educativa\/grau-mitja\/carrosseria-dual\/\">TM20 Carrosseria (Dual)<\/a>.<\/li>\n<li class=\"page_item page-item-798\"><a title=\"TM10 Electromec\u00e0nica de vehicles (Dual)\" href=\"https:\/\/agora.xtec.cat\/iespompeufabra-bdn\/oferta-educativa\/grau-mitja\/electromecanica-de-vehicles\/\">TM10 Electromec\u00e0nica de vehicles (Dual)<\/a>.<\/li>\n<\/ul>\n<p><strong>Qu\u00edmica:<\/strong><\/p>\n<ul>\n<li class=\"page_item page-item-802\"><a title=\"QU11 Planta qu\u00edmica\" href=\"https:\/\/agora.xtec.cat\/iespompeufabra-bdn\/oferta-educativa\/grau-mitja\/planta-quimica-perfil-professional-productes-farmaceutics-i-cosmetics\/\">QU11 Planta qu\u00edmica<\/a>.<\/li>\n<\/ul>\n<p>Els cicles formatius de grau mitj\u00e0 (CFGM) s\u00f3n ensenyaments professionalitzadors que proporcionen la formaci\u00f3 necess\u00e0ria per adquirir la compet\u00e8ncia professional i el coneixement propis de cada sector.<\/p>\n<p>S&#8217;agrupen en fam\u00edlies professionals i tenen una durada de 2.000 hores (en dos cursos acad\u00e8mics).<\/p>\n<p>La titulaci\u00f3 que s&#8217;obt\u00e9 en finalitzar un cicle formatiu de grau mitj\u00e0 \u00e9s la de t\u00e8cnic o t\u00e8cnica del perfil professional corresponent, que permet l&#8217;acc\u00e9s al m\u00f3n laboral, a altres cicles de grau mitj\u00e0 o als cicles de grau superior.<\/p>\n<div>\n<div>\n<div class=\"row\">\n<h2 class=\"subtitle\"><strong>Qu\u00e8 necessito per accedir-hi<\/strong><\/h2>\n<\/div>\n<\/div>\n<\/div>\n<div class=\"pd-15x\">\n<p>Per al curs 2024-2025, pots accedir als cicles de grau mitj\u00e0 si compleixes algun dels requisits seg\u00fcents:<\/p>\n<p>Tenir un d\u2019aquests t\u00edtols:<\/p>\n<ul>\n<li>Graduat\/ada en educaci\u00f3 secund\u00e0ria obligat\u00f2ria.<\/li>\n<li>\u00a0T\u00e8cnic\/a b\u00e0sic\/a.<\/li>\n<li>\u00a0T\u00e8cnic\/a.<\/li>\n<li>\u00a0T\u00e8cnic\/a superior.<\/li>\n<li>\u00a0T\u00e8cnic\/a auxiliar.<\/li>\n<li>\u00a0Batxillerat superior (plans educatius anteriors a la Llei org\u00e0nica 2\/2006, de 3 de maig).<\/li>\n<li>\u00a0Titulacions equivalents per accedir als cicles formatius de grau superior.<\/li>\n<\/ul>\n<p>O b\u00e9, haver superat:<\/p>\n<ul>\n<li>\u00a0Una oferta formativa de certificat professional inclosa en el cicle.<\/li>\n<li>\u00a0Un\u00a0curs de formaci\u00f3 preparatori per a l&#8217;acc\u00e9s als cicles de grau mitj\u00e0.<\/li>\n<li>\u00a0Una\u00a0prova d&#8217;acc\u00e9s.<\/li>\n<li>\u00a0El segon curs del primer cicle experimental de reforma dels ensenyaments mitjans.<\/li>\n<li>\u00a0El tercer curs del Pla 1963 o segon de comuns experimental dels ensenyaments d&#8217;arts aplicades i oficis art\u00edstics.<\/li>\n<li>\u00a0El segon curs de BUP, amb un m\u00e0xim de dues mat\u00e8ries suspeses.<\/li>\n<li>\u00a0Haver superat la prova d&#8217;acc\u00e9s a la universitat per a m\u00e9s grans de 25 o de 45 anys, o haver accedit a la universitat per tenir 40 anys o m\u00e9s i acreditar experi\u00e8ncia laboral o professional.<\/li>\n<li>Altres estudis o cursos de formaci\u00f3 equivalents acad\u00e8micament.<\/li>\n<\/ul>\n<\/div>\n\n\n<p><\/p>\n","protected":false},"excerpt":{"rendered":"<p>A l&#8217;institut Pompeu Fabra de Badalona s&#8217;imparteixen diferents CCFGM de diferents Fam\u00edlies professionals. Fabricaci\u00f3 mec\u00e0nica: FM20 Mecanitzaci\u00f3 (Dual). Transport i [&hellip;]<\/p>\n","protected":false},"author":1,"featured_media":0,"parent":1911,"menu_order":1,"comment_status":"closed","ping_status":"closed","template":"","meta":{"_bbp_topic_count":0,"_bbp_reply_count":0,"_bbp_total_topic_count":0,"_bbp_total_reply_count":0,"_bbp_voice_count":0,"_bbp_anonymous_reply_count":0,"_bbp_topic_count_hidden":0,"_bbp_reply_count_hidden":0,"_bbp_forum_subforum_count":0,"site-sidebar-layout":"default","site-content-layout":"","ast-site-content-layout":"default","site-content-style":"default","site-sidebar-style":"default","ast-global-header-display":"","ast-banner-title-visibility":"","ast-main-header-display":"","ast-hfb-above-header-display":"","ast-hfb-below-header-display":"","ast-hfb-mobile-header-display":"","site-post-title":"","ast-breadcrumbs-content":"","ast-featured-img":"","footer-sml-layout":"","theme-transparent-header-meta":"","adv-header-id-meta":"","stick-header-meta":"","header-above-stick-meta":"","header-main-stick-meta":"","header-below-stick-meta":"","astra-migrate-meta-layouts":"set","ast-page-background-enabled":"default","ast-page-background-meta":{"desktop":{"background-color":"var(--ast-global-color-4)","background-image":"","background-repeat":"repeat","background-position":"center center","background-size":"auto","background-attachment":"scroll","background-type":"","background-media":"","overlay-type":"","overlay-color":"","overlay-opacity":"","overlay-gradient":""},"tablet":{"background-color":"","background-image":"","background-repeat":"repeat","background-position":"center center","background-size":"auto","background-attachment":"scroll","background-type":"","background-media":"","overlay-type":"","overlay-color":"","overlay-opacity":"","overlay-gradient":""},"mobile":{"background-color":"","background-image":"","background-repeat":"repeat","background-position":"center center","background-size":"auto","background-attachment":"scroll","background-type":"","background-media":"","overlay-type":"","overlay-color":"","overlay-opacity":"","overlay-gradient":""}},"ast-content-background-meta":{"desktop":{"background-color":"var(--ast-global-color-5)","background-image":"","background-repeat":"repeat","background-position":"center center","background-size":"auto","background-attachment":"scroll","background-type":"","background-media":"","overlay-type":"","overlay-color":"","overlay-opacity":"","overlay-gradient":""},"tablet":{"background-color":"var(--ast-global-color-5)","background-image":"","background-repeat":"repeat","background-position":"center center","background-size":"auto","background-attachment":"scroll","background-type":"","background-media":"","overlay-type":"","overlay-color":"","overlay-opacity":"","overlay-gradient":""},"mobile":{"background-color":"var(--ast-global-color-5)","background-image":"","background-repeat":"repeat","background-position":"center center","background-size":"auto","background-attachment":"scroll","background-type":"","background-media":"","overlay-type":"","overlay-color":"","overlay-opacity":"","overlay-gradient":""}},"footnotes":""},"class_list":["post-762","page","type-page","status-publish","hentry"],"post_mailing_queue_ids":[],"_links":{"self":[{"href":"https:\/\/agora.xtec.cat\/iespompeufabra-bdn\/wp-json\/wp\/v2\/pages\/762","targetHints":{"allow":["GET"]}}],"collection":[{"href":"https:\/\/agora.xtec.cat\/iespompeufabra-bdn\/wp-json\/wp\/v2\/pages"}],"about":[{"href":"https:\/\/agora.xtec.cat\/iespompeufabra-bdn\/wp-json\/wp\/v2\/types\/page"}],"author":[{"embeddable":true,"href":"https:\/\/agora.xtec.cat\/iespompeufabra-bdn\/wp-json\/wp\/v2\/users\/1"}],"replies":[{"embeddable":true,"href":"https:\/\/agora.xtec.cat\/iespompeufabra-bdn\/wp-json\/wp\/v2\/comments?post=762"}],"version-history":[{"count":6,"href":"https:\/\/agora.xtec.cat\/iespompeufabra-bdn\/wp-json\/wp\/v2\/pages\/762\/revisions"}],"predecessor-version":[{"id":3079,"href":"https:\/\/agora.xtec.cat\/iespompeufabra-bdn\/wp-json\/wp\/v2\/pages\/762\/revisions\/3079"}],"up":[{"embeddable":true,"href":"https:\/\/agora.xtec.cat\/iespompeufabra-bdn\/wp-json\/wp\/v2\/pages\/1911"}],"wp:attachment":[{"href":"https:\/\/agora.xtec.cat\/iespompeufabra-bdn\/wp-json\/wp\/v2\/media?parent=762"}],"curies":[{"name":"wp","href":"https:\/\/api.w.org\/{rel}","templated":true}]}}