{"id":57,"date":"2014-09-17T17:01:07","date_gmt":"2014-09-17T17:01:07","guid":{"rendered":"http:\/\/agora.xtec.cat\/iespompeufabra-bdn\/?page_id=57"},"modified":"2026-02-25T14:22:03","modified_gmt":"2026-02-25T13:22:03","slug":"projecte-educatiu","status":"publish","type":"page","link":"https:\/\/agora.xtec.cat\/iespompeufabra-bdn\/organitzacio-i-gestio-de-centre\/projecte-educatiu\/","title":{"rendered":"Projecte educatiu"},"content":{"rendered":"<p>L\u2019Institut Pompeu Fabra de Badalona \u00e9s un centre educatiu laic, de titularitat p\u00fablica, en el que es poden cursar els estudis corresponents a l\u2019Ensenyament Secundari Obligatori (ESO), les modalitats cient\u00edfic\/tecnol\u00f2gic i human\u00edstic\/social del Batxillerat aix\u00ed com diferents Cicles Formatius de Grau Mitj\u00e0 i Superior de les branques d&#8217;Automoci\u00f3, Metall i Qu\u00edmica.<\/p>\n<p>Aqu\u00ed podeu consultar el nostre <a href=\"https:\/\/docs.google.com\/document\/d\/1LDGAflvJgy-NQwUrkTkMfBOfxmMAf96E\/edit?usp=sharing&amp;ouid=115910542353253101924&amp;rtpof=true&amp;sd=true\" target=\"_blank\" rel=\"noopener\"><strong>projecte educatiu de centre<\/strong><\/a><\/p>\n","protected":false},"excerpt":{"rendered":"<p>L\u2019Institut Pompeu Fabra de Badalona \u00e9s un centre educatiu laic, de titularitat p\u00fablica, en el que es poden cursar els [&hellip;]<\/p>\n","protected":false},"author":1,"featured_media":0,"parent":2176,"menu_order":2,"comment_status":"closed","ping_status":"closed","template":"","meta":{"_bbp_topic_count":0,"_bbp_reply_count":0,"_bbp_total_topic_count":0,"_bbp_total_reply_count":0,"_bbp_voice_count":0,"_bbp_anonymous_reply_count":0,"_bbp_topic_count_hidden":0,"_bbp_reply_count_hidden":0,"_bbp_forum_subforum_count":0,"site-sidebar-layout":"default","site-content-layout":"","ast-site-content-layout":"default","site-content-style":"default","site-sidebar-style":"default","ast-global-header-display":"","ast-banner-title-visibility":"","ast-main-header-display":"","ast-hfb-above-header-display":"","ast-hfb-below-header-display":"","ast-hfb-mobile-header-display":"","site-post-title":"","ast-breadcrumbs-content":"","ast-featured-img":"","footer-sml-layout":"","theme-transparent-header-meta":"","adv-header-id-meta":"","stick-header-meta":"","header-above-stick-meta":"","header-main-stick-meta":"","header-below-stick-meta":"","astra-migrate-meta-layouts":"set","ast-page-background-enabled":"default","ast-page-background-meta":{"desktop":{"background-color":"var(--ast-global-color-4)","background-image":"","background-repeat":"repeat","background-position":"center center","background-size":"auto","background-attachment":"scroll","background-type":"","background-media":"","overlay-type":"","overlay-color":"","overlay-opacity":"","overlay-gradient":""},"tablet":{"background-color":"","background-image":"","background-repeat":"repeat","background-position":"center center","background-size":"auto","background-attachment":"scroll","background-type":"","background-media":"","overlay-type":"","overlay-color":"","overlay-opacity":"","overlay-gradient":""},"mobile":{"background-color":"","background-image":"","background-repeat":"repeat","background-position":"center center","background-size":"auto","background-attachment":"scroll","background-type":"","background-media":"","overlay-type":"","overlay-color":"","overlay-opacity":"","overlay-gradient":""}},"ast-content-background-meta":{"desktop":{"background-color":"var(--ast-global-color-5)","background-image":"","background-repeat":"repeat","background-position":"center center","background-size":"auto","background-attachment":"scroll","background-type":"","background-media":"","overlay-type":"","overlay-color":"","overlay-opacity":"","overlay-gradient":""},"tablet":{"background-color":"var(--ast-global-color-5)","background-image":"","background-repeat":"repeat","background-position":"center center","background-size":"auto","background-attachment":"scroll","background-type":"","background-media":"","overlay-type":"","overlay-color":"","overlay-opacity":"","overlay-gradient":""},"mobile":{"background-color":"var(--ast-global-color-5)","background-image":"","background-repeat":"repeat","background-position":"center center","background-size":"auto","background-attachment":"scroll","background-type":"","background-media":"","overlay-type":"","overlay-color":"","overlay-opacity":"","overlay-gradient":""}},"footnotes":""},"class_list":["post-57","page","type-page","status-publish","hentry"],"post_mailing_queue_ids":[],"_links":{"self":[{"href":"https:\/\/agora.xtec.cat\/iespompeufabra-bdn\/wp-json\/wp\/v2\/pages\/57","targetHints":{"allow":["GET"]}}],"collection":[{"href":"https:\/\/agora.xtec.cat\/iespompeufabra-bdn\/wp-json\/wp\/v2\/pages"}],"about":[{"href":"https:\/\/agora.xtec.cat\/iespompeufabra-bdn\/wp-json\/wp\/v2\/types\/page"}],"author":[{"embeddable":true,"href":"https:\/\/agora.xtec.cat\/iespompeufabra-bdn\/wp-json\/wp\/v2\/users\/1"}],"replies":[{"embeddable":true,"href":"https:\/\/agora.xtec.cat\/iespompeufabra-bdn\/wp-json\/wp\/v2\/comments?post=57"}],"version-history":[{"count":5,"href":"https:\/\/agora.xtec.cat\/iespompeufabra-bdn\/wp-json\/wp\/v2\/pages\/57\/revisions"}],"predecessor-version":[{"id":3430,"href":"https:\/\/agora.xtec.cat\/iespompeufabra-bdn\/wp-json\/wp\/v2\/pages\/57\/revisions\/3430"}],"up":[{"embeddable":true,"href":"https:\/\/agora.xtec.cat\/iespompeufabra-bdn\/wp-json\/wp\/v2\/pages\/2176"}],"wp:attachment":[{"href":"https:\/\/agora.xtec.cat\/iespompeufabra-bdn\/wp-json\/wp\/v2\/media?parent=57"}],"curies":[{"name":"wp","href":"https:\/\/api.w.org\/{rel}","templated":true}]}}