{"id":49,"date":"2014-09-17T16:55:55","date_gmt":"2014-09-17T16:55:55","guid":{"rendered":"http:\/\/agora.xtec.cat\/iespompeufabra-bdn\/?page_id=49"},"modified":"2026-02-25T14:23:01","modified_gmt":"2026-02-25T13:23:01","slug":"normes-dorganitzacio-i-funcionament","status":"publish","type":"page","link":"https:\/\/agora.xtec.cat\/iespompeufabra-bdn\/organitzacio-i-gestio-de-centre\/normes-dorganitzacio-i-funcionament\/","title":{"rendered":"Normes i funcionament"},"content":{"rendered":"<h1>Normes de funcionament general<\/h1>\n<p>Les normes de funcionament \u00a0general de l\u2019Institut estan concretades al document <a href=\"https:\/\/docs.google.com\/document\/d\/1gyLJSIi0KWZQHKXMjMbIly-bg83QnJqm\/edit?usp=sharing&amp;ouid=115910542353253101924&amp;rtpof=true&amp;sd=true\" target=\"_blank\" rel=\"noopener noreferrer\">Normes d\u2019Organitzaci\u00f3 i Funcionament del Centre (NOFC)<\/a>\u00a0que pot ser consultat (afegir enlla\u00e7 a la p\u00e0gina de Documentaci\u00f3 corresponent).<\/p>\n<p>El seg\u00fcent Dec\u00e0leg recull els aspectes m\u00e9s importants de la normativa referent a l\u2019alumnat:<\/p>\n<p>Dec\u00e0leg de normes de comportament per a l&#8217;alumnat<\/p>\n<ol>\n<li>S&#8217;ha de mantenir una actitud d&#8217;estricte respecte cap al professorat en particular, aix\u00ed com envers la resta de membres de la comunitat educativa en general.<\/li>\n<li>Cal manifestar una acurada actitud d\u2019estudi durant les classes. Aix\u00f2 implica: estar atent a les explicacions del professor i no parlar sense perm\u00eds; no molestar els companys ni destorbar el desenvolupament de la classe; seure correctament i no aixecar-se sense autoritzaci\u00f3; portar el material necessari i realitzar les tasques encomanades pel professor; tenir cura d\u2019ordinadors, mobiliari &#8230;; etc.<\/li>\n<li>Quan sona el timbre, s&#8217;ha de pujar a classe puntualment i entrar a l&#8217;aula de manera ordenada.<\/li>\n<li>No est\u00e0 perm\u00e8s fer soroll, c\u00f3rrer o jugar pels passadissos, ni sortir de classe sense una causa justificada.<\/li>\n<li>L&#8217;alumnat no pot sortir de l&#8217;aula entre classe i classe. Si un professor no arriba a l&#8217;hora, l&#8217;alumnat ha d&#8217;esperar el professor de gu\u00e0rdia dintre de l&#8217;aula i en silenci.<\/li>\n<li>Durant les hores de classe no es permet sortir de l&#8217;aula ni per anar al lavabo ni a la taquilla. Totes dues accions s&#8217;han de fer abans de pujar a l&#8217;aula o a l&#8217;hora del pati. En cas excepcional, es podr\u00e0 baixar amb el corresponent perm\u00eds escrit del professor.<\/li>\n<li>L\u2019aula ha de mantenir-se sempre neta i endre\u00e7ada. El grup classe no pot sortir de l&#8217;aula mentre hi hagi taules i cadires desendre\u00e7ades o papers pel terra.<\/li>\n<li>No es permet l&#8217;\u00fas de m\u00f2bils, c\u00e0meres de fotos, o reproductors de m\u00fasica dins del centre, tret de l&#8217;\u00fas acad\u00e8mic que consideri un professor\/a. Durant l&#8217;esbarjo l&#8217;\u00fas d&#8217;aparells electr\u00f2nics est\u00e0 perm\u00e8s quan el seu \u00fas sigui correcte. Quant als patinets, mono patinets, bicicletes o altres dispositius de mobilitat personal, no es poden utilitzar en cap depend\u00e8ncia del centre. En cap cas es poden introduir a l\u2019edifici i sempre han de quedar lligats a l\u2019aparcament de bicicletes que es troba a l\u2019entrada del centre.<\/li>\n<li>No es permet menjar ni beure a l&#8217;aula (exceptuant aigua, amb previ perm\u00eds del professorat). El tabac, l&#8217;alcohol i el consum d\u2019altres tipus de subst\u00e0ncies t\u00f2xiques est\u00e0 prohibit en tot el recinte.<\/li>\n<li>Per assistir a classe s\u2019exigeix vestir de manera apropiada. Indument\u00e0ries que podrien ser adients per altres \u00e0mbits (gorres, banyadors, pantalons massa curts, etc.) han d&#8217;evitar-se.<\/li>\n<\/ol>\n","protected":false},"excerpt":{"rendered":"<p>Normes de funcionament general Les normes de funcionament \u00a0general de l\u2019Institut estan concretades al document Normes d\u2019Organitzaci\u00f3 i Funcionament del [&hellip;]<\/p>\n","protected":false},"author":1,"featured_media":0,"parent":2176,"menu_order":1,"comment_status":"closed","ping_status":"closed","template":"","meta":{"_bbp_topic_count":0,"_bbp_reply_count":0,"_bbp_total_topic_count":0,"_bbp_total_reply_count":0,"_bbp_voice_count":0,"_bbp_anonymous_reply_count":0,"_bbp_topic_count_hidden":0,"_bbp_reply_count_hidden":0,"_bbp_forum_subforum_count":0,"site-sidebar-layout":"default","site-content-layout":"","ast-site-content-layout":"default","site-content-style":"default","site-sidebar-style":"default","ast-global-header-display":"","ast-banner-title-visibility":"","ast-main-header-display":"","ast-hfb-above-header-display":"","ast-hfb-below-header-display":"","ast-hfb-mobile-header-display":"","site-post-title":"","ast-breadcrumbs-content":"","ast-featured-img":"","footer-sml-layout":"","theme-transparent-header-meta":"","adv-header-id-meta":"","stick-header-meta":"","header-above-stick-meta":"","header-main-stick-meta":"","header-below-stick-meta":"","astra-migrate-meta-layouts":"set","ast-page-background-enabled":"default","ast-page-background-meta":{"desktop":{"background-color":"var(--ast-global-color-4)","background-image":"","background-repeat":"repeat","background-position":"center center","background-size":"auto","background-attachment":"scroll","background-type":"","background-media":"","overlay-type":"","overlay-color":"","overlay-opacity":"","overlay-gradient":""},"tablet":{"background-color":"","background-image":"","background-repeat":"repeat","background-position":"center center","background-size":"auto","background-attachment":"scroll","background-type":"","background-media":"","overlay-type":"","overlay-color":"","overlay-opacity":"","overlay-gradient":""},"mobile":{"background-color":"","background-image":"","background-repeat":"repeat","background-position":"center center","background-size":"auto","background-attachment":"scroll","background-type":"","background-media":"","overlay-type":"","overlay-color":"","overlay-opacity":"","overlay-gradient":""}},"ast-content-background-meta":{"desktop":{"background-color":"var(--ast-global-color-5)","background-image":"","background-repeat":"repeat","background-position":"center center","background-size":"auto","background-attachment":"scroll","background-type":"","background-media":"","overlay-type":"","overlay-color":"","overlay-opacity":"","overlay-gradient":""},"tablet":{"background-color":"var(--ast-global-color-5)","background-image":"","background-repeat":"repeat","background-position":"center center","background-size":"auto","background-attachment":"scroll","background-type":"","background-media":"","overlay-type":"","overlay-color":"","overlay-opacity":"","overlay-gradient":""},"mobile":{"background-color":"var(--ast-global-color-5)","background-image":"","background-repeat":"repeat","background-position":"center center","background-size":"auto","background-attachment":"scroll","background-type":"","background-media":"","overlay-type":"","overlay-color":"","overlay-opacity":"","overlay-gradient":""}},"footnotes":""},"class_list":["post-49","page","type-page","status-publish","hentry"],"post_mailing_queue_ids":[],"_links":{"self":[{"href":"https:\/\/agora.xtec.cat\/iespompeufabra-bdn\/wp-json\/wp\/v2\/pages\/49","targetHints":{"allow":["GET"]}}],"collection":[{"href":"https:\/\/agora.xtec.cat\/iespompeufabra-bdn\/wp-json\/wp\/v2\/pages"}],"about":[{"href":"https:\/\/agora.xtec.cat\/iespompeufabra-bdn\/wp-json\/wp\/v2\/types\/page"}],"author":[{"embeddable":true,"href":"https:\/\/agora.xtec.cat\/iespompeufabra-bdn\/wp-json\/wp\/v2\/users\/1"}],"replies":[{"embeddable":true,"href":"https:\/\/agora.xtec.cat\/iespompeufabra-bdn\/wp-json\/wp\/v2\/comments?post=49"}],"version-history":[{"count":4,"href":"https:\/\/agora.xtec.cat\/iespompeufabra-bdn\/wp-json\/wp\/v2\/pages\/49\/revisions"}],"predecessor-version":[{"id":3431,"href":"https:\/\/agora.xtec.cat\/iespompeufabra-bdn\/wp-json\/wp\/v2\/pages\/49\/revisions\/3431"}],"up":[{"embeddable":true,"href":"https:\/\/agora.xtec.cat\/iespompeufabra-bdn\/wp-json\/wp\/v2\/pages\/2176"}],"wp:attachment":[{"href":"https:\/\/agora.xtec.cat\/iespompeufabra-bdn\/wp-json\/wp\/v2\/media?parent=49"}],"curies":[{"name":"wp","href":"https:\/\/api.w.org\/{rel}","templated":true}]}}