{"id":39,"date":"2014-09-17T16:36:44","date_gmt":"2014-09-17T16:36:44","guid":{"rendered":"http:\/\/agora.xtec.cat\/iespompeufabra-bdn\/?page_id=39"},"modified":"2024-11-26T08:49:06","modified_gmt":"2024-11-26T07:49:06","slug":"instal%c2%b7lacions","status":"publish","type":"page","link":"https:\/\/agora.xtec.cat\/iespompeufabra-bdn\/linstitut\/instal%c2%b7lacions\/","title":{"rendered":"Instal\u00b7lacions"},"content":{"rendered":"<div class=\"elementor-element elementor-element-2b542832 elementor-widget elementor-widget-heading\" data-id=\"2b542832\" data-element_type=\"widget\" data-widget_type=\"heading.default\">\n<div class=\"elementor-widget-container\">\n<p><strong>&#8211; Instal\u00b7lacions esportives<\/strong><\/p>\n<p>L\u2019institut disposa, per a les classes d\u2019Educaci\u00f3 F\u00edsica, de pistes a l\u2019aire lliure, on es poden practicar diversos esports, i d\u2019un gimn\u00e0s per a la pr\u00e0ctica d\u2019exercicis amb aparells, vestidors i dutxes.<\/p>\n<h5 style=\"text-align: left;\"><img loading=\"lazy\" decoding=\"async\" class=\"wp-image-524 alignnone\" style=\"border: none; color: #2795b6;\" src=\"https:\/\/agora.xtec.cat\/iespompeufabra-bdn\/wp-content\/uploads\/usu2935\/2023\/11\/Installacions-esportives.jpg\" alt=\"\" width=\"351\" height=\"263\" srcset=\"https:\/\/agora.xtec.cat\/iespompeufabra-bdn\/wp-content\/uploads\/usu2935\/2023\/11\/Installacions-esportives.jpg 600w, https:\/\/agora.xtec.cat\/iespompeufabra-bdn\/wp-content\/uploads\/usu2935\/2023\/11\/Installacions-esportives-300x225.jpg 300w, https:\/\/agora.xtec.cat\/iespompeufabra-bdn\/wp-content\/uploads\/usu2935\/2023\/11\/Installacions-esportives-200x150.jpg 200w\" sizes=\"auto, (max-width: 351px) 100vw, 351px\" \/><\/h5>\n<\/div>\n<\/div>\n<div style=\"text-align: left;\"><strong>&#8211; Aules amb pissarres digitals<\/strong><\/div>\n<div style=\"text-align: left;\"><\/div>\n<div style=\"text-align: left;\"><strong>&#8211; Gimn\u00e0s<\/strong><\/div>\n<div style=\"text-align: left;\"><\/div>\n<div style=\"text-align: left;\"><strong>&#8211; Aules d&#8217;inform\u00e0tica<\/strong><\/div>\n<div style=\"text-align: left;\"><\/div>\n<div style=\"text-align: left;\"><strong>&#8211; Tallers<\/strong><\/div>\n<div style=\"text-align: left;\"><\/div>\n<div style=\"text-align: left;\"><strong>&#8211; Sala d\u2019actes<\/strong><\/div>\n<div style=\"text-align: left;\"><\/div>\n<div style=\"text-align: left;\"><strong>&#8211; Cantina escolar<\/strong><\/div>\n<div style=\"text-align: left;\"><\/div>\n<div style=\"text-align: left;\"><strong>&#8211; Laboratoris<\/strong><\/div>\n<div style=\"text-align: left;\"><\/div>\n<div style=\"text-align: left;\"><strong>&#8211; Taquilles per a l\u2019alumnat<\/strong><\/div>\n<div style=\"text-align: left;\"><\/div>\n<div style=\"text-align: left;\"><strong>&#8211; Biblioteca<\/strong><\/div>\n<div style=\"text-align: left;\">\n<p>L\u2019AMPA contracta una bibliotec\u00e0ria i col\u00b7labora en l\u2019organitzaci\u00f3 de la biblioteca, que actualitza el seu fons peri\u00f2dicament, ofereix servei de pr\u00e9stec i equipament inform\u00e0tic i funciona com a sala de treball i de lectura. <em>Horari: dl., dc. i dv. 10-13h, dt. i dj. 11:15-15:15h<\/em><\/p>\n<p><img loading=\"lazy\" decoding=\"async\" class=\"wp-image-526 alignleft\" style=\"border: none; color: #2795b6;\" src=\"https:\/\/agora.xtec.cat\/iespompeufabra-bdn\/wp-content\/uploads\/usu2935\/2023\/11\/Biblioteca.jpg\" alt=\"\" width=\"427\" height=\"284\" srcset=\"https:\/\/agora.xtec.cat\/iespompeufabra-bdn\/wp-content\/uploads\/usu2935\/2023\/11\/Biblioteca.jpg 600w, https:\/\/agora.xtec.cat\/iespompeufabra-bdn\/wp-content\/uploads\/usu2935\/2023\/11\/Biblioteca-300x200.jpg 300w\" sizes=\"auto, (max-width: 427px) 100vw, 427px\" \/><\/p>\n<\/div>\n<div style=\"text-align: left;\"><\/div>\n<div style=\"text-align: left;\"><\/div>\n<div class=\"elementor-element elementor-element-9d86692 elementor-widget elementor-widget-text-editor\" data-id=\"9d86692\" data-element_type=\"widget\" data-widget_type=\"text-editor.default\">\n<div class=\"elementor-widget-container\">\n<p style=\"text-align: left;\">\n<\/div>\n<\/div>\n","protected":false},"excerpt":{"rendered":"<p>&#8211; Instal\u00b7lacions esportives L\u2019institut disposa, per a les classes d\u2019Educaci\u00f3 F\u00edsica, de pistes a l\u2019aire lliure, on es poden practicar [&hellip;]<\/p>\n","protected":false},"author":1,"featured_media":0,"parent":1866,"menu_order":3,"comment_status":"closed","ping_status":"closed","template":"page-templates\/side-menu.php","meta":{"_bbp_topic_count":0,"_bbp_reply_count":0,"_bbp_total_topic_count":0,"_bbp_total_reply_count":0,"_bbp_voice_count":0,"_bbp_anonymous_reply_count":0,"_bbp_topic_count_hidden":0,"_bbp_reply_count_hidden":0,"_bbp_forum_subforum_count":0,"site-sidebar-layout":"default","site-content-layout":"","ast-site-content-layout":"","site-content-style":"default","site-sidebar-style":"default","ast-global-header-display":"","ast-banner-title-visibility":"","ast-main-header-display":"","ast-hfb-above-header-display":"","ast-hfb-below-header-display":"","ast-hfb-mobile-header-display":"","site-post-title":"","ast-breadcrumbs-content":"","ast-featured-img":"","footer-sml-layout":"","theme-transparent-header-meta":"","adv-header-id-meta":"","stick-header-meta":"","header-above-stick-meta":"","header-main-stick-meta":"","header-below-stick-meta":"","astra-migrate-meta-layouts":"default","ast-page-background-enabled":"default","ast-page-background-meta":{"desktop":{"background-color":"var(--ast-global-color-4)","background-image":"","background-repeat":"repeat","background-position":"center center","background-size":"auto","background-attachment":"scroll","background-type":"","background-media":"","overlay-type":"","overlay-color":"","overlay-opacity":"","overlay-gradient":""},"tablet":{"background-color":"","background-image":"","background-repeat":"repeat","background-position":"center center","background-size":"auto","background-attachment":"scroll","background-type":"","background-media":"","overlay-type":"","overlay-color":"","overlay-opacity":"","overlay-gradient":""},"mobile":{"background-color":"","background-image":"","background-repeat":"repeat","background-position":"center center","background-size":"auto","background-attachment":"scroll","background-type":"","background-media":"","overlay-type":"","overlay-color":"","overlay-opacity":"","overlay-gradient":""}},"ast-content-background-meta":{"desktop":{"background-color":"var(--ast-global-color-5)","background-image":"","background-repeat":"repeat","background-position":"center center","background-size":"auto","background-attachment":"scroll","background-type":"","background-media":"","overlay-type":"","overlay-color":"","overlay-opacity":"","overlay-gradient":""},"tablet":{"background-color":"var(--ast-global-color-5)","background-image":"","background-repeat":"repeat","background-position":"center center","background-size":"auto","background-attachment":"scroll","background-type":"","background-media":"","overlay-type":"","overlay-color":"","overlay-opacity":"","overlay-gradient":""},"mobile":{"background-color":"var(--ast-global-color-5)","background-image":"","background-repeat":"repeat","background-position":"center center","background-size":"auto","background-attachment":"scroll","background-type":"","background-media":"","overlay-type":"","overlay-color":"","overlay-opacity":"","overlay-gradient":""}},"footnotes":""},"class_list":["post-39","page","type-page","status-publish","hentry"],"post_mailing_queue_ids":[],"_links":{"self":[{"href":"https:\/\/agora.xtec.cat\/iespompeufabra-bdn\/wp-json\/wp\/v2\/pages\/39","targetHints":{"allow":["GET"]}}],"collection":[{"href":"https:\/\/agora.xtec.cat\/iespompeufabra-bdn\/wp-json\/wp\/v2\/pages"}],"about":[{"href":"https:\/\/agora.xtec.cat\/iespompeufabra-bdn\/wp-json\/wp\/v2\/types\/page"}],"author":[{"embeddable":true,"href":"https:\/\/agora.xtec.cat\/iespompeufabra-bdn\/wp-json\/wp\/v2\/users\/1"}],"replies":[{"embeddable":true,"href":"https:\/\/agora.xtec.cat\/iespompeufabra-bdn\/wp-json\/wp\/v2\/comments?post=39"}],"version-history":[{"count":6,"href":"https:\/\/agora.xtec.cat\/iespompeufabra-bdn\/wp-json\/wp\/v2\/pages\/39\/revisions"}],"predecessor-version":[{"id":1695,"href":"https:\/\/agora.xtec.cat\/iespompeufabra-bdn\/wp-json\/wp\/v2\/pages\/39\/revisions\/1695"}],"up":[{"embeddable":true,"href":"https:\/\/agora.xtec.cat\/iespompeufabra-bdn\/wp-json\/wp\/v2\/pages\/1866"}],"wp:attachment":[{"href":"https:\/\/agora.xtec.cat\/iespompeufabra-bdn\/wp-json\/wp\/v2\/media?parent=39"}],"curies":[{"name":"wp","href":"https:\/\/api.w.org\/{rel}","templated":true}]}}