{"id":1911,"date":"2024-11-29T17:17:30","date_gmt":"2024-11-29T16:17:30","guid":{"rendered":"https:\/\/agora.xtec.cat\/iespompeufabra-bdn\/?page_id=1911"},"modified":"2025-01-20T10:48:49","modified_gmt":"2025-01-20T09:48:49","slug":"formacio-profesional","status":"publish","type":"page","link":"https:\/\/agora.xtec.cat\/iespompeufabra-bdn\/oferta-educativa\/formacio-profesional\/","title":{"rendered":"FORMACI\u00d3 PROFESIONAL"},"content":{"rendered":"\r\n<div class=\"wp-block-group alignfull is-content-justification-center is-layout-constrained wp-block-group-is-layout-constrained\" style=\"margin-top:0;margin-bottom:0;padding-top:var(--wp--preset--spacing--40);padding-bottom:var(--wp--preset--spacing--40)\">\r\n<div class=\"wp-block-columns alignwide are-vertically-aligned-center is-layout-flex wp-container-core-columns-is-layout-1 wp-block-columns-is-layout-flex\">\r\n<div class=\"wp-block-column is-vertically-aligned-center is-content-justification-left is-layout-constrained wp-container-core-column-is-layout-1 wp-block-column-is-layout-constrained\">\r\n<h1 class=\"wp-block-heading has-xx-large-font-size\"><b>CCFGM<\/b><\/h1>\r\n\r\n\r\n\r\n<p>Els cicles formatius de grau mitj\u00e0 (CFGM) s\u00f3n ensenyaments professionalitzadors que proporcionen la formaci\u00f3 necess\u00e0ria per adquirir la compet\u00e8ncia professional i el coneixement propis de cada sector. S\u2019agrupen en fam\u00edlies professionals i tenen una durada de 2.000 hores (en dos cursos acad\u00e8mics).\r\n<\/p>\r\n\r\n\r\n<p>La titulaci\u00f3 que s\u2019obt\u00e9 en finalitzar un cicle formatiu de grau mitj\u00e0 \u00e9s la de t\u00e8cnic o t\u00e8cnica del perfil professional corresponent, que permet l\u2019acc\u00e9s al m\u00f3n laboral, a altres cicles de grau mitj\u00e0 o als cicles de grau superior.<\/p>\r\n\r\n\r\n\r\n<div class=\"wp-block-buttons is-layout-flex wp-block-buttons-is-layout-flex\"><div class=\"wp-block-button\"> <a class=\"wp-block-button__link wp-element-button\" \r\n           style=\"display: inline-block; padding: 10px 20px; border-radius: 10px; background-color: #ffffff; color: black; text-decoration: none; transition: background-color 0.3s;\" \r\n           href=\"https:\/\/agora.xtec.cat\/iespompeufabra-bdn\/oferta-educativa\/formacio-profesional\/grau-mitja\/\" \r\n           onmouseover=\"this.style.backgroundColor='#87c1f1'\" \r\n           onmouseout=\"this.style.backgroundColor='#ffffff'\">\r\n           <b>Accedeix a les families profesionals<\/b>\r\n        <\/a><\/div><\/div>\r\n<\/div>\r\n\r\n\r\n\r\n\r\n<div class=\"wp-block-column is-vertically-aligned-center is-layout-flow wp-block-column-is-layout-flow\">\r\n<figure class=\"wp-block-image size-full\"><img decoding=\"async\" src=\"https:\/\/agora.xtec.cat\/iespompeufabra-bdn\/wp-content\/uploads\/usu2935\/2024\/11\/FPGM-FPGS-PFI-TransportiMantenimentDeVehicles-e1732606762873.png\" alt=\"\" class=\"wp-image-13685\" style=\"aspect-ratio:3\/4;object-fit:cover\" \/><\/figure>\r\n<\/div>\r\n<\/div>\r\n<\/div>\r\n\r\n<br>\r\n<br>\r\n\r\n\r\n<div class=\"wp-block-group alignfull is-content-justification-center is-layout-constrained wp-block-group-is-layout-constrained\" style=\"margin-top:0;margin-bottom:0;padding-top:var(--wp--preset--spacing--40);padding-bottom:var(--wp--preset--spacing--40)\">\r\n    \r\n    <div class=\"wp-block-columns alignwide are-vertically-aligned-center is-layout-flex wp-container-core-columns-is-layout-2 wp-block-columns-is-layout-flex\">\r\n        \r\n        <div class=\"wp-block-column is-vertically-aligned-center is-layout-flow wp-block-column-is-layout-flow\">\r\n            \r\n            <figure class=\"wp-block-image size-full\">\r\n                <img decoding=\"async\" src=\"https:\/\/agora.xtec.cat\/iespompeufabra-bdn\/wp-content\/uploads\/usu2935\/2024\/11\/FPGM-FPGS-Quimica.png\" alt=\"\" class=\"wp-image-13685\" style=\"aspect-ratio:3\/4;object-fit:cover\" \/>\r\n            <\/figure>\r\n            \r\n        <\/div>\r\n        \r\n\r\n        \r\n        <div class=\"wp-block-column is-vertically-aligned-center is-content-justification-left is-layout-constrained wp-container-core-column-is-layout-4 wp-block-column-is-layout-constrained\">\r\n            \r\n            <h1 class=\"wp-block-heading has-xx-large-font-size\"><b>CCFGS<\/b><\/h1>\r\n            \r\n\r\n            \r\n            <p>Els cicles formatius de grau superior (CFGS) s\u00f3n estudis professionalitzadors que formen part de l\u2019educaci\u00f3 superior i que preparen l\u2019alumnat per a l\u2019activitat qualificada en un camp professional. Aquests ensenyaments tenen una durada de 2.000 hores (en dos cursos acad\u00e8mics) i s\u2019agrupen en fam\u00edlies professionals.<\/p>\r\n\r\n<p>La titulaci\u00f3 que s\u2019obt\u00e9 en finalitzar un cicle formatiu de grau superior \u00e9s la de t\u00e8cnic o t\u00e8cnica superior del perfil professional corresponent, que permet incorporar-se al m\u00f3n laboral i accedir a estudis universitaris.<\/p>\r\n            \r\n\r\n            \r\n            <div class=\"wp-block-buttons is-layout-flex wp-block-buttons-is-layout-flex\">\r\n                \r\n                <div class=\"wp-block-button\">\r\n                    <a class=\"wp-block-button__link wp-element-button\" \r\n                       style=\"display: inline-block; padding: 10px 20px; border-radius: 10px; background-color: #ffffff; color: black; text-decoration: none; transition: background-color 0.3s;\" \r\n                       href=\"https:\/\/agora.xtec.cat\/iespompeufabra-bdn\/oferta-educativa\/formacio-profesional\/grau-superior\/\" \r\n                       onmouseover=\"this.style.backgroundColor='#87c1f1'\" \r\n                       onmouseout=\"this.style.backgroundColor='#ffffff'\">\r\n                       <b>Accedeix a les families profesionals<\/b>\r\n                    <\/a>\r\n                <\/div>\r\n                \r\n            <\/div>\r\n            \r\n        <\/div>\r\n        \r\n    <\/div>\r\n    \r\n<\/div>\r\n\r\n<br>\r\n<br>\r\n\r\n\r\n<div class=\"wp-block-group alignfull is-content-justification-center is-layout-constrained wp-block-group-is-layout-constrained\" style=\"margin-top:0;margin-bottom:0;padding-top:var(--wp--preset--spacing--40);padding-bottom:var(--wp--preset--spacing--40)\">\r\n<div class=\"wp-block-columns alignwide are-vertically-aligned-center is-layout-flex wp-container-core-columns-is-layout-3 wp-block-columns-is-layout-flex\">\r\n<div class=\"wp-block-column is-vertically-aligned-center is-content-justification-left is-layout-constrained wp-container-core-column-is-layout-5 wp-block-column-is-layout-constrained\">\r\n<h1 class=\"wp-block-heading has-xx-large-font-size\"><b>CURSOS D\u2019ESPECIALITZACI\u00d3\r\n<\/b><\/h1>\r\n\r\n\r\n\r\n<p>S\u00f3n cursos per aprofundir coneixements despr\u00e9s d\u2019haver cursat un cicle formatiu. Tenen una durada d\u2019entre 500 i 720 hores i tamb\u00e9 inclouen formaci\u00f3 en centres de treball. Les persones que hagin obtingut el certificat que acredita la superaci\u00f3 d&#8217;un curs d&#8217;especialitzaci\u00f3 podran exercir l\u2019activitat en empreses i entitats dels sectors corresponents.<\/p>\r\n\r\n\r\n\r\n<div class=\"wp-block-buttons is-layout-flex wp-block-buttons-is-layout-flex\"><div class=\"wp-block-button\"> <a class=\"wp-block-button__link wp-element-button\" \r\n           style=\"display: inline-block; padding: 10px 20px; border-radius: 10px; background-color: #ffffff; color: black; text-decoration: none; transition: background-color 0.3s;\" \r\n           href=\"https:\/\/agora.xtec.cat\/iespompeufabra-bdn\/oferta-educativa\/formacio-profesional\/cursos-despecialitzacio\/\" \r\n           onmouseover=\"this.style.backgroundColor='#87c1f1'\" \r\n           onmouseout=\"this.style.backgroundColor='#ffffff'\">\r\n           <b>Accedeix a les families profesionals<\/b>\r\n        <\/a><\/div><\/div>\r\n<\/div>\r\n\r\n\r\n\r\n\r\n<div class=\"wp-block-column is-vertically-aligned-center is-layout-flow wp-block-column-is-layout-flow\">\r\n<figure class=\"wp-block-image size-full\"><img decoding=\"async\" src=\"https:\/\/agora.xtec.cat\/iespompeufabra-bdn\/wp-content\/uploads\/usu2935\/2024\/11\/Cursos-FP.png\" alt=\"\" class=\"wp-image-13685\" style=\"aspect-ratio:3\/4;object-fit:cover\" \/><\/figure>\r\n<\/div>\r\n<\/div>\r\n<\/div>\r\n\r\n<br>\r\n<br>\r\n<br>\r\n<br>\r\n<br>\r\n\r\n<html lang=\"en\">\r\n<head>\r\n    <meta charset=\"UTF-8\">\r\n    <meta name=\"viewport\" content=\"width=device-width, initial-scale=1.0\">\r\n    <title>Centered Images Layout<\/title>\r\n    <style>\r\n        .image-row img {\r\n        box-shadow: 5px 5px 15px rgba(0, 0, 0, 0.5);\r\n        transition: transform 0.3s;\r\n         }\r\n\r\n        .image-row img:hover {\r\n        transform: scale(1.05);\r\n         }\r\n\r\n        .container {\r\n            text-align: center;\r\n        }\r\n        .half-width {\r\n            width: 50%;\r\n            margin: 0 auto;\r\n            border-top: 1px solid #000;\r\n        }\r\n        .image-row {\r\n            display: flex;\r\n            justify-content: center;\r\n            margin: 20px 0;\r\n        }\r\n        .image-row img {\r\n            margin: 0 10px;\r\n        }\r\n    <\/style>\r\n<\/head>\r\n<body>\r\n\r\n<div class=\"container\">\r\n    <img decoding=\"async\" src=\"https:\/\/agora.xtec.cat\/iespompeufabra-bdn\/wp-content\/uploads\/usu2935\/2024\/12\/logoimpulsFP2021.png\" alt=\"Centered Image\" \/>\r\n    <hr class=\"half-width\" \/>\r\n    <h1>PROGRAMES<\/h1>\r\n    \r\n    <div class=\"image-row\">\r\n        <a href=\"https:\/\/projectes.xtec.cat\/impulsfp\/categoria\/impulsfp\/emprenfp\/\"><img decoding=\"async\" src=\"https:\/\/agora.xtec.cat\/iespompeufabra-bdn\/wp-content\/uploads\/usu2935\/2024\/12\/emprenFP.jpg\" alt=\"Image 1\" \/><\/a>\r\n        <a href=\"https:\/\/projectes.xtec.cat\/impulsfp\/innovafp\/\"><img decoding=\"async\" src=\"https:\/\/agora.xtec.cat\/iespompeufabra-bdn\/wp-content\/uploads\/usu2935\/2024\/12\/innovaFP.jpg\" alt=\"Image 2\" \/><\/a>\r\n        <a href=\"https:\/\/projectes.xtec.cat\/impulsfp\/categoria\/impulsfp\/activafp\/\"><img decoding=\"async\" src=\"https:\/\/agora.xtec.cat\/iespompeufabra-bdn\/wp-content\/uploads\/usu2935\/2024\/12\/activaFP.jpg\" alt=\"Image 3\" \/><\/a>\r\n    <\/div>\r\n    \r\n    <div class=\"image-row\">\r\n        <a href=\"https:\/\/projectes.xtec.cat\/impulsfp\/categoria\/impulsfp\/orientafp\/\"><img decoding=\"async\" src=\"https:\/\/agora.xtec.cat\/iespompeufabra-bdn\/wp-content\/uploads\/usu2935\/2024\/12\/orientaFP.jpg\" alt=\"Image 4\" \/><\/a>\r\n        <a href=\"https:\/\/projectes.xtec.cat\/catskills\/\"><img decoding=\"async\" src=\"https:\/\/agora.xtec.cat\/iespompeufabra-bdn\/wp-content\/uploads\/usu2935\/2024\/12\/catskills.jpg\" alt=\"Image 5\" \/><\/a>\r\n        <a href=\"https:\/\/projectes.xtec.cat\/impulsfp\/futurafp\/\"><img decoding=\"async\" src=\"https:\/\/agora.xtec.cat\/iespompeufabra-bdn\/wp-content\/uploads\/usu2935\/2024\/12\/futuraFP.jpg\" alt=\"Image 6\" \/><\/a>\r\n<\/div>\r\n<br>\r\n<br>\r\n<br>\r\n<br>\r\n<div>\r\n    <img decoding=\"async\" src=\"https:\/\/agora.xtec.cat\/iespompeufabra-bdn\/wp-content\/uploads\/usu2935\/2024\/12\/LOGO-MINISTERIO-I-GENE.png\" alt=\"Centered Image\" style=\"width: 40%; height: auto;\" \/>\r\n<\/div>\r\n<\/body>\r\n<\/html>\r\n<br>\r\n<br>\r\n<br>\r\n<br>\r\n<br>\r\n<br>\r\n","protected":false},"excerpt":{"rendered":"<p>CCFGM Els cicles formatius de grau mitj\u00e0 (CFGM) s\u00f3n ensenyaments professionalitzadors que proporcionen la formaci\u00f3 necess\u00e0ria per adquirir la compet\u00e8ncia [&hellip;]<\/p>\n","protected":false},"author":7,"featured_media":0,"parent":1513,"menu_order":3,"comment_status":"closed","ping_status":"closed","template":"page-templates\/side-menu.php","meta":{"_bbp_topic_count":0,"_bbp_reply_count":0,"_bbp_total_topic_count":0,"_bbp_total_reply_count":0,"_bbp_voice_count":0,"_bbp_anonymous_reply_count":0,"_bbp_topic_count_hidden":0,"_bbp_reply_count_hidden":0,"_bbp_forum_subforum_count":0,"site-sidebar-layout":"default","site-content-layout":"","ast-site-content-layout":"","site-content-style":"default","site-sidebar-style":"default","ast-global-header-display":"","ast-banner-title-visibility":"","ast-main-header-display":"","ast-hfb-above-header-display":"","ast-hfb-below-header-display":"","ast-hfb-mobile-header-display":"","site-post-title":"","ast-breadcrumbs-content":"","ast-featured-img":"","footer-sml-layout":"","theme-transparent-header-meta":"","adv-header-id-meta":"","stick-header-meta":"","header-above-stick-meta":"","header-main-stick-meta":"","header-below-stick-meta":"","astra-migrate-meta-layouts":"default","ast-page-background-enabled":"default","ast-page-background-meta":{"desktop":{"background-color":"var(--ast-global-color-4)","background-image":"","background-repeat":"repeat","background-position":"center center","background-size":"auto","background-attachment":"scroll","background-type":"","background-media":"","overlay-type":"","overlay-color":"","overlay-opacity":"","overlay-gradient":""},"tablet":{"background-color":"","background-image":"","background-repeat":"repeat","background-position":"center center","background-size":"auto","background-attachment":"scroll","background-type":"","background-media":"","overlay-type":"","overlay-color":"","overlay-opacity":"","overlay-gradient":""},"mobile":{"background-color":"","background-image":"","background-repeat":"repeat","background-position":"center center","background-size":"auto","background-attachment":"scroll","background-type":"","background-media":"","overlay-type":"","overlay-color":"","overlay-opacity":"","overlay-gradient":""}},"ast-content-background-meta":{"desktop":{"background-color":"var(--ast-global-color-5)","background-image":"","background-repeat":"repeat","background-position":"center center","background-size":"auto","background-attachment":"scroll","background-type":"","background-media":"","overlay-type":"","overlay-color":"","overlay-opacity":"","overlay-gradient":""},"tablet":{"background-color":"var(--ast-global-color-5)","background-image":"","background-repeat":"repeat","background-position":"center center","background-size":"auto","background-attachment":"scroll","background-type":"","background-media":"","overlay-type":"","overlay-color":"","overlay-opacity":"","overlay-gradient":""},"mobile":{"background-color":"var(--ast-global-color-5)","background-image":"","background-repeat":"repeat","background-position":"center center","background-size":"auto","background-attachment":"scroll","background-type":"","background-media":"","overlay-type":"","overlay-color":"","overlay-opacity":"","overlay-gradient":""}},"footnotes":""},"class_list":["post-1911","page","type-page","status-publish","hentry"],"post_mailing_queue_ids":[],"_links":{"self":[{"href":"https:\/\/agora.xtec.cat\/iespompeufabra-bdn\/wp-json\/wp\/v2\/pages\/1911","targetHints":{"allow":["GET"]}}],"collection":[{"href":"https:\/\/agora.xtec.cat\/iespompeufabra-bdn\/wp-json\/wp\/v2\/pages"}],"about":[{"href":"https:\/\/agora.xtec.cat\/iespompeufabra-bdn\/wp-json\/wp\/v2\/types\/page"}],"author":[{"embeddable":true,"href":"https:\/\/agora.xtec.cat\/iespompeufabra-bdn\/wp-json\/wp\/v2\/users\/7"}],"replies":[{"embeddable":true,"href":"https:\/\/agora.xtec.cat\/iespompeufabra-bdn\/wp-json\/wp\/v2\/comments?post=1911"}],"version-history":[{"count":5,"href":"https:\/\/agora.xtec.cat\/iespompeufabra-bdn\/wp-json\/wp\/v2\/pages\/1911\/revisions"}],"predecessor-version":[{"id":2148,"href":"https:\/\/agora.xtec.cat\/iespompeufabra-bdn\/wp-json\/wp\/v2\/pages\/1911\/revisions\/2148"}],"up":[{"embeddable":true,"href":"https:\/\/agora.xtec.cat\/iespompeufabra-bdn\/wp-json\/wp\/v2\/pages\/1513"}],"wp:attachment":[{"href":"https:\/\/agora.xtec.cat\/iespompeufabra-bdn\/wp-json\/wp\/v2\/media?parent=1911"}],"curies":[{"name":"wp","href":"https:\/\/api.w.org\/{rel}","templated":true}]}}