{"id":1803,"date":"2024-11-25T10:10:57","date_gmt":"2024-11-25T09:10:57","guid":{"rendered":"https:\/\/agora.xtec.cat\/iespompeufabra-bdn\/?page_id=1803"},"modified":"2025-09-25T10:14:11","modified_gmt":"2025-09-25T08:14:11","slug":"cursos-despecialitzacio","status":"publish","type":"page","link":"https:\/\/agora.xtec.cat\/iespompeufabra-bdn\/oferta-educativa\/cursos-despecialitzacio\/","title":{"rendered":"CURSOS D&#8217;ESPECIALITZACI\u00d3"},"content":{"rendered":"\n<ul class=\"wp-block-list\">\n<li>Oferta de places:&nbsp;<strong>12<\/strong><\/li>\n\n\n\n<li>Per\u00edode de presentaci\u00f3 de sol\u00b7licituds:&nbsp;<strong>del 25\/06 al 04\/07\/25<\/strong><\/li>\n\n\n\n<li><strong>Cultius<\/strong>: la data, hora i lloc del sorteig per obtenir el n\u00famero de desempat:&nbsp;<strong>17 de juliol a les 13:00 hores a l&#8217;Institut Pompeu Fabra<\/strong><\/li>\n\n\n\n<li>Dates de publicaci\u00f3 de la llista de sol\u00b7licituds de preinscripci\u00f3 al centre amb la puntuaci\u00f3 provisional:&nbsp;<strong>8\/7<\/strong><\/li>\n\n\n\n<li>Termini per presentar reclamacions, que \u00e9s de 5 dies h\u00e0bils:&nbsp;<strong>del 9 al 15\/07<\/strong><\/li>\n\n\n\n<li>Llista de sol\u00b7licituds amb la puntuaci\u00f3:&nbsp;<strong>16\/07<\/strong><\/li>\n\n\n\n<li>Llista d&#8217;alumnes admesos:&nbsp;<strong>17\/07<\/strong><\/li>\n\n\n\n<li>Per\u00edode de matr\u00edcula:&nbsp;<strong>18\/07 al 24\/07<\/strong><\/li>\n<\/ul>\n\n\n\n<p>S\u00f3n cursos per aprofundir coneixements despr\u00e9s d&#8217;haver cursat un cicle formatiu. Tenen una durada d&#8217;entre 500 i 720 hores i tamb\u00e9 inclouen formaci\u00f3 en centres de treball.<\/p>\n\n\n\n<p>A l&#8217;institut Pompeu Fabra de Badalona s&#8217;imparteixen els seg\u00fcents cursos:<\/p>\n\n\n\n<p><strong>Qu\u00edmica:<\/strong><\/p>\n\n\n\n<ul class=\"wp-block-list\">\n<li><a href=\"https:\/\/agora.xtec.cat\/iespompeufabra-bdn\/oferta-educativa\/formacio-profesional\/cursos-despecialitzacio\/curs-despecialitzacio-de-cultius-cellulars\/\">Cultius Cel\u00b7lulars.<\/a><\/li>\n<\/ul>\n\n\n\n<h2 class=\"wp-block-heading\"><strong>Qu\u00e8 necessito per accedir-hi.<\/strong><\/h2>\n\n\n\n<div class=\"wp-block-media-text has-media-on-the-right is-stacked-on-mobile\" style=\"grid-template-columns:auto 29%\"><div class=\"wp-block-media-text__content\">\n<p>Per al curs 2024-2025, pots accedir als cicles d&#8217;especialitzaci\u00f3 si compleixes algun dels requisits seg\u00fcents:<\/p>\n\n\n\n<p>Tenir una titulaci\u00f3 de t\u00e8cnic\/a o t\u00e8cnic\/a superior de les que s&#8217;especifiquen en la normativa del curs.<br>Tenir un t\u00edtol de t\u00e8cnic\/a, t\u00e8cnic\/a especialista o t\u00e8cnic\/a superior equivalent als que s&#8217;especifiquen en la normativa del curs.<br>A m\u00e9s, si hi ha places lliures, pots optar a un 20 % d&#8217;aquestes places, si compleixes un dels requisits seg\u00fcents:<\/p>\n<\/div><figure class=\"wp-block-media-text__media\"><img loading=\"lazy\" decoding=\"async\" width=\"262\" height=\"285\" src=\"https:\/\/agora.xtec.cat\/iespompeufabra-bdn\/wp-content\/uploads\/usu2935\/2024\/11\/Cursos-FP.png\" alt=\"\" class=\"wp-image-1829 size-full\"\/><\/figure><\/div>\n\n\n\n<p>Tenir un t\u00edtol de t\u00e8cnic\/a o t\u00e8cnic\/a superior d&#8217;FP diferent dels que donen acc\u00e9s al curs, per\u00f2 acreditar que tens experi\u00e8ncia en l&#8217;\u00e0rea professional.<br>Tenir un t\u00edtol de t\u00e8cnic\/a o t\u00e8cnic\/a superior d&#8217;FP diferent dels que donen acc\u00e9s al curs, per\u00f2 acreditar que tens uns coneixements previs adequats.<br>Acreditar que tens coneixements per seguir amb \u00e8xit el curs d&#8217;especialitzaci\u00f3, tot i que no tinguis un t\u00edtol de t\u00e8cnic\/a o t\u00e8cnic\/a superior d&#8217;FP. En aquest cas, obtindr\u00e0s un certificat acad\u00e8mic de realitzaci\u00f3 del curs amb aprofitament.<\/p>\n","protected":false},"excerpt":{"rendered":"<p>S\u00f3n cursos per aprofundir coneixements despr\u00e9s d&#8217;haver cursat un cicle formatiu. Tenen una durada d&#8217;entre 500 i 720 hores i [&hellip;]<\/p>\n","protected":false},"author":7,"featured_media":0,"parent":1513,"menu_order":5,"comment_status":"closed","ping_status":"closed","template":"","meta":{"_bbp_topic_count":0,"_bbp_reply_count":0,"_bbp_total_topic_count":0,"_bbp_total_reply_count":0,"_bbp_voice_count":0,"_bbp_anonymous_reply_count":0,"_bbp_topic_count_hidden":0,"_bbp_reply_count_hidden":0,"_bbp_forum_subforum_count":0,"site-sidebar-layout":"default","site-content-layout":"","ast-site-content-layout":"default","site-content-style":"default","site-sidebar-style":"default","ast-global-header-display":"","ast-banner-title-visibility":"","ast-main-header-display":"","ast-hfb-above-header-display":"","ast-hfb-below-header-display":"","ast-hfb-mobile-header-display":"","site-post-title":"","ast-breadcrumbs-content":"","ast-featured-img":"","footer-sml-layout":"","theme-transparent-header-meta":"","adv-header-id-meta":"","stick-header-meta":"","header-above-stick-meta":"","header-main-stick-meta":"","header-below-stick-meta":"","astra-migrate-meta-layouts":"set","ast-page-background-enabled":"default","ast-page-background-meta":{"desktop":{"background-color":"var(--ast-global-color-4)","background-image":"","background-repeat":"repeat","background-position":"center center","background-size":"auto","background-attachment":"scroll","background-type":"","background-media":"","overlay-type":"","overlay-color":"","overlay-opacity":"","overlay-gradient":""},"tablet":{"background-color":"","background-image":"","background-repeat":"repeat","background-position":"center center","background-size":"auto","background-attachment":"scroll","background-type":"","background-media":"","overlay-type":"","overlay-color":"","overlay-opacity":"","overlay-gradient":""},"mobile":{"background-color":"","background-image":"","background-repeat":"repeat","background-position":"center center","background-size":"auto","background-attachment":"scroll","background-type":"","background-media":"","overlay-type":"","overlay-color":"","overlay-opacity":"","overlay-gradient":""}},"ast-content-background-meta":{"desktop":{"background-color":"var(--ast-global-color-5)","background-image":"","background-repeat":"repeat","background-position":"center center","background-size":"auto","background-attachment":"scroll","background-type":"","background-media":"","overlay-type":"","overlay-color":"","overlay-opacity":"","overlay-gradient":""},"tablet":{"background-color":"var(--ast-global-color-5)","background-image":"","background-repeat":"repeat","background-position":"center center","background-size":"auto","background-attachment":"scroll","background-type":"","background-media":"","overlay-type":"","overlay-color":"","overlay-opacity":"","overlay-gradient":""},"mobile":{"background-color":"var(--ast-global-color-5)","background-image":"","background-repeat":"repeat","background-position":"center center","background-size":"auto","background-attachment":"scroll","background-type":"","background-media":"","overlay-type":"","overlay-color":"","overlay-opacity":"","overlay-gradient":""}},"footnotes":""},"class_list":["post-1803","page","type-page","status-publish","hentry"],"post_mailing_queue_ids":[],"_links":{"self":[{"href":"https:\/\/agora.xtec.cat\/iespompeufabra-bdn\/wp-json\/wp\/v2\/pages\/1803","targetHints":{"allow":["GET"]}}],"collection":[{"href":"https:\/\/agora.xtec.cat\/iespompeufabra-bdn\/wp-json\/wp\/v2\/pages"}],"about":[{"href":"https:\/\/agora.xtec.cat\/iespompeufabra-bdn\/wp-json\/wp\/v2\/types\/page"}],"author":[{"embeddable":true,"href":"https:\/\/agora.xtec.cat\/iespompeufabra-bdn\/wp-json\/wp\/v2\/users\/7"}],"replies":[{"embeddable":true,"href":"https:\/\/agora.xtec.cat\/iespompeufabra-bdn\/wp-json\/wp\/v2\/comments?post=1803"}],"version-history":[{"count":6,"href":"https:\/\/agora.xtec.cat\/iespompeufabra-bdn\/wp-json\/wp\/v2\/pages\/1803\/revisions"}],"predecessor-version":[{"id":3109,"href":"https:\/\/agora.xtec.cat\/iespompeufabra-bdn\/wp-json\/wp\/v2\/pages\/1803\/revisions\/3109"}],"up":[{"embeddable":true,"href":"https:\/\/agora.xtec.cat\/iespompeufabra-bdn\/wp-json\/wp\/v2\/pages\/1513"}],"wp:attachment":[{"href":"https:\/\/agora.xtec.cat\/iespompeufabra-bdn\/wp-json\/wp\/v2\/media?parent=1803"}],"curies":[{"name":"wp","href":"https:\/\/api.w.org\/{rel}","templated":true}]}}