{"id":1688,"date":"2024-11-12T12:14:40","date_gmt":"2024-11-12T11:14:40","guid":{"rendered":"https:\/\/agora.xtec.cat\/iespompeufabra-bdn\/?page_id=1688"},"modified":"2025-05-09T11:37:30","modified_gmt":"2025-05-09T09:37:30","slug":"borsa-de-treball","status":"publish","type":"page","link":"https:\/\/agora.xtec.cat\/iespompeufabra-bdn\/linstitut\/borsa-de-treball\/","title":{"rendered":"Borsa de treball"},"content":{"rendered":"<p>La Coordinaci\u00f3 de Formaci\u00f3 Professional de l\u2019Institut Pompeu Fabra disposa d\u2019un servei de borsa<br \/>\nde treball per tal de facilitar la inserci\u00f3 laboral als seus alumnes i exalumnes. L\u2019objectiu principal<br \/>\n\u00e9s procurar incorporar-los a la vida activa d\u2019acord amb les seves perspectives i aspiracions.<br \/>\nActualment la borsa de treball gestiona al llarg del curs acad\u00e8mic un volum superior a 200 ofertes<br \/>\nlaborals. Podeu inscriure-us-hi omplint el seg\u00fcent formulari: <a href=\"https:\/\/docs.google.com\/forms\/d\/1Tj32yKmKl-1UdMzOKroD-fo-IcZzbH97AwP_yZ7Nvr4\/edit?ts=681a1069\">Ofertes de treball per exalumnes<\/a>.<\/p>\n<p><em><strong>Contacte:<\/strong> borsatreball<span class=\"atwho-query\">@ipompeufabra.com<\/span><\/em><\/p>\n<p><strong>Estudiants<\/strong><br \/>\nDes d\u2019aquest espai us volem oferir la possibilitat de posar-vos en contacte amb nosaltres per<br \/>\ninclore-us com a alumne (tan sols els que esteu a 2n curs) o exalumne en la nostre base de<br \/>\ndades, per a la qual cosa necessitarem saber les seg\u00fcents dades: Nom i cognoms, Cicle Formatiu<br \/>\ni especialitat que heu cursat en el nostre institut, any de finalitzaci\u00f3 dels estudis, etc.<\/p>\n<p><strong>Empreses<\/strong><br \/>\nSi us poseu en contacte com a empresa, per oferir-nos una oferta de treball de les especialitats<br \/>\nque nosaltres impartim (Qu\u00edmica, Automoci\u00f3 i Fabricaci\u00f3 mec\u00e0nica), la farem arribar<br \/>\ninmediatament al nostre alumnat que m\u00e9s s\u2019adeq\u00fci al perfil professional que sol\u00b7liciteu perqu\u00e8 es<br \/>\nposi en contacte amb vosaltres.<\/p>\n<p>PORTALS PER A LA RECERCA DE TREBALL<\/p>\n<ul>\n<li>Ambit local i territorial de Catalunya:\n<ul>\n<li><a href=\"http:\/\/xaloc.diba.cat\">Serveis locals d&#8217;ocupaci\u00f3<\/a><\/li>\n<li><a href=\"http:\/\/infofeina.com\">Infofeina<\/a><\/li>\n<li><a href=\"http:\/\/feinaactiva.gemcat.cat\/home\">Feina activa<\/a><\/li>\n<li><a href=\"http:\/\/badaweb.com\/treball\/\">Badaweb<\/a><\/li>\n<\/ul>\n<\/li>\n<li>Ofertes de treball d&#8217;\u00e0mbit estatal:\n<ul>\n<li><\/li>\n<\/ul>\n<\/li>\n<li>Ofertes de treball d&#8217;\u00e0mbit nacional i internacional:<\/li>\n<li><\/li>\n<\/ul>\n","protected":false},"excerpt":{"rendered":"<p>La Coordinaci\u00f3 de Formaci\u00f3 Professional de l\u2019Institut Pompeu Fabra disposa d\u2019un servei de borsa de treball per tal de facilitar [&hellip;]<\/p>\n","protected":false},"author":1,"featured_media":0,"parent":1866,"menu_order":6,"comment_status":"closed","ping_status":"closed","template":"page-templates\/side-menu.php","meta":{"_bbp_topic_count":0,"_bbp_reply_count":0,"_bbp_total_topic_count":0,"_bbp_total_reply_count":0,"_bbp_voice_count":0,"_bbp_anonymous_reply_count":0,"_bbp_topic_count_hidden":0,"_bbp_reply_count_hidden":0,"_bbp_forum_subforum_count":0,"site-sidebar-layout":"default","site-content-layout":"","ast-site-content-layout":"default","site-content-style":"default","site-sidebar-style":"default","ast-global-header-display":"","ast-banner-title-visibility":"","ast-main-header-display":"","ast-hfb-above-header-display":"","ast-hfb-below-header-display":"","ast-hfb-mobile-header-display":"","site-post-title":"","ast-breadcrumbs-content":"","ast-featured-img":"","footer-sml-layout":"","theme-transparent-header-meta":"","adv-header-id-meta":"","stick-header-meta":"","header-above-stick-meta":"","header-main-stick-meta":"","header-below-stick-meta":"","astra-migrate-meta-layouts":"set","ast-page-background-enabled":"default","ast-page-background-meta":{"desktop":{"background-color":"var(--ast-global-color-4)","background-image":"","background-repeat":"repeat","background-position":"center center","background-size":"auto","background-attachment":"scroll","background-type":"","background-media":"","overlay-type":"","overlay-color":"","overlay-opacity":"","overlay-gradient":""},"tablet":{"background-color":"","background-image":"","background-repeat":"repeat","background-position":"center center","background-size":"auto","background-attachment":"scroll","background-type":"","background-media":"","overlay-type":"","overlay-color":"","overlay-opacity":"","overlay-gradient":""},"mobile":{"background-color":"","background-image":"","background-repeat":"repeat","background-position":"center center","background-size":"auto","background-attachment":"scroll","background-type":"","background-media":"","overlay-type":"","overlay-color":"","overlay-opacity":"","overlay-gradient":""}},"ast-content-background-meta":{"desktop":{"background-color":"var(--ast-global-color-5)","background-image":"","background-repeat":"repeat","background-position":"center center","background-size":"auto","background-attachment":"scroll","background-type":"","background-media":"","overlay-type":"","overlay-color":"","overlay-opacity":"","overlay-gradient":""},"tablet":{"background-color":"var(--ast-global-color-5)","background-image":"","background-repeat":"repeat","background-position":"center center","background-size":"auto","background-attachment":"scroll","background-type":"","background-media":"","overlay-type":"","overlay-color":"","overlay-opacity":"","overlay-gradient":""},"mobile":{"background-color":"var(--ast-global-color-5)","background-image":"","background-repeat":"repeat","background-position":"center center","background-size":"auto","background-attachment":"scroll","background-type":"","background-media":"","overlay-type":"","overlay-color":"","overlay-opacity":"","overlay-gradient":""}},"footnotes":""},"class_list":["post-1688","page","type-page","status-publish","hentry"],"post_mailing_queue_ids":[],"_links":{"self":[{"href":"https:\/\/agora.xtec.cat\/iespompeufabra-bdn\/wp-json\/wp\/v2\/pages\/1688","targetHints":{"allow":["GET"]}}],"collection":[{"href":"https:\/\/agora.xtec.cat\/iespompeufabra-bdn\/wp-json\/wp\/v2\/pages"}],"about":[{"href":"https:\/\/agora.xtec.cat\/iespompeufabra-bdn\/wp-json\/wp\/v2\/types\/page"}],"author":[{"embeddable":true,"href":"https:\/\/agora.xtec.cat\/iespompeufabra-bdn\/wp-json\/wp\/v2\/users\/1"}],"replies":[{"embeddable":true,"href":"https:\/\/agora.xtec.cat\/iespompeufabra-bdn\/wp-json\/wp\/v2\/comments?post=1688"}],"version-history":[{"count":2,"href":"https:\/\/agora.xtec.cat\/iespompeufabra-bdn\/wp-json\/wp\/v2\/pages\/1688\/revisions"}],"predecessor-version":[{"id":2740,"href":"https:\/\/agora.xtec.cat\/iespompeufabra-bdn\/wp-json\/wp\/v2\/pages\/1688\/revisions\/2740"}],"up":[{"embeddable":true,"href":"https:\/\/agora.xtec.cat\/iespompeufabra-bdn\/wp-json\/wp\/v2\/pages\/1866"}],"wp:attachment":[{"href":"https:\/\/agora.xtec.cat\/iespompeufabra-bdn\/wp-json\/wp\/v2\/media?parent=1688"}],"curies":[{"name":"wp","href":"https:\/\/api.w.org\/{rel}","templated":true}]}}