{"id":766,"date":"2016-02-05T09:13:42","date_gmt":"2016-02-05T08:13:42","guid":{"rendered":"http:\/\/agora.xtec.cat\/iespolinya\/?page_id=766"},"modified":"2026-04-15T13:44:54","modified_gmt":"2026-04-15T11:44:54","slug":"projecte-educatiu","status":"publish","type":"page","link":"https:\/\/agora.xtec.cat\/iespolinya\/linstitut\/projecte-educatiu\/","title":{"rendered":"PROJECTE EDUCATIU"},"content":{"rendered":"<ul>\n<li><a href=\"https:\/\/drive.google.com\/file\/d\/1PsHpSe4ZK4BzlP_I4xHlO9DFodEQ_HN2\/view?usp=sharing\" target=\"_blank\" rel=\"noopener noreferrer\">Projecte Educatiu 2019<\/a><\/li>\n<li><a href=\"https:\/\/drive.google.com\/file\/d\/1n9RLZqZQ4OJ_OwmKwani9Wwoc3xd-jST\/view?usp=sharing\">Projecte ling\u00fc\u00edstic de centre (PLC)<\/a><\/li>\n<li>\n<div><a href=\"https:\/\/drive.google.com\/file\/d\/1SIsrvKi5Cqky-2WLevJ8Wlzt0mTW2fv1\/view?usp=sharing\">Projecte de direcci\u00f3<\/a><\/div>\n<\/li>\n<li>\n<div><a href=\"https:\/\/drive.google.com\/file\/d\/1kfsMAw4YsvU5Hr3GvXPTBnn1vmRGSAW_\/view?usp=sharing\">Pla d&#8217;acollida<\/a><\/div>\n<\/li>\n<li><a href=\"https:\/\/drive.google.com\/file\/d\/1JMrfEbXQ3mEfoIoQHALktklDx4CTYSm8\/view?usp=sharing\">Pla TAC<\/a><\/li>\n<li>\n<div>Pla d&#8217;atenci\u00f3 educativa<\/div>\n<\/li>\n<li>\n<div>Pla de conviv\u00e8ncia<\/div>\n<\/li>\n<li>\n<div><a href=\"https:\/\/drive.google.com\/file\/d\/13daRIMKtjvlKSSM6Pytj85JAEirKFYKB\/view?usp=sharing\">Criteris d&#8217;avaluaci\u00f3<\/a><\/div>\n<\/li>\n<li><a href=\"https:\/\/drive.google.com\/file\/d\/1lywB5IdojSbD2Xpp_1yZywtnjIdnQ4kF\/view?usp=sharing\">Carta de comprom\u00eds educatiu<\/a><\/li>\n<li>Projectes de centre\n<ul>\n<li>Projectes de diversificaci\u00f3 curricular (PDC)<\/li>\n<li><a href=\"https:\/\/agora.xtec.cat\/iespolinya\/categoria\/gep\/\">Generaci\u00f3 Pluriling\u00fce (GEP)<\/a><\/li>\n<li>Scriptorium<\/li>\n<\/ul>\n<\/li>\n<\/ul>\n","protected":false},"excerpt":{"rendered":"<p>Projecte Educatiu 2019 Projecte ling\u00fc\u00edstic de centre (PLC) Projecte de direcci\u00f3 Pla d&#8217;acollida Pla TAC Pla d&#8217;atenci\u00f3 educativa Pla de conviv\u00e8ncia Criteris d&#8217;avaluaci\u00f3 Carta de comprom\u00eds educatiu Projectes de centre Projectes de diversificaci\u00f3 curricular (PDC) Generaci\u00f3 Pluriling\u00fce (GEP) Scriptorium<\/p>\n","protected":false},"author":1,"featured_media":0,"parent":19,"menu_order":2,"comment_status":"closed","ping_status":"closed","template":"","meta":{"_bbp_topic_count":0,"_bbp_reply_count":0,"_bbp_total_topic_count":0,"_bbp_total_reply_count":0,"_bbp_voice_count":0,"_bbp_anonymous_reply_count":0,"_bbp_topic_count_hidden":0,"_bbp_reply_count_hidden":0,"_bbp_forum_subforum_count":0,"site-sidebar-layout":"default","site-content-layout":"","ast-site-content-layout":"default","site-content-style":"default","site-sidebar-style":"default","ast-global-header-display":"","ast-banner-title-visibility":"","ast-main-header-display":"","ast-hfb-above-header-display":"","ast-hfb-below-header-display":"","ast-hfb-mobile-header-display":"","site-post-title":"","ast-breadcrumbs-content":"","ast-featured-img":"","footer-sml-layout":"","theme-transparent-header-meta":"","adv-header-id-meta":"","stick-header-meta":"","header-above-stick-meta":"","header-main-stick-meta":"","header-below-stick-meta":"","astra-migrate-meta-layouts":"set","ast-page-background-enabled":"default","ast-page-background-meta":{"desktop":{"background-color":"var(--ast-global-color-4)","background-image":"","background-repeat":"repeat","background-position":"center center","background-size":"auto","background-attachment":"scroll","background-type":"","background-media":"","overlay-type":"","overlay-color":"","overlay-opacity":"","overlay-gradient":""},"tablet":{"background-color":"","background-image":"","background-repeat":"repeat","background-position":"center center","background-size":"auto","background-attachment":"scroll","background-type":"","background-media":"","overlay-type":"","overlay-color":"","overlay-opacity":"","overlay-gradient":""},"mobile":{"background-color":"","background-image":"","background-repeat":"repeat","background-position":"center center","background-size":"auto","background-attachment":"scroll","background-type":"","background-media":"","overlay-type":"","overlay-color":"","overlay-opacity":"","overlay-gradient":""}},"ast-content-background-meta":{"desktop":{"background-color":"var(--ast-global-color-5)","background-image":"","background-repeat":"repeat","background-position":"center center","background-size":"auto","background-attachment":"scroll","background-type":"","background-media":"","overlay-type":"","overlay-color":"","overlay-opacity":"","overlay-gradient":""},"tablet":{"background-color":"var(--ast-global-color-5)","background-image":"","background-repeat":"repeat","background-position":"center center","background-size":"auto","background-attachment":"scroll","background-type":"","background-media":"","overlay-type":"","overlay-color":"","overlay-opacity":"","overlay-gradient":""},"mobile":{"background-color":"var(--ast-global-color-5)","background-image":"","background-repeat":"repeat","background-position":"center center","background-size":"auto","background-attachment":"scroll","background-type":"","background-media":"","overlay-type":"","overlay-color":"","overlay-opacity":"","overlay-gradient":""}},"footnotes":""},"class_list":["post-766","page","type-page","status-publish","hentry"],"post_mailing_queue_ids":[],"_links":{"self":[{"href":"https:\/\/agora.xtec.cat\/iespolinya\/wp-json\/wp\/v2\/pages\/766","targetHints":{"allow":["GET"]}}],"collection":[{"href":"https:\/\/agora.xtec.cat\/iespolinya\/wp-json\/wp\/v2\/pages"}],"about":[{"href":"https:\/\/agora.xtec.cat\/iespolinya\/wp-json\/wp\/v2\/types\/page"}],"author":[{"embeddable":true,"href":"https:\/\/agora.xtec.cat\/iespolinya\/wp-json\/wp\/v2\/users\/1"}],"replies":[{"embeddable":true,"href":"https:\/\/agora.xtec.cat\/iespolinya\/wp-json\/wp\/v2\/comments?post=766"}],"version-history":[{"count":3,"href":"https:\/\/agora.xtec.cat\/iespolinya\/wp-json\/wp\/v2\/pages\/766\/revisions"}],"predecessor-version":[{"id":6592,"href":"https:\/\/agora.xtec.cat\/iespolinya\/wp-json\/wp\/v2\/pages\/766\/revisions\/6592"}],"up":[{"embeddable":true,"href":"https:\/\/agora.xtec.cat\/iespolinya\/wp-json\/wp\/v2\/pages\/19"}],"wp:attachment":[{"href":"https:\/\/agora.xtec.cat\/iespolinya\/wp-json\/wp\/v2\/media?parent=766"}],"curies":[{"name":"wp","href":"https:\/\/api.w.org\/{rel}","templated":true}]}}