{"id":3825,"date":"2020-01-16T11:03:51","date_gmt":"2020-01-16T10:03:51","guid":{"rendered":"http:\/\/agora.xtec.cat\/iespolinya\/?page_id=3825"},"modified":"2025-09-01T09:51:19","modified_gmt":"2025-09-01T07:51:19","slug":"documentacio-families-aportacio-material-sortides-absentisme","status":"publish","type":"page","link":"https:\/\/agora.xtec.cat\/iespolinya\/documentacio-families-aportacio-material-sortides-absentisme\/","title":{"rendered":"Documentaci\u00f3 fam\u00edlies: aportaci\u00f3 material, sortides, absentisme&#8230;"},"content":{"rendered":"<ul>\n<li><a href=\"https:\/\/drive.google.com\/file\/d\/1ELVfBbppqCI8MESazfnhdCaX1nbWwubt\/view?usp=share_link\">JUSTIFICANT D&#8217;ABS\u00c8NCIES<\/a><\/li>\n<li><a href=\"https:\/\/drive.google.com\/file\/d\/1zq0Z2i-Qn-OitOYQthOaWKwjwWPXWeBu\/view?usp=sharing\">AUTORITZACI\u00d3 DRETS D&#8217;IMATGE<\/a><\/li>\n<li><a href=\"https:\/\/drive.google.com\/file\/d\/1o-lLqG7ZOWT2wW3V-V_SL4gXJcSKECQx\/view?usp=sharing\">AUTORITZACI\u00d3 \u00daS D&#8217;INTERNET MENORS<\/a><\/li>\n<li><a href=\"https:\/\/drive.google.com\/file\/d\/1S81ppiPENFTYO-ldJhqcdauqxaiwWAwF\/view?usp=sharing\">LLIC\u00c8NCIA LLIBRE DIGITAL M\u00daSICA<\/a><\/li>\n<\/ul>\n","protected":false},"excerpt":{"rendered":"<p>JUSTIFICANT D&#8217;ABS\u00c8NCIES AUTORITZACI\u00d3 DRETS D&#8217;IMATGE AUTORITZACI\u00d3 \u00daS D&#8217;INTERNET MENORS LLIC\u00c8NCIA LLIBRE DIGITAL M\u00daSICA<\/p>\n","protected":false},"author":1,"featured_media":0,"parent":0,"menu_order":0,"comment_status":"closed","ping_status":"closed","template":"","meta":{"_bbp_topic_count":0,"_bbp_reply_count":0,"_bbp_total_topic_count":0,"_bbp_total_reply_count":0,"_bbp_voice_count":0,"_bbp_anonymous_reply_count":0,"_bbp_topic_count_hidden":0,"_bbp_reply_count_hidden":0,"_bbp_forum_subforum_count":0,"site-sidebar-layout":"default","site-content-layout":"","ast-site-content-layout":"","site-content-style":"default","site-sidebar-style":"default","ast-global-header-display":"","ast-banner-title-visibility":"","ast-main-header-display":"","ast-hfb-above-header-display":"","ast-hfb-below-header-display":"","ast-hfb-mobile-header-display":"","site-post-title":"","ast-breadcrumbs-content":"","ast-featured-img":"","footer-sml-layout":"","theme-transparent-header-meta":"","adv-header-id-meta":"","stick-header-meta":"","header-above-stick-meta":"","header-main-stick-meta":"","header-below-stick-meta":"","astra-migrate-meta-layouts":"default","ast-page-background-enabled":"default","ast-page-background-meta":{"desktop":{"background-color":"var(--ast-global-color-4)","background-image":"","background-repeat":"repeat","background-position":"center center","background-size":"auto","background-attachment":"scroll","background-type":"","background-media":"","overlay-type":"","overlay-color":"","overlay-opacity":"","overlay-gradient":""},"tablet":{"background-color":"","background-image":"","background-repeat":"repeat","background-position":"center center","background-size":"auto","background-attachment":"scroll","background-type":"","background-media":"","overlay-type":"","overlay-color":"","overlay-opacity":"","overlay-gradient":""},"mobile":{"background-color":"","background-image":"","background-repeat":"repeat","background-position":"center center","background-size":"auto","background-attachment":"scroll","background-type":"","background-media":"","overlay-type":"","overlay-color":"","overlay-opacity":"","overlay-gradient":""}},"ast-content-background-meta":{"desktop":{"background-color":"var(--ast-global-color-5)","background-image":"","background-repeat":"repeat","background-position":"center center","background-size":"auto","background-attachment":"scroll","background-type":"","background-media":"","overlay-type":"","overlay-color":"","overlay-opacity":"","overlay-gradient":""},"tablet":{"background-color":"var(--ast-global-color-5)","background-image":"","background-repeat":"repeat","background-position":"center center","background-size":"auto","background-attachment":"scroll","background-type":"","background-media":"","overlay-type":"","overlay-color":"","overlay-opacity":"","overlay-gradient":""},"mobile":{"background-color":"var(--ast-global-color-5)","background-image":"","background-repeat":"repeat","background-position":"center center","background-size":"auto","background-attachment":"scroll","background-type":"","background-media":"","overlay-type":"","overlay-color":"","overlay-opacity":"","overlay-gradient":""}},"footnotes":""},"class_list":["post-3825","page","type-page","status-publish","hentry"],"post_mailing_queue_ids":[],"_links":{"self":[{"href":"https:\/\/agora.xtec.cat\/iespolinya\/wp-json\/wp\/v2\/pages\/3825","targetHints":{"allow":["GET"]}}],"collection":[{"href":"https:\/\/agora.xtec.cat\/iespolinya\/wp-json\/wp\/v2\/pages"}],"about":[{"href":"https:\/\/agora.xtec.cat\/iespolinya\/wp-json\/wp\/v2\/types\/page"}],"author":[{"embeddable":true,"href":"https:\/\/agora.xtec.cat\/iespolinya\/wp-json\/wp\/v2\/users\/1"}],"replies":[{"embeddable":true,"href":"https:\/\/agora.xtec.cat\/iespolinya\/wp-json\/wp\/v2\/comments?post=3825"}],"version-history":[{"count":7,"href":"https:\/\/agora.xtec.cat\/iespolinya\/wp-json\/wp\/v2\/pages\/3825\/revisions"}],"predecessor-version":[{"id":6252,"href":"https:\/\/agora.xtec.cat\/iespolinya\/wp-json\/wp\/v2\/pages\/3825\/revisions\/6252"}],"wp:attachment":[{"href":"https:\/\/agora.xtec.cat\/iespolinya\/wp-json\/wp\/v2\/media?parent=3825"}],"curies":[{"name":"wp","href":"https:\/\/api.w.org\/{rel}","templated":true}]}}