{"id":375,"date":"2015-09-03T11:20:16","date_gmt":"2015-09-03T10:20:16","guid":{"rendered":"http:\/\/agora.xtec.cat\/iespolinya\/?page_id=375"},"modified":"2026-02-12T08:50:22","modified_gmt":"2026-02-12T07:50:22","slug":"ampa","status":"publish","type":"page","link":"https:\/\/agora.xtec.cat\/iespolinya\/linstitut\/ampa\/","title":{"rendered":"Associaci\u00f3 de fam\u00edlies d&#8217;alumnes de l&#8217;Institut Poliny\u00e0"},"content":{"rendered":"\n<p>&nbsp;En aquesta p\u00e0gina trobareu la informaci\u00f3 de contacte i la documentaci\u00f3 de l&#8217;AFA Institut Poliny\u00e0.<\/p>\n\n\n\n<h2 class=\"wp-block-heading\">Horari d&#8217;atenci\u00f3<\/h2>\n\n\n\n<p>Amb cita pr\u00e8via:<\/p>\n\n\n\n<p>Dilluns i dimecres de 16:30h a 17:30h<\/p>\n\n\n\n<p>Dimarts i dijous de 16:30h a 17:30h<\/p>\n\n\n\n<h2 class=\"wp-block-heading\"><strong>DOCUMENTACI\u00d3 AMPA<\/strong><\/h2>\n\n\n\n<figure class=\"wp-block-image\"><a href=\"https:\/\/drive.google.com\/file\/d\/1Bbc39m8WV8HgAuByQjbCWLRlitUsuURO\/view?usp=sharing\"><img loading=\"lazy\" decoding=\"async\" width=\"728\" height=\"90\" src=\"https:\/\/agora.xtec.cat\/iespolinya\/wp-content\/uploads\/usu392\/2021\/10\/\u00a1Compra-ahora.png\" alt=\"\" class=\"wp-image-4836\" srcset=\"https:\/\/agora.xtec.cat\/iespolinya\/wp-content\/uploads\/usu392\/2021\/10\/\u00a1Compra-ahora.png 728w, https:\/\/agora.xtec.cat\/iespolinya\/wp-content\/uploads\/usu392\/2021\/10\/\u00a1Compra-ahora-300x37.png 300w\" sizes=\"auto, (max-width: 728px) 100vw, 728px\" \/><\/a><\/figure>\n\n\n\n<p><\/p>\n\n\n\n<p><strong>Contacteu:<\/strong><\/p>\n\n\n\n<p><a href=\"ampaiespolinya@gmail.com\"><img loading=\"lazy\" decoding=\"async\" class=\"alignnone wp-image-1958\" src=\"http:\/\/agora.xtec.cat\/iespolinya\/wp-content\/uploads\/usu392\/2015\/09\/1200x630bb.jpg\" alt=\"\" width=\"55\" height=\"55\" srcset=\"https:\/\/agora.xtec.cat\/iespolinya\/wp-content\/uploads\/usu392\/2015\/09\/1200x630bb.jpg 630w, https:\/\/agora.xtec.cat\/iespolinya\/wp-content\/uploads\/usu392\/2015\/09\/1200x630bb-150x150.jpg 150w, https:\/\/agora.xtec.cat\/iespolinya\/wp-content\/uploads\/usu392\/2015\/09\/1200x630bb-300x300.jpg 300w\" sizes=\"auto, (max-width: 55px) 100vw, 55px\" \/><\/a>&nbsp;<a href=\"mailto:ampaiespolinya@gmail.com\">ampaiespolinya@gmail.com<\/a><\/p>\n\n\n\n<p><a href=\"https:\/\/www.facebook.com\/ampaiespolinya\/\"><img loading=\"lazy\" decoding=\"async\" class=\"alignnone wp-image-1956 \" src=\"http:\/\/agora.xtec.cat\/iespolinya\/wp-content\/uploads\/usu392\/2015\/09\/bot\u00f3-face-150x150.png\" alt=\"\" width=\"55\" height=\"55\" srcset=\"https:\/\/agora.xtec.cat\/iespolinya\/wp-content\/uploads\/usu392\/2015\/09\/bot\u00f3-face-150x150.png 150w, https:\/\/agora.xtec.cat\/iespolinya\/wp-content\/uploads\/usu392\/2015\/09\/bot\u00f3-face-300x300.png 300w, https:\/\/agora.xtec.cat\/iespolinya\/wp-content\/uploads\/usu392\/2015\/09\/bot\u00f3-face.png 400w\" sizes=\"auto, (max-width: 55px) 100vw, 55px\" \/><\/a><a href=\"https:\/\/www.facebook.com\/ampaiespolinya\/\">Facebook AMPA IES Poliny\u00e0<\/a><\/p>\n\n\n\n<p><\/p>\n\n\n","protected":false},"excerpt":{"rendered":"<p>&nbsp;En aquesta p\u00e0gina trobareu la informaci\u00f3 de contacte i la documentaci\u00f3 de l&#8217;AFA Institut Poliny\u00e0. Horari d&#8217;atenci\u00f3 Amb cita pr\u00e8via: Dilluns i dimecres de 16:30h a 17:30h Dimarts i dijous de 16:30h a 17:30h DOCUMENTACI\u00d3 AMPA Contacteu: &nbsp;ampaiespolinya@gmail.com Facebook AMPA IES Poliny\u00e0<\/p>\n","protected":false},"author":1,"featured_media":6428,"parent":19,"menu_order":8,"comment_status":"closed","ping_status":"closed","template":"","meta":{"_bbp_topic_count":0,"_bbp_reply_count":0,"_bbp_total_topic_count":0,"_bbp_total_reply_count":0,"_bbp_voice_count":0,"_bbp_anonymous_reply_count":0,"_bbp_topic_count_hidden":0,"_bbp_reply_count_hidden":0,"_bbp_forum_subforum_count":0,"site-sidebar-layout":"default","site-content-layout":"","ast-site-content-layout":"default","site-content-style":"default","site-sidebar-style":"default","ast-global-header-display":"","ast-banner-title-visibility":"","ast-main-header-display":"","ast-hfb-above-header-display":"","ast-hfb-below-header-display":"","ast-hfb-mobile-header-display":"","site-post-title":"","ast-breadcrumbs-content":"","ast-featured-img":"","footer-sml-layout":"","theme-transparent-header-meta":"","adv-header-id-meta":"","stick-header-meta":"","header-above-stick-meta":"","header-main-stick-meta":"","header-below-stick-meta":"","astra-migrate-meta-layouts":"set","ast-page-background-enabled":"default","ast-page-background-meta":{"desktop":{"background-color":"var(--ast-global-color-4)","background-image":"","background-repeat":"repeat","background-position":"center center","background-size":"auto","background-attachment":"scroll","background-type":"","background-media":"","overlay-type":"","overlay-color":"","overlay-opacity":"","overlay-gradient":""},"tablet":{"background-color":"","background-image":"","background-repeat":"repeat","background-position":"center center","background-size":"auto","background-attachment":"scroll","background-type":"","background-media":"","overlay-type":"","overlay-color":"","overlay-opacity":"","overlay-gradient":""},"mobile":{"background-color":"","background-image":"","background-repeat":"repeat","background-position":"center center","background-size":"auto","background-attachment":"scroll","background-type":"","background-media":"","overlay-type":"","overlay-color":"","overlay-opacity":"","overlay-gradient":""}},"ast-content-background-meta":{"desktop":{"background-color":"var(--ast-global-color-5)","background-image":"","background-repeat":"repeat","background-position":"center center","background-size":"auto","background-attachment":"scroll","background-type":"","background-media":"","overlay-type":"","overlay-color":"","overlay-opacity":"","overlay-gradient":""},"tablet":{"background-color":"var(--ast-global-color-5)","background-image":"","background-repeat":"repeat","background-position":"center center","background-size":"auto","background-attachment":"scroll","background-type":"","background-media":"","overlay-type":"","overlay-color":"","overlay-opacity":"","overlay-gradient":""},"mobile":{"background-color":"var(--ast-global-color-5)","background-image":"","background-repeat":"repeat","background-position":"center center","background-size":"auto","background-attachment":"scroll","background-type":"","background-media":"","overlay-type":"","overlay-color":"","overlay-opacity":"","overlay-gradient":""}},"footnotes":""},"class_list":["post-375","page","type-page","status-publish","has-post-thumbnail","hentry"],"post_mailing_queue_ids":[],"_links":{"self":[{"href":"https:\/\/agora.xtec.cat\/iespolinya\/wp-json\/wp\/v2\/pages\/375","targetHints":{"allow":["GET"]}}],"collection":[{"href":"https:\/\/agora.xtec.cat\/iespolinya\/wp-json\/wp\/v2\/pages"}],"about":[{"href":"https:\/\/agora.xtec.cat\/iespolinya\/wp-json\/wp\/v2\/types\/page"}],"author":[{"embeddable":true,"href":"https:\/\/agora.xtec.cat\/iespolinya\/wp-json\/wp\/v2\/users\/1"}],"replies":[{"embeddable":true,"href":"https:\/\/agora.xtec.cat\/iespolinya\/wp-json\/wp\/v2\/comments?post=375"}],"version-history":[{"count":6,"href":"https:\/\/agora.xtec.cat\/iespolinya\/wp-json\/wp\/v2\/pages\/375\/revisions"}],"predecessor-version":[{"id":6434,"href":"https:\/\/agora.xtec.cat\/iespolinya\/wp-json\/wp\/v2\/pages\/375\/revisions\/6434"}],"up":[{"embeddable":true,"href":"https:\/\/agora.xtec.cat\/iespolinya\/wp-json\/wp\/v2\/pages\/19"}],"wp:featuredmedia":[{"embeddable":true,"href":"https:\/\/agora.xtec.cat\/iespolinya\/wp-json\/wp\/v2\/media\/6428"}],"wp:attachment":[{"href":"https:\/\/agora.xtec.cat\/iespolinya\/wp-json\/wp\/v2\/media?parent=375"}],"curies":[{"name":"wp","href":"https:\/\/api.w.org\/{rel}","templated":true}]}}