{"id":1091,"date":"2016-07-02T09:38:44","date_gmt":"2016-07-02T08:38:44","guid":{"rendered":"http:\/\/agora.xtec.cat\/iespolinya\/?page_id=1091"},"modified":"2016-07-02T09:52:47","modified_gmt":"2016-07-02T08:52:47","slug":"llistat-de-llibres-2016-2017-iddink","status":"publish","type":"page","link":"https:\/\/agora.xtec.cat\/iespolinya\/llibres-de-text-i-llibres-de-lectura\/llistat-de-llibres-2016-2017-iddink\/","title":{"rendered":"Llistat de llibres 2016-2017 IDDINK"},"content":{"rendered":"<p>En aquest apartat del web trobareu tota la informaci\u00f3 respecte els llibres de text i llibres de lectura comercialitzats per la empresa IDDINK i podeu descarregar-vos els llistat per curs acad\u00e8mic.<\/p>\n<p><em><strong>LLIBRES IDDINK<\/strong><\/em><\/p>\n<ul>\n<li><strong>1r ESO<\/strong>\n<ul>\n<li><a href=\"https:\/\/drive.google.com\/file\/d\/0Bz1Pz9LJIoB2S2h4aXNXa1RvYmM\/view?usp=sharing\" target=\"_blank\">1r ESO<\/a><\/li>\n<li><span style=\"font-family: inherit; font-size: 1em;\"><a href=\"https:\/\/drive.google.com\/file\/d\/0Bz1Pz9LJIoB2OGp5Y2ZTRllzN1E\/view?usp=sharing\" target=\"_blank\">1r ESO Diversitat<\/a><\/span><\/li>\n<\/ul>\n<\/li>\n<\/ul>\n<ul>\n<li><strong>2n ESO<\/strong>\n<ul>\n<li><a href=\"https:\/\/drive.google.com\/file\/d\/0Bz1Pz9LJIoB2eVFPUFdxREs1VkE\/view?usp=sharing\" target=\"_blank\">2n ESO<\/a><\/li>\n<li><a href=\"https:\/\/drive.google.com\/file\/d\/0Bz1Pz9LJIoB2QXcyeGNReldIY2M\/view?usp=sharing\" target=\"_blank\">2n ESO Diversitat<\/a><\/li>\n<\/ul>\n<\/li>\n<\/ul>\n<ul>\n<li><strong>3r ESO<\/strong>\n<ul>\n<li><a href=\"https:\/\/drive.google.com\/file\/d\/0Bz1Pz9LJIoB2enctZVZQbE0xMnM\/view?usp=sharing\" target=\"_blank\">3r ESO<\/a><\/li>\n<li><a href=\"https:\/\/drive.google.com\/file\/d\/0Bz1Pz9LJIoB2cGt3eTk2RGw2OEU\/view?usp=sharing\" target=\"_blank\">3r ESO Diversitat<\/a><\/li>\n<\/ul>\n<\/li>\n<\/ul>\n<ul>\n<li><strong>4t ESO<\/strong>\n<ul>\n<li><a href=\"https:\/\/drive.google.com\/file\/d\/0Bz1Pz9LJIoB2WU4wZlR5d0NaRTg\/view?usp=sharing\" target=\"_blank\">4t ESO Itinerari 1<\/a><\/li>\n<li><a href=\"https:\/\/drive.google.com\/file\/d\/0Bz1Pz9LJIoB2Z3djcnh2MDdtLXM\/view?usp=sharing\" target=\"_blank\">4t ESO Itinerari 2<\/a><\/li>\n<li><a href=\"https:\/\/drive.google.com\/file\/d\/0Bz1Pz9LJIoB2c0RnZzM5VTFLaGM\/view?usp=sharing\" target=\"_blank\">4t ESO Diversitat<\/a><\/li>\n<\/ul>\n<\/li>\n<\/ul>\n<ul>\n<li><strong>1r BATXILLERAT<\/strong>\n<ul>\n<li><a href=\"https:\/\/drive.google.com\/file\/d\/0Bz1Pz9LJIoB2ODZmelJ4WU9fSXc\/view?usp=sharing\" target=\"_blank\">1r Batxillerat Cient\u00edfic-Tecnol\u00f2gic<\/a><\/li>\n<li><a href=\"https:\/\/drive.google.com\/file\/d\/0Bz1Pz9LJIoB2R193SFZHWVNidzQ\/view?usp=sharing\" target=\"_blank\">1r Batxillerat Ling\u00fc\u00edstic-Human\u00edstic<\/a><\/li>\n<\/ul>\n<\/li>\n<\/ul>\n<ul>\n<li><strong>2n BATXILLERAT<\/strong>\n<ul>\n<li><a href=\"https:\/\/drive.google.com\/file\/d\/0Bz1Pz9LJIoB2Vno5SllwbnM0WW8\/view?usp=sharing\" target=\"_blank\">2n Batxillerat Cient\u00edfic-Tecnol\u00f2gic<\/a><\/li>\n<li><a href=\"https:\/\/drive.google.com\/file\/d\/0Bz1Pz9LJIoB2RDJOZkRWSWRsRzg\/view?usp=sharing\" target=\"_blank\">2n Batxillerat Ling\u00fc\u00edstic-Tecnol\u00f2gic<\/a><\/li>\n<\/ul>\n<\/li>\n<\/ul>\n<p><a href=\"https:\/\/drive.google.com\/file\/d\/0Bz1Pz9LJIoB2c21JWmdOZVZ0dXM\/view?usp=sharing\" rel=\"attachment wp-att-978\"><img loading=\"lazy\" decoding=\"async\" class=\"alignnone size-full wp-image-978\" src=\"http:\/\/agora.xtec.cat\/iespolinya\/wp-content\/uploads\/usu392\/2016\/06\/181-Carta-pares_-Ins-poliny\u00e0-2016-presentaci\u00f3-c\u00f2pia.jpg\" alt=\"181- Carta pares_ Ins poliny\u00e0 2016 presentaci\u00f3 c\u00f2pia\" width=\"1240\" height=\"1754\" srcset=\"https:\/\/agora.xtec.cat\/iespolinya\/wp-content\/uploads\/usu392\/2016\/06\/181-Carta-pares_-Ins-poliny\u00e0-2016-presentaci\u00f3-c\u00f2pia.jpg 1240w, https:\/\/agora.xtec.cat\/iespolinya\/wp-content\/uploads\/usu392\/2016\/06\/181-Carta-pares_-Ins-poliny\u00e0-2016-presentaci\u00f3-c\u00f2pia-212x300.jpg 212w, https:\/\/agora.xtec.cat\/iespolinya\/wp-content\/uploads\/usu392\/2016\/06\/181-Carta-pares_-Ins-poliny\u00e0-2016-presentaci\u00f3-c\u00f2pia-768x1086.jpg 768w, https:\/\/agora.xtec.cat\/iespolinya\/wp-content\/uploads\/usu392\/2016\/06\/181-Carta-pares_-Ins-poliny\u00e0-2016-presentaci\u00f3-c\u00f2pia-724x1024.jpg 724w\" sizes=\"auto, (max-width: 1240px) 100vw, 1240px\" \/><\/a><strong><a href=\"https:\/\/www.iddink.cat\" target=\"_blank\" rel=\"attachment wp-att-1005\"><img loading=\"lazy\" decoding=\"async\" class=\"alignnone wp-image-1005 size-full\" src=\"http:\/\/agora.xtec.cat\/iespolinya\/wp-content\/uploads\/usu392\/2016\/06\/image001.jpg\" alt=\"image001\" width=\"87\" height=\"35\" \/><\/a>WEB D&#8217;IDDINK\u00a0CATALUNYA<\/strong><\/p>\n<p><strong>COM COMPRAR ELS LLIBRES<\/strong><\/p>\n<ul>\n<li><em><a href=\"https:\/\/drive.google.com\/file\/d\/0Bz1Pz9LJIoB2LWh0T1lRekdQQ1k\/view?usp=sharing\" target=\"_blank\">Com comprar els llibres.pdf<\/a><\/em><\/li>\n<\/ul>\n<p><strong>COM TRACTAR ELS ECOBOOKS<\/strong><\/p>\n<div class=\"ast-oembed-container \" style=\"height: 100%;\"><iframe loading=\"lazy\" title=\"Com tractar els ecoBooks\" src=\"https:\/\/player.vimeo.com\/video\/45076699?dnt=1&amp;app_id=122963\" width=\"500\" height=\"281\" frameborder=\"0\" allow=\"autoplay; fullscreen; picture-in-picture; clipboard-write\"><\/iframe><\/div>\n<p><strong>COM RETORNAR ELS ECOBOOKS<\/strong><\/p>\n<p><a href=\"https:\/\/player.vimeo.com\/video\/97832068\">https:\/\/player.vimeo.com\/video\/97832068<\/a><\/p>\n","protected":false},"excerpt":{"rendered":"<p>En aquest apartat del web trobareu tota la informaci\u00f3 respecte els llibres de text i llibres de lectura comercialitzats per la empresa IDDINK i podeu descarregar-vos els llistat per curs acad\u00e8mic. LLIBRES IDDINK 1r ESO 1r ESO 1r ESO Diversitat 2n ESO 2n ESO 2n ESO Diversitat 3r ESO 3r ESO 3r ESO Diversitat 4t [&hellip;]<\/p>\n","protected":false},"author":1,"featured_media":0,"parent":977,"menu_order":0,"comment_status":"closed","ping_status":"closed","template":"","meta":{"_bbp_topic_count":0,"_bbp_reply_count":0,"_bbp_total_topic_count":0,"_bbp_total_reply_count":0,"_bbp_voice_count":0,"_bbp_anonymous_reply_count":0,"_bbp_topic_count_hidden":0,"_bbp_reply_count_hidden":0,"_bbp_forum_subforum_count":0,"site-sidebar-layout":"default","site-content-layout":"","ast-site-content-layout":"","site-content-style":"default","site-sidebar-style":"default","ast-global-header-display":"","ast-banner-title-visibility":"","ast-main-header-display":"","ast-hfb-above-header-display":"","ast-hfb-below-header-display":"","ast-hfb-mobile-header-display":"","site-post-title":"","ast-breadcrumbs-content":"","ast-featured-img":"","footer-sml-layout":"","theme-transparent-header-meta":"","adv-header-id-meta":"","stick-header-meta":"","header-above-stick-meta":"","header-main-stick-meta":"","header-below-stick-meta":"","astra-migrate-meta-layouts":"default","ast-page-background-enabled":"default","ast-page-background-meta":{"desktop":{"background-color":"var(--ast-global-color-4)","background-image":"","background-repeat":"repeat","background-position":"center center","background-size":"auto","background-attachment":"scroll","background-type":"","background-media":"","overlay-type":"","overlay-color":"","overlay-opacity":"","overlay-gradient":""},"tablet":{"background-color":"","background-image":"","background-repeat":"repeat","background-position":"center center","background-size":"auto","background-attachment":"scroll","background-type":"","background-media":"","overlay-type":"","overlay-color":"","overlay-opacity":"","overlay-gradient":""},"mobile":{"background-color":"","background-image":"","background-repeat":"repeat","background-position":"center center","background-size":"auto","background-attachment":"scroll","background-type":"","background-media":"","overlay-type":"","overlay-color":"","overlay-opacity":"","overlay-gradient":""}},"ast-content-background-meta":{"desktop":{"background-color":"var(--ast-global-color-5)","background-image":"","background-repeat":"repeat","background-position":"center center","background-size":"auto","background-attachment":"scroll","background-type":"","background-media":"","overlay-type":"","overlay-color":"","overlay-opacity":"","overlay-gradient":""},"tablet":{"background-color":"var(--ast-global-color-5)","background-image":"","background-repeat":"repeat","background-position":"center center","background-size":"auto","background-attachment":"scroll","background-type":"","background-media":"","overlay-type":"","overlay-color":"","overlay-opacity":"","overlay-gradient":""},"mobile":{"background-color":"var(--ast-global-color-5)","background-image":"","background-repeat":"repeat","background-position":"center center","background-size":"auto","background-attachment":"scroll","background-type":"","background-media":"","overlay-type":"","overlay-color":"","overlay-opacity":"","overlay-gradient":""}},"footnotes":""},"class_list":["post-1091","page","type-page","status-publish","hentry"],"post_mailing_queue_ids":[],"_links":{"self":[{"href":"https:\/\/agora.xtec.cat\/iespolinya\/wp-json\/wp\/v2\/pages\/1091","targetHints":{"allow":["GET"]}}],"collection":[{"href":"https:\/\/agora.xtec.cat\/iespolinya\/wp-json\/wp\/v2\/pages"}],"about":[{"href":"https:\/\/agora.xtec.cat\/iespolinya\/wp-json\/wp\/v2\/types\/page"}],"author":[{"embeddable":true,"href":"https:\/\/agora.xtec.cat\/iespolinya\/wp-json\/wp\/v2\/users\/1"}],"replies":[{"embeddable":true,"href":"https:\/\/agora.xtec.cat\/iespolinya\/wp-json\/wp\/v2\/comments?post=1091"}],"version-history":[{"count":3,"href":"https:\/\/agora.xtec.cat\/iespolinya\/wp-json\/wp\/v2\/pages\/1091\/revisions"}],"predecessor-version":[{"id":1101,"href":"https:\/\/agora.xtec.cat\/iespolinya\/wp-json\/wp\/v2\/pages\/1091\/revisions\/1101"}],"up":[{"embeddable":true,"href":"https:\/\/agora.xtec.cat\/iespolinya\/wp-json\/wp\/v2\/pages\/977"}],"wp:attachment":[{"href":"https:\/\/agora.xtec.cat\/iespolinya\/wp-json\/wp\/v2\/media?parent=1091"}],"curies":[{"name":"wp","href":"https:\/\/api.w.org\/{rel}","templated":true}]}}