{"id":1089,"date":"2016-07-02T09:38:16","date_gmt":"2016-07-02T08:38:16","guid":{"rendered":"http:\/\/agora.xtec.cat\/iespolinya\/?page_id=1089"},"modified":"2017-09-05T11:00:52","modified_gmt":"2017-09-05T09:00:52","slug":"llistat-de-llibres-2016-2017","status":"publish","type":"page","link":"https:\/\/agora.xtec.cat\/iespolinya\/llibres-de-text-i-llibres-de-lectura\/llistat-de-llibres-2016-2017\/","title":{"rendered":"Llistat de llibres 2017-2018"},"content":{"rendered":"<p>En aquest apartat del web trobareu tota la informaci\u00f3 respecte els llibres de text i llibres de lectura i podeu descarregar-vos els llistat per curs acad\u00e8mic.<\/p>\n<h2 style=\"text-align: center;\"><\/h2>\n<h4 style=\"text-align: center;\">E.S.O<\/h4>\n<ul>\n<li>\n<h6>1r E.S.O<\/h6>\n<ul>\n<li><a href=\"https:\/\/drive.google.com\/file\/d\/0Bz1Pz9LJIoB2Y3ZhMzlzLTJENnM\/view?usp=sharing\">Model 1<\/a><\/li>\n<li><a href=\"https:\/\/drive.google.com\/file\/d\/0Bz1Pz9LJIoB2dDVWNTJmem1qdzA\/view?usp=sharing\">Model 2<\/a><\/li>\n<li><a href=\"https:\/\/drive.google.com\/file\/d\/0Bz1Pz9LJIoB2cnpRZlF4bHI3aDQ\/view?usp=sharing\"><em>Model 1 IDDINK<\/em><\/a><\/li>\n<li><a href=\"https:\/\/drive.google.com\/file\/d\/0Bz1Pz9LJIoB2M0RSYWswUUVQY1E\/view?usp=sharing\"><em>Model 2 IDDINK<\/em><\/a><\/li>\n<\/ul>\n<\/li>\n<\/ul>\n<ul>\n<li>\n<h6>2n E.S.O<\/h6>\n<ul>\n<li><a href=\"https:\/\/drive.google.com\/file\/d\/0Bz1Pz9LJIoB2MzJOUndyV3Bab00\/view?usp=sharing\">Model 1<\/a><\/li>\n<li><a href=\"https:\/\/drive.google.com\/file\/d\/0Bz1Pz9LJIoB2UVFCbl9PTWttOVE\/view?usp=sharing\">Model 2<\/a><\/li>\n<li><a href=\"https:\/\/drive.google.com\/file\/d\/0Bz1Pz9LJIoB2ZHV1cHBFajFaS3c\/view?usp=sharing\">Model 3<\/a><\/li>\n<li><a href=\"https:\/\/drive.google.com\/file\/d\/0Bz1Pz9LJIoB2WTI0VDdmemFONVE\/view?usp=sharing\"><em>Model 1 IDDINK<\/em><\/a><\/li>\n<li><a href=\"https:\/\/drive.google.com\/file\/d\/0Bz1Pz9LJIoB2TVVSUHBoWHFRdUk\/view?usp=sharing\"><em>Model 2 IDDINK<\/em><\/a><\/li>\n<li><a href=\"https:\/\/drive.google.com\/file\/d\/0Bz1Pz9LJIoB2Tm1MNzFNZkR2R2c\/view?usp=sharing\">Model 3 IDDINK<\/a><\/li>\n<\/ul>\n<\/li>\n<\/ul>\n<ul>\n<li>\n<h6>3r E.S.O<\/h6>\n<ul>\n<li><a href=\"https:\/\/drive.google.com\/file\/d\/0Bz1Pz9LJIoB2Y0kzSVdwbkJjbkk\/view?usp=sharing\">Model 1<\/a><\/li>\n<li><a href=\"https:\/\/drive.google.com\/file\/d\/0Bz1Pz9LJIoB2Qy1BSzdVNnJSZnc\/view?usp=sharing\">Model 2<\/a><\/li>\n<li><a href=\"https:\/\/drive.google.com\/file\/d\/0Bz1Pz9LJIoB2QV85dndzdDNrVGc\/view?usp=sharing\">Projecte B\u00f2bila<\/a><\/li>\n<li><a href=\"https:\/\/drive.google.com\/file\/d\/0Bz1Pz9LJIoB2cm9XUmE1OGxOUWc\/view?usp=sharing\"><em>Model 1 IDDINK<\/em><\/a><\/li>\n<li><a href=\"https:\/\/drive.google.com\/file\/d\/0Bz1Pz9LJIoB2NUFHQ2xmYU5kS28\/view?usp=sharing\"><em>Model 2\u00a0IDDINK<\/em><\/a><\/li>\n<li><a href=\"https:\/\/drive.google.com\/file\/d\/0Bz1Pz9LJIoB2N3NfWjN2ZTRpOTg\/view?usp=sharing\"><em>Model 3 IDDINK<\/em><\/a><\/li>\n<li><a href=\"https:\/\/drive.google.com\/file\/d\/0Bz1Pz9LJIoB2dDlhdFU4d1ZTenM\/view?usp=sharing\"><em>Projecte B\u00f2bila IDDINK<\/em><\/a><\/li>\n<\/ul>\n<\/li>\n<\/ul>\n<ul>\n<li>\n<h6>4t E.S.O<\/h6>\n<ul>\n<li><a href=\"https:\/\/drive.google.com\/file\/d\/0Bz1Pz9LJIoB2dGRNeURablM2RGM\/view?usp=sharing\">Itinerari 1<\/a><\/li>\n<li><a href=\"https:\/\/drive.google.com\/file\/d\/0Bz1Pz9LJIoB2RUtXZFlEc2VpYzQ\/view?usp=sharing\">Itinerari 2<\/a><\/li>\n<li><a href=\"https:\/\/drive.google.com\/file\/d\/0Bz1Pz9LJIoB2VEdJaDNDVE9YN0E\/view?usp=sharing\">Projecte Acredita<\/a><\/li>\n<li><a href=\"https:\/\/drive.google.com\/file\/d\/0Bz1Pz9LJIoB2X0VYcEF4OW9FX1U\/view?usp=sharing\"><em>Itinerari 1 IDDINK<\/em><\/a><\/li>\n<li><a href=\"https:\/\/drive.google.com\/file\/d\/0Bz1Pz9LJIoB2UVNINm5CRXNiX0k\/view?usp=sharing\"><em>Itinerari 2 IDDINK<\/em><\/a><\/li>\n<li><a href=\"https:\/\/drive.google.com\/file\/d\/0Bz1Pz9LJIoB2dlhWeDg5XzV1WkU\/view?usp=sharing\"><em>Projecte Acredita IDDINK<\/em><\/a><\/li>\n<\/ul>\n<\/li>\n<\/ul>\n<h4 style=\"text-align: center;\"><strong>BATXILLERAT<\/strong><\/h4>\n<ul>\n<li><a href=\"https:\/\/drive.google.com\/file\/d\/0Bz1Pz9LJIoB2U3d2TEd2d1RFMUU\/view?usp=sharing\">1r Batxillerat Cient\u00edfic-Tecnol\u00f2gic<\/a><\/li>\n<li><a href=\"https:\/\/drive.google.com\/open?id=0Bz1Pz9LJIoB2b1RGMThhMklqeW8\">1r Batxillerat Ling\u00fc\u00edstic-Human\u00edstic<\/a><\/li>\n<li><a href=\"https:\/\/drive.google.com\/file\/d\/0Bz1Pz9LJIoB2R2FFMlZJeW1heFE\/view?usp=sharing\">2n Batxillerat Cient\u00edfic-Tecnol\u00f2gic<\/a><\/li>\n<li><a href=\"https:\/\/drive.google.com\/file\/d\/0Bz1Pz9LJIoB2b0FKdmo4eEowOUE\/view?usp=sharing\">2n Batxillerat Ling\u00fc\u00edstic-Human\u00edstic<\/a><\/li>\n<li><a href=\"https:\/\/drive.google.com\/file\/d\/0Bz1Pz9LJIoB2NjNLNGFLTlJ1ZDQ\/view?usp=sharing\"><em>1r Batxillerat Cient\u00edfic-Tecnol\u00f2gic IDDINK<\/em><\/a><\/li>\n<li><a href=\"https:\/\/drive.google.com\/file\/d\/0Bz1Pz9LJIoB2RDVUQmJJMDZLdHM\/view?usp=sharing\"><em>1r Batxillerat Ling\u00fc\u00edstic-Human\u00edstic\u00a0IDDINK<\/em><\/a><\/li>\n<li><a href=\"https:\/\/drive.google.com\/file\/d\/0Bz1Pz9LJIoB2Qk5wMWk4U2VlMWc\/view?usp=sharing\"><em>2n Batxillerat Cient\u00edfic-Tecnol\u00f2gic\u00a0IDDINK<\/em><\/a><\/li>\n<li><a href=\"https:\/\/drive.google.com\/file\/d\/0Bz1Pz9LJIoB2b2JlNmZqUERvVzA\/view?usp=sharing\"><em>2n Batxillerat Ling\u00fc\u00edstic-Human\u00edstic\u00a0IDDINK<\/em><\/a><\/li>\n<\/ul>\n","protected":false},"excerpt":{"rendered":"<p>En aquest apartat del web trobareu tota la informaci\u00f3 respecte els llibres de text i llibres de lectura i podeu descarregar-vos els llistat per curs acad\u00e8mic. E.S.O 1r E.S.O Model 1 Model 2 Model 1 IDDINK Model 2 IDDINK 2n E.S.O Model 1 Model 2 Model 3 Model 1 IDDINK Model 2 IDDINK Model 3 [&hellip;]<\/p>\n","protected":false},"author":1,"featured_media":0,"parent":977,"menu_order":0,"comment_status":"closed","ping_status":"closed","template":"","meta":{"_bbp_topic_count":0,"_bbp_reply_count":0,"_bbp_total_topic_count":0,"_bbp_total_reply_count":0,"_bbp_voice_count":0,"_bbp_anonymous_reply_count":0,"_bbp_topic_count_hidden":0,"_bbp_reply_count_hidden":0,"_bbp_forum_subforum_count":0,"site-sidebar-layout":"default","site-content-layout":"","ast-site-content-layout":"","site-content-style":"default","site-sidebar-style":"default","ast-global-header-display":"","ast-banner-title-visibility":"","ast-main-header-display":"","ast-hfb-above-header-display":"","ast-hfb-below-header-display":"","ast-hfb-mobile-header-display":"","site-post-title":"","ast-breadcrumbs-content":"","ast-featured-img":"","footer-sml-layout":"","theme-transparent-header-meta":"","adv-header-id-meta":"","stick-header-meta":"","header-above-stick-meta":"","header-main-stick-meta":"","header-below-stick-meta":"","astra-migrate-meta-layouts":"default","ast-page-background-enabled":"default","ast-page-background-meta":{"desktop":{"background-color":"var(--ast-global-color-4)","background-image":"","background-repeat":"repeat","background-position":"center center","background-size":"auto","background-attachment":"scroll","background-type":"","background-media":"","overlay-type":"","overlay-color":"","overlay-opacity":"","overlay-gradient":""},"tablet":{"background-color":"","background-image":"","background-repeat":"repeat","background-position":"center center","background-size":"auto","background-attachment":"scroll","background-type":"","background-media":"","overlay-type":"","overlay-color":"","overlay-opacity":"","overlay-gradient":""},"mobile":{"background-color":"","background-image":"","background-repeat":"repeat","background-position":"center center","background-size":"auto","background-attachment":"scroll","background-type":"","background-media":"","overlay-type":"","overlay-color":"","overlay-opacity":"","overlay-gradient":""}},"ast-content-background-meta":{"desktop":{"background-color":"var(--ast-global-color-5)","background-image":"","background-repeat":"repeat","background-position":"center center","background-size":"auto","background-attachment":"scroll","background-type":"","background-media":"","overlay-type":"","overlay-color":"","overlay-opacity":"","overlay-gradient":""},"tablet":{"background-color":"var(--ast-global-color-5)","background-image":"","background-repeat":"repeat","background-position":"center center","background-size":"auto","background-attachment":"scroll","background-type":"","background-media":"","overlay-type":"","overlay-color":"","overlay-opacity":"","overlay-gradient":""},"mobile":{"background-color":"var(--ast-global-color-5)","background-image":"","background-repeat":"repeat","background-position":"center center","background-size":"auto","background-attachment":"scroll","background-type":"","background-media":"","overlay-type":"","overlay-color":"","overlay-opacity":"","overlay-gradient":""}},"footnotes":""},"class_list":["post-1089","page","type-page","status-publish","hentry"],"post_mailing_queue_ids":[],"_links":{"self":[{"href":"https:\/\/agora.xtec.cat\/iespolinya\/wp-json\/wp\/v2\/pages\/1089","targetHints":{"allow":["GET"]}}],"collection":[{"href":"https:\/\/agora.xtec.cat\/iespolinya\/wp-json\/wp\/v2\/pages"}],"about":[{"href":"https:\/\/agora.xtec.cat\/iespolinya\/wp-json\/wp\/v2\/types\/page"}],"author":[{"embeddable":true,"href":"https:\/\/agora.xtec.cat\/iespolinya\/wp-json\/wp\/v2\/users\/1"}],"replies":[{"embeddable":true,"href":"https:\/\/agora.xtec.cat\/iespolinya\/wp-json\/wp\/v2\/comments?post=1089"}],"version-history":[{"count":3,"href":"https:\/\/agora.xtec.cat\/iespolinya\/wp-json\/wp\/v2\/pages\/1089\/revisions"}],"predecessor-version":[{"id":1855,"href":"https:\/\/agora.xtec.cat\/iespolinya\/wp-json\/wp\/v2\/pages\/1089\/revisions\/1855"}],"up":[{"embeddable":true,"href":"https:\/\/agora.xtec.cat\/iespolinya\/wp-json\/wp\/v2\/pages\/977"}],"wp:attachment":[{"href":"https:\/\/agora.xtec.cat\/iespolinya\/wp-json\/wp\/v2\/media?parent=1089"}],"curies":[{"name":"wp","href":"https:\/\/api.w.org\/{rel}","templated":true}]}}