{"id":9853,"date":"2026-01-30T11:40:26","date_gmt":"2026-01-30T10:40:26","guid":{"rendered":"https:\/\/agora.xtec.cat\/iespladelestany\/?page_id=9853"},"modified":"2026-02-02T13:16:03","modified_gmt":"2026-02-02T12:16:03","slug":"secretaria","status":"publish","type":"page","link":"https:\/\/agora.xtec.cat\/iespladelestany\/secretaria\/","title":{"rendered":"Secretaria"},"content":{"rendered":"\n<figure class=\"wp-block-image alignright size-large is-resized\"><a href=\"https:\/\/agora.xtec.cat\/iespladelestany\/wp-content\/uploads\/usu35\/2026\/01\/photo_2026-01-30_11-38-54.jpg\"><img loading=\"lazy\" decoding=\"async\" width=\"1024\" height=\"768\" src=\"https:\/\/agora.xtec.cat\/iespladelestany\/wp-content\/uploads\/usu35\/2026\/01\/photo_2026-01-30_11-38-54-1024x768.jpg\" alt=\"\" class=\"wp-image-9855\" style=\"width:471px;height:auto\" srcset=\"https:\/\/agora.xtec.cat\/iespladelestany\/wp-content\/uploads\/usu35\/2026\/01\/photo_2026-01-30_11-38-54-1024x768.jpg 1024w, https:\/\/agora.xtec.cat\/iespladelestany\/wp-content\/uploads\/usu35\/2026\/01\/photo_2026-01-30_11-38-54-300x225.jpg 300w, https:\/\/agora.xtec.cat\/iespladelestany\/wp-content\/uploads\/usu35\/2026\/01\/photo_2026-01-30_11-38-54-768x576.jpg 768w, https:\/\/agora.xtec.cat\/iespladelestany\/wp-content\/uploads\/usu35\/2026\/01\/photo_2026-01-30_11-38-54.jpg 1280w\" sizes=\"auto, (max-width: 1024px) 100vw, 1024px\" \/><\/a><\/figure>\n\n\n\n<p>La Secretaria \u00e9s el servei administratiu de l\u2019institut encarregat de la gesti\u00f3 documental i dels tr\u00e0mits acad\u00e8mics de l\u2019alumnat i les fam\u00edlies.<br>Des d\u2019aqu\u00ed es dona suport a tota la comunitat educativa en els processos de matriculaci\u00f3, certificaci\u00f3, beques i informaci\u00f3 general del centre.<\/p>\n\n\n\n<ul class=\"wp-block-list\">\n<li><strong>Matr\u00edcula<\/strong>&nbsp;i gesti\u00f3 de la documentaci\u00f3 acad\u00e8mica.<\/li>\n\n\n\n<li><strong>Certificats d\u2019estudis, trasllats d\u2019expedient i convalidacions.<\/strong><\/li>\n\n\n\n<li><strong>Beques i ajuts\u00a0<\/strong>del Departament d&#8217;Educaci\u00f3 o d&#8217;altres organismes.<\/li>\n\n\n\n<li><strong>Emissi\u00f3 de t\u00edtols&nbsp;<\/strong>oficials (ESO, Batxillerat, Cicles Formatius).<\/li>\n\n\n\n<li><strong>Actualitzaci\u00f3 de dades personals<\/strong>\u00a0o de contacte de l&#8217;alumnat.<\/li>\n\n\n\n<li><strong>Presentaci\u00f3<\/strong>&nbsp;de queixes, suggeriments o millores.<\/li>\n<\/ul>\n\n\n\n<h5 class=\"wp-block-heading\">Horari d&#8217;atenci\u00f3 al p\u00fablic<\/h5>\n\n\n\n<ul class=\"wp-block-list\">\n<li>De dilluns a divendres: de 07:30 a 15:00 h<\/li>\n\n\n\n<li>Dimarts i dijous: de 15:00 a 17:00 h&nbsp;<\/li>\n<\/ul>\n\n\n\n<p><\/p>\n","protected":false},"excerpt":{"rendered":"<p>La Secretaria \u00e9s el servei administratiu de l\u2019institut encarregat de la gesti\u00f3 documental i dels tr\u00e0mits acad\u00e8mics de l\u2019alumnat i les fam\u00edlies.Des d\u2019aqu\u00ed es dona suport a tota la comunitat educativa en els processos de matriculaci\u00f3, certificaci\u00f3, beques i informaci\u00f3 general del centre. Horari d&#8217;atenci\u00f3 al p\u00fablic<\/p>\n","protected":false},"author":1,"featured_media":0,"parent":0,"menu_order":0,"comment_status":"closed","ping_status":"close","template":"","meta":{"site-sidebar-layout":"no-sidebar","site-content-layout":"","ast-site-content-layout":"default","site-content-style":"default","site-sidebar-style":"default","ast-global-header-display":"","ast-banner-title-visibility":"","ast-main-header-display":"","ast-hfb-above-header-display":"","ast-hfb-below-header-display":"","ast-hfb-mobile-header-display":"","site-post-title":"","ast-breadcrumbs-content":"","ast-featured-img":"","footer-sml-layout":"","theme-transparent-header-meta":"","adv-header-id-meta":"","stick-header-meta":"","header-above-stick-meta":"","header-main-stick-meta":"","header-below-stick-meta":"","astra-migrate-meta-layouts":"set","ast-page-background-enabled":"default","ast-page-background-meta":{"desktop":{"background-color":"var(--ast-global-color-4)","background-image":"","background-repeat":"repeat","background-position":"center center","background-size":"auto","background-attachment":"scroll","background-type":"","background-media":"","overlay-type":"","overlay-color":"","overlay-opacity":"","overlay-gradient":""},"tablet":{"background-color":"","background-image":"","background-repeat":"repeat","background-position":"center center","background-size":"auto","background-attachment":"scroll","background-type":"","background-media":"","overlay-type":"","overlay-color":"","overlay-opacity":"","overlay-gradient":""},"mobile":{"background-color":"","background-image":"","background-repeat":"repeat","background-position":"center center","background-size":"auto","background-attachment":"scroll","background-type":"","background-media":"","overlay-type":"","overlay-color":"","overlay-opacity":"","overlay-gradient":""}},"ast-content-background-meta":{"desktop":{"background-color":"var(--ast-global-color-5)","background-image":"","background-repeat":"repeat","background-position":"center center","background-size":"auto","background-attachment":"scroll","background-type":"","background-media":"","overlay-type":"","overlay-color":"","overlay-opacity":"","overlay-gradient":""},"tablet":{"background-color":"var(--ast-global-color-5)","background-image":"","background-repeat":"repeat","background-position":"center center","background-size":"auto","background-attachment":"scroll","background-type":"","background-media":"","overlay-type":"","overlay-color":"","overlay-opacity":"","overlay-gradient":""},"mobile":{"background-color":"var(--ast-global-color-5)","background-image":"","background-repeat":"repeat","background-position":"center center","background-size":"auto","background-attachment":"scroll","background-type":"","background-media":"","overlay-type":"","overlay-color":"","overlay-opacity":"","overlay-gradient":""}},"footnotes":""},"class_list":["post-9853","page","type-page","status-publish","hentry"],"post_mailing_queue_ids":[],"_links":{"self":[{"href":"https:\/\/agora.xtec.cat\/iespladelestany\/wp-json\/wp\/v2\/pages\/9853","targetHints":{"allow":["GET"]}}],"collection":[{"href":"https:\/\/agora.xtec.cat\/iespladelestany\/wp-json\/wp\/v2\/pages"}],"about":[{"href":"https:\/\/agora.xtec.cat\/iespladelestany\/wp-json\/wp\/v2\/types\/page"}],"author":[{"embeddable":true,"href":"https:\/\/agora.xtec.cat\/iespladelestany\/wp-json\/wp\/v2\/users\/1"}],"replies":[{"embeddable":true,"href":"https:\/\/agora.xtec.cat\/iespladelestany\/wp-json\/wp\/v2\/comments?post=9853"}],"version-history":[{"count":2,"href":"https:\/\/agora.xtec.cat\/iespladelestany\/wp-json\/wp\/v2\/pages\/9853\/revisions"}],"predecessor-version":[{"id":9879,"href":"https:\/\/agora.xtec.cat\/iespladelestany\/wp-json\/wp\/v2\/pages\/9853\/revisions\/9879"}],"wp:attachment":[{"href":"https:\/\/agora.xtec.cat\/iespladelestany\/wp-json\/wp\/v2\/media?parent=9853"}],"curies":[{"name":"wp","href":"https:\/\/api.w.org\/{rel}","templated":true}]}}