{"id":9791,"date":"2026-01-26T16:04:00","date_gmt":"2026-01-26T15:04:00","guid":{"rendered":"https:\/\/agora.xtec.cat\/iespladelestany\/?page_id=9791"},"modified":"2026-01-26T16:04:01","modified_gmt":"2026-01-26T15:04:01","slug":"projectes","status":"publish","type":"page","link":"https:\/\/agora.xtec.cat\/iespladelestany\/projectes\/","title":{"rendered":"Projectes"},"content":{"rendered":"\n<p>Al nostre centre entenem els <strong>projectes educatius<\/strong> com una eina clau per enriquir l\u2019aprenentatge de l\u2019alumnat i donar resposta als reptes educatius, socials i professionals del nostre entorn.<\/p>\n\n\n\n<p>Participem i impulsem projectes que fomenten la <strong>innovaci\u00f3 pedag\u00f2gica<\/strong>, el <strong>treball competencial<\/strong>, la <strong>inclusi\u00f3<\/strong>, la <strong>internacionalitzaci\u00f3<\/strong> i la <strong>connexi\u00f3 amb el m\u00f3n professional i comunitari<\/strong>, sempre alineats amb el nostre Projecte Educatiu de Centre.<\/p>\n\n\n\n<p>Aquesta secci\u00f3 recull tots els projectes en qu\u00e8 el centre est\u00e0 implicat<\/p>\n\n\n\n<p><\/p>\n","protected":false},"excerpt":{"rendered":"<p>Al nostre centre entenem els projectes educatius com una eina clau per enriquir l\u2019aprenentatge de l\u2019alumnat i donar resposta als reptes educatius, socials i professionals del nostre entorn. Participem i impulsem projectes que fomenten la innovaci\u00f3 pedag\u00f2gica, el treball competencial, la inclusi\u00f3, la internacionalitzaci\u00f3 i la connexi\u00f3 amb el m\u00f3n professional i comunitari, sempre alineats [&hellip;]<\/p>\n","protected":false},"author":1,"featured_media":0,"parent":0,"menu_order":0,"comment_status":"closed","ping_status":"close","template":"","meta":{"site-sidebar-layout":"default","site-content-layout":"","ast-site-content-layout":"default","site-content-style":"default","site-sidebar-style":"default","ast-global-header-display":"","ast-banner-title-visibility":"","ast-main-header-display":"","ast-hfb-above-header-display":"","ast-hfb-below-header-display":"","ast-hfb-mobile-header-display":"","site-post-title":"","ast-breadcrumbs-content":"","ast-featured-img":"","footer-sml-layout":"","theme-transparent-header-meta":"","adv-header-id-meta":"","stick-header-meta":"","header-above-stick-meta":"","header-main-stick-meta":"","header-below-stick-meta":"","astra-migrate-meta-layouts":"set","ast-page-background-enabled":"default","ast-page-background-meta":{"desktop":{"background-color":"var(--ast-global-color-4)","background-image":"","background-repeat":"repeat","background-position":"center center","background-size":"auto","background-attachment":"scroll","background-type":"","background-media":"","overlay-type":"","overlay-color":"","overlay-opacity":"","overlay-gradient":""},"tablet":{"background-color":"","background-image":"","background-repeat":"repeat","background-position":"center center","background-size":"auto","background-attachment":"scroll","background-type":"","background-media":"","overlay-type":"","overlay-color":"","overlay-opacity":"","overlay-gradient":""},"mobile":{"background-color":"","background-image":"","background-repeat":"repeat","background-position":"center center","background-size":"auto","background-attachment":"scroll","background-type":"","background-media":"","overlay-type":"","overlay-color":"","overlay-opacity":"","overlay-gradient":""}},"ast-content-background-meta":{"desktop":{"background-color":"var(--ast-global-color-5)","background-image":"","background-repeat":"repeat","background-position":"center center","background-size":"auto","background-attachment":"scroll","background-type":"","background-media":"","overlay-type":"","overlay-color":"","overlay-opacity":"","overlay-gradient":""},"tablet":{"background-color":"var(--ast-global-color-5)","background-image":"","background-repeat":"repeat","background-position":"center center","background-size":"auto","background-attachment":"scroll","background-type":"","background-media":"","overlay-type":"","overlay-color":"","overlay-opacity":"","overlay-gradient":""},"mobile":{"background-color":"var(--ast-global-color-5)","background-image":"","background-repeat":"repeat","background-position":"center center","background-size":"auto","background-attachment":"scroll","background-type":"","background-media":"","overlay-type":"","overlay-color":"","overlay-opacity":"","overlay-gradient":""}},"footnotes":""},"class_list":["post-9791","page","type-page","status-publish","hentry"],"post_mailing_queue_ids":[],"_links":{"self":[{"href":"https:\/\/agora.xtec.cat\/iespladelestany\/wp-json\/wp\/v2\/pages\/9791","targetHints":{"allow":["GET"]}}],"collection":[{"href":"https:\/\/agora.xtec.cat\/iespladelestany\/wp-json\/wp\/v2\/pages"}],"about":[{"href":"https:\/\/agora.xtec.cat\/iespladelestany\/wp-json\/wp\/v2\/types\/page"}],"author":[{"embeddable":true,"href":"https:\/\/agora.xtec.cat\/iespladelestany\/wp-json\/wp\/v2\/users\/1"}],"replies":[{"embeddable":true,"href":"https:\/\/agora.xtec.cat\/iespladelestany\/wp-json\/wp\/v2\/comments?post=9791"}],"version-history":[{"count":1,"href":"https:\/\/agora.xtec.cat\/iespladelestany\/wp-json\/wp\/v2\/pages\/9791\/revisions"}],"predecessor-version":[{"id":9793,"href":"https:\/\/agora.xtec.cat\/iespladelestany\/wp-json\/wp\/v2\/pages\/9791\/revisions\/9793"}],"wp:attachment":[{"href":"https:\/\/agora.xtec.cat\/iespladelestany\/wp-json\/wp\/v2\/media?parent=9791"}],"curies":[{"name":"wp","href":"https:\/\/api.w.org\/{rel}","templated":true}]}}