{"id":9750,"date":"2025-11-20T19:36:22","date_gmt":"2025-11-20T18:36:22","guid":{"rendered":"https:\/\/agora.xtec.cat\/iespladelestany\/?page_id=9750"},"modified":"2026-01-28T17:48:18","modified_gmt":"2026-01-28T16:48:18","slug":"les-installacions","status":"publish","type":"page","link":"https:\/\/agora.xtec.cat\/iespladelestany\/linstitut\/les-installacions\/","title":{"rendered":"Les instal\u00b7lacions"},"content":{"rendered":"\n<figure class=\"wp-block-image aligncenter size-large is-resized is-style-default\"><a href=\"https:\/\/agora.xtec.cat\/iespladelestany\/wp-content\/uploads\/usu35\/2025\/10\/20251015_161611.jpg\"><img loading=\"lazy\" decoding=\"async\" width=\"1440\" height=\"810\" src=\"https:\/\/agora.xtec.cat\/iespladelestany\/wp-content\/uploads\/usu35\/2026\/01\/20251015_161611-edited.jpg\" alt=\"\" class=\"wp-image-9822\" style=\"width:588px;height:auto\" srcset=\"https:\/\/agora.xtec.cat\/iespladelestany\/wp-content\/uploads\/usu35\/2026\/01\/20251015_161611-edited.jpg 1440w, https:\/\/agora.xtec.cat\/iespladelestany\/wp-content\/uploads\/usu35\/2026\/01\/20251015_161611-edited-300x169.jpg 300w, https:\/\/agora.xtec.cat\/iespladelestany\/wp-content\/uploads\/usu35\/2026\/01\/20251015_161611-edited-1024x576.jpg 1024w, https:\/\/agora.xtec.cat\/iespladelestany\/wp-content\/uploads\/usu35\/2026\/01\/20251015_161611-edited-768x432.jpg 768w\" sizes=\"auto, (max-width: 1440px) 100vw, 1440px\" \/><\/a><\/figure>\n\n\n\n<p>L&#8217;edifici principal disposa d&#8217;uns 5.000 m<sup>2<\/sup>&nbsp;de superf\u00edcie constru\u00efda, m\u00e9s de 9.000 m<sup>2<\/sup>&nbsp;de zona d&#8217;esbarjo per a l&#8217;alumnat. Existeix una zona de m\u00f2duls moderns i climatitzats de m\u00e9s 1.000 m<sup>2<\/sup>.<\/p>\n\n\n\n<p>L&#8217;institut disposa de totes aquelles aules, ordin\u00e0ries i espec\u00edfiques, necess\u00e0ries per a dur a terme el nostre projecte educatiu. Tots aquests espais disposen de sistemes d&#8217;\u00e0udio i de presentaci\u00f3 de contingut com projectors i panells interactius.<\/p>\n\n\n\n<h4 class=\"wp-block-heading\">Espais interiors<\/h4>\n\n\n\n<ul class=\"wp-block-list\">\n<li>30 aules ordin\u00e0ries (18 a l&#8217;edifici i 12 a m\u00f2duls)<\/li>\n\n\n\n<li>2 aules d\u2019inform\u00e0tica<\/li>\n\n\n\n<li>3 laboratoris (2 de biologia i 1 de F\u00edsica i Qu\u00edmica)<\/li>\n\n\n\n<li>2 tallers de tecnologia (1 de tecnologia industrial i 1 de fusteria) <\/li>\n\n\n\n<li>1 aula polivalent (m\u00fasica)<\/li>\n\n\n\n<li>1 aula SIEI<\/li>\n\n\n\n<li>1 pavell\u00f3<\/li>\n\n\n\n<li>1 taller del CFGM d\u2019Assist\u00e8ncia a les Persones en situaci\u00f3 de Depend\u00e8ncia<\/li>\n\n\n\n<li>1 taller del CFGM de Cures Auxiliars d\u2019Infermeria<\/li>\n\n\n\n<li>1 taller del CFGM de Sistema Microinform\u00e0tic i Xarxes (Rob\u00f2tica)<\/li>\n\n\n\n<li>Espai Calma<\/li>\n\n\n\n<li>Bar \u2013 cantina<\/li>\n<\/ul>\n\n\n\n<p><\/p>\n\n\n\n<h4 class=\"wp-block-heading\">Espais exteriors<\/h4>\n\n\n\n<ul class=\"wp-block-list\">\n<li>2 pistes poliesportives<\/li>\n\n\n\n<li>1 camp de futbol petit de terra<\/li>\n\n\n\n<li>1 camp de voleibol<\/li>\n\n\n\n<li>1 boulder<\/li>\n\n\n\n<li>3 taules de tenis taula<\/li>\n\n\n\n<li>4 zones de taules de p\u00edcnic<\/li>\n<\/ul>\n\n\n\n<p><\/p>\n","protected":false},"excerpt":{"rendered":"<p>L&#8217;edifici principal disposa d&#8217;uns 5.000 m2&nbsp;de superf\u00edcie constru\u00efda, m\u00e9s de 9.000 m2&nbsp;de zona d&#8217;esbarjo per a l&#8217;alumnat. Existeix una zona de m\u00f2duls moderns i climatitzats de m\u00e9s 1.000 m2. L&#8217;institut disposa de totes aquelles aules, ordin\u00e0ries i espec\u00edfiques, necess\u00e0ries per a dur a terme el nostre projecte educatiu. Tots aquests espais disposen de sistemes d&#8217;\u00e0udio [&hellip;]<\/p>\n","protected":false},"author":1,"featured_media":9507,"parent":19,"menu_order":2,"comment_status":"closed","ping_status":"close","template":"","meta":{"site-sidebar-layout":"default","site-content-layout":"","ast-site-content-layout":"default","site-content-style":"default","site-sidebar-style":"default","ast-global-header-display":"","ast-banner-title-visibility":"","ast-main-header-display":"","ast-hfb-above-header-display":"","ast-hfb-below-header-display":"","ast-hfb-mobile-header-display":"","site-post-title":"","ast-breadcrumbs-content":"","ast-featured-img":"","footer-sml-layout":"","theme-transparent-header-meta":"","adv-header-id-meta":"","stick-header-meta":"","header-above-stick-meta":"","header-main-stick-meta":"","header-below-stick-meta":"","astra-migrate-meta-layouts":"set","ast-page-background-enabled":"default","ast-page-background-meta":{"desktop":{"background-color":"var(--ast-global-color-4)","background-image":"","background-repeat":"repeat","background-position":"center center","background-size":"auto","background-attachment":"scroll","background-type":"","background-media":"","overlay-type":"","overlay-color":"","overlay-opacity":"","overlay-gradient":""},"tablet":{"background-color":"","background-image":"","background-repeat":"repeat","background-position":"center center","background-size":"auto","background-attachment":"scroll","background-type":"","background-media":"","overlay-type":"","overlay-color":"","overlay-opacity":"","overlay-gradient":""},"mobile":{"background-color":"","background-image":"","background-repeat":"repeat","background-position":"center center","background-size":"auto","background-attachment":"scroll","background-type":"","background-media":"","overlay-type":"","overlay-color":"","overlay-opacity":"","overlay-gradient":""}},"ast-content-background-meta":{"desktop":{"background-color":"var(--ast-global-color-5)","background-image":"","background-repeat":"repeat","background-position":"center center","background-size":"auto","background-attachment":"scroll","background-type":"","background-media":"","overlay-type":"","overlay-color":"","overlay-opacity":"","overlay-gradient":""},"tablet":{"background-color":"var(--ast-global-color-5)","background-image":"","background-repeat":"repeat","background-position":"center center","background-size":"auto","background-attachment":"scroll","background-type":"","background-media":"","overlay-type":"","overlay-color":"","overlay-opacity":"","overlay-gradient":""},"mobile":{"background-color":"var(--ast-global-color-5)","background-image":"","background-repeat":"repeat","background-position":"center center","background-size":"auto","background-attachment":"scroll","background-type":"","background-media":"","overlay-type":"","overlay-color":"","overlay-opacity":"","overlay-gradient":""}},"footnotes":""},"class_list":["post-9750","page","type-page","status-publish","has-post-thumbnail","hentry"],"post_mailing_queue_ids":[],"_links":{"self":[{"href":"https:\/\/agora.xtec.cat\/iespladelestany\/wp-json\/wp\/v2\/pages\/9750","targetHints":{"allow":["GET"]}}],"collection":[{"href":"https:\/\/agora.xtec.cat\/iespladelestany\/wp-json\/wp\/v2\/pages"}],"about":[{"href":"https:\/\/agora.xtec.cat\/iespladelestany\/wp-json\/wp\/v2\/types\/page"}],"author":[{"embeddable":true,"href":"https:\/\/agora.xtec.cat\/iespladelestany\/wp-json\/wp\/v2\/users\/1"}],"replies":[{"embeddable":true,"href":"https:\/\/agora.xtec.cat\/iespladelestany\/wp-json\/wp\/v2\/comments?post=9750"}],"version-history":[{"count":6,"href":"https:\/\/agora.xtec.cat\/iespladelestany\/wp-json\/wp\/v2\/pages\/9750\/revisions"}],"predecessor-version":[{"id":9829,"href":"https:\/\/agora.xtec.cat\/iespladelestany\/wp-json\/wp\/v2\/pages\/9750\/revisions\/9829"}],"up":[{"embeddable":true,"href":"https:\/\/agora.xtec.cat\/iespladelestany\/wp-json\/wp\/v2\/pages\/19"}],"wp:featuredmedia":[{"embeddable":true,"href":"https:\/\/agora.xtec.cat\/iespladelestany\/wp-json\/wp\/v2\/media\/9507"}],"wp:attachment":[{"href":"https:\/\/agora.xtec.cat\/iespladelestany\/wp-json\/wp\/v2\/media?parent=9750"}],"curies":[{"name":"wp","href":"https:\/\/api.w.org\/{rel}","templated":true}]}}