{"id":9584,"date":"2025-10-16T11:42:09","date_gmt":"2025-10-16T09:42:09","guid":{"rendered":"https:\/\/agora.xtec.cat\/iespladelestany\/?page_id=9584"},"modified":"2025-10-16T12:36:16","modified_gmt":"2025-10-16T10:36:16","slug":"cicles-formatius-de-grau-mitja","status":"publish","type":"page","link":"https:\/\/agora.xtec.cat\/iespladelestany\/estudis\/formacio-professional\/cicles-formatius-de-grau-mitja\/","title":{"rendered":"Cicles Formatius de Grau Mitj\u00e0"},"content":{"rendered":"\n<p>Els <strong>cicles formatius de grau mitj\u00e0 (CFGM)<\/strong> s\u00f3n estudis professionalitzadors que capaciten l\u2019alumnat per <strong>exercir una professi\u00f3 qualificada<\/strong> i incorporar-se al m\u00f3n laboral amb garanties, o b\u00e9 continuar la seva formaci\u00f3 amb estudis de grau superior.<\/p>\n\n\n\n<p>Aquests estudis tenen una durada aproximada de <strong>2.000 hores distribu\u00efdes en dos cursos acad\u00e8mics<\/strong>, i combinen <strong>formaci\u00f3 te\u00f2rica i pr\u00e0ctica<\/strong>. Una part important del cicle es desenvolupa en <strong>empreses o entitats col\u00b7laboradores<\/strong> mitjan\u00e7ant l&#8217;<strong>estada Dual<\/strong> a l&#8217;empresa.<\/p>\n\n\n\n<p>Al nostre centre, els cicles de grau mitj\u00e0 pertanyen a les fam\u00edlies professionals seg\u00fcents:<\/p>\n\n\n\n<ul class=\"wp-block-list\">\n<li>\ud83e\ude7a <strong>Sanitat<\/strong><\/li>\n\n\n\n<li>\ud83d\udc65 <strong>Serveis socioculturals i a la comunitat<\/strong><\/li>\n\n\n\n<li>\ud83d\udcbb <strong>Inform\u00e0tica i comunicacions<\/strong><\/li>\n<\/ul>\n\n\n\n<p>Aquests ensenyaments permeten a l\u2019alumnat obtenir el <strong>t\u00edtol de t\u00e8cnic o t\u00e8cnica<\/strong> i adquirir compet\u00e8ncies professionals de nivell mitj\u00e0, aix\u00ed com desenvolupar valors de responsabilitat, treball en equip i autonomia personal.<\/p>\n\n\n\n<div class=\"wp-block-columns is-layout-flex wp-container-core-columns-is-layout-1 wp-block-columns-is-layout-flex\">\n<div class=\"wp-block-column is-layout-flow wp-block-column-is-layout-flow\">\n<figure class=\"wp-block-image aligncenter size-full is-style-default\"><a href=\"https:\/\/agora.xtec.cat\/iespladelestany\/estudis\/cicles-formatius-de-grau-mitja\/apd\/\"><img loading=\"lazy\" decoding=\"async\" width=\"293\" height=\"254\" src=\"https:\/\/agora.xtec.cat\/iespladelestany\/wp-content\/uploads\/usu35\/2025\/10\/APD.png\" alt=\"\" class=\"wp-image-9609\"\/><\/a><\/figure>\n\n\n\n<h2 class=\"wp-block-heading has-text-align-center\"><a href=\"https:\/\/agora.xtec.cat\/iespladelestany\/estudis\/cicles-formatius-de-grau-mitja\/apd\/\">APD<\/a><\/h2>\n\n\n\n<p>El cicle d&#8217;<strong>Atenci\u00f3 a les persones en situaci\u00f3 de Depend\u00e8ncia<\/strong> <\/p>\n<\/div>\n\n\n\n<div class=\"wp-block-column is-layout-flow wp-block-column-is-layout-flow\">\n<figure class=\"wp-block-image aligncenter size-full is-style-default\"><a href=\"https:\/\/agora.xtec.cat\/iespladelestany\/estudis\/cicles-formatius-de-grau-mitja\/CAI\/\"><img loading=\"lazy\" decoding=\"async\" width=\"293\" height=\"254\" src=\"https:\/\/agora.xtec.cat\/iespladelestany\/wp-content\/uploads\/usu35\/2025\/10\/CAI.png\" alt=\"\" class=\"wp-image-9607\"\/><\/a><\/figure>\n\n\n\n<h2 class=\"wp-block-heading has-text-align-center\"><a href=\"https:\/\/agora.xtec.cat\/iespladelestany\/estudis\/cicles-formatius-de-grau-mitja\/CAI\/\">CAI<\/a><\/h2>\n\n\n\n<p>El cicle de <strong>Cures auxiliars d&#8217;infermeria<\/strong><\/p>\n<\/div>\n\n\n\n<div class=\"wp-block-column is-layout-flow wp-block-column-is-layout-flow\">\n<figure class=\"wp-block-image aligncenter size-full is-style-default\"><a href=\"https:\/\/agora.xtec.cat\/iespladelestany\/estudis\/cicles-formatius-de-grau-mitja\/SMX\/\"><img loading=\"lazy\" decoding=\"async\" width=\"293\" height=\"254\" src=\"https:\/\/agora.xtec.cat\/iespladelestany\/wp-content\/uploads\/usu35\/2025\/10\/SMX.png\" alt=\"\" class=\"wp-image-9608\"\/><\/a><\/figure>\n\n\n\n<h2 class=\"wp-block-heading has-text-align-center\"><a href=\"https:\/\/agora.xtec.cat\/iespladelestany\/estudis\/cicles-formatius-de-grau-mitja\/SMX\/\">SMX<\/a><\/h2>\n\n\n\n<p>El cicle de <strong>Sistemes microinform\u00e0tics i xarxes<\/strong><\/p>\n<\/div>\n<\/div>\n\n\n\n<p><\/p>\n","protected":false},"excerpt":{"rendered":"<p>Els cicles formatius de grau mitj\u00e0 (CFGM) s\u00f3n estudis professionalitzadors que capaciten l\u2019alumnat per exercir una professi\u00f3 qualificada i incorporar-se al m\u00f3n laboral amb garanties, o b\u00e9 continuar la seva formaci\u00f3 amb estudis de grau superior. Aquests estudis tenen una durada aproximada de 2.000 hores distribu\u00efdes en dos cursos acad\u00e8mics, i combinen formaci\u00f3 te\u00f2rica i [&hellip;]<\/p>\n","protected":false},"author":1,"featured_media":0,"parent":9597,"menu_order":0,"comment_status":"closed","ping_status":"close","template":"","meta":{"site-sidebar-layout":"default","site-content-layout":"","ast-site-content-layout":"default","site-content-style":"default","site-sidebar-style":"default","ast-global-header-display":"","ast-banner-title-visibility":"","ast-main-header-display":"","ast-hfb-above-header-display":"","ast-hfb-below-header-display":"","ast-hfb-mobile-header-display":"","site-post-title":"","ast-breadcrumbs-content":"","ast-featured-img":"","footer-sml-layout":"","theme-transparent-header-meta":"","adv-header-id-meta":"","stick-header-meta":"","header-above-stick-meta":"","header-main-stick-meta":"","header-below-stick-meta":"","astra-migrate-meta-layouts":"set","ast-page-background-enabled":"default","ast-page-background-meta":{"desktop":{"background-color":"var(--ast-global-color-4)","background-image":"","background-repeat":"repeat","background-position":"center center","background-size":"auto","background-attachment":"scroll","background-type":"","background-media":"","overlay-type":"","overlay-color":"","overlay-opacity":"","overlay-gradient":""},"tablet":{"background-color":"","background-image":"","background-repeat":"repeat","background-position":"center center","background-size":"auto","background-attachment":"scroll","background-type":"","background-media":"","overlay-type":"","overlay-color":"","overlay-opacity":"","overlay-gradient":""},"mobile":{"background-color":"","background-image":"","background-repeat":"repeat","background-position":"center center","background-size":"auto","background-attachment":"scroll","background-type":"","background-media":"","overlay-type":"","overlay-color":"","overlay-opacity":"","overlay-gradient":""}},"ast-content-background-meta":{"desktop":{"background-color":"var(--ast-global-color-5)","background-image":"","background-repeat":"repeat","background-position":"center center","background-size":"auto","background-attachment":"scroll","background-type":"","background-media":"","overlay-type":"","overlay-color":"","overlay-opacity":"","overlay-gradient":""},"tablet":{"background-color":"var(--ast-global-color-5)","background-image":"","background-repeat":"repeat","background-position":"center center","background-size":"auto","background-attachment":"scroll","background-type":"","background-media":"","overlay-type":"","overlay-color":"","overlay-opacity":"","overlay-gradient":""},"mobile":{"background-color":"var(--ast-global-color-5)","background-image":"","background-repeat":"repeat","background-position":"center center","background-size":"auto","background-attachment":"scroll","background-type":"","background-media":"","overlay-type":"","overlay-color":"","overlay-opacity":"","overlay-gradient":""}},"footnotes":""},"class_list":["post-9584","page","type-page","status-publish","hentry"],"post_mailing_queue_ids":[],"_links":{"self":[{"href":"https:\/\/agora.xtec.cat\/iespladelestany\/wp-json\/wp\/v2\/pages\/9584","targetHints":{"allow":["GET"]}}],"collection":[{"href":"https:\/\/agora.xtec.cat\/iespladelestany\/wp-json\/wp\/v2\/pages"}],"about":[{"href":"https:\/\/agora.xtec.cat\/iespladelestany\/wp-json\/wp\/v2\/types\/page"}],"author":[{"embeddable":true,"href":"https:\/\/agora.xtec.cat\/iespladelestany\/wp-json\/wp\/v2\/users\/1"}],"replies":[{"embeddable":true,"href":"https:\/\/agora.xtec.cat\/iespladelestany\/wp-json\/wp\/v2\/comments?post=9584"}],"version-history":[{"count":2,"href":"https:\/\/agora.xtec.cat\/iespladelestany\/wp-json\/wp\/v2\/pages\/9584\/revisions"}],"predecessor-version":[{"id":9610,"href":"https:\/\/agora.xtec.cat\/iespladelestany\/wp-json\/wp\/v2\/pages\/9584\/revisions\/9610"}],"up":[{"embeddable":true,"href":"https:\/\/agora.xtec.cat\/iespladelestany\/wp-json\/wp\/v2\/pages\/9597"}],"wp:attachment":[{"href":"https:\/\/agora.xtec.cat\/iespladelestany\/wp-json\/wp\/v2\/media?parent=9584"}],"curies":[{"name":"wp","href":"https:\/\/api.w.org\/{rel}","templated":true}]}}