{"id":9473,"date":"2025-10-09T11:43:20","date_gmt":"2025-10-09T09:43:20","guid":{"rendered":"https:\/\/agora.xtec.cat\/iespladelestany\/?page_id=9473"},"modified":"2025-10-13T11:01:50","modified_gmt":"2025-10-13T09:01:50","slug":"erasmus","status":"publish","type":"page","link":"https:\/\/agora.xtec.cat\/iespladelestany\/erasmus\/","title":{"rendered":"Erasmus+"},"content":{"rendered":"<p data-start=\"569\" data-end=\"944\"><a href=\"https:\/\/agora.xtec.cat\/iespladelestany\/wp-content\/uploads\/usu35\/2025\/10\/erasmus.png\"><img loading=\"lazy\" decoding=\"async\" class=\"aligncenter size-full wp-image-9475\" src=\"https:\/\/agora.xtec.cat\/iespladelestany\/wp-content\/uploads\/usu35\/2025\/10\/erasmus.png\" alt=\"\" width=\"685\" height=\"309\" srcset=\"https:\/\/agora.xtec.cat\/iespladelestany\/wp-content\/uploads\/usu35\/2025\/10\/erasmus.png 685w, https:\/\/agora.xtec.cat\/iespladelestany\/wp-content\/uploads\/usu35\/2025\/10\/erasmus-300x135.png 300w\" sizes=\"auto, (max-width: 685px) 100vw, 685px\" \/><\/a><\/p>\n<p data-start=\"569\" data-end=\"944\"><strong data-start=\"569\" data-end=\"581\">Erasmus+<\/strong> \u00e9s el programa de la Uni\u00f3 Europea que promou la <strong data-start=\"630\" data-end=\"657\">mobilitat internacional<\/strong> i la <strong data-start=\"663\" data-end=\"690\">col\u00b7laboraci\u00f3 educativa<\/strong> entre estudiants, docents i institucions de tot Europa.<br data-start=\"746\" data-end=\"749\" \/>A trav\u00e9s d\u2019aquest programa, l\u2019alumnat pot viure experi\u00e8ncies formatives a altres pa\u00efsos, millorar les seves compet\u00e8ncies professionals i personals, i con\u00e8ixer noves cultures i maneres d\u2019aprendre.<\/p>\n<hr data-start=\"946\" data-end=\"949\" \/>\n<h3 data-start=\"951\" data-end=\"997\">Els objectius del nostre projecte Erasmus+<\/h3>\n<p data-start=\"998\" data-end=\"1108\">El nostre centre participa en el programa <strong>Erasmus+ Acci\u00f3 clau 1 (KA1) &#8211; Mobilitat per a l&#8217;aprenentatge<\/strong>, amb l\u2019objectiu de:<\/p>\n<ul>\n<li data-start=\"1424\" data-end=\"1587\">Fomentar la\u00a0<strong>internacionalitzaci\u00f3<\/strong>\u00a0del nostre alumnat i professorat.<\/li>\n<li data-start=\"1424\" data-end=\"1587\">Fomentar i promocionar lla\u00e7os estables de <strong>cooperaci\u00f3<\/strong> m\u00fatua entre organismes de formaci\u00f3 catalans i d\u2019altres pa\u00efsos per fomentar l\u2019intercanvi d\u2019experi\u00e8ncies, aix\u00ed com la participaci\u00f3 en altres projectes educatius conjunts.<\/li>\n<li data-start=\"1424\" data-end=\"1587\">Afavorir la <strong>projecci\u00f3 europea<\/strong> dels centres educatius adscrits a la Direcci\u00f3 General de Formaci\u00f3 Professional Inicial i Ensenyaments de R\u00e8gim Especial, del Departament d\u2019Ensenyament de la Generalitat de Catalunya.<\/li>\n<li data-start=\"1424\" data-end=\"1587\">Millorar la\u00a0<strong>qualitat educativa\u00a0<\/strong>i la innovaci\u00f3 pedag\u00f2gica.<br \/>\nAfavorir el<strong> desenvolupament de compet\u00e8ncies ling\u00fc\u00edstiques, digitals i interculturals<\/strong>. Es necessita tenir coneixements b\u00e0sics del pa\u00eds on es realitza l\u2019estada.<\/li>\n<li data-start=\"1424\" data-end=\"1587\">Millorar la <strong>formaci\u00f3 t\u00e8cnica i capacitats clau<\/strong> mitjan\u00e7ant l\u2019estada en una empresa a l\u2019estranger.<\/li>\n<li data-start=\"1424\" data-end=\"1587\">Promoure valors com la\u00a0t<strong>oler\u00e0ncia, el respecte i la ciutadania europea<\/strong>.<\/li>\n<\/ul>\n<hr data-start=\"1589\" data-end=\"1592\" \/>\n<h3 data-start=\"1594\" data-end=\"1615\">A qui va dirigit?<\/h3>\n<p data-start=\"1616\" data-end=\"1653\">El programa s\u2019adre\u00e7a principalment a:<\/p>\n<ul>\n<li data-start=\"1657\" data-end=\"1789\"><strong data-start=\"1657\" data-end=\"1668\">Alumnat<\/strong> de Cicles Formatius de Grau Mig (CFGM) t\u00e9 la possibilitat de realitzar la formaci\u00f3 en centres de treball (FCT) o pr\u00e0ctiques Dual general en empreses o institucions ubicades en altres pa\u00efsos de la Uni\u00f3 Europea mitjan\u00e7ant una beca del programa <strong>Erasmus+<\/strong>.<\/li>\n<li data-start=\"1792\" data-end=\"1933\"><strong data-start=\"1792\" data-end=\"1829\">Professorat i personal del centre<\/strong> interessat en la formaci\u00f3, intercanvi de bones pr\u00e0ctiques i desenvolupament professional internacional.<\/li>\n<\/ul>\n<hr data-start=\"2047\" data-end=\"2050\" \/>\n<h3 data-start=\"2052\" data-end=\"2079\">Qu\u00e8 aporta a l\u2019alumnat?<\/h3>\n<p data-start=\"2080\" data-end=\"2207\">Participar en un projecte Erasmus+ suposa molt m\u00e9s que un viatge: \u00e9s una <strong data-start=\"2153\" data-end=\"2206\">experi\u00e8ncia de creixement personal i professional<\/strong>.<\/p>\n<p data-start=\"2209\" data-end=\"2240\">L\u2019alumnat que hi participa pot:<\/p>\n<ul>\n<li data-start=\"2244\" data-end=\"2274\">Aprendre o millorar idiomes.<\/li>\n<li data-start=\"2277\" data-end=\"2322\">Treballar en entorns reals d\u2019altres pa\u00efsos.<\/li>\n<li data-start=\"2325\" data-end=\"2383\">Con\u00e8ixer nous sistemes educatius i maneres de treballar.<\/li>\n<li data-start=\"2386\" data-end=\"2460\">Desenvolupar la seva autonomia, responsabilitat i capacitat d\u2019adaptaci\u00f3.<\/li>\n<li data-start=\"2463\" data-end=\"2542\">Fer amistats i contactes internacionals que sovint perduren al llarg dels anys.<\/li>\n<\/ul>\n<hr data-start=\"2962\" data-end=\"2965\" \/>\n<h3 data-start=\"2967\" data-end=\"2989\">Com participar-hi?<\/h3>\n<p data-start=\"2990\" data-end=\"3253\">Cada curs el centre obre una <strong data-start=\"3019\" data-end=\"3035\">convocat\u00f2ria<\/strong> per seleccionar l\u2019alumnat que formar\u00e0 part de les mobilitats Erasmus+.<br data-start=\"3106\" data-end=\"3109\" \/>Els criteris de selecci\u00f3, requisits i terminis es publiquen en el seg\u00fcent document PDF, aix\u00ed com el formulari per formalitzar la sol\u00b7licitud.<\/p>\n<p data-start=\"2990\" data-end=\"3253\"><a href=\"https:\/\/agora.xtec.cat\/iespladelestany\/wp-content\/uploads\/usu35\/2025\/10\/Bases-convocatoria-ALUMNAT-Erasmus-2025_2026.pdf\">Bases convocat\u00f2ria ALUMNAT Erasmus+ 2025_2026<\/a><\/p>\n<p style=\"text-align: center;\" data-start=\"3255\" data-end=\"3397\"><iframe loading=\"lazy\" src=\"https:\/\/agora.xtec.cat\/iespladelestany\/wp-content\/uploads\/usu35\/2025\/10\/Bases-convocatoria-ALUMNAT-Erasmus-2025_2026.pdf\" width=\"800\" height=\"700\"><\/iframe><\/p>\n<p>Una vegada l&#8217;alumnat ha estat seleccionat, el centre sol\u00b7licita els ajuts per a les estades de Mobilitat Erasmus+ a trav\u00e9s d&#8217;una convocat\u00f2ria anual. Els ajuts contribueixen a cobrir les despeses de l\u2019estada, en els conceptes seg\u00fcents:<\/p>\n<div>\n<ul>\n<li>Allotjament i manutenci\u00f3 per als estudiants i professors que duen a terme el seguiment de les pr\u00e0ctiques.<\/li>\n<li>Viatge d\u2019anada i tornada entre pa\u00eds d\u2019origen\/enviament i pa\u00eds de dest\u00ed\/acollida.<\/li>\n<li>Transport intern dins del pa\u00eds d\u2019acollida.<\/li>\n<li>Programa de visites t\u00e8cniques i culturals.<\/li>\n<li>Assegurances.<\/li>\n<\/ul>\n<p><iframe loading=\"lazy\" src=\"https:\/\/agora.xtec.cat\/iespladelestany\/wp-content\/uploads\/usu35\/2025\/10\/Erasmus-Presentacio-alumnat.pdf\" width=\"1280\" height=\"600\"><\/iframe\n\n<\/div>\n<p data-start=\"3255\" data-end=\"3397\">\ud83d\udce9 Si tens inter\u00e8s a participar-hi o vols m\u00e9s informaci\u00f3, pots contactar amb:<br data-start=\"3332\" data-end=\"3335\" \/><strong data-start=\"3335\" data-end=\"3359\">Coordinaci\u00f3 Erasmus+<\/strong> \u2013<a href=\"mailto:mobilitat@inspladelestany.cat\"> mobilitat@inspladelestany.cat<\/a><\/p>\n<hr data-start=\"3809\" data-end=\"3812\" \/>\n<h3 data-start=\"3814\" data-end=\"3836\">Enlla\u00e7os d\u2019inter\u00e8s<\/h3>\n<p>En els seg\u00fcents enlla\u00e7os pots trobar m\u00e9s informaci\u00f3 sobre el projecte<\/p>\n<ul>\n<li data-start=\"3839\" data-end=\"3899\"><a href=\"https:\/\/erasmus-plus.ec.europa.eu\/\">Portal oficial Erasmus+<\/a><\/li>\n<li data-start=\"3902\" data-end=\"3993\"><a class=\"decorated-link cursor-pointer\" href=\"https:\/\/www.sepie.es\" target=\"_new\" rel=\"noopener\" data-start=\"3902\" data-end=\"3993\">SEPIE \u2013 Servei Espanyol per a la Internacionalitzaci\u00f3 de l\u2019Educaci\u00f3<\/a><\/li>\n<li data-start=\"3996\" data-end=\"4060\"><a class=\"decorated-link\" href=\"https:\/\/europa.eu\/youth\/erasmus-plus\" target=\"_new\" rel=\"noopener\" data-start=\"3996\" data-end=\"4060\">Ag\u00e8ncia Europea Erasmus+<\/a><\/li>\n<\/ul>\n<hr data-start=\"3809\" data-end=\"3812\" \/>\n<p><a href=\"https:\/\/agora.xtec.cat\/iespladelestany\/wp-content\/uploads\/usu35\/2025\/10\/Logo-Erasmus.png\"><img loading=\"lazy\" decoding=\"async\" class=\"wp-image-9485 alignleft\" src=\"https:\/\/agora.xtec.cat\/iespladelestany\/wp-content\/uploads\/usu35\/2025\/10\/Logo-Erasmus.png\" alt=\"\" width=\"250\" height=\"72\" srcset=\"https:\/\/agora.xtec.cat\/iespladelestany\/wp-content\/uploads\/usu35\/2025\/10\/Logo-Erasmus.png 1024w, https:\/\/agora.xtec.cat\/iespladelestany\/wp-content\/uploads\/usu35\/2025\/10\/Logo-Erasmus-300x86.png 300w, https:\/\/agora.xtec.cat\/iespladelestany\/wp-content\/uploads\/usu35\/2025\/10\/Logo-Erasmus-768x221.png 768w\" sizes=\"auto, (max-width: 250px) 100vw, 250px\" \/><\/a><a href=\"https:\/\/agora.xtec.cat\/iespladelestany\/wp-content\/uploads\/usu35\/2025\/10\/LogoEducacio.png\"><img loading=\"lazy\" decoding=\"async\" class=\"wp-image-9486 alignright\" src=\"https:\/\/agora.xtec.cat\/iespladelestany\/wp-content\/uploads\/usu35\/2025\/10\/LogoEducacio.png\" alt=\"\" width=\"272\" height=\"68\" srcset=\"https:\/\/agora.xtec.cat\/iespladelestany\/wp-content\/uploads\/usu35\/2025\/10\/LogoEducacio.png 520w, https:\/\/agora.xtec.cat\/iespladelestany\/wp-content\/uploads\/usu35\/2025\/10\/LogoEducacio-300x75.png 300w\" sizes=\"auto, (max-width: 272px) 100vw, 272px\" \/><\/a><\/p>\n<p>&nbsp;<\/p>\n<p>&nbsp;<\/p>\n","protected":false},"excerpt":{"rendered":"<p>Erasmus+ \u00e9s el programa de la Uni\u00f3 Europea que promou la mobilitat internacional i la col\u00b7laboraci\u00f3 educativa entre estudiants, docents i institucions de tot Europa.A trav\u00e9s d\u2019aquest programa, l\u2019alumnat pot viure experi\u00e8ncies formatives a altres pa\u00efsos, millorar les seves compet\u00e8ncies professionals i personals, i con\u00e8ixer noves cultures i maneres d\u2019aprendre. Els objectius del nostre projecte [&hellip;]<\/p>\n","protected":false},"author":1,"featured_media":0,"parent":0,"menu_order":0,"comment_status":"closed","ping_status":"closed","template":"","meta":{"site-sidebar-layout":"default","site-content-layout":"","ast-site-content-layout":"","site-content-style":"default","site-sidebar-style":"default","ast-global-header-display":"","ast-banner-title-visibility":"","ast-main-header-display":"","ast-hfb-above-header-display":"","ast-hfb-below-header-display":"","ast-hfb-mobile-header-display":"","site-post-title":"","ast-breadcrumbs-content":"","ast-featured-img":"","footer-sml-layout":"","theme-transparent-header-meta":"","adv-header-id-meta":"","stick-header-meta":"","header-above-stick-meta":"","header-main-stick-meta":"","header-below-stick-meta":"","astra-migrate-meta-layouts":"default","ast-page-background-enabled":"default","ast-page-background-meta":{"desktop":{"background-color":"var(--ast-global-color-4)","background-image":"","background-repeat":"repeat","background-position":"center center","background-size":"auto","background-attachment":"scroll","background-type":"","background-media":"","overlay-type":"","overlay-color":"","overlay-opacity":"","overlay-gradient":""},"tablet":{"background-color":"","background-image":"","background-repeat":"repeat","background-position":"center center","background-size":"auto","background-attachment":"scroll","background-type":"","background-media":"","overlay-type":"","overlay-color":"","overlay-opacity":"","overlay-gradient":""},"mobile":{"background-color":"","background-image":"","background-repeat":"repeat","background-position":"center center","background-size":"auto","background-attachment":"scroll","background-type":"","background-media":"","overlay-type":"","overlay-color":"","overlay-opacity":"","overlay-gradient":""}},"ast-content-background-meta":{"desktop":{"background-color":"var(--ast-global-color-5)","background-image":"","background-repeat":"repeat","background-position":"center center","background-size":"auto","background-attachment":"scroll","background-type":"","background-media":"","overlay-type":"","overlay-color":"","overlay-opacity":"","overlay-gradient":""},"tablet":{"background-color":"var(--ast-global-color-5)","background-image":"","background-repeat":"repeat","background-position":"center center","background-size":"auto","background-attachment":"scroll","background-type":"","background-media":"","overlay-type":"","overlay-color":"","overlay-opacity":"","overlay-gradient":""},"mobile":{"background-color":"var(--ast-global-color-5)","background-image":"","background-repeat":"repeat","background-position":"center center","background-size":"auto","background-attachment":"scroll","background-type":"","background-media":"","overlay-type":"","overlay-color":"","overlay-opacity":"","overlay-gradient":""}},"footnotes":""},"class_list":["post-9473","page","type-page","status-publish","hentry"],"post_mailing_queue_ids":[],"_links":{"self":[{"href":"https:\/\/agora.xtec.cat\/iespladelestany\/wp-json\/wp\/v2\/pages\/9473","targetHints":{"allow":["GET"]}}],"collection":[{"href":"https:\/\/agora.xtec.cat\/iespladelestany\/wp-json\/wp\/v2\/pages"}],"about":[{"href":"https:\/\/agora.xtec.cat\/iespladelestany\/wp-json\/wp\/v2\/types\/page"}],"author":[{"embeddable":true,"href":"https:\/\/agora.xtec.cat\/iespladelestany\/wp-json\/wp\/v2\/users\/1"}],"replies":[{"embeddable":true,"href":"https:\/\/agora.xtec.cat\/iespladelestany\/wp-json\/wp\/v2\/comments?post=9473"}],"version-history":[{"count":6,"href":"https:\/\/agora.xtec.cat\/iespladelestany\/wp-json\/wp\/v2\/pages\/9473\/revisions"}],"predecessor-version":[{"id":9484,"href":"https:\/\/agora.xtec.cat\/iespladelestany\/wp-json\/wp\/v2\/pages\/9473\/revisions\/9484"}],"wp:attachment":[{"href":"https:\/\/agora.xtec.cat\/iespladelestany\/wp-json\/wp\/v2\/media?parent=9473"}],"curies":[{"name":"wp","href":"https:\/\/api.w.org\/{rel}","templated":true}]}}