{"id":8946,"date":"2024-10-14T12:27:39","date_gmt":"2024-10-14T10:27:39","guid":{"rendered":"https:\/\/agora.xtec.cat\/iespladelestany\/?page_id=8946"},"modified":"2025-10-30T22:14:04","modified_gmt":"2025-10-30T21:14:04","slug":"salut-i-escola","status":"publish","type":"page","link":"https:\/\/agora.xtec.cat\/iespladelestany\/salut-i-escola\/","title":{"rendered":"Salut i Escola"},"content":{"rendered":"\n<figure class=\"wp-block-image alignright is-resized\"><a href=\"https:\/\/agora.xtec.cat\/iespladelestany\/wp-content\/uploads\/usu35\/2024\/10\/se.jpg\"><img loading=\"lazy\" decoding=\"async\" width=\"813\" height=\"296\" src=\"https:\/\/agora.xtec.cat\/iespladelestany\/wp-content\/uploads\/usu35\/2024\/10\/se.jpg\" alt=\"\" class=\"wp-image-8944\" style=\"width:389px;height:auto\" srcset=\"https:\/\/agora.xtec.cat\/iespladelestany\/wp-content\/uploads\/usu35\/2024\/10\/se.jpg 813w, https:\/\/agora.xtec.cat\/iespladelestany\/wp-content\/uploads\/usu35\/2024\/10\/se-300x109.jpg 300w, https:\/\/agora.xtec.cat\/iespladelestany\/wp-content\/uploads\/usu35\/2024\/10\/se-768x280.jpg 768w\" sizes=\"auto, (max-width: 813px) 100vw, 813px\" \/><\/a><\/figure>\n\n\n\n<p>El programa Salut i Escola (PSiE) impulsat pel Departament d&#8217;Educaci\u00f3 i pel Departament de Salut, t\u00e9 la finalitat de millorar la salut dels adolescents mitjan\u00e7ant accions que promocionen h\u00e0bits saludables, prevenen situacions de risc, i ajuden a detectar preco\u00e7ment problemes relacionats amb la salut.<\/p>\n\n\n\n<p>El centre educatiu, com a espai natural per a l&#8217;aprenentatge, l&#8217;educaci\u00f3 i la formaci\u00f3 integral de la persona, \u00e9s tamb\u00e9 el lloc on es poden manifestar els signes d&#8217;alerta sobre problemes de salut, en els quals una detecci\u00f3 preco\u00e7 pot ser la primera acci\u00f3 per iniciar un proc\u00e9s d&#8217;ajuda i intervenci\u00f3 adequada.<\/p>\n\n\n\n<p>El programa \u201cSalut i escola\u201d (PSiE), t\u00e9 el prop\u00f2sit de potenciar la coordinaci\u00f3 dels centres docents, els serveis educatius i els serveis sanitaris en accions de promoci\u00f3 de la salut i d&#8217;atenci\u00f3 a l&#8217;alumnat.<\/p>\n\n\n\n<p>El programa \u201cPSiE\u201d busca, mitjan\u00e7ant la <strong>Consulta Oberta&nbsp;<\/strong>(professional d\u2019infermeria despla\u00e7at peri\u00f2dicament al centre docent), afavorir l\u2019accessibilitat de cara a la prevenci\u00f3 de situacions de risc i atenci\u00f3 preco\u00e7 als problemes de salut dels adolescents a l\u2019atenci\u00f3 sanit\u00e0ria amb garanties de privacitat, confidencialitat i proximitat.<\/p>\n\n\n\n<p>La consulta oberta \u00e9s un espai personal i confidencial. Tot all\u00f2 que vols saber relacionat amb la SALUT i no saps a qui preguntar\u2026<\/p>\n\n\n\n<ul class=\"wp-block-list\">\n<li>Alimentaci\u00f3 i h\u00e0bits saludables<\/li>\n\n\n\n<li>Sexualitat<\/li>\n\n\n\n<li>Drogues i addiccions<\/li>\n\n\n\n<li>Prevenci\u00f3 de malalties<\/li>\n\n\n\n<li>Qualsevol altre problema de salut<\/li>\n<\/ul>\n\n\n\n<p><!-- Google Calendar Appointment Scheduling begin -->\n<link href=\"https:\/\/calendar.google.com\/calendar\/scheduling-button-script.css\" rel=\"stylesheet\">\n<script src=\"https:\/\/calendar.google.com\/calendar\/scheduling-button-script.js\" async=\"\"><\/script>\n<script>\n(function() {\n  var target = document.currentScript;\n  window.addEventListener('load', function() {\n    calendar.schedulingButton.load({\n      url: 'https:\/\/calendar.google.com\/calendar\/appointments\/schedules\/AcZssZ3aOf34K91XH3AxF9TAaWl-MNdDRCfYarXVYMXTiX-62jf2JbEixaRtnvFWVcRKkBoAIHZ-i7NQ?gv=true',\n      color: '#039BE5',\n      label: 'Reserva una cita',\n      target,\n    });\n  });\n})();\n<\/script>\n<!-- end Google Calendar Appointment Scheduling --><\/p>\n\n\n\n<p><\/p>\n\n\n\n<p>Tamb\u00e9 podeu realitzar consultes a trav\u00e9s del correu <a href=\"mailto:salut@inspladelestany.cat\">salut@inspladelestany.cat<\/a> <\/p>\n\n\n\n<p><\/p>\n","protected":false},"excerpt":{"rendered":"<p>El programa Salut i Escola (PSiE) impulsat pel Departament d&#8217;Educaci\u00f3 i pel Departament de Salut, t\u00e9 la finalitat de millorar la salut dels adolescents mitjan\u00e7ant accions que promocionen h\u00e0bits saludables, prevenen situacions de risc, i ajuden a detectar preco\u00e7ment problemes relacionats amb la salut. El centre educatiu, com a espai natural per a l&#8217;aprenentatge, l&#8217;educaci\u00f3 [&hellip;]<\/p>\n","protected":false},"author":1,"featured_media":0,"parent":0,"menu_order":0,"comment_status":"closed","ping_status":"closed","template":"","meta":{"site-sidebar-layout":"no-sidebar","site-content-layout":"","ast-site-content-layout":"default","site-content-style":"default","site-sidebar-style":"default","ast-global-header-display":"","ast-banner-title-visibility":"","ast-main-header-display":"","ast-hfb-above-header-display":"","ast-hfb-below-header-display":"","ast-hfb-mobile-header-display":"","site-post-title":"","ast-breadcrumbs-content":"","ast-featured-img":"","footer-sml-layout":"","theme-transparent-header-meta":"","adv-header-id-meta":"","stick-header-meta":"","header-above-stick-meta":"","header-main-stick-meta":"","header-below-stick-meta":"","astra-migrate-meta-layouts":"set","ast-page-background-enabled":"default","ast-page-background-meta":{"desktop":{"background-color":"var(--ast-global-color-4)","background-image":"","background-repeat":"repeat","background-position":"center center","background-size":"auto","background-attachment":"scroll","background-type":"","background-media":"","overlay-type":"","overlay-color":"","overlay-opacity":"","overlay-gradient":""},"tablet":{"background-color":"","background-image":"","background-repeat":"repeat","background-position":"center center","background-size":"auto","background-attachment":"scroll","background-type":"","background-media":"","overlay-type":"","overlay-color":"","overlay-opacity":"","overlay-gradient":""},"mobile":{"background-color":"","background-image":"","background-repeat":"repeat","background-position":"center center","background-size":"auto","background-attachment":"scroll","background-type":"","background-media":"","overlay-type":"","overlay-color":"","overlay-opacity":"","overlay-gradient":""}},"ast-content-background-meta":{"desktop":{"background-color":"var(--ast-global-color-5)","background-image":"","background-repeat":"repeat","background-position":"center center","background-size":"auto","background-attachment":"scroll","background-type":"","background-media":"","overlay-type":"","overlay-color":"","overlay-opacity":"","overlay-gradient":""},"tablet":{"background-color":"var(--ast-global-color-5)","background-image":"","background-repeat":"repeat","background-position":"center center","background-size":"auto","background-attachment":"scroll","background-type":"","background-media":"","overlay-type":"","overlay-color":"","overlay-opacity":"","overlay-gradient":""},"mobile":{"background-color":"var(--ast-global-color-5)","background-image":"","background-repeat":"repeat","background-position":"center center","background-size":"auto","background-attachment":"scroll","background-type":"","background-media":"","overlay-type":"","overlay-color":"","overlay-opacity":"","overlay-gradient":""}},"footnotes":""},"class_list":["post-8946","page","type-page","status-publish","hentry"],"post_mailing_queue_ids":[],"_links":{"self":[{"href":"https:\/\/agora.xtec.cat\/iespladelestany\/wp-json\/wp\/v2\/pages\/8946","targetHints":{"allow":["GET"]}}],"collection":[{"href":"https:\/\/agora.xtec.cat\/iespladelestany\/wp-json\/wp\/v2\/pages"}],"about":[{"href":"https:\/\/agora.xtec.cat\/iespladelestany\/wp-json\/wp\/v2\/types\/page"}],"author":[{"embeddable":true,"href":"https:\/\/agora.xtec.cat\/iespladelestany\/wp-json\/wp\/v2\/users\/1"}],"replies":[{"embeddable":true,"href":"https:\/\/agora.xtec.cat\/iespladelestany\/wp-json\/wp\/v2\/comments?post=8946"}],"version-history":[{"count":6,"href":"https:\/\/agora.xtec.cat\/iespladelestany\/wp-json\/wp\/v2\/pages\/8946\/revisions"}],"predecessor-version":[{"id":9673,"href":"https:\/\/agora.xtec.cat\/iespladelestany\/wp-json\/wp\/v2\/pages\/8946\/revisions\/9673"}],"wp:attachment":[{"href":"https:\/\/agora.xtec.cat\/iespladelestany\/wp-json\/wp\/v2\/media?parent=8946"}],"curies":[{"name":"wp","href":"https:\/\/api.w.org\/{rel}","templated":true}]}}