{"id":8213,"date":"2024-03-05T17:55:05","date_gmt":"2024-03-05T16:55:05","guid":{"rendered":"https:\/\/agora.xtec.cat\/iespladelestany\/?page_id=8213"},"modified":"2026-03-18T19:15:13","modified_gmt":"2026-03-18T18:15:13","slug":"preinscripcio-eso","status":"publish","type":"page","link":"https:\/\/agora.xtec.cat\/iespladelestany\/secretaria\/preinscripcio\/preinscripcio-eso\/","title":{"rendered":"Preinscripci\u00f3 ESO"},"content":{"rendered":"\n<p>Tota la informaci\u00f3 i tr\u00e0mits a realitzar referent a la preinscripci\u00f3, els podreu trobar a la <a href=\"https:\/\/preinscripcio.gencat.cat\/ca\/estudis\/eso\/inici\/\">p\u00e0gina de la Generalitat<\/a>.<\/p>\n\n\n\n<figure class=\"wp-block-image aligncenter size-full is-resized\"><a href=\"https:\/\/preinscripcio.gencat.cat\/ca\/estudis\/eso\/preinscriute\/sollicitud\/\"><img loading=\"lazy\" decoding=\"async\" width=\"446\" height=\"147\" src=\"https:\/\/agora.xtec.cat\/iespladelestany\/wp-content\/uploads\/usu35\/2026\/03\/image-1.png\" alt=\"\" class=\"wp-image-9956\" style=\"width:300px;height:auto\" srcset=\"https:\/\/agora.xtec.cat\/iespladelestany\/wp-content\/uploads\/usu35\/2026\/03\/image-1.png 446w, https:\/\/agora.xtec.cat\/iespladelestany\/wp-content\/uploads\/usu35\/2026\/03\/image-1-300x99.png 300w\" sizes=\"auto, (max-width: 446px) 100vw, 446px\" \/><\/a><\/figure>\n\n\n\n<h4 class=\"wp-block-heading\">Dates clau<\/h4>\n\n\n\n<ul class=\"wp-block-list\">\n<li><strong>Presenta la sol\u00b7licitud:<\/strong> Del 6 al 18 de mar\u00e7 de 2026 (a partir de les 9 hores)<\/li>\n\n\n\n<li><strong>Fes el seguiment de la teva sol\u00b7licitud:<\/strong> des del 15 d&#8217;abril<\/li>\n\n\n\n<li><strong>Assabenta&#8217;t de la pla\u00e7a obtinguda:<\/strong> 10 de juny<\/li>\n\n\n\n<li><strong>Formalitza la matr\u00edcula:<\/strong> del 22 al 30 de juny<\/li>\n<\/ul>\n\n\n\n<p>Podeu trobar totes les dates a l&#8217;apartat <a href=\"https:\/\/preinscripcio.gencat.cat\/ca\/estudis\/eso\/informat\/calendari\/\" data-type=\"link\" data-id=\"https:\/\/preinscripcio.gencat.cat\/ca\/estudis\/eso\/informat\/calendari\/\">Coneix el calendari i els terminis<\/a> de la p\u00e0gina oficial de la Generalitat.<\/p>\n\n\n\n<h4 class=\"wp-block-heading\">Documents publicats<\/h4>\n\n\n\n<p><iframe style=\"width: 100%; height: 320px; border: 0;\" src=\"https:\/\/drive.google.com\/embeddedfolderview?id=1mTDRS85WVqnQ-66lJjIQZY9bpzZJOBwn#list\"><\/iframe><\/p>\n\n\n\n<h4 class=\"wp-block-heading\">Escoles adscrites de l&#8217;institut<\/h4>\n\n\n\n<figure class=\"wp-block-image aligncenter\"><a href=\"https:\/\/agora.xtec.cat\/iespladelestany\/wp-content\/uploads\/usu35\/2025\/03\/escoles_adscrites_25.png\"><img loading=\"lazy\" decoding=\"async\" width=\"380\" height=\"304\" src=\"https:\/\/agora.xtec.cat\/iespladelestany\/wp-content\/uploads\/usu35\/2025\/03\/escoles_adscrites_25.png\" alt=\"\" class=\"wp-image-9177\" srcset=\"https:\/\/agora.xtec.cat\/iespladelestany\/wp-content\/uploads\/usu35\/2025\/03\/escoles_adscrites_25.png 380w, https:\/\/agora.xtec.cat\/iespladelestany\/wp-content\/uploads\/usu35\/2025\/03\/escoles_adscrites_25-300x240.png 300w\" sizes=\"auto, (max-width: 380px) 100vw, 380px\" \/><\/a><\/figure>\n\n\n\n<hr class=\"wp-block-separator has-alpha-channel-opacity\"\/>\n\n\n\n<p>Presentaci\u00f3 del centre de la jornada de portes obertes (<a href=\"https:\/\/docs.google.com\/presentation\/d\/1DPE0j0WExip9YT406VqydZ-kuhjpB3vJfuu8GfxmwIM\/preview\">Jornada de Portes Obertes ESO &#8211; Febrer 26<\/a>).<\/p>\n\n\n\n<p class=\"has-text-align-center\"><iframe loading=\"lazy\" src=\"https:\/\/docs.google.com\/presentation\/d\/1DPE0j0WExip9YT406VqydZ-kuhjpB3vJfuu8GfxmwIM\/embed?start=true&amp;loop=true&amp;delayms=10000\" width=\"960\" height=\"569\" frameborder=\"0\" allowfullscreen=\"allowfullscreen\"><\/iframe><\/p>\n\n\n\n<p><\/p>\n","protected":false},"excerpt":{"rendered":"<p>Tota la informaci\u00f3 i tr\u00e0mits a realitzar referent a la preinscripci\u00f3, els podreu trobar a la p\u00e0gina de la Generalitat. Dates clau Podeu trobar totes les dates a l&#8217;apartat Coneix el calendari i els terminis de la p\u00e0gina oficial de la Generalitat. Documents publicats Escoles adscrites de l&#8217;institut Presentaci\u00f3 del centre de la jornada de [&hellip;]<\/p>\n","protected":false},"author":3,"featured_media":0,"parent":8206,"menu_order":0,"comment_status":"closed","ping_status":"closed","template":"","meta":{"site-sidebar-layout":"default","site-content-layout":"","ast-site-content-layout":"default","site-content-style":"default","site-sidebar-style":"default","ast-global-header-display":"","ast-banner-title-visibility":"","ast-main-header-display":"","ast-hfb-above-header-display":"","ast-hfb-below-header-display":"","ast-hfb-mobile-header-display":"","site-post-title":"","ast-breadcrumbs-content":"","ast-featured-img":"","footer-sml-layout":"","theme-transparent-header-meta":"","adv-header-id-meta":"","stick-header-meta":"","header-above-stick-meta":"","header-main-stick-meta":"","header-below-stick-meta":"","astra-migrate-meta-layouts":"set","ast-page-background-enabled":"default","ast-page-background-meta":{"desktop":{"background-color":"var(--ast-global-color-4)","background-image":"","background-repeat":"repeat","background-position":"center center","background-size":"auto","background-attachment":"scroll","background-type":"","background-media":"","overlay-type":"","overlay-color":"","overlay-opacity":"","overlay-gradient":""},"tablet":{"background-color":"","background-image":"","background-repeat":"repeat","background-position":"center center","background-size":"auto","background-attachment":"scroll","background-type":"","background-media":"","overlay-type":"","overlay-color":"","overlay-opacity":"","overlay-gradient":""},"mobile":{"background-color":"","background-image":"","background-repeat":"repeat","background-position":"center center","background-size":"auto","background-attachment":"scroll","background-type":"","background-media":"","overlay-type":"","overlay-color":"","overlay-opacity":"","overlay-gradient":""}},"ast-content-background-meta":{"desktop":{"background-color":"var(--ast-global-color-5)","background-image":"","background-repeat":"repeat","background-position":"center center","background-size":"auto","background-attachment":"scroll","background-type":"","background-media":"","overlay-type":"","overlay-color":"","overlay-opacity":"","overlay-gradient":""},"tablet":{"background-color":"var(--ast-global-color-5)","background-image":"","background-repeat":"repeat","background-position":"center center","background-size":"auto","background-attachment":"scroll","background-type":"","background-media":"","overlay-type":"","overlay-color":"","overlay-opacity":"","overlay-gradient":""},"mobile":{"background-color":"var(--ast-global-color-5)","background-image":"","background-repeat":"repeat","background-position":"center center","background-size":"auto","background-attachment":"scroll","background-type":"","background-media":"","overlay-type":"","overlay-color":"","overlay-opacity":"","overlay-gradient":""}},"footnotes":""},"class_list":["post-8213","page","type-page","status-publish","hentry"],"post_mailing_queue_ids":[],"_links":{"self":[{"href":"https:\/\/agora.xtec.cat\/iespladelestany\/wp-json\/wp\/v2\/pages\/8213","targetHints":{"allow":["GET"]}}],"collection":[{"href":"https:\/\/agora.xtec.cat\/iespladelestany\/wp-json\/wp\/v2\/pages"}],"about":[{"href":"https:\/\/agora.xtec.cat\/iespladelestany\/wp-json\/wp\/v2\/types\/page"}],"author":[{"embeddable":true,"href":"https:\/\/agora.xtec.cat\/iespladelestany\/wp-json\/wp\/v2\/users\/3"}],"replies":[{"embeddable":true,"href":"https:\/\/agora.xtec.cat\/iespladelestany\/wp-json\/wp\/v2\/comments?post=8213"}],"version-history":[{"count":7,"href":"https:\/\/agora.xtec.cat\/iespladelestany\/wp-json\/wp\/v2\/pages\/8213\/revisions"}],"predecessor-version":[{"id":9970,"href":"https:\/\/agora.xtec.cat\/iespladelestany\/wp-json\/wp\/v2\/pages\/8213\/revisions\/9970"}],"up":[{"embeddable":true,"href":"https:\/\/agora.xtec.cat\/iespladelestany\/wp-json\/wp\/v2\/pages\/8206"}],"wp:attachment":[{"href":"https:\/\/agora.xtec.cat\/iespladelestany\/wp-json\/wp\/v2\/media?parent=8213"}],"curies":[{"name":"wp","href":"https:\/\/api.w.org\/{rel}","templated":true}]}}