{"id":6813,"date":"2022-03-31T20:06:30","date_gmt":"2022-03-31T18:06:30","guid":{"rendered":"https:\/\/agora.xtec.cat\/iespladelestany\/?page_id=6813"},"modified":"2025-10-30T22:11:00","modified_gmt":"2025-10-30T21:11:00","slug":"cai","status":"publish","type":"page","link":"https:\/\/agora.xtec.cat\/iespladelestany\/estudis\/formacio-professional\/cicles-formatius-de-grau-mitja\/cai\/","title":{"rendered":"Cures Auxiliars d&#8217;Infermeria (CAI)"},"content":{"rendered":"<p>Aquest cicle aprendr\u00e0s a proporcionar cures auxiliars als pacients i actuar sobre les condicions sanit\u00e0ries del seu entorn. Formar\u00e0s part d&#8217;un equip d&#8217;infermeria en els centres sanitaris d&#8217;atenci\u00f3 especialitzada i d&#8217;atenci\u00f3 primaria o com a membre d&#8217;un equip de salut en l&#8217;assist\u00e8ncia derivada de la pr\u00e0ctica de l&#8217;exercici liberal, sota la supervisi\u00f3 corresponent.<\/p>\n<p><center><iframe loading=\"lazy\" title=\"YouTube video player\" src=\"https:\/\/www.youtube.com\/embed\/evnVT2Yx2Ac\" width=\"640\" height=\"385\" frameborder=\"0\" align=\"center\" allowfullscreen=\"allowfullscreen\"><span style=\"display: block; overflow: hidden; line-height: 0;\" data-mce-type=\"bookmark\" class=\"mce_SELRES_start\">\ufeff<\/span><\/iframe><\/center><br \/>\n<strong>Relaci\u00f3 de cr\u00e8dits<\/strong><\/p>\n<table>\n<tbody>\n<tr>\n<td style=\"text-align: center;\"><b>Cr\u00e8dit<\/b><\/td>\n<td style=\"text-align: center;\"><b>Hores<\/b><\/td>\n<\/tr>\n<tr>\n<td>C1 Operacions administratives i documentaci\u00f3 sanit\u00e0ria<\/td>\n<td style=\"text-align: center;\">66<\/td>\n<\/tr>\n<tr>\n<td>C2 L&#8217;\u00e9sser hum\u00e0 davant la malaltia<\/td>\n<td style=\"text-align: center;\">66<\/td>\n<\/tr>\n<tr>\n<td>C3 Benestar del pacient: necessitats d&#8217;higiene, rep\u00f2s i moviment<\/td>\n<td style=\"text-align: center;\">66<\/td>\n<\/tr>\n<tr>\n<td>C4 Cures b\u00e0siques d&#8217;infermeria aplicades a les necessitats de l&#8217;\u00e9sser hum\u00e0<\/td>\n<td style=\"text-align: center;\">264<\/td>\n<\/tr>\n<tr>\n<td>C5 Primers auxilis<\/td>\n<td style=\"text-align: center;\">33<\/td>\n<\/tr>\n<tr>\n<td>C6 Higiene del medi hospitalari i neteja de material<\/td>\n<td style=\"text-align: center;\">99<\/td>\n<\/tr>\n<tr>\n<td>C7 Recolzament psicol\u00f2gic al pacient\/client<\/td>\n<td style=\"text-align: center;\">66<\/td>\n<\/tr>\n<tr>\n<td>C8 Educaci\u00f3 per a la salut<\/td>\n<td style=\"text-align: center;\">33<\/td>\n<\/tr>\n<tr>\n<td>C9 T\u00e8cniques d&#8217;ajuda odontol\u00f2gica\/estomatol\u00f2gica<\/td>\n<td style=\"text-align: center;\">99<\/td>\n<\/tr>\n<tr>\n<td>C10 Relacions en l&#8217;equip de treball<\/td>\n<td style=\"text-align: center;\">66<\/td>\n<\/tr>\n<tr>\n<td>C11 Formaci\u00f3 i orientaci\u00f3 laboral<\/td>\n<td style=\"text-align: center;\">66<\/td>\n<\/tr>\n<tr>\n<td>C13 S\u00edntesi<\/td>\n<td style=\"text-align: center;\">66<\/td>\n<\/tr>\n<\/tbody>\n<\/table>\n<p><strong>Formaci\u00f3 en Centres de Treball<\/strong><br \/>\nEl cicle consta de 410 hores de pr\u00e0ctiques en centres de treball.<\/p>\n<p><strong>Sortides<\/strong><\/p>\n<ul>\n<li>Simulaci\u00f3 cl\u00ednica a l&#8217;Hospital d&#8217;Olot<\/li>\n<\/ul>\n","protected":false},"excerpt":{"rendered":"<p>Aquest cicle aprendr\u00e0s a proporcionar cures auxiliars als pacients i actuar sobre les condicions sanit\u00e0ries del seu entorn. Formar\u00e0s part d&#8217;un equip d&#8217;infermeria en els centres sanitaris d&#8217;atenci\u00f3 especialitzada i d&#8217;atenci\u00f3 primaria o com a membre d&#8217;un equip de salut en l&#8217;assist\u00e8ncia derivada de la pr\u00e0ctica de l&#8217;exercici liberal, sota la supervisi\u00f3 corresponent. \ufeff Relaci\u00f3 [&hellip;]<\/p>\n","protected":false},"author":1,"featured_media":0,"parent":9584,"menu_order":2,"comment_status":"closed","ping_status":"closed","template":"","meta":{"site-sidebar-layout":"default","site-content-layout":"","ast-site-content-layout":"default","site-content-style":"default","site-sidebar-style":"default","ast-global-header-display":"","ast-banner-title-visibility":"","ast-main-header-display":"","ast-hfb-above-header-display":"","ast-hfb-below-header-display":"","ast-hfb-mobile-header-display":"","site-post-title":"","ast-breadcrumbs-content":"","ast-featured-img":"","footer-sml-layout":"","theme-transparent-header-meta":"","adv-header-id-meta":"","stick-header-meta":"","header-above-stick-meta":"","header-main-stick-meta":"","header-below-stick-meta":"","astra-migrate-meta-layouts":"set","ast-page-background-enabled":"default","ast-page-background-meta":{"desktop":{"background-color":"var(--ast-global-color-4)","background-image":"","background-repeat":"repeat","background-position":"center center","background-size":"auto","background-attachment":"scroll","background-type":"","background-media":"","overlay-type":"","overlay-color":"","overlay-opacity":"","overlay-gradient":""},"tablet":{"background-color":"","background-image":"","background-repeat":"repeat","background-position":"center center","background-size":"auto","background-attachment":"scroll","background-type":"","background-media":"","overlay-type":"","overlay-color":"","overlay-opacity":"","overlay-gradient":""},"mobile":{"background-color":"","background-image":"","background-repeat":"repeat","background-position":"center center","background-size":"auto","background-attachment":"scroll","background-type":"","background-media":"","overlay-type":"","overlay-color":"","overlay-opacity":"","overlay-gradient":""}},"ast-content-background-meta":{"desktop":{"background-color":"var(--ast-global-color-5)","background-image":"","background-repeat":"repeat","background-position":"center center","background-size":"auto","background-attachment":"scroll","background-type":"","background-media":"","overlay-type":"","overlay-color":"","overlay-opacity":"","overlay-gradient":""},"tablet":{"background-color":"var(--ast-global-color-5)","background-image":"","background-repeat":"repeat","background-position":"center center","background-size":"auto","background-attachment":"scroll","background-type":"","background-media":"","overlay-type":"","overlay-color":"","overlay-opacity":"","overlay-gradient":""},"mobile":{"background-color":"var(--ast-global-color-5)","background-image":"","background-repeat":"repeat","background-position":"center center","background-size":"auto","background-attachment":"scroll","background-type":"","background-media":"","overlay-type":"","overlay-color":"","overlay-opacity":"","overlay-gradient":""}},"footnotes":""},"class_list":["post-6813","page","type-page","status-publish","hentry"],"post_mailing_queue_ids":[],"_links":{"self":[{"href":"https:\/\/agora.xtec.cat\/iespladelestany\/wp-json\/wp\/v2\/pages\/6813","targetHints":{"allow":["GET"]}}],"collection":[{"href":"https:\/\/agora.xtec.cat\/iespladelestany\/wp-json\/wp\/v2\/pages"}],"about":[{"href":"https:\/\/agora.xtec.cat\/iespladelestany\/wp-json\/wp\/v2\/types\/page"}],"author":[{"embeddable":true,"href":"https:\/\/agora.xtec.cat\/iespladelestany\/wp-json\/wp\/v2\/users\/1"}],"replies":[{"embeddable":true,"href":"https:\/\/agora.xtec.cat\/iespladelestany\/wp-json\/wp\/v2\/comments?post=6813"}],"version-history":[{"count":5,"href":"https:\/\/agora.xtec.cat\/iespladelestany\/wp-json\/wp\/v2\/pages\/6813\/revisions"}],"predecessor-version":[{"id":9605,"href":"https:\/\/agora.xtec.cat\/iespladelestany\/wp-json\/wp\/v2\/pages\/6813\/revisions\/9605"}],"up":[{"embeddable":true,"href":"https:\/\/agora.xtec.cat\/iespladelestany\/wp-json\/wp\/v2\/pages\/9584"}],"wp:attachment":[{"href":"https:\/\/agora.xtec.cat\/iespladelestany\/wp-json\/wp\/v2\/media?parent=6813"}],"curies":[{"name":"wp","href":"https:\/\/api.w.org\/{rel}","templated":true}]}}