{"id":6658,"date":"2021-12-22T13:24:10","date_gmt":"2021-12-22T12:24:10","guid":{"rendered":"https:\/\/agora.xtec.cat\/iespladelestany\/?page_id=6658"},"modified":"2021-12-22T13:24:10","modified_gmt":"2021-12-22T12:24:10","slug":"reforc-escolar","status":"publish","type":"page","link":"https:\/\/agora.xtec.cat\/iespladelestany\/reforc-escolar\/","title":{"rendered":"Refor\u00e7 Escolar"},"content":{"rendered":"<p>Refor\u00e7 de les mat\u00e8ries instrumentals amb l&#8217;objectiu d&#8217;ajudar a assolir les compet\u00e8ncies b\u00e0siques de l&#8217;alumnat amb m\u00e9s dificultats.<\/p>\n<p>Aquestes refor\u00e7os es duen a terme als cursos de 1r i 2n d&#8217;ESO, afectant les mat\u00e8ries de catal\u00e0, castell\u00e0 i matem\u00e0tiques.<\/p>\n<p>L&#8217;objectiu del refor\u00e7 \u00e9s donar eines als alumnes per avan\u00e7ar en el coneixement i assolir el nivell b\u00e0sic de les compet\u00e8ncies b\u00e0siques de l&#8217;etapa.<\/p>\n<p>&nbsp;<\/p>\n<p><a href=\"https:\/\/agora.xtec.cat\/iespladelestany\/wp-content\/uploads\/usu35\/2021\/12\/ReFORC-ESCOLAR.jpg\"><img loading=\"lazy\" decoding=\"async\" class=\"aligncenter  wp-image-6656\" src=\"https:\/\/agora.xtec.cat\/iespladelestany\/wp-content\/uploads\/usu35\/2021\/12\/ReFORC-ESCOLAR-724x1024.jpg\" alt=\"\" width=\"365\" height=\"516\" \/><\/a><\/p>\n","protected":false},"excerpt":{"rendered":"<p>Refor\u00e7 de les mat\u00e8ries instrumentals amb l&#8217;objectiu d&#8217;ajudar a assolir les compet\u00e8ncies b\u00e0siques de l&#8217;alumnat amb m\u00e9s dificultats. Aquestes refor\u00e7os es duen a terme als cursos de 1r i 2n d&#8217;ESO, afectant les mat\u00e8ries de catal\u00e0, castell\u00e0 i matem\u00e0tiques. L&#8217;objectiu del refor\u00e7 \u00e9s donar eines als alumnes per avan\u00e7ar en el coneixement i assolir el [&hellip;]<\/p>\n","protected":false},"author":1,"featured_media":0,"parent":0,"menu_order":0,"comment_status":"closed","ping_status":"closed","template":"","meta":{"site-sidebar-layout":"default","site-content-layout":"","ast-site-content-layout":"","site-content-style":"default","site-sidebar-style":"default","ast-global-header-display":"","ast-banner-title-visibility":"","ast-main-header-display":"","ast-hfb-above-header-display":"","ast-hfb-below-header-display":"","ast-hfb-mobile-header-display":"","site-post-title":"","ast-breadcrumbs-content":"","ast-featured-img":"","footer-sml-layout":"","theme-transparent-header-meta":"","adv-header-id-meta":"","stick-header-meta":"","header-above-stick-meta":"","header-main-stick-meta":"","header-below-stick-meta":"","astra-migrate-meta-layouts":"default","ast-page-background-enabled":"default","ast-page-background-meta":{"desktop":{"background-color":"var(--ast-global-color-4)","background-image":"","background-repeat":"repeat","background-position":"center center","background-size":"auto","background-attachment":"scroll","background-type":"","background-media":"","overlay-type":"","overlay-color":"","overlay-opacity":"","overlay-gradient":""},"tablet":{"background-color":"","background-image":"","background-repeat":"repeat","background-position":"center center","background-size":"auto","background-attachment":"scroll","background-type":"","background-media":"","overlay-type":"","overlay-color":"","overlay-opacity":"","overlay-gradient":""},"mobile":{"background-color":"","background-image":"","background-repeat":"repeat","background-position":"center center","background-size":"auto","background-attachment":"scroll","background-type":"","background-media":"","overlay-type":"","overlay-color":"","overlay-opacity":"","overlay-gradient":""}},"ast-content-background-meta":{"desktop":{"background-color":"var(--ast-global-color-5)","background-image":"","background-repeat":"repeat","background-position":"center center","background-size":"auto","background-attachment":"scroll","background-type":"","background-media":"","overlay-type":"","overlay-color":"","overlay-opacity":"","overlay-gradient":""},"tablet":{"background-color":"var(--ast-global-color-5)","background-image":"","background-repeat":"repeat","background-position":"center center","background-size":"auto","background-attachment":"scroll","background-type":"","background-media":"","overlay-type":"","overlay-color":"","overlay-opacity":"","overlay-gradient":""},"mobile":{"background-color":"var(--ast-global-color-5)","background-image":"","background-repeat":"repeat","background-position":"center center","background-size":"auto","background-attachment":"scroll","background-type":"","background-media":"","overlay-type":"","overlay-color":"","overlay-opacity":"","overlay-gradient":""}},"footnotes":""},"class_list":["post-6658","page","type-page","status-publish","hentry"],"post_mailing_queue_ids":[],"_links":{"self":[{"href":"https:\/\/agora.xtec.cat\/iespladelestany\/wp-json\/wp\/v2\/pages\/6658","targetHints":{"allow":["GET"]}}],"collection":[{"href":"https:\/\/agora.xtec.cat\/iespladelestany\/wp-json\/wp\/v2\/pages"}],"about":[{"href":"https:\/\/agora.xtec.cat\/iespladelestany\/wp-json\/wp\/v2\/types\/page"}],"author":[{"embeddable":true,"href":"https:\/\/agora.xtec.cat\/iespladelestany\/wp-json\/wp\/v2\/users\/1"}],"replies":[{"embeddable":true,"href":"https:\/\/agora.xtec.cat\/iespladelestany\/wp-json\/wp\/v2\/comments?post=6658"}],"version-history":[{"count":1,"href":"https:\/\/agora.xtec.cat\/iespladelestany\/wp-json\/wp\/v2\/pages\/6658\/revisions"}],"predecessor-version":[{"id":6659,"href":"https:\/\/agora.xtec.cat\/iespladelestany\/wp-json\/wp\/v2\/pages\/6658\/revisions\/6659"}],"wp:attachment":[{"href":"https:\/\/agora.xtec.cat\/iespladelestany\/wp-json\/wp\/v2\/media?parent=6658"}],"curies":[{"name":"wp","href":"https:\/\/api.w.org\/{rel}","templated":true}]}}