{"id":46,"date":"2014-09-17T16:53:45","date_gmt":"2014-09-17T16:53:45","guid":{"rendered":"http:\/\/agora.xtec.cat\/iespladelestany\/?page_id=46"},"modified":"2026-01-30T13:04:39","modified_gmt":"2026-01-30T12:04:39","slug":"organigrama","status":"publish","type":"page","link":"https:\/\/agora.xtec.cat\/iespladelestany\/linstitut\/organigrama\/","title":{"rendered":"Qui som"},"content":{"rendered":"\n<h2 class=\"wp-block-heading has-text-align-right\"><strong>CURS 2025-26<\/strong><\/h2>\n\n\n\n<div class=\"wp-block-getwid-toggle has-icon-left\">\n<div class=\"wp-block-getwid-toggle__row\"><div class=\"wp-block-getwid-toggle__header-wrapper\"><span class=\"wp-block-getwid-toggle__header\"><a href=\"#\"><span class=\"wp-block-getwid-toggle__header-title\">EQUIP DIRECTIU<\/span><span class=\"wp-block-getwid-toggle__icon is-active\"><i class=\"fas fa-plus\"><\/i><\/span><span class=\"wp-block-getwid-toggle__icon is-passive\"><i class=\"fas fa-minus\"><\/i><\/span><\/a><\/span><\/div><div class=\"wp-block-getwid-toggle__content-wrapper\"><div class=\"wp-block-getwid-toggle__content\">\n<figure class=\"wp-block-table has-small-font-size\"><table class=\"has-fixed-layout\"><tbody><tr><td><strong>NOM<\/strong><\/td><td><strong>C\u00c0RREC<\/strong><\/td><td><strong>CORREU<\/strong><\/td><\/tr><tr><td><strong>Cristina Saavedra<\/strong><\/td><td>Directora<\/td><td>direccio@inspladelestany.cat<\/td><\/tr><tr><td><strong>Ariadna Bassols<\/strong><\/td><td>Cap d&#8217;estudis ESO i BAT<\/td><td>capdestudis@inspladelestany.cat<\/td><\/tr><tr><td><strong>Sol Ballana<\/strong><\/td><td>Coordinadora Pedag\u00f2gica<\/td><td>cpedagogica@inspladelestany.cat<\/td><\/tr><tr><td><strong>Xevi Sala<\/strong><\/td><td>Secretari<\/td><td>secretari@inspladelestany.cat<\/td><\/tr><tr><td><strong>Marc Pararols<\/strong><\/td><td>Cap d&#8217;estudis adjunt<\/td><td>capdestudisadjunt@inspladelestany.cat<\/td><\/tr><tr><td><strong>\u00darsula Heredia<\/strong><\/td><td>Cap d&#8217;estudis FP<\/td><td>capdestudisfp@inspladelestany.cat<\/td><\/tr><\/tbody><\/table><\/figure>\n<\/div><\/div><\/div>\n\n\n\n<div class=\"wp-block-getwid-toggle__row\"><div class=\"wp-block-getwid-toggle__header-wrapper\"><span class=\"wp-block-getwid-toggle__header\"><a href=\"#\"><span class=\"wp-block-getwid-toggle__header-title\">COORDINACIONS<\/span><span class=\"wp-block-getwid-toggle__icon is-active\"><i class=\"fas fa-plus\"><\/i><\/span><span class=\"wp-block-getwid-toggle__icon is-passive\"><i class=\"fas fa-minus\"><\/i><\/span><\/a><\/span><\/div><div class=\"wp-block-getwid-toggle__content-wrapper\"><div class=\"wp-block-getwid-toggle__content\">\n<figure class=\"wp-block-table has-small-font-size\"><table class=\"has-fixed-layout\"><tbody><tr><td><strong>Coordinaci\u00f3 biblioteca<\/strong><\/td><td>Marissa Planas<\/td><\/tr><tr><td><strong>Coordinaci\u00f3 esports&nbsp;<\/strong><\/td><td>Ramon Pujol&nbsp;<\/td><\/tr><tr><td><strong>Coordinaci\u00f3 inform\u00e0tica \/ TAC&nbsp;<\/strong><\/td><td>Joan Isart&nbsp;<\/td><\/tr><tr><td><strong>Coordinaci\u00f3 de Prev. Riscos Laborals<\/strong><\/td><td>Teresa Mas de Xaxars<\/td><\/tr><tr><td><strong>Coordinaci\u00f3 FP<\/strong><\/td><td>Jep Masanas<\/td><\/tr><tr><td><strong>Coordinaci\u00f3 de coeducaci\u00f3<\/strong><\/td><td>S\u00f2nia Palomeras<\/td><\/tr><tr><td><strong>Coordinaci\u00f3 ling\u00fc\u00edstica<\/strong><\/td><td>Carme Rami\u00f3&nbsp;<\/td><\/tr><tr><td><strong>Coordinaci\u00f3 de Qualitat<\/strong><\/td><td>David Lozano&nbsp;&nbsp;<\/td><\/tr><tr><td><strong>Coordinaci\u00f3 FP Dual<\/strong><\/td><td>Daniel Villanueva<\/td><\/tr><tr><td><strong>Coordinaci\u00f3 Mobilitat FP<\/strong><\/td><td>N\u00faria Garcia<\/td><\/tr><\/tbody><\/table><\/figure>\n<\/div><\/div><\/div>\n\n\n\n<div class=\"wp-block-getwid-toggle__row\"><div class=\"wp-block-getwid-toggle__header-wrapper\"><span class=\"wp-block-getwid-toggle__header\"><a href=\"#\"><span class=\"wp-block-getwid-toggle__header-title\">CAPS DE DEPARTAMENT<\/span><span class=\"wp-block-getwid-toggle__icon is-active\"><i class=\"fas fa-plus\"><\/i><\/span><span class=\"wp-block-getwid-toggle__icon is-passive\"><i class=\"fas fa-minus\"><\/i><\/span><\/a><\/span><\/div><div class=\"wp-block-getwid-toggle__content-wrapper\"><div class=\"wp-block-getwid-toggle__content\">\n<figure class=\"wp-block-table has-small-font-size\"><table class=\"has-fixed-layout\"><tbody><tr><td><b>Catal\u00e0<\/b><\/td><td><span style=\"font-weight: 400;\">Maria Puig<\/span><\/td><td><b>Ci\u00e8ncies<\/b><\/td><td><span style=\"font-weight: 400;\">Anna M Rustullet<\/span><\/td><\/tr><tr><td><b>Ed. F\u00edsica<\/b><\/td><td><span style=\"font-weight: 400;\">Ariadna Bassols<\/span><\/td><td><b>Orientaci\u00f3<\/b><\/td><td><span style=\"font-weight: 400;\">Maria Brun<\/span><\/td><\/tr><tr><td><b>Ci\u00e8ncies Socials<\/b><\/td><td><span style=\"font-weight: 400;\">Guida Vil\u00e0<\/span><\/td><td><b>Castell\u00e0<\/b><\/td><td><span style=\"font-weight: 400;\">Elena Saavedra<\/span><\/td><\/tr><tr><td><b>Art\u00edstic<\/b><\/td><td><span style=\"font-weight: 400;\">Yolanda Gisbert<\/span><\/td><td><b>Angl\u00e8s<\/b><\/td><td><span style=\"font-weight: 400;\">Lidia Schibi&nbsp;<\/span><\/td><\/tr><tr><td><b>Mates<\/b><\/td><td><span style=\"font-weight: 400;\">Merc\u00e8 Crous<\/span><\/td><td><b>Tecno<\/b><\/td><td><span style=\"font-weight: 400;\">David Hugas<\/span><\/td><\/tr><tr><td><b>Inform\u00e0tica<\/b><\/td><td><span style=\"font-weight: 400;\">David Lozano<\/span><\/td><td><b>APD<\/b><\/td><td><span style=\"font-weight: 400;\">Marta Gratac\u00f3s&nbsp;<\/span><\/td><\/tr><tr><td><b>CAI<\/b><\/td><td><span style=\"font-weight: 400;\">Adriana Tubert&nbsp;&nbsp;<\/span><\/td><td>&nbsp;<\/td><td>&nbsp;<\/td><\/tr><\/tbody><\/table><\/figure>\n<\/div><\/div><\/div>\n\n\n\n<div class=\"wp-block-getwid-toggle__row\"><div class=\"wp-block-getwid-toggle__header-wrapper\"><span class=\"wp-block-getwid-toggle__header\"><a href=\"#\"><span class=\"wp-block-getwid-toggle__header-title\">TUTORIES I COORDINACIONS DE NIVELL<\/span><span class=\"wp-block-getwid-toggle__icon is-active\"><i class=\"fas fa-plus\"><\/i><\/span><span class=\"wp-block-getwid-toggle__icon is-passive\"><i class=\"fas fa-minus\"><\/i><\/span><\/a><\/span><\/div><div class=\"wp-block-getwid-toggle__content-wrapper\"><div class=\"wp-block-getwid-toggle__content\">\n<figure class=\"wp-block-table has-small-font-size\"><table class=\"has-fixed-layout\"><thead><tr><th class=\"has-text-align-center\" data-align=\"center\" colspan=\"6\"><strong>ESO<\/strong><\/th><\/tr><\/thead><tbody><tr><td class=\"has-text-align-center\" data-align=\"center\" colspan=\"3\"><strong>Laura Llagostera \/ Ivet Tiana<\/strong><\/td><td class=\"has-text-align-center\" data-align=\"center\" colspan=\"3\"><strong>Sergi D\u00edaz \/ David Hugas<\/strong><\/td><\/tr><tr><td class=\"has-text-align-center\" data-align=\"center\"><strong>1r A<\/strong><\/td><td class=\"has-text-align-center\" data-align=\"center\">A1<\/td><td>Ivet Tiana \/ Anna Cu\u00f1\u00e9<\/td><td class=\"has-text-align-center\" data-align=\"center\"><strong>2n A<\/strong><\/td><td class=\"has-text-align-center\" data-align=\"center\">A5<\/td><td>David Hugas \/ Josep Palmada<\/td><\/tr><tr><td class=\"has-text-align-center\" data-align=\"center\"><strong>1r B<\/strong><\/td><td class=\"has-text-align-center\" data-align=\"center\">A2<\/td><td>Maria Puig \/ Pep Ribas<\/td><td class=\"has-text-align-center\" data-align=\"center\"><strong>2n B<\/strong><\/td><td class=\"has-text-align-center\" data-align=\"center\">A6<\/td><td>Paula Mart\u00ednez \/ Elisenda Mart\u00ed<\/td><\/tr><tr><td class=\"has-text-align-center\" data-align=\"center\"><strong>1r C<\/strong><\/td><td class=\"has-text-align-center\" data-align=\"center\">A3<\/td><td>Lola Ortiz \/ Lourdes Farr\u00e9s<\/td><td class=\"has-text-align-center\" data-align=\"center\"><strong>2n C<\/strong><\/td><td class=\"has-text-align-center\" data-align=\"center\">A7<\/td><td>Adriana Bonet \/ Guida<\/td><\/tr><tr><td class=\"has-text-align-center\" data-align=\"center\"><strong>1r D<\/strong><\/td><td class=\"has-text-align-center\" data-align=\"center\">A4<\/td><td>Pilar Mas\u00f3s \/ Maria P\u00e9rez<\/td><td class=\"has-text-align-center\" data-align=\"center\"><strong>2n D<\/strong><\/td><td class=\"has-text-align-center\" data-align=\"center\">A8<\/td><td>Joaquim Rovira \/ Joan L\u00f3pez&nbsp;<\/td><\/tr><tr><td class=\"has-text-align-center\" data-align=\"center\"><strong>1r E<\/strong><\/td><td class=\"has-text-align-center\" data-align=\"center\">A9<\/td><td>Jaume Tardiu \/ Anne Becker<\/td><td class=\"has-text-align-center\" data-align=\"center\"><strong>2n E<\/strong><\/td><td class=\"has-text-align-center\" data-align=\"center\">A13<\/td><td>Enric Figueres \/ J\u00falia Carrera<\/td><\/tr><tr><td class=\"has-text-align-center\" data-align=\"center\"><strong>1r F<\/strong><\/td><td class=\"has-text-align-center\" data-align=\"center\">A10<\/td><td>Teresa Mas de Xaxars \/ Catalina<\/td><td class=\"has-text-align-center\" data-align=\"center\"><strong>2n F<\/strong><\/td><td class=\"has-text-align-center\" data-align=\"center\">A14<\/td><td>Coral\u00ed Oliva \/ M\u00edriam Serrat<\/td><\/tr><tr><td class=\"has-text-align-center\" data-align=\"center\" colspan=\"3\"><strong>Anna M\u00aa Rustullet \/ Aurora Pla&nbsp;<\/strong><\/td><td class=\"has-text-align-center\" data-align=\"center\" colspan=\"3\"><strong>Agn\u00e8s Busquets \/ Gemma Janoher<\/strong><\/td><\/tr><tr><td class=\"has-text-align-center\" data-align=\"center\"><strong>3r A<\/strong><\/td><td class=\"has-text-align-center\" data-align=\"center\">T8<\/td><td>Joan Isart<\/td><td class=\"has-text-align-center\" data-align=\"center\"><strong>4t A<\/strong><\/td><td class=\"has-text-align-center\" data-align=\"center\">Biblioteca<\/td><td>Anna Zamora<\/td><\/tr><tr><td class=\"has-text-align-center\" data-align=\"center\"><strong>3r B<\/strong><\/td><td class=\"has-text-align-center\" data-align=\"center\">M3<\/td><td>Assumpta Su\u00f1er<\/td><td class=\"has-text-align-center\" data-align=\"center\"><strong>4t B<\/strong><\/td><td class=\"has-text-align-center\" data-align=\"center\">M4<\/td><td>N\u00faria Camps<\/td><\/tr><tr><td class=\"has-text-align-center\" data-align=\"center\"><strong>3r C<\/strong><\/td><td class=\"has-text-align-center\" data-align=\"center\">A15<\/td><td>Josep Calpe<\/td><td class=\"has-text-align-center\" data-align=\"center\"><strong>4t C<\/strong><\/td><td class=\"has-text-align-center\" data-align=\"center\">M6<\/td><td>Laura Riera<\/td><\/tr><tr><td class=\"has-text-align-center\" data-align=\"center\"><strong>3r D<\/strong><\/td><td class=\"has-text-align-center\" data-align=\"center\">A16<\/td><td>Elena Constans<\/td><td class=\"has-text-align-center\" data-align=\"center\"><strong>4t D<\/strong><\/td><td class=\"has-text-align-center\" data-align=\"center\">M7<\/td><td>Ramon Pujol<\/td><\/tr><tr><td class=\"has-text-align-center\" data-align=\"center\"><strong>3r E<\/strong><\/td><td class=\"has-text-align-center\" data-align=\"center\">A11<\/td><td>Aurora Pla&nbsp;<\/td><td class=\"has-text-align-center\" data-align=\"center\"><strong>4t E<\/strong><\/td><td class=\"has-text-align-center\" data-align=\"center\">M8<\/td><td>Gabriela Paco<\/td><\/tr><tr><td class=\"has-text-align-center\" data-align=\"center\" rowspan=\"2\"><strong>3r F<\/strong><\/td><td class=\"has-text-align-center\" data-align=\"center\" rowspan=\"2\">A12<\/td><td rowspan=\"2\">Meritxell Roura<\/td><td class=\"has-text-align-center\" data-align=\"center\"><strong>4t F<\/strong><\/td><td class=\"has-text-align-center\" data-align=\"center\">M2<\/td><td>Azahara Rodr\u00edguez<\/td><\/tr><tr><td class=\"has-text-align-center\" data-align=\"center\"><strong>4t G<\/strong><\/td><td class=\"has-text-align-center\" data-align=\"center\">M5<\/td><td>Carme Rami\u00f3<\/td><\/tr><\/tbody><\/table><\/figure>\n\n\n\n<figure class=\"wp-block-table has-small-font-size\"><table class=\"has-fixed-layout\"><tbody><tr><td class=\"has-text-align-center\" data-align=\"center\" colspan=\"6\"><strong>BATXILLERAT<\/strong><\/td><\/tr><tr><td class=\"has-text-align-center\" data-align=\"center\" colspan=\"6\"><strong>Dolors Pujol<\/strong><\/td><\/tr><tr><td class=\"has-text-align-center\" data-align=\"center\"><strong>1BTA<\/strong><\/td><td>M9<\/td><td>Elena Saavedra<\/td><td><strong>2BTA<\/strong><\/td><td>M10<\/td><td>Neus Carreras<\/td><\/tr><tr><td class=\"has-text-align-center\" data-align=\"center\"><strong>1BTB<\/strong><\/td><td>M11<\/td><td>Manel Herreria<\/td><td><strong>2BTB<\/strong><\/td><td>M12<\/td><td>Gen\u00eds Barnosell<\/td><\/tr><\/tbody><\/table><\/figure>\n\n\n\n<figure class=\"wp-block-table has-small-font-size\"><table class=\"has-fixed-layout\"><tbody><tr><td class=\"has-text-align-center\" data-align=\"center\" colspan=\"6\"><strong>CICLES FORMATIUS<\/strong><\/td><\/tr><tr><td class=\"has-text-align-center\" data-align=\"center\" colspan=\"6\"><strong>Anna Guil\u00e0&nbsp;&nbsp;<\/strong><\/td><\/tr><tr><td class=\"has-text-align-center\" data-align=\"center\"><strong>1APD<\/strong><\/td><td class=\"has-text-align-center\" data-align=\"center\">Bib<\/td><td>Anna Guil\u00e0, Anna Mart\u00ednez<\/td><td class=\"has-text-align-center\" data-align=\"center\"><strong>2APD<\/strong><\/td><td class=\"has-text-align-center\" data-align=\"center\">Lab2<\/td><td>Muntsa Aragay<\/td><\/tr><tr><td class=\"has-text-align-center\" data-align=\"center\"><strong>1SMX<\/strong><\/td><td class=\"has-text-align-center\" data-align=\"center\">M\u00fas<\/td><td>Joan Ramon Ram\u00edrez<\/td><td class=\"has-text-align-center\" data-align=\"center\"><strong>2SMX<\/strong><\/td><td class=\"has-text-align-center\" data-align=\"center\">Info1<\/td><td>Lu\u00eds de Diego<\/td><\/tr><tr><td class=\"has-text-align-center\" data-align=\"center\"><strong>1DAM<\/strong><\/td><td class=\"has-text-align-center\" data-align=\"center\">A5<\/td><td>\u00darsula Heredia<\/td><td class=\"has-text-align-center\" data-align=\"center\" rowspan=\"2\"><strong>2DAM<\/strong><\/td><td class=\"has-text-align-center\" data-align=\"center\" rowspan=\"2\">DT<\/td><td rowspan=\"2\">David Lozano&nbsp;&nbsp;<\/td><\/tr><tr><td class=\"has-text-align-center\" data-align=\"center\"><strong>CAI<\/strong><\/td><td class=\"has-text-align-center\" data-align=\"center\">A15<\/td><td>Xevi Pruj\u00e0, N\u00faria Garcia<\/td><\/tr><\/tbody><\/table><\/figure>\n<\/div><\/div><\/div>\n<\/div>\n\n\n\n<p><\/p>\n","protected":false},"excerpt":{"rendered":"<p>CURS 2025-26<\/p>\n","protected":false},"author":1,"featured_media":0,"parent":19,"menu_order":1,"comment_status":"closed","ping_status":"closed","template":"","meta":{"site-sidebar-layout":"default","site-content-layout":"","ast-site-content-layout":"default","site-content-style":"default","site-sidebar-style":"default","ast-global-header-display":"","ast-banner-title-visibility":"","ast-main-header-display":"","ast-hfb-above-header-display":"","ast-hfb-below-header-display":"","ast-hfb-mobile-header-display":"","site-post-title":"","ast-breadcrumbs-content":"","ast-featured-img":"","footer-sml-layout":"","theme-transparent-header-meta":"","adv-header-id-meta":"","stick-header-meta":"","header-above-stick-meta":"","header-main-stick-meta":"","header-below-stick-meta":"","astra-migrate-meta-layouts":"set","ast-page-background-enabled":"default","ast-page-background-meta":{"desktop":{"background-color":"var(--ast-global-color-4)","background-image":"","background-repeat":"repeat","background-position":"center center","background-size":"auto","background-attachment":"scroll","background-type":"","background-media":"","overlay-type":"","overlay-color":"","overlay-opacity":"","overlay-gradient":""},"tablet":{"background-color":"","background-image":"","background-repeat":"repeat","background-position":"center center","background-size":"auto","background-attachment":"scroll","background-type":"","background-media":"","overlay-type":"","overlay-color":"","overlay-opacity":"","overlay-gradient":""},"mobile":{"background-color":"","background-image":"","background-repeat":"repeat","background-position":"center center","background-size":"auto","background-attachment":"scroll","background-type":"","background-media":"","overlay-type":"","overlay-color":"","overlay-opacity":"","overlay-gradient":""}},"ast-content-background-meta":{"desktop":{"background-color":"var(--ast-global-color-5)","background-image":"","background-repeat":"repeat","background-position":"center center","background-size":"auto","background-attachment":"scroll","background-type":"","background-media":"","overlay-type":"","overlay-color":"","overlay-opacity":"","overlay-gradient":""},"tablet":{"background-color":"var(--ast-global-color-5)","background-image":"","background-repeat":"repeat","background-position":"center center","background-size":"auto","background-attachment":"scroll","background-type":"","background-media":"","overlay-type":"","overlay-color":"","overlay-opacity":"","overlay-gradient":""},"mobile":{"background-color":"var(--ast-global-color-5)","background-image":"","background-repeat":"repeat","background-position":"center center","background-size":"auto","background-attachment":"scroll","background-type":"","background-media":"","overlay-type":"","overlay-color":"","overlay-opacity":"","overlay-gradient":""}},"footnotes":""},"class_list":["post-46","page","type-page","status-publish","hentry"],"post_mailing_queue_ids":[],"_links":{"self":[{"href":"https:\/\/agora.xtec.cat\/iespladelestany\/wp-json\/wp\/v2\/pages\/46","targetHints":{"allow":["GET"]}}],"collection":[{"href":"https:\/\/agora.xtec.cat\/iespladelestany\/wp-json\/wp\/v2\/pages"}],"about":[{"href":"https:\/\/agora.xtec.cat\/iespladelestany\/wp-json\/wp\/v2\/types\/page"}],"author":[{"embeddable":true,"href":"https:\/\/agora.xtec.cat\/iespladelestany\/wp-json\/wp\/v2\/users\/1"}],"replies":[{"embeddable":true,"href":"https:\/\/agora.xtec.cat\/iespladelestany\/wp-json\/wp\/v2\/comments?post=46"}],"version-history":[{"count":6,"href":"https:\/\/agora.xtec.cat\/iespladelestany\/wp-json\/wp\/v2\/pages\/46\/revisions"}],"predecessor-version":[{"id":9875,"href":"https:\/\/agora.xtec.cat\/iespladelestany\/wp-json\/wp\/v2\/pages\/46\/revisions\/9875"}],"up":[{"embeddable":true,"href":"https:\/\/agora.xtec.cat\/iespladelestany\/wp-json\/wp\/v2\/pages\/19"}],"wp:attachment":[{"href":"https:\/\/agora.xtec.cat\/iespladelestany\/wp-json\/wp\/v2\/media?parent=46"}],"curies":[{"name":"wp","href":"https:\/\/api.w.org\/{rel}","templated":true}]}}