{"id":3930,"date":"2018-11-15T14:25:09","date_gmt":"2018-11-15T13:25:09","guid":{"rendered":"http:\/\/agora.xtec.cat\/iespladelestany\/?page_id=3930"},"modified":"2026-01-26T16:10:15","modified_gmt":"2026-01-26T15:10:15","slug":"enllibret-la-biblioteca-de-linstitut-pla-de-lestany","status":"publish","type":"page","link":"https:\/\/agora.xtec.cat\/iespladelestany\/projectes\/enllibret-la-biblioteca-de-linstitut-pla-de-lestany\/","title":{"rendered":"Enllibre&#8217;t: la biblioteca de l&#8217;Institut Pla de l&#8217;Estany"},"content":{"rendered":"<h3 style=\"border: 2px solid #8A0868; text-align: center; padding: 5px;\"><a href=\"https:\/\/blocs.xtec.cat\/bibliotecainspladelestany\/\" target=\"_blank\" rel=\"noopener\">Acc\u00e9s al <strong>blog de la biblioteca\u00a0<\/strong><\/a><a href=\"https:\/\/agora.xtec.cat\/iespladelestany\/wp-content\/uploads\/usu35\/2019\/03\/segell_directoriblogs1718_fons_blanc_300x314.png\"><img loading=\"lazy\" decoding=\"async\" class=\" wp-image-4307 alignright\" src=\"https:\/\/agora.xtec.cat\/iespladelestany\/wp-content\/uploads\/usu35\/2019\/03\/segell_directoriblogs1718_fons_blanc_300x314.png\" alt=\"\" width=\"187\" height=\"196\" \/><\/a><\/h3>\n<p><b><a href=\"https:\/\/agora.xtec.cat\/iespladelestany\/wp-content\/uploads\/usu35\/2018\/12\/enllibret.jpg\"><img loading=\"lazy\" decoding=\"async\" class=\" wp-image-4053 alignleft\" src=\"https:\/\/agora.xtec.cat\/iespladelestany\/wp-content\/uploads\/usu35\/2018\/12\/enllibret.jpg\" alt=\"\" width=\"327\" height=\"135\" \/><\/a>El nostre repte \u00e9s convertir la biblioteca en un centre de recursos per a l\u2019aprenentatge adaptat a l\u2019era digital que doni resposta a les necessitats de formaci\u00f3 del conjunt de la comunitat educativa. <\/b>Entenem que les biblioteques no s\u00f3n espais a extingir sin\u00f3 eines imprescindibles per a l\u2019ensenyament competencial i la compet\u00e8ncia informacional que necessita el segle XXI. <b>Enllibre\u2019t<\/b> significa aix\u00f2: una nova alian\u00e7a per a un vell desig, la formaci\u00f3 d\u2019homes i dones lliures i amb criteri.<\/p>\n<p style=\"text-align: center;\">Aquest projecte s&#8217;ha realitzat en el marc de la <a href=\"https:\/\/educaciodema.cat\/crides\/bibliorevolucio\/solucions-dels-centres\" target=\"_blank\" rel=\"noopener\">Biblio(r)evoluci\u00f3 de la Fundaci\u00f3 Jaume Bofill<\/a>.<\/p>\n<p><strong>Activitats de la Bibliorevoluci\u00f3: la Bibliocursa<\/strong><\/p>\n<div class=\"padlet-embed\" style=\"border: 1px solid rgba(0,0,0,0.1); border-radius: 2px; box-sizing: border-box; overflow: hidden; position: relative; width: 100%; background: #F4F4F4;\">\n<p style=\"padding: 0; margin: 0;\"><iframe loading=\"lazy\" style=\"width: 100%; height: 400px; display: block; padding: 0; margin: 0;\" src=\"https:\/\/padlet.com\/embed\/p73odwd8ro1c\" width=\"300\" height=\"150\" frameborder=\"0\"><\/iframe><\/p>\n<div style=\"padding: 8px; text-align: right; margin: 0;\"><a style=\"padding: 0; margin: 0; border: none; display: block; line-height: 1; height: 16px;\" href=\"https:\/\/padlet.com?ref=embed\" target=\"_blank\" rel=\"noopener\"><img loading=\"lazy\" decoding=\"async\" style=\"padding: 0; margin: 0; background: none; border: none; display: inline; box-shadow: none;\" src=\"https:\/\/resources.padletcdn.com\/assets\/made_with_padlet.png\" alt=\"Fet amb Padlet\" width=\"86\" height=\"16\" \/><\/a><\/div>\n<\/div>\n<p><strong>Us expliquem la nostra bibliorevoluci\u00f3:<\/strong><\/p>\n<table style=\"border-collapse: collapse; width: 100%;\" border=\"1\">\n<tbody>\n<tr>\n<td style=\"width: 50%; text-align: left;\"><b><iframe loading=\"lazy\" src=\"https:\/\/www.youtube.com\/embed\/13V9c_jBs3Q\" width=\"420\" height=\"236\" frameborder=\"0\" allowfullscreen=\"allowfullscreen\"><span style=\"display: inline-block; width: 0px; overflow: hidden; line-height: 0;\" data-mce-type=\"bookmark\" class=\"mce_SELRES_start\">\ufeff<\/span><\/iframe><\/b><\/td>\n<td style=\"width: 50%;\">&lt;<iframe loading=\"lazy\" src=\"https:\/\/docs.google.com\/presentation\/d\/e\/2PACX-1vSUoJg9jZPAgyjIJ5hXOYVbjELsIcp1a6VSA5B9AyX0gj8581HnED-c3WHAErgcsJwpQTj3p_-jMLF6\/embed?start=false&amp;loop=false&amp;delayms=3000\" width=\"370\" height=\"236\" frameborder=\"0\" allowfullscreen=\"allowfullscreen\"><span data-mce-type=\"bookmark\" style=\"display: inline-block; width: 0px; overflow: hidden; line-height: 0;\" class=\"mce_SELRES_start\">\ufeff<\/span><span data-mce-type=\"bookmark\" style=\"display: inline-block; width: 0px; overflow: hidden; line-height: 0;\" class=\"mce_SELRES_start\">\ufeff<\/span><span data-mce-type=\"bookmark\" style=\"display: inline-block; width: 0px; overflow: hidden; line-height: 0;\" class=\"mce_SELRES_start\">\ufeff<\/span><span data-mce-type=\"bookmark\" style=\"display: inline-block; width: 0px; overflow: hidden; line-height: 0;\" class=\"mce_SELRES_start\">\ufeff<\/span><\/iframe>\/td&gt;<\/td>\n<\/tr>\n<\/tbody>\n<\/table>\n<p><iframe loading=\"lazy\" src=\"https:\/\/docs.google.com\/presentation\/d\/e\/2PACX-1vSBFsO2qSMu1xnX88YojUbrB7MLeAEJxKyTbSKsXkZU49xzI54HKCdkWyWmTR87_2fP9PLDFBTIak3Z\/embed?start=true&amp;loop=false&amp;delayms=3000\" width=\"1000\" height=\"1300\" frameborder=\"0\" allowfullscreen=\"allowfullscreen\"><span style=\"display: inline-block; width: 0px; overflow: hidden; line-height: 0;\" data-mce-type=\"bookmark\" class=\"mce_SELRES_start\">\ufeff<\/span><span style=\"display: inline-block; width: 0px; overflow: hidden; line-height: 0;\" data-mce-type=\"bookmark\" class=\"mce_SELRES_start\">\ufeff<\/span><span style=\"display: inline-block; width: 0px; overflow: hidden; line-height: 0;\" data-mce-type=\"bookmark\" class=\"mce_SELRES_start\">\ufeff<\/span><span style=\"display: inline-block; width: 0px; overflow: hidden; line-height: 0;\" data-mce-type=\"bookmark\" class=\"mce_SELRES_start\">\ufeff<\/span><span style=\"display: inline-block; width: 0px; overflow: hidden; line-height: 0;\" data-mce-type=\"bookmark\" class=\"mce_SELRES_start\">\ufeff<\/span><span style=\"display: inline-block; width: 0px; overflow: hidden; line-height: 0;\" data-mce-type=\"bookmark\" class=\"mce_SELRES_start\">\ufeff<\/span><span style=\"display: inline-block; width: 0px; overflow: hidden; line-height: 0;\" data-mce-type=\"bookmark\" class=\"mce_SELRES_start\">\ufeff<\/span><\/iframe><\/p>\n","protected":false},"excerpt":{"rendered":"<p>Acc\u00e9s al blog de la biblioteca\u00a0 El nostre repte \u00e9s convertir la biblioteca en un centre de recursos per a l\u2019aprenentatge adaptat a l\u2019era digital que doni resposta a les necessitats de formaci\u00f3 del conjunt de la comunitat educativa. Entenem que les biblioteques no s\u00f3n espais a extingir sin\u00f3 eines imprescindibles per a l\u2019ensenyament competencial [&hellip;]<\/p>\n","protected":false},"author":1,"featured_media":0,"parent":9791,"menu_order":38,"comment_status":"closed","ping_status":"closed","template":"","meta":{"site-sidebar-layout":"default","site-content-layout":"","ast-site-content-layout":"default","site-content-style":"default","site-sidebar-style":"default","ast-global-header-display":"","ast-banner-title-visibility":"","ast-main-header-display":"","ast-hfb-above-header-display":"","ast-hfb-below-header-display":"","ast-hfb-mobile-header-display":"","site-post-title":"","ast-breadcrumbs-content":"","ast-featured-img":"","footer-sml-layout":"","theme-transparent-header-meta":"","adv-header-id-meta":"","stick-header-meta":"","header-above-stick-meta":"","header-main-stick-meta":"","header-below-stick-meta":"","astra-migrate-meta-layouts":"set","ast-page-background-enabled":"default","ast-page-background-meta":{"desktop":{"background-color":"var(--ast-global-color-4)","background-image":"","background-repeat":"repeat","background-position":"center center","background-size":"auto","background-attachment":"scroll","background-type":"","background-media":"","overlay-type":"","overlay-color":"","overlay-opacity":"","overlay-gradient":""},"tablet":{"background-color":"","background-image":"","background-repeat":"repeat","background-position":"center center","background-size":"auto","background-attachment":"scroll","background-type":"","background-media":"","overlay-type":"","overlay-color":"","overlay-opacity":"","overlay-gradient":""},"mobile":{"background-color":"","background-image":"","background-repeat":"repeat","background-position":"center center","background-size":"auto","background-attachment":"scroll","background-type":"","background-media":"","overlay-type":"","overlay-color":"","overlay-opacity":"","overlay-gradient":""}},"ast-content-background-meta":{"desktop":{"background-color":"var(--ast-global-color-5)","background-image":"","background-repeat":"repeat","background-position":"center center","background-size":"auto","background-attachment":"scroll","background-type":"","background-media":"","overlay-type":"","overlay-color":"","overlay-opacity":"","overlay-gradient":""},"tablet":{"background-color":"var(--ast-global-color-5)","background-image":"","background-repeat":"repeat","background-position":"center center","background-size":"auto","background-attachment":"scroll","background-type":"","background-media":"","overlay-type":"","overlay-color":"","overlay-opacity":"","overlay-gradient":""},"mobile":{"background-color":"var(--ast-global-color-5)","background-image":"","background-repeat":"repeat","background-position":"center center","background-size":"auto","background-attachment":"scroll","background-type":"","background-media":"","overlay-type":"","overlay-color":"","overlay-opacity":"","overlay-gradient":""}},"footnotes":""},"class_list":["post-3930","page","type-page","status-publish","hentry"],"post_mailing_queue_ids":[],"_links":{"self":[{"href":"https:\/\/agora.xtec.cat\/iespladelestany\/wp-json\/wp\/v2\/pages\/3930","targetHints":{"allow":["GET"]}}],"collection":[{"href":"https:\/\/agora.xtec.cat\/iespladelestany\/wp-json\/wp\/v2\/pages"}],"about":[{"href":"https:\/\/agora.xtec.cat\/iespladelestany\/wp-json\/wp\/v2\/types\/page"}],"author":[{"embeddable":true,"href":"https:\/\/agora.xtec.cat\/iespladelestany\/wp-json\/wp\/v2\/users\/1"}],"replies":[{"embeddable":true,"href":"https:\/\/agora.xtec.cat\/iespladelestany\/wp-json\/wp\/v2\/comments?post=3930"}],"version-history":[{"count":4,"href":"https:\/\/agora.xtec.cat\/iespladelestany\/wp-json\/wp\/v2\/pages\/3930\/revisions"}],"predecessor-version":[{"id":9796,"href":"https:\/\/agora.xtec.cat\/iespladelestany\/wp-json\/wp\/v2\/pages\/3930\/revisions\/9796"}],"up":[{"embeddable":true,"href":"https:\/\/agora.xtec.cat\/iespladelestany\/wp-json\/wp\/v2\/pages\/9791"}],"wp:attachment":[{"href":"https:\/\/agora.xtec.cat\/iespladelestany\/wp-json\/wp\/v2\/media?parent=3930"}],"curies":[{"name":"wp","href":"https:\/\/api.w.org\/{rel}","templated":true}]}}