{"id":3881,"date":"2018-11-08T13:56:13","date_gmt":"2018-11-08T12:56:13","guid":{"rendered":"http:\/\/agora.xtec.cat\/iespladelestany\/?page_id=3881"},"modified":"2026-02-26T09:07:42","modified_gmt":"2026-02-26T08:07:42","slug":"nofc","status":"publish","type":"page","link":"https:\/\/agora.xtec.cat\/iespladelestany\/linstitut\/nofc\/","title":{"rendered":"Documentaci\u00f3"},"content":{"rendered":"<p><strong>Normes d&#8217;organitzaci\u00f3 i funcionament del centre i Projecte educatiu de centre<\/strong><\/p>\n<ul>\n<li><a href=\"https:\/\/docs.google.com\/document\/d\/14zAOTTYeHHzY2jbPHnaRxA5TZ8cNLjxzlWe5uOiV97c\/preview?tab=t.0\" target=\"_blank\" rel=\"noopener\">NOFC<\/a><\/li>\n<li><a href=\"https:\/\/agora.xtec.cat\/iespladelestany\/wp-content\/uploads\/usu35\/2025\/02\/PEC.pdf\">PEC<\/a><\/li>\n<li><a href=\"https:\/\/agora.xtec.cat\/iespladelestany\/wp-content\/uploads\/usu35\/2024\/06\/PEC_Politica-de-Qualitat.pdf\">Pol\u00edtica de Qualitat<\/a><\/li>\n<\/ul>\n<p><strong>El professorat t\u00e9 disponible un extracte de la normativa al dossier del professorat. Tot seguit us anotem un breu resum per a alumnes d&#8217;ESO i Batxillerat i un altre per a Cicles Formatius<\/strong><\/p>\n<p><strong>CONSELLS I NORMES PER A UN BON CURS (ESO I BATXILLERAT)<\/strong><\/p>\n<ol>\n<li>El vostre primer dret i el vostre primer deure \u00e9s estudiar. Aix\u00f2 inclou portar el material que es necessita, atendre les instruccions del professorat, realitzar les tasques encomanades i tenir un bon comportament.\n<ul>\n<li>Un mal comportament pot fer suspendre una assignatura encara que les notes siguin bones, i implicar\u00e0 l\u2019acumulaci\u00f3 de faltes i\/o l\u2019expulsi\u00f3 de l\u2019aula i de l\u2019institut<\/li>\n<\/ul>\n<\/li>\n<li>En totes les assignatures d\u2019ESO es tindran en compte els seg\u00fcents elements per a avaluar: el comportament i l\u2019actitud davant de totes les activitats de l\u2019institut, les tasques realitzades a classe, les activitats d\u2019avaluaci\u00f3 de compet\u00e8ncies b\u00e0siques, les activitats d\u2019avaluaci\u00f3 d\u2019aprofundiment de les compet\u00e8ncies, i els deures.\n<ul>\n<li>Amb aquests elements, l\u2019avaluaci\u00f3 ser\u00e0 personalitzada<\/li>\n<\/ul>\n<\/li>\n<li>Per fer b\u00e9 les classes cal comen\u00e7ar-les a l\u2019hora i en ordre. El primer timbre \u00e9s per anar a classe, el segon per a comen\u00e7ar-la. No badeu en els canvis d\u2019aula. Si no arribeu a l\u2019hora us posaran un retard i l\u2019acumulaci\u00f3 de retards suposa una falta. \u00c9s el professor el que autoritza a acabar la classe i sortir de l\u2019aula. A la darrera hora de classe deixeu l\u2019aula ordenada i amb les cadires a sobre de la taula.<\/li>\n<li>Si un dia no podeu anar a classe, cal trucar al mat\u00ed per avisar (telf. 972580793). Si aquell dia teniu alguna prova, el professor us podr\u00e0 demanar que justifiqueu l\u2019abs\u00e8ncia amb un justificant m\u00e8dic o document oficial.<\/li>\n<li>Us recomanem que porteu una mica de menjar per a l\u2019hora d\u2019esbarjo (tamb\u00e9 el podeu comprar al bar). Tanmateix, no es pot menjar dins de l\u2019edifici, nom\u00e9s al pati.<\/li>\n<li>No \u00e9s necessari portar el m\u00f2bil a l\u2019institut i en cap cas es pot fer servir per a res dins de l\u2019edifici, a menys que el professor ho indiqui. El podeu fer servir al pati, per\u00f2 no per gravar o fer fotos a altres alumnes o professors i menys per publicar aquestes imatges a les xarxes socials. Fer-ho suposa una falta greu.<\/li>\n<li>No us baralleu sota cap concepte, ja que, a part que podeu prendre mal, sereu sancionats. En cas de tenir algun conflicte acudiu a un professor. Hi ha un servei de mediaci\u00f3 que us ajudar\u00e0 a fer les paus.<\/li>\n<li>Est\u00e0 absolutament prohibit per als alumnes de totes les edats portar, consumir o convidar \/ incitar a altres al consum de tabac, alcohol o qualsevol tipus de droga. Aquesta prohibici\u00f3 s\u2019est\u00e9n a tot el recinte del centre i als seus accessos. Incomplir-ho suposa una falta molt greu.<\/li>\n<li>Per a facilitar la identificaci\u00f3 de tots els alumnes, evitar riscos en la realitzaci\u00f3 d\u2019activitats de taller i laboratori, i evitar la picaresca a les proves d\u2019avaluaci\u00f3:\n<ul>\n<li>No es permet accedir al recinte de l\u2019institut amb el cap cobert amb gorres, caputxes posades, cascos, ni res semblant.<\/li>\n<li>La direcci\u00f3 autoritzar\u00e0 a l\u2019alumnat de les fam\u00edlies que per raons religioses o de consci\u00e8ncia ho demanin a portar el cap tapat amb un mocador no gaire gran que permeti de visualitzar la cara, les orelles i les espatlles.<\/li>\n<li>L\u2019alumnat amb cabells llargs se\u2019l recollir\u00e0 a indicaci\u00f3 del professorat<\/li>\n<\/ul>\n<\/li>\n<\/ol>\n<p><strong>CONSELLS I NORMES PER A UN BON CURS (CICLES FORMATIUS)<\/strong><\/p>\n<ol>\n<li>El vostre primer dret i el vostre primer deure \u00e9s estudiar. Aix\u00f2 inclou portar el material que es necessita, atendre les instruccions del professorat, realitzar les tasques encomanades i tenir un bon comportament.\n<ul>\n<li>Un mal comportament pot fer suspendre una assignatura encara que les notes siguin bones, i implicar\u00e0 l\u2019acumulaci\u00f3 de faltes i\/o l\u2019expulsi\u00f3 de l\u2019aula i de l\u2019institut<\/li>\n<\/ul>\n<\/li>\n<li>Per fer b\u00e9 les classes cal comen\u00e7ar-les a l\u2019hora i en ordre. El primer timbre \u00e9s per anar a classe, el segon per a comen\u00e7ar-la. No badeu en els canvis d\u2019aula. Si no arribeu a l\u2019hora us posaran un retard i l\u2019acumulaci\u00f3 de retards suposa una falta. \u00c9s el professor el que autoritza a acabar la classe i sortir de l\u2019aula. A la darrera hora de classe deixeu l\u2019aula ordenada i amb les cadires a sobre de la taula.<\/li>\n<li>Si un dia no podeu anar a classe, cal trucar per avisar (telf. 972580793). Si aquell dia teniu alguna prova, el professor us podr\u00e0 demanar que justifiqueu l\u2019abs\u00e8ncia amb un justificant m\u00e8dic o document oficial.<\/li>\n<li>Si porteu menjar, tingueu en compte que no es pot menjar dins de l\u2019edifici, nom\u00e9s al pati.<\/li>\n<li>En cap cas es pot fer servir el m\u00f2bil dins de l\u2019edifici, a menys que el professor ho indiqui. El podeu fer servir al pati, per\u00f2 no per gravar o fer fotos a altres alumnes o professors i menys per publicar aquestes imatges a les xarxes socials. Fer-ho suposa una falta greu.<\/li>\n<li>Tampoc es pot fer servir cap altre aparell electr\u00f2nic ni semblant dins de l\u2019edifici ni dins de les classes, com ara cascos de m\u00fasica o semblants, a menys que el professorat ho autoritzi de manera extraordin\u00e0ria i temporal.<\/li>\n<li>Les baralles s\u00f3n sancionades. En cas de tenir algun conflicte acudiu a un professor. Hi ha un servei de mediaci\u00f3 que us ajudar\u00e0 a fer les paus.<\/li>\n<li>Est\u00e0 absolutament prohibit per als alumnes de totes les edats portar, consumir o convidar \/ incitar a altres al consum de tabac, alcohol o qualsevol tipus de droga. Aquesta prohibici\u00f3 s\u2019est\u00e9n a tot el recinte del centre i als seus accessos. Incomplir-ho suposa una falta molt greu.<\/li>\n<li>Per a facilitar la identificaci\u00f3 de tots els alumnes, evitar riscos en la realitzaci\u00f3 d\u2019activitats de taller i laboratori, i evitar la picaresca a les proves d\u2019avaluaci\u00f3:\n<ul>\n<li>No es permet accedir al recinte de l\u2019institut amb el cap cobert amb gorres, caputxes posades, cascos, ni res semblant.<\/li>\n<li>La direcci\u00f3 autoritzar\u00e0 a l\u2019alumnat de les fam\u00edlies que per raons religioses o de consci\u00e8ncia ho demanin a portar el cap tapat amb un mocador no gaire gran que permeti de visualitzar la cara, les orelles i les espatlles.<\/li>\n<li>L\u2019alumnat amb cabells llargs se\u2019l recollir\u00e0 a indicaci\u00f3 del professorat<\/li>\n<\/ul>\n<\/li>\n<\/ol>\n","protected":false},"excerpt":{"rendered":"<p>Normes d&#8217;organitzaci\u00f3 i funcionament del centre i Projecte educatiu de centre NOFC PEC Pol\u00edtica de Qualitat El professorat t\u00e9 disponible un extracte de la normativa al dossier del professorat. Tot seguit us anotem un breu resum per a alumnes d&#8217;ESO i Batxillerat i un altre per a Cicles Formatius CONSELLS I NORMES PER A UN [&hellip;]<\/p>\n","protected":false},"author":1,"featured_media":0,"parent":19,"menu_order":4,"comment_status":"closed","ping_status":"closed","template":"","meta":{"site-sidebar-layout":"default","site-content-layout":"","ast-site-content-layout":"default","site-content-style":"default","site-sidebar-style":"default","ast-global-header-display":"","ast-banner-title-visibility":"","ast-main-header-display":"","ast-hfb-above-header-display":"","ast-hfb-below-header-display":"","ast-hfb-mobile-header-display":"","site-post-title":"","ast-breadcrumbs-content":"","ast-featured-img":"","footer-sml-layout":"","theme-transparent-header-meta":"","adv-header-id-meta":"","stick-header-meta":"","header-above-stick-meta":"","header-main-stick-meta":"","header-below-stick-meta":"","astra-migrate-meta-layouts":"set","ast-page-background-enabled":"default","ast-page-background-meta":{"desktop":{"background-color":"var(--ast-global-color-4)","background-image":"","background-repeat":"repeat","background-position":"center center","background-size":"auto","background-attachment":"scroll","background-type":"","background-media":"","overlay-type":"","overlay-color":"","overlay-opacity":"","overlay-gradient":""},"tablet":{"background-color":"","background-image":"","background-repeat":"repeat","background-position":"center center","background-size":"auto","background-attachment":"scroll","background-type":"","background-media":"","overlay-type":"","overlay-color":"","overlay-opacity":"","overlay-gradient":""},"mobile":{"background-color":"","background-image":"","background-repeat":"repeat","background-position":"center center","background-size":"auto","background-attachment":"scroll","background-type":"","background-media":"","overlay-type":"","overlay-color":"","overlay-opacity":"","overlay-gradient":""}},"ast-content-background-meta":{"desktop":{"background-color":"var(--ast-global-color-5)","background-image":"","background-repeat":"repeat","background-position":"center center","background-size":"auto","background-attachment":"scroll","background-type":"","background-media":"","overlay-type":"","overlay-color":"","overlay-opacity":"","overlay-gradient":""},"tablet":{"background-color":"var(--ast-global-color-5)","background-image":"","background-repeat":"repeat","background-position":"center center","background-size":"auto","background-attachment":"scroll","background-type":"","background-media":"","overlay-type":"","overlay-color":"","overlay-opacity":"","overlay-gradient":""},"mobile":{"background-color":"var(--ast-global-color-5)","background-image":"","background-repeat":"repeat","background-position":"center center","background-size":"auto","background-attachment":"scroll","background-type":"","background-media":"","overlay-type":"","overlay-color":"","overlay-opacity":"","overlay-gradient":""}},"footnotes":""},"class_list":["post-3881","page","type-page","status-publish","hentry"],"post_mailing_queue_ids":[],"_links":{"self":[{"href":"https:\/\/agora.xtec.cat\/iespladelestany\/wp-json\/wp\/v2\/pages\/3881","targetHints":{"allow":["GET"]}}],"collection":[{"href":"https:\/\/agora.xtec.cat\/iespladelestany\/wp-json\/wp\/v2\/pages"}],"about":[{"href":"https:\/\/agora.xtec.cat\/iespladelestany\/wp-json\/wp\/v2\/types\/page"}],"author":[{"embeddable":true,"href":"https:\/\/agora.xtec.cat\/iespladelestany\/wp-json\/wp\/v2\/users\/1"}],"replies":[{"embeddable":true,"href":"https:\/\/agora.xtec.cat\/iespladelestany\/wp-json\/wp\/v2\/comments?post=3881"}],"version-history":[{"count":6,"href":"https:\/\/agora.xtec.cat\/iespladelestany\/wp-json\/wp\/v2\/pages\/3881\/revisions"}],"predecessor-version":[{"id":9904,"href":"https:\/\/agora.xtec.cat\/iespladelestany\/wp-json\/wp\/v2\/pages\/3881\/revisions\/9904"}],"up":[{"embeddable":true,"href":"https:\/\/agora.xtec.cat\/iespladelestany\/wp-json\/wp\/v2\/pages\/19"}],"wp:attachment":[{"href":"https:\/\/agora.xtec.cat\/iespladelestany\/wp-json\/wp\/v2\/media?parent=3881"}],"curies":[{"name":"wp","href":"https:\/\/api.w.org\/{rel}","templated":true}]}}