{"id":350,"date":"2015-11-10T11:54:32","date_gmt":"2015-11-10T10:54:32","guid":{"rendered":"http:\/\/agora.xtec.cat\/iespladelestany\/?page_id=350"},"modified":"2025-10-30T22:11:20","modified_gmt":"2025-10-30T21:11:20","slug":"smx","status":"publish","type":"page","link":"https:\/\/agora.xtec.cat\/iespladelestany\/estudis\/formacio-professional\/cicles-formatius-de-grau-mitja\/smx\/","title":{"rendered":"Sistemes microinform\u00e0tics i xarxes (SMX)"},"content":{"rendered":"<p class=\"m_-3605087075955792947gmail-MsoNoSpacing\"><span lang=\"CA\">Al nostre centre, i dins la fam\u00edlia d\u2019inform\u00e0tica, s\u2019ofereixen els estudis dels cicles de Sistemes Microinform\u00e0tics i Xarxes (Grau Mitj\u00e0) i el de Desenvolupament d\u2019Aplicacions Multiplataforma (Grau Superior).<\/span><\/p>\n<p class=\"m_-3605087075955792947gmail-MsoNoSpacing\"><span lang=\"CA\">El cicle de Sistemes Microinform\u00e0tics i Xarxes, dona als alumnes que han acabat l\u2019ESO la possibilitat d\u2019obtenir un t\u00edtol de t\u00e8cnic. A partir d\u2019aqu\u00ed poden optar per incorporar-se al m\u00f3n laboral, estant capacitats per a configurar i mantenir sistemes inform\u00e0tics i xarxes d\u2019ordinadors. Tamb\u00e9 poden optar per continuar els seus estudis i una opci\u00f3 l\u00f2gica \u00e9s matricular-se en el cicle de Desenvolupament d\u2019Aplicacions Multiplataforma, que tamb\u00e9 poden cursar en aquest institut. <a href=\"https:\/\/drive.google.com\/file\/d\/1c-7ntLo6KJ8PI8JpjDluKEZnxI30K1a-\/view?usp=sharing\" target=\"_blank\" rel=\"noopener noreferrer\">Informaci\u00f3 oficial del CFGM SMX<\/a><br \/>\n<\/span><\/p>\n<p class=\"m_-3605087075955792947gmail-MsoNoSpacing\"><span lang=\"CA\">El cicle de Desenvolupament d\u2019Aplicacions Multiplataforma capacita als alumnes per a desenvolupar i mantenir aplicacions inform\u00e0tiques en les diverses plataformes tecnol\u00f2giques modernes. Quan l\u2019alumne el supera, obt\u00e9 el t\u00edtol de t\u00e8cnic superior. Aquest cicle s\u2019imparteix en modalitat dual. Els alumnes fan pr\u00e0ctiques a les empreses cobrant un sou.<\/span><\/p>\n<p><iframe loading=\"lazy\" title=\"YouTube video player\" src=\"https:\/\/www.youtube.com\/embed\/UKO2FUldoCU?si=t5lvHtkozj5FHs0B\" width=\"560\" height=\"315\" frameborder=\"0\" allowfullscreen=\"allowfullscreen\"><\/iframe><\/p>\n<div><\/div>\n<div>\n<div><b>Distribuci\u00f3 dels M\u00f2duls Professionals<\/b><\/div>\n<div><\/div>\n<div><\/div>\n<table width=\"604\">\n<thead>\n<tr>\n<td colspan=\"4\">\n<h5 style=\"text-align: center;\"><strong>1r Curs<\/strong><\/h5>\n<\/td>\n<\/tr>\n<tr>\n<td width=\"326\"><\/td>\n<td style=\"text-align: center;\" width=\"106\"><strong>Hores al centre educatiu<\/strong><\/td>\n<td style=\"text-align: center;\" width=\"106\"><strong>Hores d\u2019estada a l\u2019empresa<\/strong><\/td>\n<td style=\"text-align: center;\" width=\"67\"><strong>Hores totals<\/strong><\/td>\n<\/tr>\n<\/thead>\n<tbody>\n<tr>\n<td width=\"326\">0221. Muntatge i manteniment d\u2019equips.<\/td>\n<td style=\"text-align: center;\" width=\"106\">132<\/td>\n<td style=\"text-align: center;\" width=\"106\">99<\/td>\n<td style=\"text-align: center;\" width=\"67\">231<\/td>\n<\/tr>\n<tr>\n<td width=\"326\">0222. Sistemes operatius monolloc.<\/td>\n<td style=\"text-align: center;\" width=\"106\">99<\/td>\n<td style=\"text-align: center;\" width=\"106\">33<\/td>\n<td style=\"text-align: center;\" width=\"67\">132<\/td>\n<\/tr>\n<tr>\n<td width=\"326\">0223. Aplicacions ofim\u00e0tiques.<\/td>\n<td style=\"text-align: center;\" width=\"106\">99<\/td>\n<td style=\"text-align: center;\" width=\"106\">99<\/td>\n<td style=\"text-align: center;\" width=\"67\">198<\/td>\n<\/tr>\n<tr>\n<td width=\"326\">0225. Xarxes locals.<\/td>\n<td style=\"text-align: center;\" width=\"106\">132<\/td>\n<td style=\"text-align: center;\" width=\"106\">66<\/td>\n<td style=\"text-align: center;\" width=\"67\">198<\/td>\n<\/tr>\n<tr>\n<td width=\"326\">0156. Angl\u00e8s professional.<\/td>\n<td style=\"text-align: center;\" width=\"106\">66<\/td>\n<td style=\"text-align: center;\" width=\"106\"><\/td>\n<td style=\"text-align: center;\" width=\"67\">66<\/td>\n<\/tr>\n<tr>\n<td width=\"326\">1664. Digitalitzaci\u00f3 aplicada als sectors productius.<\/td>\n<td style=\"text-align: center;\" width=\"106\">33<\/td>\n<td style=\"text-align: center;\" width=\"106\"><\/td>\n<td style=\"text-align: center;\" width=\"67\">33<\/td>\n<\/tr>\n<tr>\n<td width=\"326\">1708. Sostenibilitat aplicada al sistema productiu.<\/td>\n<td style=\"text-align: center;\" width=\"106\">33<\/td>\n<td style=\"text-align: center;\" width=\"106\"><\/td>\n<td style=\"text-align: center;\" width=\"67\">33<\/td>\n<\/tr>\n<tr>\n<td width=\"326\">1709. Itinerari personal a l&#8217;ocupabilitat I.<\/td>\n<td style=\"text-align: center;\" width=\"106\">99<\/td>\n<td style=\"text-align: center;\" width=\"106\"><\/td>\n<td style=\"text-align: center;\" width=\"67\">99<\/td>\n<\/tr>\n<tr>\n<td width=\"326\">M\u00f2dul professional optatiu &#8211; Introducci\u00f3 a la programaci\u00f3<\/td>\n<td style=\"text-align: center;\" width=\"106\">99<\/td>\n<td style=\"text-align: center;\" width=\"106\"><\/td>\n<td style=\"text-align: center;\" width=\"67\">99<\/td>\n<\/tr>\n<tr>\n<td width=\"326\">\n<p style=\"text-align: right;\"><strong>Total<\/strong><\/p>\n<\/td>\n<td style=\"text-align: center;\" width=\"106\">792<\/td>\n<td style=\"text-align: center;\" width=\"106\">297<\/td>\n<td style=\"text-align: center;\" width=\"67\">1089<\/td>\n<\/tr>\n<tr>\n<td width=\"326\">Tutoria<\/td>\n<td style=\"text-align: center;\" width=\"106\">33<\/td>\n<td style=\"text-align: center;\" width=\"106\"><\/td>\n<td style=\"text-align: center;\" width=\"67\">33<\/td>\n<\/tr>\n<tr>\n<td width=\"326\">\n<p style=\"text-align: right;\"><strong>Total primer curs<\/strong><\/p>\n<\/td>\n<td style=\"text-align: center;\" width=\"106\">825<\/td>\n<td style=\"text-align: center;\" width=\"106\">297<\/td>\n<td style=\"text-align: center;\" width=\"67\">1122<\/td>\n<\/tr>\n<\/tbody>\n<\/table>\n<div>\n<table style=\"width: 595px;\" width=\"604\">\n<thead>\n<tr>\n<td style=\"width: 318px;\" colspan=\"4\">\n<h5 style=\"text-align: center;\"><strong>2n Curs<\/strong><\/h5>\n<\/td>\n<\/tr>\n<tr>\n<td style=\"width: 318px;\" width=\"330\"><\/td>\n<td style=\"text-align: center; width: 105px;\" width=\"106\"><strong>Hores al centre educatiu<\/strong><\/td>\n<td style=\"text-align: center; width: 105px;\" width=\"106\"><strong>Hores d\u2019estada a l\u2019empresa<\/strong><\/td>\n<td style=\"text-align: center; width: 67px;\" width=\"67\"><strong>Hores totals<\/strong><\/td>\n<\/tr>\n<\/thead>\n<tbody>\n<tr>\n<td style=\"width: 318px;\" width=\"330\">0224. Sistemes operatius en xarxa.<\/td>\n<td style=\"width: 105px; text-align: center;\" width=\"104\">132<\/td>\n<td style=\"width: 105px; text-align: center;\" width=\"104\">66<\/td>\n<td style=\"width: 67px; text-align: center;\" width=\"66\">198<\/td>\n<\/tr>\n<tr>\n<td style=\"width: 318px;\" width=\"330\">0226. Seguretat inform\u00e0tica.<\/td>\n<td style=\"width: 105px; text-align: center;\" width=\"104\">99<\/td>\n<td style=\"width: 105px; text-align: center;\" width=\"104\">33<\/td>\n<td style=\"width: 67px; text-align: center;\" width=\"66\">132<\/td>\n<\/tr>\n<tr>\n<td style=\"width: 318px;\" width=\"330\">0227. Serveis de xarxa.<\/td>\n<td style=\"width: 105px; text-align: center;\" width=\"104\">132<\/td>\n<td style=\"width: 105px; text-align: center;\" width=\"104\">66<\/td>\n<td style=\"width: 67px; text-align: center;\" width=\"66\">198<\/td>\n<\/tr>\n<tr>\n<td style=\"width: 318px;\" width=\"330\">0228. Aplicacions web.<\/td>\n<td style=\"width: 105px; text-align: center;\" width=\"104\">66<\/td>\n<td style=\"width: 105px; text-align: center;\" width=\"104\">53<\/td>\n<td style=\"width: 67px; text-align: center;\" width=\"66\">119<\/td>\n<\/tr>\n<tr>\n<td style=\"width: 318px;\" width=\"330\">1710. Itinerari personal a l&#8217;ocupabilitat II.<\/td>\n<td style=\"width: 105px; text-align: center;\" width=\"104\">66<\/td>\n<td style=\"width: 105px; text-align: center;\" width=\"104\"><\/td>\n<td style=\"width: 67px; text-align: center;\" width=\"66\">66<\/td>\n<\/tr>\n<tr>\n<td style=\"width: 318px;\" width=\"330\">1713. Projecte intermodular.<\/td>\n<td style=\"width: 105px; text-align: center;\" width=\"104\">198<\/td>\n<td style=\"width: 105px; text-align: center;\" width=\"104\"><\/td>\n<td style=\"width: 67px; text-align: center;\" width=\"66\">198<\/td>\n<\/tr>\n<tr>\n<td style=\"width: 318px;\" width=\"330\">\n<p style=\"text-align: right;\"><strong>Total<\/strong><\/p>\n<\/td>\n<td style=\"width: 105px; text-align: center;\" width=\"104\">693<\/td>\n<td style=\"width: 105px; text-align: center;\" width=\"104\">218<\/td>\n<td style=\"width: 67px; text-align: center;\" width=\"66\">911<\/td>\n<\/tr>\n<tr>\n<td style=\"width: 318px;\" width=\"330\">Tutoria<\/td>\n<td style=\"width: 105px; text-align: center;\" width=\"104\">33<\/td>\n<td style=\"width: 105px; text-align: center;\" width=\"104\"><\/td>\n<td style=\"width: 67px; text-align: center;\" width=\"66\">33<\/td>\n<\/tr>\n<tr>\n<td style=\"width: 318px;\" width=\"330\">\n<p style=\"text-align: right;\"><strong>Total segon curs<\/strong><\/p>\n<\/td>\n<td style=\"width: 105px; text-align: center;\" width=\"104\">726<\/td>\n<td style=\"width: 105px; text-align: center;\" width=\"104\">218<\/td>\n<td style=\"width: 67px; text-align: center;\" width=\"66\">944<\/td>\n<\/tr>\n<\/tbody>\n<\/table>\n<\/div>\n<\/div>\n<div><\/div>\n<div><b>CURR\u00cdCULUM<\/b><\/div>\n<p>Podeu consultar el curr\u00edculum oficial del cicle <a href=\"https:\/\/xtec.gencat.cat\/ca\/curriculum\/professionals\/fp\/titolsloe\/infcomunicacions\/\" target=\"_blank\" rel=\"noopener noreferrer\">aqu\u00ed<\/a><\/p>\n<p><b>SORTIDES<\/b> (algunes)<br \/>\nMare Nostrum (Barcelona)<br \/>\nServeis Web (Fornells de la Selva)<br \/>\nDiputaci\u00f3 de Girona<\/p>\n<p><b>PROJECTES SOLIDARIS<\/b><br \/>\nDonaci\u00f3 de sang<\/p>\n","protected":false},"excerpt":{"rendered":"<p>Al nostre centre, i dins la fam\u00edlia d\u2019inform\u00e0tica, s\u2019ofereixen els estudis dels cicles de Sistemes Microinform\u00e0tics i Xarxes (Grau Mitj\u00e0) i el de Desenvolupament d\u2019Aplicacions Multiplataforma (Grau Superior). El cicle de Sistemes Microinform\u00e0tics i Xarxes, dona als alumnes que han acabat l\u2019ESO la possibilitat d\u2019obtenir un t\u00edtol de t\u00e8cnic. A partir d\u2019aqu\u00ed poden optar per [&hellip;]<\/p>\n","protected":false},"author":1,"featured_media":0,"parent":9584,"menu_order":3,"comment_status":"closed","ping_status":"closed","template":"","meta":{"site-sidebar-layout":"default","site-content-layout":"","ast-site-content-layout":"default","site-content-style":"default","site-sidebar-style":"default","ast-global-header-display":"","ast-banner-title-visibility":"","ast-main-header-display":"","ast-hfb-above-header-display":"","ast-hfb-below-header-display":"","ast-hfb-mobile-header-display":"","site-post-title":"","ast-breadcrumbs-content":"","ast-featured-img":"","footer-sml-layout":"","theme-transparent-header-meta":"","adv-header-id-meta":"","stick-header-meta":"","header-above-stick-meta":"","header-main-stick-meta":"","header-below-stick-meta":"","astra-migrate-meta-layouts":"set","ast-page-background-enabled":"default","ast-page-background-meta":{"desktop":{"background-color":"var(--ast-global-color-4)","background-image":"","background-repeat":"repeat","background-position":"center center","background-size":"auto","background-attachment":"scroll","background-type":"","background-media":"","overlay-type":"","overlay-color":"","overlay-opacity":"","overlay-gradient":""},"tablet":{"background-color":"","background-image":"","background-repeat":"repeat","background-position":"center center","background-size":"auto","background-attachment":"scroll","background-type":"","background-media":"","overlay-type":"","overlay-color":"","overlay-opacity":"","overlay-gradient":""},"mobile":{"background-color":"","background-image":"","background-repeat":"repeat","background-position":"center center","background-size":"auto","background-attachment":"scroll","background-type":"","background-media":"","overlay-type":"","overlay-color":"","overlay-opacity":"","overlay-gradient":""}},"ast-content-background-meta":{"desktop":{"background-color":"var(--ast-global-color-5)","background-image":"","background-repeat":"repeat","background-position":"center center","background-size":"auto","background-attachment":"scroll","background-type":"","background-media":"","overlay-type":"","overlay-color":"","overlay-opacity":"","overlay-gradient":""},"tablet":{"background-color":"var(--ast-global-color-5)","background-image":"","background-repeat":"repeat","background-position":"center center","background-size":"auto","background-attachment":"scroll","background-type":"","background-media":"","overlay-type":"","overlay-color":"","overlay-opacity":"","overlay-gradient":""},"mobile":{"background-color":"var(--ast-global-color-5)","background-image":"","background-repeat":"repeat","background-position":"center center","background-size":"auto","background-attachment":"scroll","background-type":"","background-media":"","overlay-type":"","overlay-color":"","overlay-opacity":"","overlay-gradient":""}},"footnotes":""},"class_list":["post-350","page","type-page","status-publish","hentry"],"post_mailing_queue_ids":[],"_links":{"self":[{"href":"https:\/\/agora.xtec.cat\/iespladelestany\/wp-json\/wp\/v2\/pages\/350","targetHints":{"allow":["GET"]}}],"collection":[{"href":"https:\/\/agora.xtec.cat\/iespladelestany\/wp-json\/wp\/v2\/pages"}],"about":[{"href":"https:\/\/agora.xtec.cat\/iespladelestany\/wp-json\/wp\/v2\/types\/page"}],"author":[{"embeddable":true,"href":"https:\/\/agora.xtec.cat\/iespladelestany\/wp-json\/wp\/v2\/users\/1"}],"replies":[{"embeddable":true,"href":"https:\/\/agora.xtec.cat\/iespladelestany\/wp-json\/wp\/v2\/comments?post=350"}],"version-history":[{"count":6,"href":"https:\/\/agora.xtec.cat\/iespladelestany\/wp-json\/wp\/v2\/pages\/350\/revisions"}],"predecessor-version":[{"id":9594,"href":"https:\/\/agora.xtec.cat\/iespladelestany\/wp-json\/wp\/v2\/pages\/350\/revisions\/9594"}],"up":[{"embeddable":true,"href":"https:\/\/agora.xtec.cat\/iespladelestany\/wp-json\/wp\/v2\/pages\/9584"}],"wp:attachment":[{"href":"https:\/\/agora.xtec.cat\/iespladelestany\/wp-json\/wp\/v2\/media?parent=350"}],"curies":[{"name":"wp","href":"https:\/\/api.w.org\/{rel}","templated":true}]}}