{"id":335,"date":"2015-11-10T09:13:30","date_gmt":"2015-11-10T08:13:30","guid":{"rendered":"http:\/\/agora.xtec.cat\/iespladelestany\/?page_id=335"},"modified":"2025-11-14T11:36:38","modified_gmt":"2025-11-14T10:36:38","slug":"batxillerat","status":"publish","type":"page","link":"https:\/\/agora.xtec.cat\/iespladelestany\/estudis\/batxillerat\/","title":{"rendered":"Batxillerat"},"content":{"rendered":"\n<p><\/p>\n\n\n\n<div class=\"wp-block-getwid-accordion has-icon-left\" data-active-element=\"0\">\n<div class=\"wp-block-getwid-accordion__header-wrapper\"><span class=\"wp-block-getwid-accordion__header\"><a href=\"#\"><span class=\"wp-block-getwid-accordion__header-title\">El Batxillerat<\/span><span class=\"wp-block-getwid-accordion__icon is-active\"><i class=\"fas fa-plus\"><\/i><\/span><span class=\"wp-block-getwid-accordion__icon is-passive\"><i class=\"fas fa-minus\"><\/i><\/span><\/a><\/span><\/div><div class=\"wp-block-getwid-accordion__content-wrapper\"><div class=\"wp-block-getwid-accordion__content\">\n<p>El <strong>Batxillerat<\/strong> \u00e9s una etapa educativa postobligat\u00f2ria de <strong>dos cursos acad\u00e8mics<\/strong> que t\u00e9 com a finalitat proporcionar a l\u2019alumnat una <strong>formaci\u00f3 general, madura i cr\u00edtica<\/strong>, aix\u00ed com preparar-lo per a estudis posteriors, tant <strong>universitaris<\/strong> com <strong>cicles formatius de grau superior<\/strong>.<\/p>\n\n\n\n<p>A l\u2019Institut Pla de l\u2019Estany oferim un <strong>Batxillerat orientat al desenvolupament personal i acad\u00e8mic<\/strong>, amb un equip docent comprom\u00e8s i proper, que acompanya l\u2019alumnat en el seu proc\u00e9s d\u2019aprenentatge i en la presa de decisions sobre el seu futur.<\/p>\n\n\n\n<div class=\"wp-block-buttons is-content-justification-center is-layout-flex wp-container-core-buttons-is-layout-1 wp-block-buttons-is-layout-flex\">\n<div class=\"wp-block-button\"><a class=\"wp-block-button__link wp-element-button\" href=\"https:\/\/docs.google.com\/document\/d\/1CwvFm4BOk63s7Ugvh483PZ85gLGFIMPi\/edit?usp=sharing&amp;ouid=113864337751631125647&amp;rtpof=true&amp;sd=true\">Guia del Batxillerat 2025-2027<\/a><\/div>\n<\/div>\n<\/div><\/div>\n\n\n\n<div class=\"wp-block-getwid-accordion__header-wrapper\"><span class=\"wp-block-getwid-accordion__header\"><a href=\"#\"><span class=\"wp-block-getwid-accordion__header-title\">Objectius<\/span><span class=\"wp-block-getwid-accordion__icon is-active\"><i class=\"fas fa-plus\"><\/i><\/span><span class=\"wp-block-getwid-accordion__icon is-passive\"><i class=\"fas fa-minus\"><\/i><\/span><\/a><\/span><\/div><div class=\"wp-block-getwid-accordion__content-wrapper\"><div class=\"wp-block-getwid-accordion__content\">\n<ul class=\"wp-block-list\">\n<li>Consolidar una <strong>formaci\u00f3 cultural i cient\u00edfica s\u00f2lida<\/strong>.<\/li>\n\n\n\n<li>Potenciar la <strong>capacitat d\u2019an\u00e0lisi, reflexi\u00f3 i expressi\u00f3<\/strong>.<\/li>\n\n\n\n<li>Fomentar el <strong>pensament cr\u00edtic, la creativitat i l\u2019autonomia personal<\/strong>.<\/li>\n\n\n\n<li>Orientar l\u2019alumnat cap a <strong>estudis superiors o la incorporaci\u00f3 al m\u00f3n laboral<\/strong>.<\/li>\n\n\n\n<li>Promoure valors de <strong>conviv\u00e8ncia, responsabilitat i comprom\u00eds social<\/strong>.<\/li>\n<\/ul>\n<\/div><\/div>\n\n\n\n<div class=\"wp-block-getwid-accordion__header-wrapper\"><span class=\"wp-block-getwid-accordion__header\"><a href=\"#\"><span class=\"wp-block-getwid-accordion__header-title\">Itineraris i modalitats<\/span><span class=\"wp-block-getwid-accordion__icon is-active\"><i class=\"fas fa-plus\"><\/i><\/span><span class=\"wp-block-getwid-accordion__icon is-passive\"><i class=\"fas fa-minus\"><\/i><\/span><\/a><\/span><\/div><div class=\"wp-block-getwid-accordion__content-wrapper\"><div class=\"wp-block-getwid-accordion__content\">\n<p>El nostre centre ofereix diferents <strong>modalitats i itineraris<\/strong> per adaptar-se als interessos i objectius de cada alumne\/a, facilitant una formaci\u00f3 coherent amb els estudis posteriors que vulgui cursar.<\/p>\n\n\n\n<ul class=\"wp-block-list\">\n<li><strong>Batxillerat cient\u00edfic-tecnol\u00f2gic<\/strong>: Enfocat a l\u2019\u00e0mbit de les ci\u00e8ncies experimentals, la salut, la tecnologia i l\u2019enginyeria.<\/li>\n\n\n\n<li><strong>Batxillerat human\u00edstic i social<\/strong>: Dirigit a l\u2019alumnat interessat en les ci\u00e8ncies socials, la gesti\u00f3, les humanitats i la comunicaci\u00f3.<\/li>\n<\/ul>\n<\/div><\/div>\n\n\n\n<div class=\"wp-block-getwid-accordion__header-wrapper\"><span class=\"wp-block-getwid-accordion__header\"><a href=\"#\"><span class=\"wp-block-getwid-accordion__header-title\">El treball de recerca<\/span><span class=\"wp-block-getwid-accordion__icon is-active\"><i class=\"fas fa-plus\"><\/i><\/span><span class=\"wp-block-getwid-accordion__icon is-passive\"><i class=\"fas fa-minus\"><\/i><\/span><\/a><\/span><\/div><div class=\"wp-block-getwid-accordion__content-wrapper\"><div class=\"wp-block-getwid-accordion__content\">\n<p>\u00c9s una investigaci\u00f3 dirigida per un docent tutor. El treball de recerca \u00e9s un treball d&#8217;investigaci\u00f3 que ha de realitzar tot l&#8217;alumnat de batxillerat. Es comen\u00e7a 1r de Batxillerat i s&#8217;acaba a 2n. Aquest treball:<\/p>\n\n\n\n<ul class=\"wp-block-list\">\n<li>Pot estar emmarcat dins d&#8217;una mat\u00e8ria o pot ser interdisciplinari<\/li>\n\n\n\n<li>Equival a 2 cr\u00e8dits i representa el 10% de la qualificaci\u00f3 final del batxillerat.<\/li>\n\n\n\n<li>S&#8217;avalua tenint en compte l&#8217;actuaci\u00f3 durant la realitzaci\u00f3 del treball, l&#8217;informe escrit i la presentaci\u00f3 oral.<\/li>\n<\/ul>\n<\/div><\/div>\n\n\n\n<div class=\"wp-block-getwid-accordion__header-wrapper\"><span class=\"wp-block-getwid-accordion__header\"><a href=\"#\"><span class=\"wp-block-getwid-accordion__header-title\">Criteris d&#8217;avaluaci\u00f3<\/span><span class=\"wp-block-getwid-accordion__icon is-active\"><i class=\"fas fa-plus\"><\/i><\/span><span class=\"wp-block-getwid-accordion__icon is-passive\"><i class=\"fas fa-minus\"><\/i><\/span><\/a><\/span><\/div><div class=\"wp-block-getwid-accordion__content-wrapper\"><div class=\"wp-block-getwid-accordion__content\">\n<p>Us podeu descarregar els resums de les programacions i els criteris d&#8217;avaluaci\u00f3 de totes les mat\u00e8ries (Cal correu de domini inspladelestany.cat):<\/p>\n\n\n\n<ul class=\"wp-block-list\">\n<li><a href=\"https:\/\/docs.google.com\/document\/d\/12cP39W14_PwQTbx_Z18EOcm9giao-SR70cUIfL1yknI\/edit?usp=sharing\" target=\"_blank\" rel=\"noopener noreferrer\">1r de Batxillerat<\/a><\/li>\n\n\n\n<li><a href=\"https:\/\/docs.google.com\/document\/d\/12VIAzYCANxK8iDfNklksZLDxEJ6Apw5Rc1iASvOtE0Y\/edit?usp=sharing\" target=\"_blank\" rel=\"noreferrer noopener\">2n de Batxillerat<\/a><\/li>\n<\/ul>\n<\/div><\/div>\n<\/div>\n\n\n\n<p><\/p>\n","protected":false},"excerpt":{"rendered":"","protected":false},"author":1,"featured_media":0,"parent":195,"menu_order":2,"comment_status":"closed","ping_status":"closed","template":"","meta":{"site-sidebar-layout":"default","site-content-layout":"","ast-site-content-layout":"default","site-content-style":"default","site-sidebar-style":"default","ast-global-header-display":"","ast-banner-title-visibility":"","ast-main-header-display":"","ast-hfb-above-header-display":"","ast-hfb-below-header-display":"","ast-hfb-mobile-header-display":"","site-post-title":"","ast-breadcrumbs-content":"","ast-featured-img":"","footer-sml-layout":"","theme-transparent-header-meta":"","adv-header-id-meta":"","stick-header-meta":"","header-above-stick-meta":"","header-main-stick-meta":"","header-below-stick-meta":"","astra-migrate-meta-layouts":"set","ast-page-background-enabled":"default","ast-page-background-meta":{"desktop":{"background-color":"var(--ast-global-color-4)","background-image":"","background-repeat":"repeat","background-position":"center center","background-size":"auto","background-attachment":"scroll","background-type":"","background-media":"","overlay-type":"","overlay-color":"","overlay-opacity":"","overlay-gradient":""},"tablet":{"background-color":"","background-image":"","background-repeat":"repeat","background-position":"center center","background-size":"auto","background-attachment":"scroll","background-type":"","background-media":"","overlay-type":"","overlay-color":"","overlay-opacity":"","overlay-gradient":""},"mobile":{"background-color":"","background-image":"","background-repeat":"repeat","background-position":"center center","background-size":"auto","background-attachment":"scroll","background-type":"","background-media":"","overlay-type":"","overlay-color":"","overlay-opacity":"","overlay-gradient":""}},"ast-content-background-meta":{"desktop":{"background-color":"var(--ast-global-color-5)","background-image":"","background-repeat":"repeat","background-position":"center center","background-size":"auto","background-attachment":"scroll","background-type":"","background-media":"","overlay-type":"","overlay-color":"","overlay-opacity":"","overlay-gradient":""},"tablet":{"background-color":"var(--ast-global-color-5)","background-image":"","background-repeat":"repeat","background-position":"center center","background-size":"auto","background-attachment":"scroll","background-type":"","background-media":"","overlay-type":"","overlay-color":"","overlay-opacity":"","overlay-gradient":""},"mobile":{"background-color":"var(--ast-global-color-5)","background-image":"","background-repeat":"repeat","background-position":"center center","background-size":"auto","background-attachment":"scroll","background-type":"","background-media":"","overlay-type":"","overlay-color":"","overlay-opacity":"","overlay-gradient":""}},"footnotes":""},"class_list":["post-335","page","type-page","status-publish","hentry"],"post_mailing_queue_ids":[],"_links":{"self":[{"href":"https:\/\/agora.xtec.cat\/iespladelestany\/wp-json\/wp\/v2\/pages\/335","targetHints":{"allow":["GET"]}}],"collection":[{"href":"https:\/\/agora.xtec.cat\/iespladelestany\/wp-json\/wp\/v2\/pages"}],"about":[{"href":"https:\/\/agora.xtec.cat\/iespladelestany\/wp-json\/wp\/v2\/types\/page"}],"author":[{"embeddable":true,"href":"https:\/\/agora.xtec.cat\/iespladelestany\/wp-json\/wp\/v2\/users\/1"}],"replies":[{"embeddable":true,"href":"https:\/\/agora.xtec.cat\/iespladelestany\/wp-json\/wp\/v2\/comments?post=335"}],"version-history":[{"count":6,"href":"https:\/\/agora.xtec.cat\/iespladelestany\/wp-json\/wp\/v2\/pages\/335\/revisions"}],"predecessor-version":[{"id":9731,"href":"https:\/\/agora.xtec.cat\/iespladelestany\/wp-json\/wp\/v2\/pages\/335\/revisions\/9731"}],"up":[{"embeddable":true,"href":"https:\/\/agora.xtec.cat\/iespladelestany\/wp-json\/wp\/v2\/pages\/195"}],"wp:attachment":[{"href":"https:\/\/agora.xtec.cat\/iespladelestany\/wp-json\/wp\/v2\/media?parent=335"}],"curies":[{"name":"wp","href":"https:\/\/api.w.org\/{rel}","templated":true}]}}