{"id":3204,"date":"2018-03-16T13:46:10","date_gmt":"2018-03-16T12:46:10","guid":{"rendered":"http:\/\/agora.xtec.cat\/iespladelestany\/?page_id=3204"},"modified":"2021-06-11T12:27:40","modified_gmt":"2021-06-11T10:27:40","slug":"eso-alumnes-actuals-de-linstitut-pla-de-lestany","status":"publish","type":"page","link":"https:\/\/agora.xtec.cat\/iespladelestany\/tramits-gestions-serveis\/eso-alumnes-actuals-de-linstitut-pla-de-lestany\/","title":{"rendered":"ESO: alumnes actuals de l&#8217;Institut Pla de l&#8217;Estany"},"content":{"rendered":"<h4>Matr\u00edcula per a 2n, 3r i 4t d&#8217;ESO<\/h4>\n<ul>\n<li><b>Heu rebut la documentaci\u00f3 des de tutoria<\/b><\/li>\n<\/ul>\n<h4>2n d&#8217;ESO<\/h4>\n<ul>\n<li>\n<h5>Tamb\u00e9 us podeu descarregar la documentaci\u00f3 <a href=\"https:\/\/drive.google.com\/drive\/folders\/1RNBEGNhSn7jIJP38dlYPhHyGTZ3t_w1f?usp=sharing\" target=\"_blank\" rel=\"noopener noreferrer\"><em><strong>clicant aqu\u00ed<\/strong><\/em><\/a>.<\/h5>\n<\/li>\n<li>\n<h5>El dilluns 14 de juny es passar\u00e0 a recollir la documentaci\u00f3 (dins del mateix sobre) per les classes.<\/h5>\n<\/li>\n<li>\n<h5>Alumnes provinents d&#8217;altres centres: cal entregar la documentaci\u00f3 a la secretaria del centre del 28\/6 al 2\/7:<\/h5>\n<ul>\n<li>\n<h5>de dilluns a divendres, de 9 a 14.00 h<\/h5>\n<\/li>\n<li>\n<h5>els dimarts, fins a les 17.00 h.<\/h5>\n<\/li>\n<\/ul>\n<\/li>\n<\/ul>\n<h4>3r d&#8217;ESO<\/h4>\n<ul>\n<li>\n<h5>Tamb\u00e9 us podeu descarregar la documentaci\u00f3 <a href=\"https:\/\/drive.google.com\/drive\/folders\/1VvC9Bd9rJXMfqV-roeUHC2VZsKCb15fa?usp=sharing\" target=\"_blank\" rel=\"noopener noreferrer\"><em><strong>clicant aqu\u00ed<\/strong><\/em><\/a>.<\/h5>\n<\/li>\n<li>\n<h5>El dilluns 14 de juny es passar\u00e0 a recollir la documentaci\u00f3 (dins del mateix sobre) per les classes.<\/h5>\n<\/li>\n<li>\n<h5>Alumnes\u00a0provinents\u00a0d&#8217;altres centres: cal entregar la documentaci\u00f3 a la secretaria del centre del 28\/6 al 2\/7:<\/h5>\n<ul>\n<li>\n<h5>de dilluns a divendres, de 9 a 14.00 h<\/h5>\n<\/li>\n<li>\n<h5>els dimarts, fins a les 17.00 h.<\/h5>\n<\/li>\n<\/ul>\n<\/li>\n<\/ul>\n<p><iframe loading=\"lazy\" src=\"https:\/\/docs.google.com\/presentation\/d\/e\/2PACX-1vTmctLFtwdGtaJHm6PUCqx5OwYPX3vKfVeFXI7E-ER2BpCRIoipNaFjn4OAsMHsthknV6vjf-lA3gre\/embed?start=false&amp;loop=false&amp;delayms=3000\" width=\"960\" height=\"569\" frameborder=\"0\"><\/iframe><\/p>\n<h4>4t d&#8217;ESO<\/h4>\n<ul>\n<li>\n<h5>Tamb\u00e9 us podeu descarregar la documentaci\u00f3 <a href=\"https:\/\/drive.google.com\/drive\/folders\/1GCUsWAFOhE6zOKoqSnZLhhq8_rb_y0MT?usp=sharing\" target=\"_blank\" rel=\"noopener noreferrer\"><em><strong>clicant aqu\u00ed<\/strong><\/em><\/a>.<\/h5>\n<\/li>\n<li>\n<h5>El dilluns 14 de juny es passar\u00e0 a recollir la documentaci\u00f3 (dins del mateix sobre) per les classes.<\/h5>\n<\/li>\n<li>\n<h5>Alumnes\u00a0provinents\u00a0d&#8217;altres centres: cal entregar la documentaci\u00f3 a la secretaria del centre del 28\/6 al 2\/7:<\/h5>\n<ul>\n<li>\n<h5>de dilluns a divendres, de 9 a 14.00 h<\/h5>\n<\/li>\n<li>\n<h5>els dimarts, fins a les 17.00 h.<\/h5>\n<\/li>\n<\/ul>\n<\/li>\n<\/ul>\n<p><iframe loading=\"lazy\" src=\"https:\/\/docs.google.com\/presentation\/d\/e\/2PACX-1vQRYakvyrxI-CDokVeU7F3NXzOpU4ssg70s2dtTty46W9BoBPnkjrnUinjWu5Y7Etqs3xSTj2Kh2mLi\/embed?start=false&amp;loop=false&amp;delayms=3000\" width=\"960\" height=\"569\" frameborder=\"0\"><\/iframe><\/p>\n","protected":false},"excerpt":{"rendered":"<p>Matr\u00edcula per a 2n, 3r i 4t d&#8217;ESO Heu rebut la documentaci\u00f3 des de tutoria 2n d&#8217;ESO Tamb\u00e9 us podeu descarregar la documentaci\u00f3 clicant aqu\u00ed. El dilluns 14 de juny es passar\u00e0 a recollir la documentaci\u00f3 (dins del mateix sobre) per les classes. Alumnes provinents d&#8217;altres centres: cal entregar la documentaci\u00f3 a la secretaria del [&hellip;]<\/p>\n","protected":false},"author":1,"featured_media":0,"parent":462,"menu_order":40,"comment_status":"closed","ping_status":"closed","template":"page-templates\/side-menu.php","meta":{"site-sidebar-layout":"default","site-content-layout":"","ast-site-content-layout":"","site-content-style":"default","site-sidebar-style":"default","ast-global-header-display":"","ast-banner-title-visibility":"","ast-main-header-display":"","ast-hfb-above-header-display":"","ast-hfb-below-header-display":"","ast-hfb-mobile-header-display":"","site-post-title":"","ast-breadcrumbs-content":"","ast-featured-img":"","footer-sml-layout":"","theme-transparent-header-meta":"","adv-header-id-meta":"","stick-header-meta":"","header-above-stick-meta":"","header-main-stick-meta":"","header-below-stick-meta":"","astra-migrate-meta-layouts":"default","ast-page-background-enabled":"default","ast-page-background-meta":{"desktop":{"background-color":"var(--ast-global-color-4)","background-image":"","background-repeat":"repeat","background-position":"center center","background-size":"auto","background-attachment":"scroll","background-type":"","background-media":"","overlay-type":"","overlay-color":"","overlay-opacity":"","overlay-gradient":""},"tablet":{"background-color":"","background-image":"","background-repeat":"repeat","background-position":"center center","background-size":"auto","background-attachment":"scroll","background-type":"","background-media":"","overlay-type":"","overlay-color":"","overlay-opacity":"","overlay-gradient":""},"mobile":{"background-color":"","background-image":"","background-repeat":"repeat","background-position":"center center","background-size":"auto","background-attachment":"scroll","background-type":"","background-media":"","overlay-type":"","overlay-color":"","overlay-opacity":"","overlay-gradient":""}},"ast-content-background-meta":{"desktop":{"background-color":"var(--ast-global-color-5)","background-image":"","background-repeat":"repeat","background-position":"center center","background-size":"auto","background-attachment":"scroll","background-type":"","background-media":"","overlay-type":"","overlay-color":"","overlay-opacity":"","overlay-gradient":""},"tablet":{"background-color":"var(--ast-global-color-5)","background-image":"","background-repeat":"repeat","background-position":"center center","background-size":"auto","background-attachment":"scroll","background-type":"","background-media":"","overlay-type":"","overlay-color":"","overlay-opacity":"","overlay-gradient":""},"mobile":{"background-color":"var(--ast-global-color-5)","background-image":"","background-repeat":"repeat","background-position":"center center","background-size":"auto","background-attachment":"scroll","background-type":"","background-media":"","overlay-type":"","overlay-color":"","overlay-opacity":"","overlay-gradient":""}},"footnotes":""},"class_list":["post-3204","page","type-page","status-publish","hentry"],"post_mailing_queue_ids":[],"_links":{"self":[{"href":"https:\/\/agora.xtec.cat\/iespladelestany\/wp-json\/wp\/v2\/pages\/3204","targetHints":{"allow":["GET"]}}],"collection":[{"href":"https:\/\/agora.xtec.cat\/iespladelestany\/wp-json\/wp\/v2\/pages"}],"about":[{"href":"https:\/\/agora.xtec.cat\/iespladelestany\/wp-json\/wp\/v2\/types\/page"}],"author":[{"embeddable":true,"href":"https:\/\/agora.xtec.cat\/iespladelestany\/wp-json\/wp\/v2\/users\/1"}],"replies":[{"embeddable":true,"href":"https:\/\/agora.xtec.cat\/iespladelestany\/wp-json\/wp\/v2\/comments?post=3204"}],"version-history":[{"count":4,"href":"https:\/\/agora.xtec.cat\/iespladelestany\/wp-json\/wp\/v2\/pages\/3204\/revisions"}],"predecessor-version":[{"id":6293,"href":"https:\/\/agora.xtec.cat\/iespladelestany\/wp-json\/wp\/v2\/pages\/3204\/revisions\/6293"}],"up":[{"embeddable":true,"href":"https:\/\/agora.xtec.cat\/iespladelestany\/wp-json\/wp\/v2\/pages\/462"}],"wp:attachment":[{"href":"https:\/\/agora.xtec.cat\/iespladelestany\/wp-json\/wp\/v2\/media?parent=3204"}],"curies":[{"name":"wp","href":"https:\/\/api.w.org\/{rel}","templated":true}]}}