{"id":3185,"date":"2018-03-16T08:25:00","date_gmt":"2018-03-16T07:25:00","guid":{"rendered":"http:\/\/agora.xtec.cat\/iespladelestany\/?page_id=3185"},"modified":"2021-02-25T14:31:15","modified_gmt":"2021-02-25T13:31:15","slug":"projecte-educatiu","status":"publish","type":"page","link":"https:\/\/agora.xtec.cat\/iespladelestany\/tramits-gestions-serveis\/projecte-educatiu\/","title":{"rendered":"Projecte educatiu"},"content":{"rendered":"<p><strong>Les bases del nostre projecte educatiu:<\/strong><\/p>\n<table style=\"width: 901px;\">\n<tbody>\n<tr>\n<td style=\"width: 348px;\">\n<h4><span style=\"font-weight: 400;\">Creixement personal i desenvolupament de la compet\u00e8ncia personal i social<\/span><\/h4>\n<\/td>\n<td style=\"width: 545px;\"><span style=\"font-weight: 400;\">Cotutories a 1r d&#8217;ESo per a un millor acompanyament, reunions amb les fam\u00edlies, quatre informes d&#8217;avaluaci\u00f3 durant el curs, programa de <\/span><span style=\"font-family: inherit; font-size: 1em;\">seguiment de l\u2019alumnat ieduca, orientaci\u00f3, programa d&#8217;orientaci\u00f3 Xcellence<\/span><\/td>\n<\/tr>\n<tr>\n<td style=\"width: 348px;\">\n<h4><span style=\"font-weight: 400;\">Ensenyament actiu amb activitats de tipus molt divers<\/span><\/h4>\n<\/td>\n<td style=\"width: 545px;\"><b>Sortides <\/b><span style=\"font-weight: 400;\">(Emp\u00faries, Mas Panosa,\u00a0 Museu Egipci, Trobada esportiva comarcal, Sigean \u2026), <\/span><b>premis, concursos i proves\u00a0 externes <\/b><span style=\"font-weight: 400;\">(Fem Matem\u00e0tiques, Proves Cangur, First Lego League&#8230;), <\/span><b>projectes <\/b><span style=\"font-weight: 400;\">interns i externs (Setmana de la\u00a0 ci\u00e8ncia), treballs individuals i en grup, <\/span><b>reptes<\/b><span style=\"font-weight: 400;\">, <\/span><b>compet\u00e8ncies digitals, cr\u00e8dit de s\u00edntesi gamificat, projecte STEAM<\/b>, optatives de rob\u00f2tica<\/td>\n<\/tr>\n<tr>\n<td style=\"width: 348px;\">\n<h4><span style=\"font-weight: 400;\">Suport a l&#8217;estudi i ampliaci\u00f3, lleng\u00fces<\/span><\/h4>\n<\/td>\n<td style=\"width: 545px;\"><b><span style=\"font-weight: 400;\">Optativa de franc\u00e8s, extraescolars de tarda, Auxiliar <\/span><\/b>de Conversa, estrat\u00e8gies lectores<\/td>\n<\/tr>\n<tr>\n<td style=\"width: 348px;\">\n<h4><span style=\"font-weight: 400;\">Dinamitzaci\u00f3 del pati, participaci\u00f3 i solidaritat, aprenentatge servei<\/span><\/h4>\n<\/td>\n<td style=\"width: 545px;\">Lliga del Pati, pati net, jocs de taula, voluntariat, servei de mediaci\u00f3, Serveis comunitaris a 3r d&#8217;ESO<\/td>\n<\/tr>\n<tr>\n<td style=\"width: 348px;\">\n<h4><span style=\"font-weight: 400;\">Projectes d&#8217;innovaci\u00f3 educativa<\/span><\/h4>\n<\/td>\n<td style=\"width: 545px;\">Steamcat, Orientaci\u00f3 educativa, Xarxa de Compet\u00e8ncies B\u00e0siques, Programa de Qualitat i Millora Cont\u00ednua, ActivaFP, InnovaFP, FP Dual, Empresa<\/td>\n<\/tr>\n<\/tbody>\n<\/table>\n<table style=\"width: 961px;\">\n<tbody>\n<tr>\n<td style=\"width: 460px;\"><iframe loading=\"lazy\" src=\"https:\/\/www.youtube.com\/embed\/f__1GsgSL3Q\" width=\"560\" height=\"315\" frameborder=\"0\"><\/iframe><\/td>\n<td style=\"width: 493px;\"><iframe loading=\"lazy\" src=\"https:\/\/www.youtube.com\/embed\/OBIQ1TnZ_LM\" width=\"560\" height=\"315\" frameborder=\"0\"><\/iframe><\/td>\n<\/tr>\n<tr>\n<td style=\"width: 460px;\"><iframe loading=\"lazy\" src=\"https:\/\/www.youtube.com\/embed\/v5U5mI_0boI\" width=\"560\" height=\"315\" frameborder=\"0\"><span data-mce-type=\"bookmark\" style=\"display: inline-block; width: 0px; overflow: hidden; line-height: 0;\" class=\"mce_SELRES_start\">\ufeff<\/span><\/iframe><\/td>\n<td style=\"width: 493px;\"><iframe loading=\"lazy\" src=\"https:\/\/www.youtube.com\/embed\/SqsPJRfbdCI\" width=\"560\" height=\"315\" frameborder=\"0\"><\/iframe><\/td>\n<\/tr>\n<\/tbody>\n<\/table>\n<p><span style=\"font-family: inherit; font-size: 1em;\">Podeu veure m\u00e9s informaci\u00f3 sobre el nostre PEC <\/span><strong style=\"font-family: inherit; font-size: 1em;\"><a href=\"http:\/\/agora.xtec.cat\/iespladelestany\/linstitut\/historia\/\" target=\"_blank\" rel=\"noopener noreferrer\">clicant aqu\u00ed<\/a><\/strong><span style=\"font-family: inherit; font-size: 1em;\">.<\/span><\/p>\n<ul>\n<li>Podeu veure els nostres projectes d&#8217;innovaci\u00f3 educativa\u00a0<strong><a href=\"http:\/\/agora.xtec.cat\/iespladelestany\/linstitut\/programes-dinnovacio\/\">clicant aqu\u00ed<\/a>.<\/strong><\/li>\n<\/ul>\n<p>Podeu veure la presentaci\u00f3 feta a la Jornada de Portes Obertes del mar\u00e7 de 2021:<\/p>\n<p><iframe loading=\"lazy\" src=\"https:\/\/docs.google.com\/presentation\/d\/e\/2PACX-1vTHzN1VAz3sicTdPoQ8U_6r4P5XDN5Vw-2P0cWVXJ4EfzkfA43oYLJVKTnWQcAVmVcIjrmaT64quLaZ\/embed?start=false&amp;loop=false&amp;delayms=3000\" width=\"960\" height=\"569\" frameborder=\"0\"><\/iframe><\/p>\n","protected":false},"excerpt":{"rendered":"<p>Les bases del nostre projecte educatiu: Creixement personal i desenvolupament de la compet\u00e8ncia personal i social Cotutories a 1r d&#8217;ESo per a un millor acompanyament, reunions amb les fam\u00edlies, quatre informes d&#8217;avaluaci\u00f3 durant el curs, programa de seguiment de l\u2019alumnat ieduca, orientaci\u00f3, programa d&#8217;orientaci\u00f3 Xcellence Ensenyament actiu amb activitats de tipus molt divers Sortides (Emp\u00faries, [&hellip;]<\/p>\n","protected":false},"author":1,"featured_media":0,"parent":462,"menu_order":10,"comment_status":"closed","ping_status":"closed","template":"page-templates\/side-menu.php","meta":{"site-sidebar-layout":"default","site-content-layout":"","ast-site-content-layout":"","site-content-style":"default","site-sidebar-style":"default","ast-global-header-display":"","ast-banner-title-visibility":"","ast-main-header-display":"","ast-hfb-above-header-display":"","ast-hfb-below-header-display":"","ast-hfb-mobile-header-display":"","site-post-title":"","ast-breadcrumbs-content":"","ast-featured-img":"","footer-sml-layout":"","theme-transparent-header-meta":"","adv-header-id-meta":"","stick-header-meta":"","header-above-stick-meta":"","header-main-stick-meta":"","header-below-stick-meta":"","astra-migrate-meta-layouts":"default","ast-page-background-enabled":"default","ast-page-background-meta":{"desktop":{"background-color":"var(--ast-global-color-4)","background-image":"","background-repeat":"repeat","background-position":"center center","background-size":"auto","background-attachment":"scroll","background-type":"","background-media":"","overlay-type":"","overlay-color":"","overlay-opacity":"","overlay-gradient":""},"tablet":{"background-color":"","background-image":"","background-repeat":"repeat","background-position":"center center","background-size":"auto","background-attachment":"scroll","background-type":"","background-media":"","overlay-type":"","overlay-color":"","overlay-opacity":"","overlay-gradient":""},"mobile":{"background-color":"","background-image":"","background-repeat":"repeat","background-position":"center center","background-size":"auto","background-attachment":"scroll","background-type":"","background-media":"","overlay-type":"","overlay-color":"","overlay-opacity":"","overlay-gradient":""}},"ast-content-background-meta":{"desktop":{"background-color":"var(--ast-global-color-5)","background-image":"","background-repeat":"repeat","background-position":"center center","background-size":"auto","background-attachment":"scroll","background-type":"","background-media":"","overlay-type":"","overlay-color":"","overlay-opacity":"","overlay-gradient":""},"tablet":{"background-color":"var(--ast-global-color-5)","background-image":"","background-repeat":"repeat","background-position":"center center","background-size":"auto","background-attachment":"scroll","background-type":"","background-media":"","overlay-type":"","overlay-color":"","overlay-opacity":"","overlay-gradient":""},"mobile":{"background-color":"var(--ast-global-color-5)","background-image":"","background-repeat":"repeat","background-position":"center center","background-size":"auto","background-attachment":"scroll","background-type":"","background-media":"","overlay-type":"","overlay-color":"","overlay-opacity":"","overlay-gradient":""}},"footnotes":""},"class_list":["post-3185","page","type-page","status-publish","hentry"],"post_mailing_queue_ids":[],"_links":{"self":[{"href":"https:\/\/agora.xtec.cat\/iespladelestany\/wp-json\/wp\/v2\/pages\/3185","targetHints":{"allow":["GET"]}}],"collection":[{"href":"https:\/\/agora.xtec.cat\/iespladelestany\/wp-json\/wp\/v2\/pages"}],"about":[{"href":"https:\/\/agora.xtec.cat\/iespladelestany\/wp-json\/wp\/v2\/types\/page"}],"author":[{"embeddable":true,"href":"https:\/\/agora.xtec.cat\/iespladelestany\/wp-json\/wp\/v2\/users\/1"}],"replies":[{"embeddable":true,"href":"https:\/\/agora.xtec.cat\/iespladelestany\/wp-json\/wp\/v2\/comments?post=3185"}],"version-history":[{"count":3,"href":"https:\/\/agora.xtec.cat\/iespladelestany\/wp-json\/wp\/v2\/pages\/3185\/revisions"}],"predecessor-version":[{"id":5973,"href":"https:\/\/agora.xtec.cat\/iespladelestany\/wp-json\/wp\/v2\/pages\/3185\/revisions\/5973"}],"up":[{"embeddable":true,"href":"https:\/\/agora.xtec.cat\/iespladelestany\/wp-json\/wp\/v2\/pages\/462"}],"wp:attachment":[{"href":"https:\/\/agora.xtec.cat\/iespladelestany\/wp-json\/wp\/v2\/media?parent=3185"}],"curies":[{"name":"wp","href":"https:\/\/api.w.org\/{rel}","templated":true}]}}