{"id":314,"date":"2015-11-09T21:43:57","date_gmt":"2015-11-09T20:43:57","guid":{"rendered":"http:\/\/agora.xtec.cat\/iespladelestany\/?page_id=314"},"modified":"2026-01-30T13:09:37","modified_gmt":"2026-01-30T12:09:37","slug":"amipa","status":"publish","type":"page","link":"https:\/\/agora.xtec.cat\/iespladelestany\/linstitut\/amipa\/","title":{"rendered":"AFA"},"content":{"rendered":"<p><a href=\"https:\/\/agora.xtec.cat\/iespladelestany\/wp-content\/uploads\/usu35\/2024\/09\/logo_AMIPA.jpg\"><img loading=\"lazy\" decoding=\"async\" class=\"wp-image-8915 alignleft\" src=\"https:\/\/agora.xtec.cat\/iespladelestany\/wp-content\/uploads\/usu35\/2024\/09\/logo_AMIPA.jpg\" alt=\"\" width=\"337\" height=\"74\" srcset=\"https:\/\/agora.xtec.cat\/iespladelestany\/wp-content\/uploads\/usu35\/2024\/09\/logo_AMIPA.jpg 835w, https:\/\/agora.xtec.cat\/iespladelestany\/wp-content\/uploads\/usu35\/2024\/09\/logo_AMIPA-300x66.jpg 300w, https:\/\/agora.xtec.cat\/iespladelestany\/wp-content\/uploads\/usu35\/2024\/09\/logo_AMIPA-768x168.jpg 768w\" sizes=\"auto, (max-width: 337px) 100vw, 337px\" \/><\/a>L\u2019AFA \u00e9s una associaci\u00f3 sense \u00e0nim de lucre formada per fam\u00edlies d\u2019alumnes per contribuir a la millora de la qualitat del sistema educatiu p\u00fablic i de les condicions d\u2019escolaritzaci\u00f3 de l\u2019alumnat. Des de l\u2019AFA de l\u2019INS Pla de l\u2019Estany, les fam\u00edlies exercim diferents responsabilitats per influir en l\u2019educaci\u00f3 de tot l\u2019alumnat i en el bon funcionament del centre educatiu.<\/p>\n<p>Forma part d\u2019aquesta associaci\u00f3 qualsevol tutor\/a legal dels alumnes que a principi de curs liquiden la quota com a associat. Representem a totes aquestes fam\u00edlies associades en el centre i en institucions i organitzacions externes.<\/p>\n<p>Algunes de les activitats que subvencionem i gestionem s\u00f3n:<\/p>\n<ul>\n<li>Contractaci\u00f3 d&#8217;un\/a professional que participa en la gesti\u00f3 de la bona conviv\u00e8ncia i la promoci\u00f3 de la no-viol\u00e8ncia al centre. Tamb\u00e9 s&#8217;encarrega de tutoritzar l&#8217;alumnat del projecte &#8220;Som-hi&#8221;.<\/li>\n<li>Gesti\u00f3 de la subvenci\u00f3 que atorga l&#8217;<a href=\"https:\/\/www.banyoles.cat\/\">Ajuntament de Banyoles<\/a> destinada al Foment de projectes i accions educatives que promoguin la formaci\u00f3 de les persones al llarg de la vida i fomentin la igualtat d&#8217;oportunitats d&#8217;una manera oberta i universal, en el marc de la <a href=\"https:\/\/educacio.banyoles.cat\/\">ciutat educadora<\/a>.<\/li>\n<\/ul>\n<table style=\"border-collapse: collapse; width: 100%;\">\n<tbody>\n<tr>\n<td style=\"width: 50%; border-style: hidden;\"><a href=\"https:\/\/agora.xtec.cat\/iespladelestany\/wp-content\/uploads\/usu35\/2024\/09\/logo_servei_educacio_banyoles.png\"><img loading=\"lazy\" decoding=\"async\" class=\" wp-image-8918 alignright\" src=\"https:\/\/agora.xtec.cat\/iespladelestany\/wp-content\/uploads\/usu35\/2024\/09\/logo_servei_educacio_banyoles.png\" alt=\"\" width=\"189\" height=\"130\" srcset=\"https:\/\/agora.xtec.cat\/iespladelestany\/wp-content\/uploads\/usu35\/2024\/09\/logo_servei_educacio_banyoles.png 332w, https:\/\/agora.xtec.cat\/iespladelestany\/wp-content\/uploads\/usu35\/2024\/09\/logo_servei_educacio_banyoles-300x206.png 300w\" sizes=\"auto, (max-width: 189px) 100vw, 189px\" \/><\/a><\/td>\n<td style=\"width: 50%; border-style: hidden;\"><a href=\"https:\/\/agora.xtec.cat\/iespladelestany\/wp-content\/uploads\/usu35\/2024\/09\/logo_aj_banyoles.png\"><img loading=\"lazy\" decoding=\"async\" class=\" wp-image-8917 alignleft\" src=\"https:\/\/agora.xtec.cat\/iespladelestany\/wp-content\/uploads\/usu35\/2024\/09\/logo_aj_banyoles.png\" alt=\"\" width=\"233\" height=\"130\" srcset=\"https:\/\/agora.xtec.cat\/iespladelestany\/wp-content\/uploads\/usu35\/2024\/09\/logo_aj_banyoles.png 366w, https:\/\/agora.xtec.cat\/iespladelestany\/wp-content\/uploads\/usu35\/2024\/09\/logo_aj_banyoles-300x167.png 300w\" sizes=\"auto, (max-width: 233px) 100vw, 233px\" \/><\/a><\/td>\n<\/tr>\n<\/tbody>\n<\/table>\n<ul>\n<li>Compra de material: pissarres digitals, ordinadors, ventiladors per les aules, material de laboratori\u2026<\/li>\n<li>Compra i manteniment dels armariets.<\/li>\n<li>Finan\u00e7ament i gesti\u00f3 dels serveis que presta l&#8217;auxiliar de conversa en angl\u00e8s.<\/li>\n<li>Gesti\u00f3 de xerrades educatives per a l\u2019alumnat i les fam\u00edlies.<\/li>\n<li>Gesti\u00f3 de la compra de llibres de text i descomptes mitjan\u00e7ant l&#8217;empresa Iddink.<\/li>\n<li>Organitzaci\u00f3 i cofinan\u00e7ament de les activitats extraescolars.<\/li>\n<li>Finan\u00e7ament del despla\u00e7ament dels alumnes i les seves fam\u00edlies al sal\u00f3 de l&#8217;ensenyament.<\/li>\n<\/ul>\n<p>Per poder gestionar totes aquestes activitats \u00e9s imprescindible l&#8217;abonament, per part de les fam\u00edlies, de la quota d&#8217;associaci\u00f3. Aquesta quota es cobrar\u00e0 en el moment de la compra dels llibres mitjan\u00e7ant la plataforma Iddink pels alumnes d&#8217;ESO, o b\u00e9 en el moment de la matr\u00edcula pels alumnes dels cicles formatius.<\/p>\n<p><b>Equip de l\u2019AFA de l\u2019INS Pla de l\u2019Estany<\/b><\/p>\n<ul>\n<li aria-level=\"1\"><b>Presidenta<\/b>: Jaume Avila<\/li>\n<li aria-level=\"1\"><b>Tresorer<\/b>:<\/li>\n<li aria-level=\"1\"><b>Secret\u00e0ria<\/b>: Gemma Fossas Batlle<\/li>\n<\/ul>\n<p>Podeu posar-vos en contacte amb l\u2019AFA o si esteu interessats a formar-ne part, ho podeu fer a trav\u00e9s del correu electr\u00f2nic: <a href=\"mailto:afa@inspladelestany.cat\"><i>afa@inspladelestany.cat<\/i><\/a> o per tel\u00e8fon al\u00a0<strong>609 30 79 04<\/strong> (Jaume Avila, President de l\u2019AFA)<\/p>\n","protected":false},"excerpt":{"rendered":"<p>L\u2019AFA \u00e9s una associaci\u00f3 sense \u00e0nim de lucre formada per fam\u00edlies d\u2019alumnes per contribuir a la millora de la qualitat del sistema educatiu p\u00fablic i de les condicions d\u2019escolaritzaci\u00f3 de l\u2019alumnat. Des de l\u2019AFA de l\u2019INS Pla de l\u2019Estany, les fam\u00edlies exercim diferents responsabilitats per influir en l\u2019educaci\u00f3 de tot l\u2019alumnat i en el bon [&hellip;]<\/p>\n","protected":false},"author":1,"featured_media":0,"parent":19,"menu_order":60,"comment_status":"closed","ping_status":"closed","template":"","meta":{"site-sidebar-layout":"default","site-content-layout":"","ast-site-content-layout":"default","site-content-style":"default","site-sidebar-style":"default","ast-global-header-display":"","ast-banner-title-visibility":"","ast-main-header-display":"","ast-hfb-above-header-display":"","ast-hfb-below-header-display":"","ast-hfb-mobile-header-display":"","site-post-title":"","ast-breadcrumbs-content":"","ast-featured-img":"","footer-sml-layout":"","theme-transparent-header-meta":"","adv-header-id-meta":"","stick-header-meta":"","header-above-stick-meta":"","header-main-stick-meta":"","header-below-stick-meta":"","astra-migrate-meta-layouts":"set","ast-page-background-enabled":"default","ast-page-background-meta":{"desktop":{"background-color":"var(--ast-global-color-4)","background-image":"","background-repeat":"repeat","background-position":"center center","background-size":"auto","background-attachment":"scroll","background-type":"","background-media":"","overlay-type":"","overlay-color":"","overlay-opacity":"","overlay-gradient":""},"tablet":{"background-color":"","background-image":"","background-repeat":"repeat","background-position":"center center","background-size":"auto","background-attachment":"scroll","background-type":"","background-media":"","overlay-type":"","overlay-color":"","overlay-opacity":"","overlay-gradient":""},"mobile":{"background-color":"","background-image":"","background-repeat":"repeat","background-position":"center center","background-size":"auto","background-attachment":"scroll","background-type":"","background-media":"","overlay-type":"","overlay-color":"","overlay-opacity":"","overlay-gradient":""}},"ast-content-background-meta":{"desktop":{"background-color":"var(--ast-global-color-5)","background-image":"","background-repeat":"repeat","background-position":"center center","background-size":"auto","background-attachment":"scroll","background-type":"","background-media":"","overlay-type":"","overlay-color":"","overlay-opacity":"","overlay-gradient":""},"tablet":{"background-color":"var(--ast-global-color-5)","background-image":"","background-repeat":"repeat","background-position":"center center","background-size":"auto","background-attachment":"scroll","background-type":"","background-media":"","overlay-type":"","overlay-color":"","overlay-opacity":"","overlay-gradient":""},"mobile":{"background-color":"var(--ast-global-color-5)","background-image":"","background-repeat":"repeat","background-position":"center center","background-size":"auto","background-attachment":"scroll","background-type":"","background-media":"","overlay-type":"","overlay-color":"","overlay-opacity":"","overlay-gradient":""}},"footnotes":""},"class_list":["post-314","page","type-page","status-publish","hentry"],"post_mailing_queue_ids":[],"_links":{"self":[{"href":"https:\/\/agora.xtec.cat\/iespladelestany\/wp-json\/wp\/v2\/pages\/314","targetHints":{"allow":["GET"]}}],"collection":[{"href":"https:\/\/agora.xtec.cat\/iespladelestany\/wp-json\/wp\/v2\/pages"}],"about":[{"href":"https:\/\/agora.xtec.cat\/iespladelestany\/wp-json\/wp\/v2\/types\/page"}],"author":[{"embeddable":true,"href":"https:\/\/agora.xtec.cat\/iespladelestany\/wp-json\/wp\/v2\/users\/1"}],"replies":[{"embeddable":true,"href":"https:\/\/agora.xtec.cat\/iespladelestany\/wp-json\/wp\/v2\/comments?post=314"}],"version-history":[{"count":5,"href":"https:\/\/agora.xtec.cat\/iespladelestany\/wp-json\/wp\/v2\/pages\/314\/revisions"}],"predecessor-version":[{"id":9876,"href":"https:\/\/agora.xtec.cat\/iespladelestany\/wp-json\/wp\/v2\/pages\/314\/revisions\/9876"}],"up":[{"embeddable":true,"href":"https:\/\/agora.xtec.cat\/iespladelestany\/wp-json\/wp\/v2\/pages\/19"}],"wp:attachment":[{"href":"https:\/\/agora.xtec.cat\/iespladelestany\/wp-json\/wp\/v2\/media?parent=314"}],"curies":[{"name":"wp","href":"https:\/\/api.w.org\/{rel}","templated":true}]}}