{"id":3024,"date":"2018-02-26T19:18:06","date_gmt":"2018-02-26T18:18:06","guid":{"rendered":"http:\/\/agora.xtec.cat\/iespladelestany\/?page_id=3024"},"modified":"2026-01-26T16:11:02","modified_gmt":"2026-01-26T15:11:02","slug":"serveis-comunitaris","status":"publish","type":"page","link":"https:\/\/agora.xtec.cat\/iespladelestany\/projectes\/serveis-comunitaris\/","title":{"rendered":"Serveis comunitaris"},"content":{"rendered":"<p>El servei comunitari \u00e9s &#8220;una acci\u00f3 que vol promoure que els alumnes experimentin i protagonitzin accions de comprom\u00eds c\u00edvic, aprenguin en l&#8217;exercici actiu de la ciutadania, i posin en joc els seus coneixements i capacitats al servei de la comunitat&#8221;. Es porta a terme amb una metodologia d&#8217;Aprenentatge Servei, que consisteix en &#8220;una proposta educativa que combina processos d&#8217;aprenentatge i de servei a la comunitat en un sol projecte ben articulat en el qual els participants es formen tot treballant sobre necessitats reals de l&#8217;entorn amb l&#8217;objectiu de millorar-lo&#8221;, i a partir del curs 2018-19 ser\u00e0 de compliment obligat.<\/p>\n<p>Els principis que regeixen el Servei Comunitari s\u00f3n:<\/p>\n<ol>\n<li>Educaci\u00f3 en valors. Una acci\u00f3 educativa basada en l\u2019experi\u00e8ncia, la viv\u00e8ncia i la construcci\u00f3 d\u2019h\u00e0bits i valors.<\/li>\n<li>Participaci\u00f3 activa i democr\u00e0tica. La participaci\u00f3 activa de l\u2019alumnat en un servei que es duu a terme en benefici de la comunitat<\/li>\n<li>Resposta a les necessitats socials emergents. L\u2019atenci\u00f3 de necessitats reals i sentides per la comunitat.<\/li>\n<li>El treball en xarxa dels diferents agents educatius d\u2019un territori a partir d\u2019uns objectius compartits.<\/li>\n<li>Millora constant. Indicadors que permetin fer un seguiment i elaborar propostes de millora<\/li>\n<\/ol>\n<p>Al nostre Institut el servei comunitari es porta a terme amb tots els alumnes de 3r d&#8217;ESO des del curs 2016-17, i entenem que \u00e9s una contribuci\u00f3 important a l&#8217;aprenentatge de la compet\u00e8ncia social i ciutadana i al treball en equip. En tots els casos es fa formaci\u00f3 a l&#8217;alumnat sobre els aspectes cient\u00edfics i socials del servei comunitari que porten a terme, aix\u00ed com sobre els aspectes pr\u00e0ctics de la col\u00b7laboraci\u00f3 que aportaran. Els serveis comunitaris que oferim s\u00f3n:<\/p>\n<ul>\n<li>Gran Recapte d&#8217;Aliments<\/li>\n<li>Donaci\u00f3 de sang amb el Banc de sang i teixits de l&#8217;Hospital Josep Trueta, a Porqueres<\/li>\n<li>Donaci\u00f3 de sang amb el Banc de sang i teixits de l&#8217;Hospital Josep Trueta, a Banyoles<\/li>\n<li>Recollida de roba amb C\u00e1ritas &#8211; Ecosol, l&#8217;Ajuntament de Porqueres i EduHack<\/li>\n<li>Cursa de la dona amb Oncolliga<\/li>\n<\/ul>\n<p><strong>Gran Recapte d&#8217;Aliments<\/strong><\/p>\n<p><a href=\"http:\/\/agora.xtec.cat\/iespladelestany\/wp-content\/uploads\/usu35\/2017\/11\/banc-dels-aliments-1.jpg\"><img loading=\"lazy\" decoding=\"async\" class=\"size-full wp-image-2622 alignleft\" src=\"http:\/\/agora.xtec.cat\/iespladelestany\/wp-content\/uploads\/usu35\/2017\/11\/banc-dels-aliments-1.jpg\" alt=\"\" width=\"159\" height=\"158\" \/><\/a>\u00c9s uns servei comunitari iniciat durant el curs 2016\/17. El <a href=\"https:\/\/www.granrecapte.com\/\" target=\"_blank\" rel=\"noopener noreferrer\">Gran Recapte d&#8217;Aliments<\/a> \u00e9s una campanya de recollida d&#8217;aliments b\u00e0sics que porten a terme cada anys els Bancs dels Aliments (<a href=\"http:\/\/www.bancdelsalimentsgirona.org\/\" target=\"_blank\" rel=\"noopener noreferrer\">Fundaci\u00f3 Privada Banc dels Aliments de les comarques de Girona<\/a>) a finals de novembre o inicis de desembre. <a href=\"http:\/\/agora.xtec.cat\/iespladelestany\/portada\/comencem-el-servei-comunitari-amb-el-banc-dels-aliments-xerrada-formativa\/\" target=\"_blank\" rel=\"noopener noreferrer\">L&#8217;alumnat rep formaci\u00f3<\/a> sobre la pobresa,\u00a0la lluita contra la fam i el malbaratament dels excedents alimentaris,\u00a0i col\u00b7laboren amb la <a href=\"http:\/\/agora.xtec.cat\/iespladelestany\/portada\/exit-del-gran-recapte-a-la-comarca-del-pla-de-lestany-les-fotos-dels-nostres-alumnes\/\" target=\"_blank\" rel=\"noopener noreferrer\">recollida d&#8217;aliments als supermercats<\/a>, la difusi\u00f3 de la campanya a la <a href=\"http:\/\/agora.xtec.cat\/iespladelestany\/portada\/radio-banyoles-explica-la-nostra-participacio-en-el-gran-recapte\/\" target=\"_blank\" rel=\"noopener noreferrer\">r\u00e0dio<\/a> i la <a href=\"http:\/\/agora.xtec.cat\/iespladelestany\/portada\/tot-a-punt-per-collaborar-amb-el-gran-recapte-en-parla-banyoles-tv\/\" target=\"_blank\" rel=\"noopener noreferrer\">TV<\/a> i la <a href=\"http:\/\/agora.xtec.cat\/iespladelestany\/portada\/recollida-daliments-al-nostre-institut\/\" target=\"_blank\" rel=\"noopener noreferrer\">recollida d&#8217;aliments al propi Institut<\/a>. El servei es clou amb una <a href=\"http:\/\/agora.xtec.cat\/iespladelestany\/portada\/cloenda-del-servei-comunitari-de-collaboracio-amb-el-gran-recapte-daliments\/\" target=\"_blank\" rel=\"noopener noreferrer\">visita\u00a0al Centre de distribuci\u00f3 d&#8217;aliments de Banyoles<\/a>. Llegiu\u00a0l&#8217;experi\u00e8ncia <a href=\"http:\/\/agora.xtec.cat\/iespladelestany\/portada\/cloenda-del-servei-comunitari-de-collaboracio-amb-el-gran-recapte-daliments\/\" target=\"_blank\" rel=\"noopener noreferrer\">explicada pels propis alumnes<\/a> .<\/p>\n<p><strong>Donaci\u00f3 de sang<\/strong><\/p>\n<p><a href=\"http:\/\/agora.xtec.cat\/iespladelestany\/wp-content\/uploads\/usu35\/2018\/02\/bancdesang.gif\"><img loading=\"lazy\" decoding=\"async\" class=\" wp-image-3034 alignleft\" src=\"http:\/\/agora.xtec.cat\/iespladelestany\/wp-content\/uploads\/usu35\/2018\/02\/bancdesang.gif\" alt=\"\" width=\"239\" height=\"58\" \/><\/a><a href=\"http:\/\/agora.xtec.cat\/iespladelestany\/wp-content\/uploads\/usu35\/2018\/02\/centrecivicporqueres.jpg\"><img loading=\"lazy\" decoding=\"async\" class=\" wp-image-3055 alignleft\" src=\"http:\/\/agora.xtec.cat\/iespladelestany\/wp-content\/uploads\/usu35\/2018\/02\/centrecivicporqueres.jpg\" alt=\"\" width=\"218\" height=\"58\" \/><\/a><a href=\"http:\/\/agora.xtec.cat\/iespladelestany\/wp-content\/uploads\/usu35\/2018\/02\/logo-salus.png\"><img loading=\"lazy\" decoding=\"async\" class=\"size-full wp-image-3056 aligncenter\" src=\"http:\/\/agora.xtec.cat\/iespladelestany\/wp-content\/uploads\/usu35\/2018\/02\/logo-salus.png\" alt=\"\" width=\"332\" height=\"58\" \/><\/a><\/p>\n<p>Aquest servei es va iniciar durant el curs 2016\/17 a Porqueres i s&#8217;ha ampliat a Banyoles al curs 2017\/18 i es realitza donant suport al <a href=\"https:\/\/www.donarsang.gencat.cat\/ca\/hospitals\/9\/hospital-universitari-de-girona-doctor-josep-trueta\" target=\"_blank\" rel=\"noopener noreferrer\">Banc de sang i de teixits de l&#8217;Hospital Universitari de Girona Josep Trueta<\/a>.\u00a0 Es col\u00b7labora en l&#8217;organitzaci\u00f3 de les jornades i la seva difusi\u00f3 i demostra el seu \u00e8xit aconseguint una important repercussi\u00f3 en l&#8217;entorn on es realitza l&#8217;acte, assegurant aix\u00ed un volum important de donacions. Els alumnes reben formaci\u00f3 sobre la import\u00e0ncia de la sang i la necessitat de les donacions i es posa molt d&#8217;\u00e8mfasi en la difusi\u00f3 de la jornada, amb tota mena de mitjans, des de la seva <a href=\"https:\/\/agora.xtec.cat\/iespladelestany\/?p=2986&amp;preview=true\" target=\"_blank\" rel=\"noopener noreferrer\">presentaci\u00f3 a R\u00e0dio Banyoles i Banyoles TV<\/a> i la <a href=\"http:\/\/agora.xtec.cat\/iespladelestany\/portada\/anem-a-radio-banyoles-a-gravar-la-falca-publicitaria-per-la-donacio-de-sang-del-dia-28\/\" target=\"_blank\" rel=\"noopener noreferrer\">grabaci\u00f3 d&#8217;una falca publicit\u00e0ria per a la r\u00e0dio<\/a>, a la realitzaci\u00f3 de <a href=\"http:\/\/agora.xtec.cat\/iespladelestany\/portada\/ja-tenim-cartells-per-a-la-donacio-de-sang-a-banyoles-i-porqueres\/\" target=\"_blank\" rel=\"noopener noreferrer\">cartells<\/a> o v\u00eddeos, junt amb el porta a porta per la zona. Les jornades de donacions es realitzen amb col\u00b7laboraci\u00f3 amb el <a href=\"http:\/\/www.centrecivicporqueres.cat\/\" target=\"_blank\" rel=\"noopener noreferrer\">Centre C\u00edvic de Porqueres<\/a> i la <a href=\"https:\/\/www.clinicasalus.org\/ca\" target=\"_blank\" rel=\"noopener noreferrer\">Cl\u00ednica Salus Infirmorum de Banyoles<\/a>.<\/p>\n<p><strong> Recollida de roba<\/strong><\/p>\n<p><a href=\"https:\/\/agora.xtec.cat\/iespladelestany\/wp-content\/uploads\/usu35\/2020\/02\/roba-1.jpg\"><img loading=\"lazy\" decoding=\"async\" class=\" wp-image-5008 alignleft\" src=\"https:\/\/agora.xtec.cat\/iespladelestany\/wp-content\/uploads\/usu35\/2020\/02\/roba-1.jpg\" alt=\"\" width=\"471\" height=\"126\" \/><\/a>Aquest projecte es va iniciar el curs 2018-19. Repr\u00e8n, per una banda, l&#8217;experi\u00e8ncia del CFGM d&#8217;APD Assist\u00e8ncia a les Persones en situaci\u00f3 de Depend\u00e8ncia, <a href=\"https:\/\/agora.xtec.cat\/iespladelestany\/portada\/recollida-de-roba-per-a-siria\/\" target=\"_blank\" rel=\"noopener noreferrer\">que des de l&#8217;any 2017 recull roba en el marc de diversos projectes solidaris<\/a> , i des del 2018 amb <a href=\"https:\/\/agora.xtec.cat\/iespladelestany\/portada\/exit-de-la-recollida-solidaria-de-roba\/\" target=\"_blank\" rel=\"noopener noreferrer\">C\u00e0ritas<\/a>, que el mateix alumnat adre\u00e7a, renta i planxa. I, per l&#8217;altra, la iniciativa comen\u00e7ada el curs 2018-19 en el marc d&#8217;un projecte <a href=\"https:\/\/agora.xtec.cat\/iespladelestany\/portada\/radio-banyoles-parla-del-servei-comunitari-de-recollida-de-roba\/\" target=\"_blank\" rel=\"noopener noreferrer\">EduHack de mschools<\/a> que promou la cocreaci\u00f3 d&#8217;experi\u00e8ncies innovadores amb suport digital i que porten a terme alumnes de 3r d&#8217;ESO. Anomenat &#8220;<a href=\"https:\/\/projectes.xtec.cat\/eduhack\/categoria\/reptesocial\/\" target=\"_blank\" rel=\"noopener noreferrer\">Escapa&#8217;t de la fi del m\u00f3n<\/a>&#8220;, va implicar el curs 2018-19 a 110 alumnes i 32 professors a l\u2019Institut Santa Eug\u00e8nia de Girona i a 60 alumnes i 16 professors a l\u2019Institut Pla de l\u2019Estany de Banyoles, i la recollida de roba a la minideixalleria de Porqueres en va ser una de les activitats.<\/p>\n<p>Ambdues experi\u00e8ncies implicaven, aix\u00ed, la participaci\u00f3 d&#8217;alumnes d&#8217;estudis diferents i de metodologies diferents en un \u00fanic objectiu de servei a la comunitat.<\/p>\n<p><strong><a href=\"https:\/\/agora.xtec.cat\/iespladelestany\/wp-content\/uploads\/usu35\/2019\/05\/recollidaderoba.jpg\"><img loading=\"lazy\" decoding=\"async\" class=\"aligncenter size-large wp-image-4612\" src=\"https:\/\/agora.xtec.cat\/iespladelestany\/wp-content\/uploads\/usu35\/2019\/05\/recollidaderoba-1024x768.jpg\" alt=\"\" width=\"1024\" height=\"768\" \/><\/a>\u00a0<\/strong><\/p>\n<p><strong><a href=\"https:\/\/agora.xtec.cat\/iespladelestany\/wp-content\/uploads\/usu35\/2019\/04\/cursadeladona02.jpg\"><img loading=\"lazy\" decoding=\"async\" class=\" wp-image-4430 alignleft\" src=\"https:\/\/agora.xtec.cat\/iespladelestany\/wp-content\/uploads\/usu35\/2019\/04\/cursadeladona02.jpg\" alt=\"\" width=\"280\" height=\"401\" \/><\/a>Cursa de la dona<\/strong><\/p>\n<p>Aquest projecte es va iniciar <a href=\"https:\/\/agora.xtec.cat\/iespladelestany\/portada\/exit-de-la-1a-cursa-de-la-dona\/\" target=\"_blank\" rel=\"noopener noreferrer\">el curs 2018-19<\/a> i consisteix en la col\u00b7laboraci\u00f3 amb l&#8217;organitzaci\u00f3 de la Cursa de la Dona, que en aquest any se celebrava per primera vegada a la comarca. L&#8217;alumnat de 3r d&#8217;ESO participa en la log\u00edstica de l&#8217;esdeveniment i altres aspectes, com la preparaci\u00f3 de bosses o el disseny de la samarreta.<\/p>\n<p>La cursa \u00e9s organitzada per Oncolliga, amb la col\u00b7laboraci\u00f3 del Consell Comarcal del Pla de l&#8217;Estany i l&#8217;ajuntament de Porqueres.<\/p>\n<p><a href=\"https:\/\/agora.xtec.cat\/iespladelestany\/wp-content\/uploads\/usu35\/2020\/02\/dona.jpg\"><img loading=\"lazy\" decoding=\"async\" class=\"aligncenter wp-image-5017\" src=\"https:\/\/agora.xtec.cat\/iespladelestany\/wp-content\/uploads\/usu35\/2020\/02\/dona.jpg\" alt=\"\" width=\"419\" height=\"101\" \/><\/a><\/p>\n","protected":false},"excerpt":{"rendered":"<p>El servei comunitari \u00e9s &#8220;una acci\u00f3 que vol promoure que els alumnes experimentin i protagonitzin accions de comprom\u00eds c\u00edvic, aprenguin en l&#8217;exercici actiu de la ciutadania, i posin en joc els seus coneixements i capacitats al servei de la comunitat&#8221;. Es porta a terme amb una metodologia d&#8217;Aprenentatge Servei, que consisteix en &#8220;una proposta educativa [&hellip;]<\/p>\n","protected":false},"author":1,"featured_media":0,"parent":9791,"menu_order":10,"comment_status":"closed","ping_status":"closed","template":"","meta":{"site-sidebar-layout":"default","site-content-layout":"","ast-site-content-layout":"default","site-content-style":"default","site-sidebar-style":"default","ast-global-header-display":"","ast-banner-title-visibility":"","ast-main-header-display":"","ast-hfb-above-header-display":"","ast-hfb-below-header-display":"","ast-hfb-mobile-header-display":"","site-post-title":"","ast-breadcrumbs-content":"","ast-featured-img":"","footer-sml-layout":"","theme-transparent-header-meta":"","adv-header-id-meta":"","stick-header-meta":"","header-above-stick-meta":"","header-main-stick-meta":"","header-below-stick-meta":"","astra-migrate-meta-layouts":"set","ast-page-background-enabled":"default","ast-page-background-meta":{"desktop":{"background-color":"var(--ast-global-color-4)","background-image":"","background-repeat":"repeat","background-position":"center center","background-size":"auto","background-attachment":"scroll","background-type":"","background-media":"","overlay-type":"","overlay-color":"","overlay-opacity":"","overlay-gradient":""},"tablet":{"background-color":"","background-image":"","background-repeat":"repeat","background-position":"center center","background-size":"auto","background-attachment":"scroll","background-type":"","background-media":"","overlay-type":"","overlay-color":"","overlay-opacity":"","overlay-gradient":""},"mobile":{"background-color":"","background-image":"","background-repeat":"repeat","background-position":"center center","background-size":"auto","background-attachment":"scroll","background-type":"","background-media":"","overlay-type":"","overlay-color":"","overlay-opacity":"","overlay-gradient":""}},"ast-content-background-meta":{"desktop":{"background-color":"var(--ast-global-color-5)","background-image":"","background-repeat":"repeat","background-position":"center center","background-size":"auto","background-attachment":"scroll","background-type":"","background-media":"","overlay-type":"","overlay-color":"","overlay-opacity":"","overlay-gradient":""},"tablet":{"background-color":"var(--ast-global-color-5)","background-image":"","background-repeat":"repeat","background-position":"center center","background-size":"auto","background-attachment":"scroll","background-type":"","background-media":"","overlay-type":"","overlay-color":"","overlay-opacity":"","overlay-gradient":""},"mobile":{"background-color":"var(--ast-global-color-5)","background-image":"","background-repeat":"repeat","background-position":"center center","background-size":"auto","background-attachment":"scroll","background-type":"","background-media":"","overlay-type":"","overlay-color":"","overlay-opacity":"","overlay-gradient":""}},"footnotes":""},"class_list":["post-3024","page","type-page","status-publish","hentry"],"post_mailing_queue_ids":[],"_links":{"self":[{"href":"https:\/\/agora.xtec.cat\/iespladelestany\/wp-json\/wp\/v2\/pages\/3024","targetHints":{"allow":["GET"]}}],"collection":[{"href":"https:\/\/agora.xtec.cat\/iespladelestany\/wp-json\/wp\/v2\/pages"}],"about":[{"href":"https:\/\/agora.xtec.cat\/iespladelestany\/wp-json\/wp\/v2\/types\/page"}],"author":[{"embeddable":true,"href":"https:\/\/agora.xtec.cat\/iespladelestany\/wp-json\/wp\/v2\/users\/1"}],"replies":[{"embeddable":true,"href":"https:\/\/agora.xtec.cat\/iespladelestany\/wp-json\/wp\/v2\/comments?post=3024"}],"version-history":[{"count":3,"href":"https:\/\/agora.xtec.cat\/iespladelestany\/wp-json\/wp\/v2\/pages\/3024\/revisions"}],"predecessor-version":[{"id":9797,"href":"https:\/\/agora.xtec.cat\/iespladelestany\/wp-json\/wp\/v2\/pages\/3024\/revisions\/9797"}],"up":[{"embeddable":true,"href":"https:\/\/agora.xtec.cat\/iespladelestany\/wp-json\/wp\/v2\/pages\/9791"}],"wp:attachment":[{"href":"https:\/\/agora.xtec.cat\/iespladelestany\/wp-json\/wp\/v2\/media?parent=3024"}],"curies":[{"name":"wp","href":"https:\/\/api.w.org\/{rel}","templated":true}]}}