{"id":1033,"date":"2016-05-23T09:25:30","date_gmt":"2016-05-23T08:25:30","guid":{"rendered":"http:\/\/agora.xtec.cat\/iespladelestany\/?page_id=1033"},"modified":"2025-10-16T12:41:10","modified_gmt":"2025-10-16T10:41:10","slug":"dam","status":"publish","type":"page","link":"https:\/\/agora.xtec.cat\/iespladelestany\/estudis\/formacio-professional\/cicles-formatius-de-grau-superior\/dam\/","title":{"rendered":"Desenvolupament d&#8217;Aplicacions Multiplataforma (DAM)"},"content":{"rendered":"<p><strong>Compet\u00e8ncies<\/strong><\/p>\n<p>La compet\u00e8ncia general d\u2019aquest t\u00edtol consisteix a desenvolupar, implantar, documentar i mantenir aplicacions inform\u00e0tiques multiplataforma, utilitzant tecnologies i entorns de desenvolupament espec\u00edfics, garantint l&#8217;acc\u00e9s a les dades de forma segura i complint els criteris d&#8217;utilitzaci\u00f3 i qualitat exigits en els est\u00e0ndards establerts.<\/p>\n<p><center><iframe loading=\"lazy\" title=\"YouTube video player\" src=\"https:\/\/www.youtube.com\/embed\/RiTMaSRb8RA\" width=\"640\" height=\"385\" frameborder=\"0\" allowfullscreen=\"allowfullscreen\"><\/iframe><\/center><center><\/center><\/p>\n<p><b>Distribuci\u00f3 curricular<\/b><\/p>\n<table style=\"width: 592px;\" width=\"604\">\n<thead>\n<tr>\n<td style=\"width: 592px;\" colspan=\"4\">\n<h5 style=\"text-align: center;\">1r Curs<\/h5>\n<\/td>\n<\/tr>\n<tr>\n<td style=\"width: 316px;\" width=\"326\"><\/td>\n<td style=\"text-align: center; width: 104px;\" width=\"106\"><strong>Hores al centre educatiu<\/strong><\/td>\n<td style=\"text-align: center; width: 105px;\" width=\"106\"><strong>Hores d\u2019estada a l\u2019empresa<\/strong><\/td>\n<td style=\"text-align: center; width: 67px;\" width=\"67\"><strong>Hores totals<\/strong><\/td>\n<\/tr>\n<tr>\n<td style=\"width: 316px;\" width=\"326\">0373. Llenguatges de marques i sistemes de gesti\u00f3 d\u2019informaci\u00f3.<\/td>\n<td style=\"text-align: center; width: 104px;\" width=\"106\">66<\/td>\n<td style=\"text-align: center; width: 105px;\" width=\"106\">33<\/td>\n<td style=\"text-align: center; width: 67px;\" width=\"67\">99<\/td>\n<\/tr>\n<tr>\n<td style=\"width: 316px;\" width=\"326\">0483. Sistemes inform\u00e0tics.<\/td>\n<td style=\"text-align: center; width: 104px;\" width=\"106\">99<\/td>\n<td style=\"text-align: center; width: 105px;\" width=\"106\">66<\/td>\n<td style=\"text-align: center; width: 67px;\" width=\"67\">165<\/td>\n<\/tr>\n<tr>\n<td style=\"width: 316px;\" width=\"326\">0484. Bases de dades.<\/td>\n<td style=\"text-align: center; width: 104px;\" width=\"106\">132<\/td>\n<td style=\"text-align: center; width: 105px;\" width=\"106\">66<\/td>\n<td style=\"text-align: center; width: 67px;\" width=\"67\">198<\/td>\n<\/tr>\n<tr>\n<td style=\"width: 316px;\" width=\"326\">0485. Programaci\u00f3.<\/td>\n<td style=\"text-align: center; width: 104px;\" width=\"106\">198<\/td>\n<td style=\"text-align: center; width: 105px;\" width=\"106\">66<\/td>\n<td style=\"text-align: center; width: 67px;\" width=\"67\">264<\/td>\n<\/tr>\n<tr>\n<td style=\"width: 316px;\" width=\"326\">0487. Entorns de desenvolupament.<\/td>\n<td style=\"text-align: center; width: 104px;\" width=\"106\">66<\/td>\n<td style=\"text-align: center; width: 105px;\" width=\"106\">33<\/td>\n<td style=\"text-align: center; width: 67px;\" width=\"67\">99<\/td>\n<\/tr>\n<tr>\n<td style=\"width: 316px;\" width=\"330\">0491. Sistemes de gesti\u00f3 empresarial.<\/td>\n<td style=\"width: 104px; text-align: center;\" width=\"104\">66<\/td>\n<td style=\"width: 105px; text-align: center;\" width=\"104\">33<\/td>\n<td style=\"width: 67px; text-align: center;\" width=\"66\">99<\/td>\n<\/tr>\n<tr>\n<td style=\"width: 316px;\" width=\"326\">0179. Angl\u00e8s professional.<\/td>\n<td style=\"text-align: center; width: 104px;\" width=\"106\">66<\/td>\n<td style=\"text-align: center; width: 105px;\" width=\"106\"><\/td>\n<td style=\"text-align: center; width: 67px;\" width=\"67\">66<\/td>\n<\/tr>\n<tr>\n<td style=\"width: 316px;\" width=\"326\">1665. Digitalitzaci\u00f3 aplicada als sectors productius.<\/td>\n<td style=\"text-align: center; width: 104px;\" width=\"106\">33<\/td>\n<td style=\"text-align: center; width: 105px;\" width=\"106\"><\/td>\n<td style=\"text-align: center; width: 67px;\" width=\"67\">33<\/td>\n<\/tr>\n<tr>\n<td style=\"width: 316px;\" width=\"326\">1708. Sostenibilitat aplicada al sistema productiu.<\/td>\n<td style=\"text-align: center; width: 104px;\" width=\"106\">33<\/td>\n<td style=\"text-align: center; width: 105px;\" width=\"106\"><\/td>\n<td style=\"text-align: center; width: 67px;\" width=\"67\">33<\/td>\n<\/tr>\n<tr>\n<td style=\"width: 316px;\" width=\"326\">1709. Itinerari personal per a l&#8217;ocupabilitat I.<\/td>\n<td style=\"text-align: center; width: 104px;\" width=\"106\">99<\/td>\n<td style=\"text-align: center; width: 105px;\" width=\"106\"><\/td>\n<td style=\"text-align: center; width: 67px;\" width=\"67\">99<\/td>\n<\/tr>\n<tr>\n<td style=\"width: 316px;\" width=\"326\">\n<p style=\"text-align: right;\"><strong>Total<\/strong><\/p>\n<\/td>\n<td style=\"text-align: center; width: 104px;\" width=\"106\">858<\/td>\n<td style=\"text-align: center; width: 105px;\" width=\"106\">297<\/td>\n<td style=\"text-align: center; width: 67px;\" width=\"67\">1089<\/td>\n<\/tr>\n<tr>\n<td style=\"width: 316px;\" width=\"326\">Tutoria<\/td>\n<td style=\"text-align: center; width: 104px;\" width=\"106\">33<\/td>\n<td style=\"text-align: center; width: 105px;\" width=\"106\"><\/td>\n<td style=\"text-align: center; width: 67px;\" width=\"67\">33<\/td>\n<\/tr>\n<tr>\n<td style=\"width: 316px;\" width=\"326\">\n<p style=\"text-align: right;\"><strong>Total primer curs<\/strong><\/p>\n<\/td>\n<td style=\"text-align: center; width: 104px;\" width=\"106\">891<\/td>\n<td style=\"text-align: center; width: 105px;\" width=\"106\">297<\/td>\n<td style=\"text-align: center; width: 67px;\" width=\"67\">1122<\/td>\n<\/tr>\n<\/thead>\n<\/table>\n<table style=\"width: 591px;\" width=\"604\">\n<tbody>\n<tr>\n<td style=\"width: 317px;\" colspan=\"4\">\n<h5 style=\"text-align: center;\">2n Curs<\/h5>\n<\/td>\n<\/tr>\n<tr>\n<td style=\"width: 317px;\" width=\"326\"><\/td>\n<td style=\"width: 104px; text-align: center;\" width=\"106\"><strong>Hores al centre educatiu<\/strong><\/td>\n<td style=\"width: 104px; text-align: center;\" width=\"106\"><strong>Hores d\u2019estada a l\u2019empresa<\/strong><\/td>\n<td style=\"width: 66px; text-align: center;\" width=\"67\"><strong>Hores totals<\/strong><\/td>\n<\/tr>\n<tr>\n<td style=\"width: 317px;\" width=\"330\">0486. Acc\u00e9s a dades.<\/td>\n<td style=\"width: 104px; text-align: center;\" width=\"104\">66<\/td>\n<td style=\"width: 104px; text-align: center;\" width=\"104\">66<\/td>\n<td style=\"width: 66px; text-align: center;\" width=\"66\">132<\/td>\n<\/tr>\n<tr>\n<td style=\"width: 317px;\" width=\"330\">0488. Desenvolupament d\u2019interf\u00edcies.<\/td>\n<td style=\"width: 104px; text-align: center;\" width=\"104\">66<\/td>\n<td style=\"width: 104px; text-align: center;\" width=\"104\">53<\/td>\n<td style=\"width: 66px; text-align: center;\" width=\"66\">119<\/td>\n<\/tr>\n<tr>\n<td style=\"width: 317px;\" width=\"330\">0489. Programaci\u00f3 multim\u00e8dia i dispositius m\u00f2bils.<\/td>\n<td style=\"width: 104px; text-align: center;\" width=\"104\">66<\/td>\n<td style=\"width: 104px; text-align: center;\" width=\"104\">66<\/td>\n<td style=\"width: 66px; text-align: center;\" width=\"66\">132<\/td>\n<\/tr>\n<tr>\n<td style=\"width: 317px;\" width=\"330\">0490. Programaci\u00f3 de serveis i processos.<\/td>\n<td style=\"width: 104px; text-align: center;\" width=\"104\">66<\/td>\n<td style=\"width: 104px; text-align: center;\" width=\"104\">33<\/td>\n<td style=\"width: 66px; text-align: center;\" width=\"66\">99<\/td>\n<\/tr>\n<tr>\n<td style=\"width: 317px;\" width=\"330\">1710. Itinerari personal per a l&#8217;ocupabilitat II.<\/td>\n<td style=\"width: 104px; text-align: center;\" width=\"104\">66<\/td>\n<td style=\"width: 104px; text-align: center;\" width=\"104\"><\/td>\n<td style=\"width: 66px; text-align: center;\" width=\"66\">66<\/td>\n<\/tr>\n<tr>\n<td style=\"width: 317px;\" width=\"330\">0492. Projecte intermodular de desenvolupament d&#8217;aplicacions multiplataforma.<\/td>\n<td style=\"width: 104px; text-align: center;\" width=\"104\">198<\/td>\n<td style=\"width: 104px; text-align: center;\" width=\"104\"><\/td>\n<td style=\"width: 66px; text-align: center;\" width=\"66\">198<\/td>\n<\/tr>\n<tr>\n<td style=\"width: 317px;\" width=\"330\">M\u00f2dul professional optatiu.<\/td>\n<td style=\"width: 104px; text-align: center;\" width=\"104\">99<\/td>\n<td style=\"width: 104px; text-align: center;\" width=\"104\"><\/td>\n<td style=\"width: 66px; text-align: center;\" width=\"66\">99<\/td>\n<\/tr>\n<tr>\n<td style=\"width: 317px;\" width=\"330\">\n<p style=\"text-align: right;\"><strong>Total<\/strong><\/p>\n<\/td>\n<td style=\"width: 104px; text-align: center;\" width=\"104\">627<\/td>\n<td style=\"width: 104px; text-align: center;\" width=\"104\">218<\/td>\n<td style=\"width: 66px; text-align: center;\" width=\"66\">845<\/td>\n<\/tr>\n<tr>\n<td style=\"width: 317px;\" width=\"330\">Tutoria<\/td>\n<td style=\"width: 104px; text-align: center;\" width=\"104\">33<\/td>\n<td style=\"width: 104px; text-align: center;\" width=\"104\"><\/td>\n<td style=\"width: 66px; text-align: center;\" width=\"66\">33<\/td>\n<\/tr>\n<tr>\n<td style=\"width: 317px;\" width=\"330\">\n<p style=\"text-align: right;\"><strong>Total segon curs<\/strong><\/p>\n<\/td>\n<td style=\"width: 104px; text-align: center;\" width=\"104\">726<\/td>\n<td style=\"width: 104px; text-align: center;\" width=\"104\">218<\/td>\n<td style=\"width: 66px; text-align: center;\" width=\"66\">977<\/td>\n<\/tr>\n<\/tbody>\n<\/table>\n<p><strong>Curr\u00edculum<\/strong><br \/>\nPodeu consultar el curr\u00edculum oficial del cicle <a href=\"http:\/\/xtec.gencat.cat\/ca\/curriculum\/professionals\/fp\/titolsloe\/infcomunicacions\/\">aqu\u00ed <\/a>(CFGS Desenvolupament d&#8217;aplicacions multiplataforma (CFPS ICB0))<\/p>\n<p><strong>Formaci\u00f3 Dual Intensiva o Dual General<\/strong><br \/>\nEl cicle es pot cursar en modalitat dual, en aquesta, l\u2019estudiant esdev\u00e9 aprenent i combina la formaci\u00f3 en el centre educatiu amb l\u2019activitat a l\u2019empresa. Per a m\u00e9s informaci\u00f3 visiteu la <a href=\"https:\/\/agora.xtec.cat\/fpdual\/informacio\/que-es-la-formacio-professional-dual\/\">web oficial<\/a><\/p>\n<p><center><iframe loading=\"lazy\" title=\"YouTube video player\" src=\"https:\/\/www.youtube.com\/embed\/3CznHdfU_Ds\" width=\"640\" height=\"385\" frameborder=\"0\" allowfullscreen=\"allowfullscreen\"><\/iframe><\/center><b>SORTIDES<\/b> (algunes)<\/p>\n<ul>\n<li>Mare Nostrum (Barcelona)<\/li>\n<li>Serveis Web (Fornells de la Selva)<\/li>\n<li>Delegaci\u00f3 de la Generalitat (Girona)<\/li>\n<li>MWC (Mobile World Congress)<\/li>\n<li>ExpoJove (Girona)<\/li>\n<\/ul>\n","protected":false},"excerpt":{"rendered":"<p>Compet\u00e8ncies La compet\u00e8ncia general d\u2019aquest t\u00edtol consisteix a desenvolupar, implantar, documentar i mantenir aplicacions inform\u00e0tiques multiplataforma, utilitzant tecnologies i entorns de desenvolupament espec\u00edfics, garantint l&#8217;acc\u00e9s a les dades de forma segura i complint els criteris d&#8217;utilitzaci\u00f3 i qualitat exigits en els est\u00e0ndards establerts. Distribuci\u00f3 curricular 1r Curs Hores al centre educatiu Hores d\u2019estada a l\u2019empresa [&hellip;]<\/p>\n","protected":false},"author":1,"featured_media":0,"parent":9590,"menu_order":45,"comment_status":"closed","ping_status":"closed","template":"","meta":{"site-sidebar-layout":"default","site-content-layout":"","ast-site-content-layout":"default","site-content-style":"default","site-sidebar-style":"default","ast-global-header-display":"","ast-banner-title-visibility":"","ast-main-header-display":"","ast-hfb-above-header-display":"","ast-hfb-below-header-display":"","ast-hfb-mobile-header-display":"","site-post-title":"","ast-breadcrumbs-content":"","ast-featured-img":"","footer-sml-layout":"","theme-transparent-header-meta":"","adv-header-id-meta":"","stick-header-meta":"","header-above-stick-meta":"","header-main-stick-meta":"","header-below-stick-meta":"","astra-migrate-meta-layouts":"set","ast-page-background-enabled":"default","ast-page-background-meta":{"desktop":{"background-color":"var(--ast-global-color-4)","background-image":"","background-repeat":"repeat","background-position":"center center","background-size":"auto","background-attachment":"scroll","background-type":"","background-media":"","overlay-type":"","overlay-color":"","overlay-opacity":"","overlay-gradient":""},"tablet":{"background-color":"","background-image":"","background-repeat":"repeat","background-position":"center center","background-size":"auto","background-attachment":"scroll","background-type":"","background-media":"","overlay-type":"","overlay-color":"","overlay-opacity":"","overlay-gradient":""},"mobile":{"background-color":"","background-image":"","background-repeat":"repeat","background-position":"center center","background-size":"auto","background-attachment":"scroll","background-type":"","background-media":"","overlay-type":"","overlay-color":"","overlay-opacity":"","overlay-gradient":""}},"ast-content-background-meta":{"desktop":{"background-color":"var(--ast-global-color-5)","background-image":"","background-repeat":"repeat","background-position":"center center","background-size":"auto","background-attachment":"scroll","background-type":"","background-media":"","overlay-type":"","overlay-color":"","overlay-opacity":"","overlay-gradient":""},"tablet":{"background-color":"var(--ast-global-color-5)","background-image":"","background-repeat":"repeat","background-position":"center center","background-size":"auto","background-attachment":"scroll","background-type":"","background-media":"","overlay-type":"","overlay-color":"","overlay-opacity":"","overlay-gradient":""},"mobile":{"background-color":"var(--ast-global-color-5)","background-image":"","background-repeat":"repeat","background-position":"center center","background-size":"auto","background-attachment":"scroll","background-type":"","background-media":"","overlay-type":"","overlay-color":"","overlay-opacity":"","overlay-gradient":""}},"footnotes":""},"class_list":["post-1033","page","type-page","status-publish","hentry"],"post_mailing_queue_ids":[],"_links":{"self":[{"href":"https:\/\/agora.xtec.cat\/iespladelestany\/wp-json\/wp\/v2\/pages\/1033","targetHints":{"allow":["GET"]}}],"collection":[{"href":"https:\/\/agora.xtec.cat\/iespladelestany\/wp-json\/wp\/v2\/pages"}],"about":[{"href":"https:\/\/agora.xtec.cat\/iespladelestany\/wp-json\/wp\/v2\/types\/page"}],"author":[{"embeddable":true,"href":"https:\/\/agora.xtec.cat\/iespladelestany\/wp-json\/wp\/v2\/users\/1"}],"replies":[{"embeddable":true,"href":"https:\/\/agora.xtec.cat\/iespladelestany\/wp-json\/wp\/v2\/comments?post=1033"}],"version-history":[{"count":6,"href":"https:\/\/agora.xtec.cat\/iespladelestany\/wp-json\/wp\/v2\/pages\/1033\/revisions"}],"predecessor-version":[{"id":9620,"href":"https:\/\/agora.xtec.cat\/iespladelestany\/wp-json\/wp\/v2\/pages\/1033\/revisions\/9620"}],"up":[{"embeddable":true,"href":"https:\/\/agora.xtec.cat\/iespladelestany\/wp-json\/wp\/v2\/pages\/9590"}],"wp:attachment":[{"href":"https:\/\/agora.xtec.cat\/iespladelestany\/wp-json\/wp\/v2\/media?parent=1033"}],"curies":[{"name":"wp","href":"https:\/\/api.w.org\/{rel}","templated":true}]}}