{"id":804,"date":"2026-04-21T16:58:34","date_gmt":"2026-04-21T14:58:34","guid":{"rendered":"https:\/\/agora.xtec.cat\/iespiusfontiquer\/?page_id=804"},"modified":"2026-04-23T08:33:19","modified_gmt":"2026-04-23T06:33:19","slug":"batxillerat","status":"publish","type":"page","link":"https:\/\/agora.xtec.cat\/iespiusfontiquer\/estudis\/batxillerat\/","title":{"rendered":"Batxillerat"},"content":{"rendered":"\n<p>En aquest institut s&#8217;ofereixen quatre modalitats de Batxillerat: cient\u00edfic, human\u00edstic, social i tecnol\u00f2gic.<\/p>\n\n\n\n        <div class=\"wp-block-getwid-post-carousel custom-post-type-post has-slides-gap-small is-carousel has-arrows-inside has-dots-outside\">\n            <div data-slider-option=\"{&quot;sliderSlidesToShowDesktop&quot;:&quot;2&quot;,&quot;getwid_slidesToShowLaptop&quot;:&quot;1&quot;,&quot;getwid_slidesToShowTablet&quot;:&quot;1&quot;,&quot;getwid_slidesToShowMobile&quot;:&quot;1&quot;,&quot;getwid_autoplay_speed&quot;:6000,&quot;getwid_animation_speed&quot;:800,&quot;getwid_slidesToScroll&quot;:&quot;1&quot;,&quot;getwid_autoplay&quot;:false,&quot;getwid_pause_on_hover&quot;:false,&quot;getwid_infinite&quot;:true,&quot;getwid_center_mode&quot;:false,&quot;getwid_arrows&quot;:&quot;inside&quot;,&quot;getwid_dots&quot;:&quot;outside&quot;}\" class=\"wp-block-getwid-post-carousel__wrapper\">\n                \t\t\t\t\t\t\t<div class=\"wp-block-getwid-post-carousel__slide\">\n\t\t\t\t\t\t\t\t\n<div class=\"wp-block-getwid-post-carousel__post\">\n            <div class=\"wp-block-getwid-post-carousel__post-thumbnail\">\n            <a href=\"https:\/\/agora.xtec.cat\/iespiusfontiquer\/portada\/una-canco-de-pluja\/\"><img loading=\"lazy\" decoding=\"async\" width=\"2000\" height=\"1500\" src=\"https:\/\/agora.xtec.cat\/iespiusfontiquer\/wp-content\/uploads\/usu2051\/2026\/04\/250a80a5-196b-4fb2-ae36-b3a9cf99ed33.jpg\" class=\"attachment-post-thumbnail size-post-thumbnail wp-post-image\" alt=\"\" srcset=\"https:\/\/agora.xtec.cat\/iespiusfontiquer\/wp-content\/uploads\/usu2051\/2026\/04\/250a80a5-196b-4fb2-ae36-b3a9cf99ed33.jpg 2000w, https:\/\/agora.xtec.cat\/iespiusfontiquer\/wp-content\/uploads\/usu2051\/2026\/04\/250a80a5-196b-4fb2-ae36-b3a9cf99ed33-300x225.jpg 300w, https:\/\/agora.xtec.cat\/iespiusfontiquer\/wp-content\/uploads\/usu2051\/2026\/04\/250a80a5-196b-4fb2-ae36-b3a9cf99ed33-1024x768.jpg 1024w, https:\/\/agora.xtec.cat\/iespiusfontiquer\/wp-content\/uploads\/usu2051\/2026\/04\/250a80a5-196b-4fb2-ae36-b3a9cf99ed33-768x576.jpg 768w, https:\/\/agora.xtec.cat\/iespiusfontiquer\/wp-content\/uploads\/usu2051\/2026\/04\/250a80a5-196b-4fb2-ae36-b3a9cf99ed33-1536x1152.jpg 1536w\" sizes=\"auto, (max-width: 2000px) 100vw, 2000px\" \/><\/a>\n        <\/div>\n        <div class=\"wp-block-getwid-post-carousel__post-content-wrapper\">\n        <div class=\"wp-block-getwid-post-carousel__post-header\">\n            <h3 class=\"wp-block-getwid-post-carousel__post-title\"><a href=\"https:\/\/agora.xtec.cat\/iespiusfontiquer\/portada\/una-canco-de-pluja\/\">Iris Mar\u00e9chal presenta Joan-Llu\u00eds Llu\u00eds<\/a><\/h3>        <\/div>\n        <div class=\"wp-block-getwid-post-carousel__post-excerpt\"><p>Iris Mar\u00e9chal, alumna de 2n de Batxillerat human\u00edstic, obre la presentaci\u00f3 de la darrera novel\u00b7la de Joan-Llu\u00eds Llu\u00eds a Manresa<\/p>\n<\/div>\n    <\/div>\n<\/div>\n\n\t\t\t\t\t\t\t<\/div>\n\t\t\t\t\t\t\t\t\t\t\t\t\t<div class=\"wp-block-getwid-post-carousel__slide\">\n\t\t\t\t\t\t\t\t\n<div class=\"wp-block-getwid-post-carousel__post\">\n            <div class=\"wp-block-getwid-post-carousel__post-thumbnail\">\n            <a href=\"https:\/\/agora.xtec.cat\/iespiusfontiquer\/portada\/lot-santacreu-obte-una-medalla-de-plata-a-lolimpiada-de-fisica-estatal\/\"><img loading=\"lazy\" decoding=\"async\" width=\"1920\" height=\"2560\" src=\"https:\/\/agora.xtec.cat\/iespiusfontiquer\/wp-content\/uploads\/usu2051\/2026\/04\/1000009987-scaled.jpg\" class=\"attachment-post-thumbnail size-post-thumbnail wp-post-image\" alt=\"\" srcset=\"https:\/\/agora.xtec.cat\/iespiusfontiquer\/wp-content\/uploads\/usu2051\/2026\/04\/1000009987-scaled.jpg 1920w, https:\/\/agora.xtec.cat\/iespiusfontiquer\/wp-content\/uploads\/usu2051\/2026\/04\/1000009987-225x300.jpg 225w, https:\/\/agora.xtec.cat\/iespiusfontiquer\/wp-content\/uploads\/usu2051\/2026\/04\/1000009987-768x1024.jpg 768w, https:\/\/agora.xtec.cat\/iespiusfontiquer\/wp-content\/uploads\/usu2051\/2026\/04\/1000009987-1152x1536.jpg 1152w, https:\/\/agora.xtec.cat\/iespiusfontiquer\/wp-content\/uploads\/usu2051\/2026\/04\/1000009987-1536x2048.jpg 1536w\" sizes=\"auto, (max-width: 1920px) 100vw, 1920px\" \/><\/a>\n        <\/div>\n        <div class=\"wp-block-getwid-post-carousel__post-content-wrapper\">\n        <div class=\"wp-block-getwid-post-carousel__post-header\">\n            <h3 class=\"wp-block-getwid-post-carousel__post-title\"><a href=\"https:\/\/agora.xtec.cat\/iespiusfontiquer\/portada\/lot-santacreu-obte-una-medalla-de-plata-a-lolimpiada-de-fisica-estatal\/\">L\u2019Ot Santacreu obt\u00e9 una medalla de plata a l\u2019Olimp\u00edada de F\u00edsica estatal<\/a><\/h3>        <\/div>\n        <div class=\"wp-block-getwid-post-carousel__post-excerpt\"><p>Ot Santacreu, alumne de 2n de Batxillerat tecnol\u00f2gic queda en segon lloc a l&#8217;Olimp\u00edada de F\u00edsica estatal<\/p>\n<\/div>\n    <\/div>\n<\/div>\n\n\t\t\t\t\t\t\t<\/div>\n\t\t\t\t\t\t\t\t\t\t\t\t\t<div class=\"wp-block-getwid-post-carousel__slide\">\n\t\t\t\t\t\t\t\t\n<div class=\"wp-block-getwid-post-carousel__post\">\n            <div class=\"wp-block-getwid-post-carousel__post-thumbnail\">\n            <a href=\"https:\/\/agora.xtec.cat\/iespiusfontiquer\/portada\/ruta-modernista-a-sitges\/\"><img loading=\"lazy\" decoding=\"async\" width=\"1920\" height=\"2560\" src=\"https:\/\/agora.xtec.cat\/iespiusfontiquer\/wp-content\/uploads\/usu2051\/2026\/04\/IMG_6734-1-scaled-e1776885768984.jpeg\" class=\"attachment-post-thumbnail size-post-thumbnail wp-post-image\" alt=\"\" srcset=\"https:\/\/agora.xtec.cat\/iespiusfontiquer\/wp-content\/uploads\/usu2051\/2026\/04\/IMG_6734-1-scaled-e1776885768984.jpeg 1920w, https:\/\/agora.xtec.cat\/iespiusfontiquer\/wp-content\/uploads\/usu2051\/2026\/04\/IMG_6734-1-scaled-e1776885768984-225x300.jpeg 225w, https:\/\/agora.xtec.cat\/iespiusfontiquer\/wp-content\/uploads\/usu2051\/2026\/04\/IMG_6734-1-scaled-e1776885768984-768x1024.jpeg 768w, https:\/\/agora.xtec.cat\/iespiusfontiquer\/wp-content\/uploads\/usu2051\/2026\/04\/IMG_6734-1-scaled-e1776885768984-1152x1536.jpeg 1152w, https:\/\/agora.xtec.cat\/iespiusfontiquer\/wp-content\/uploads\/usu2051\/2026\/04\/IMG_6734-1-scaled-e1776885768984-1536x2048.jpeg 1536w\" sizes=\"auto, (max-width: 1920px) 100vw, 1920px\" \/><\/a>\n        <\/div>\n        <div class=\"wp-block-getwid-post-carousel__post-content-wrapper\">\n        <div class=\"wp-block-getwid-post-carousel__post-header\">\n            <h3 class=\"wp-block-getwid-post-carousel__post-title\"><a href=\"https:\/\/agora.xtec.cat\/iespiusfontiquer\/portada\/ruta-modernista-a-sitges\/\">Ruta modernista a Sitges<\/a><\/h3>        <\/div>\n        <div class=\"wp-block-getwid-post-carousel__post-excerpt\"><p>L&#8217;alumnat de 1r de Batxillerat visita els indrets modernistes de Sitges<\/p>\n<\/div>\n    <\/div>\n<\/div>\n\n\t\t\t\t\t\t\t<\/div>\n\t\t\t\t\t\t\t\t\t\t\t\t\t<div class=\"wp-block-getwid-post-carousel__slide\">\n\t\t\t\t\t\t\t\t\n<div class=\"wp-block-getwid-post-carousel__post\">\n            <div class=\"wp-block-getwid-post-carousel__post-thumbnail\">\n            <a href=\"https:\/\/agora.xtec.cat\/iespiusfontiquer\/portada\/intercanvi-eslovaquia-manresa\/\"><img loading=\"lazy\" decoding=\"async\" width=\"2560\" height=\"1920\" src=\"https:\/\/agora.xtec.cat\/iespiusfontiquer\/wp-content\/uploads\/usu2051\/2026\/04\/IMG_9428-scaled.jpeg\" class=\"attachment-post-thumbnail size-post-thumbnail wp-post-image\" alt=\"\" srcset=\"https:\/\/agora.xtec.cat\/iespiusfontiquer\/wp-content\/uploads\/usu2051\/2026\/04\/IMG_9428-scaled.jpeg 2560w, https:\/\/agora.xtec.cat\/iespiusfontiquer\/wp-content\/uploads\/usu2051\/2026\/04\/IMG_9428-300x225.jpeg 300w, https:\/\/agora.xtec.cat\/iespiusfontiquer\/wp-content\/uploads\/usu2051\/2026\/04\/IMG_9428-1024x768.jpeg 1024w, https:\/\/agora.xtec.cat\/iespiusfontiquer\/wp-content\/uploads\/usu2051\/2026\/04\/IMG_9428-768x576.jpeg 768w, https:\/\/agora.xtec.cat\/iespiusfontiquer\/wp-content\/uploads\/usu2051\/2026\/04\/IMG_9428-1536x1152.jpeg 1536w, https:\/\/agora.xtec.cat\/iespiusfontiquer\/wp-content\/uploads\/usu2051\/2026\/04\/IMG_9428-2048x1536.jpeg 2048w\" sizes=\"auto, (max-width: 2560px) 100vw, 2560px\" \/><\/a>\n        <\/div>\n        <div class=\"wp-block-getwid-post-carousel__post-content-wrapper\">\n        <div class=\"wp-block-getwid-post-carousel__post-header\">\n            <h3 class=\"wp-block-getwid-post-carousel__post-title\"><a href=\"https:\/\/agora.xtec.cat\/iespiusfontiquer\/portada\/intercanvi-eslovaquia-manresa\/\">Intercanvi Eslov\u00e0quia-Manresa<\/a><\/h3>        <\/div>\n        <div class=\"wp-block-getwid-post-carousel__post-excerpt\"><p>L&#8217;alumnat de 1r de Batxillerat ha visitat Eslov\u00e0quia en el marc del projecte Erasmus+<\/p>\n<\/div>\n    <\/div>\n<\/div>\n\n\t\t\t\t\t\t\t<\/div>\n\t\t\t\t\t\t            <\/div>\n        <\/div>\n        ","protected":false},"excerpt":{"rendered":"<p>En aquest institut s&#8217;ofereixen quatre modalitats de Batxillerat: cient\u00edfic, human\u00edstic, social i tecnol\u00f2gic.<\/p>\n","protected":false},"author":9,"featured_media":0,"parent":721,"menu_order":0,"comment_status":"closed","ping_status":"close","template":"","meta":{"_bbp_topic_count":0,"_bbp_reply_count":0,"_bbp_total_topic_count":0,"_bbp_total_reply_count":0,"_bbp_voice_count":0,"_bbp_anonymous_reply_count":0,"_bbp_topic_count_hidden":0,"_bbp_reply_count_hidden":0,"_bbp_forum_subforum_count":0,"site-sidebar-layout":"default","site-content-layout":"","ast-site-content-layout":"default","site-content-style":"default","site-sidebar-style":"default","ast-global-header-display":"","ast-banner-title-visibility":"","ast-main-header-display":"","ast-hfb-above-header-display":"","ast-hfb-below-header-display":"","ast-hfb-mobile-header-display":"","site-post-title":"","ast-breadcrumbs-content":"","ast-featured-img":"","footer-sml-layout":"","theme-transparent-header-meta":"","adv-header-id-meta":"","stick-header-meta":"","header-above-stick-meta":"","header-main-stick-meta":"","header-below-stick-meta":"","astra-migrate-meta-layouts":"set","ast-page-background-enabled":"default","ast-page-background-meta":{"desktop":{"background-color":"var(--ast-global-color-4)","background-image":"","background-repeat":"repeat","background-position":"center center","background-size":"auto","background-attachment":"scroll","background-type":"","background-media":"","overlay-type":"","overlay-color":"","overlay-opacity":"","overlay-gradient":""},"tablet":{"background-color":"","background-image":"","background-repeat":"repeat","background-position":"center center","background-size":"auto","background-attachment":"scroll","background-type":"","background-media":"","overlay-type":"","overlay-color":"","overlay-opacity":"","overlay-gradient":""},"mobile":{"background-color":"","background-image":"","background-repeat":"repeat","background-position":"center center","background-size":"auto","background-attachment":"scroll","background-type":"","background-media":"","overlay-type":"","overlay-color":"","overlay-opacity":"","overlay-gradient":""}},"ast-content-background-meta":{"desktop":{"background-color":"var(--ast-global-color-5)","background-image":"","background-repeat":"repeat","background-position":"center center","background-size":"auto","background-attachment":"scroll","background-type":"","background-media":"","overlay-type":"","overlay-color":"","overlay-opacity":"","overlay-gradient":""},"tablet":{"background-color":"var(--ast-global-color-5)","background-image":"","background-repeat":"repeat","background-position":"center center","background-size":"auto","background-attachment":"scroll","background-type":"","background-media":"","overlay-type":"","overlay-color":"","overlay-opacity":"","overlay-gradient":""},"mobile":{"background-color":"var(--ast-global-color-5)","background-image":"","background-repeat":"repeat","background-position":"center center","background-size":"auto","background-attachment":"scroll","background-type":"","background-media":"","overlay-type":"","overlay-color":"","overlay-opacity":"","overlay-gradient":""}},"footnotes":""},"class_list":["post-804","page","type-page","status-publish","hentry"],"post_mailing_queue_ids":[],"_links":{"self":[{"href":"https:\/\/agora.xtec.cat\/iespiusfontiquer\/wp-json\/wp\/v2\/pages\/804","targetHints":{"allow":["GET"]}}],"collection":[{"href":"https:\/\/agora.xtec.cat\/iespiusfontiquer\/wp-json\/wp\/v2\/pages"}],"about":[{"href":"https:\/\/agora.xtec.cat\/iespiusfontiquer\/wp-json\/wp\/v2\/types\/page"}],"author":[{"embeddable":true,"href":"https:\/\/agora.xtec.cat\/iespiusfontiquer\/wp-json\/wp\/v2\/users\/9"}],"replies":[{"embeddable":true,"href":"https:\/\/agora.xtec.cat\/iespiusfontiquer\/wp-json\/wp\/v2\/comments?post=804"}],"version-history":[{"count":2,"href":"https:\/\/agora.xtec.cat\/iespiusfontiquer\/wp-json\/wp\/v2\/pages\/804\/revisions"}],"predecessor-version":[{"id":966,"href":"https:\/\/agora.xtec.cat\/iespiusfontiquer\/wp-json\/wp\/v2\/pages\/804\/revisions\/966"}],"up":[{"embeddable":true,"href":"https:\/\/agora.xtec.cat\/iespiusfontiquer\/wp-json\/wp\/v2\/pages\/721"}],"wp:attachment":[{"href":"https:\/\/agora.xtec.cat\/iespiusfontiquer\/wp-json\/wp\/v2\/media?parent=804"}],"curies":[{"name":"wp","href":"https:\/\/api.w.org\/{rel}","templated":true}]}}