{"id":573,"date":"2023-06-22T12:09:08","date_gmt":"2023-06-22T10:09:08","guid":{"rendered":"https:\/\/agora.xtec.cat\/iespiusfontiquer\/?page_id=573"},"modified":"2023-06-22T12:14:43","modified_gmt":"2023-06-22T10:14:43","slug":"avaluacio","status":"publish","type":"page","link":"https:\/\/agora.xtec.cat\/iespiusfontiquer\/linstitut\/avaluacio\/","title":{"rendered":"Avaluaci\u00f3"},"content":{"rendered":"<p>En el proc\u00e9s d\u2019avaluaci\u00f3 s\u2019aplicaran els seg\u00fcents tipus d\u2019avaluaci\u00f3:<\/p>\n<p><b>Avaluaci\u00f3 cont\u00ednua<\/b>: es realitzar\u00e0 durant el desenvolupament de les accions. Els responsables dels indicadors de les accions faran la valoraci\u00f3; de les tasques\/activitats i de l\u2019assoliment dels corresponents indicadors. A partir d\u2019aquesta valoraci\u00f3, si es considera oport\u00fa, es duran a terme els canvis necessaris de les activitats per garantir el compliment dels objectius de l\u2019EDC.<\/p>\n<p><b>Avaluaci\u00f3 anual<\/b>: es realitzar\u00e0 a final de curs. Pret\u00e9n ser una avaluaci\u00f3 \u00e0mplia on recollir les valoracions de les accions dutes a terme i l\u2019assoliment dels objectius programats durant el curs. A partir d\u2019aquestes valoracions la comissi\u00f3 decidir\u00e0 si cal adaptar alguna acci\u00f3 o objectiu, o si cal, incorporar noves accions o objectius. Els resultats de l\u2019avaluaci\u00f3 es recolliran a la mem\u00f2ria anual.<\/p>\n<p>En acabar el per\u00edode de l\u2019EDC es realitzar\u00e0 l\u2019<b>avaluaci\u00f3 final<\/b> que no nom\u00e9s servir\u00e0 per valorar l\u2019estrat\u00e8gia realitzada en la seva globalitat, sin\u00f3 tamb\u00e9 ser\u00e0 el punt de partida de la diagnosi de la nova estrat\u00e8gia digital per al seg\u00fcent per\u00edode.<\/p>\n","protected":false},"excerpt":{"rendered":"<p>En el proc\u00e9s d\u2019avaluaci\u00f3 s\u2019aplicaran els seg\u00fcents tipus d\u2019avaluaci\u00f3: Avaluaci\u00f3 cont\u00ednua: es realitzar\u00e0 durant el desenvolupament de les accions. Els responsables dels indicadors de les accions faran la valoraci\u00f3; de les tasques\/activitats i de l\u2019assoliment dels corresponents indicadors. A partir d\u2019aquesta valoraci\u00f3, si es considera oport\u00fa, es duran a terme els canvis necessaris de les [&hellip;]<\/p>\n","protected":false},"author":1,"featured_media":0,"parent":19,"menu_order":60,"comment_status":"closed","ping_status":"closed","template":"page-templates\/side-menu.php","meta":{"_bbp_topic_count":0,"_bbp_reply_count":0,"_bbp_total_topic_count":0,"_bbp_total_reply_count":0,"_bbp_voice_count":0,"_bbp_anonymous_reply_count":0,"_bbp_topic_count_hidden":0,"_bbp_reply_count_hidden":0,"_bbp_forum_subforum_count":0,"site-sidebar-layout":"default","site-content-layout":"","ast-site-content-layout":"","site-content-style":"default","site-sidebar-style":"default","ast-global-header-display":"","ast-banner-title-visibility":"","ast-main-header-display":"","ast-hfb-above-header-display":"","ast-hfb-below-header-display":"","ast-hfb-mobile-header-display":"","site-post-title":"","ast-breadcrumbs-content":"","ast-featured-img":"","footer-sml-layout":"","theme-transparent-header-meta":"","adv-header-id-meta":"","stick-header-meta":"","header-above-stick-meta":"","header-main-stick-meta":"","header-below-stick-meta":"","astra-migrate-meta-layouts":"default","ast-page-background-enabled":"default","ast-page-background-meta":{"desktop":{"background-color":"var(--ast-global-color-4)","background-image":"","background-repeat":"repeat","background-position":"center center","background-size":"auto","background-attachment":"scroll","background-type":"","background-media":"","overlay-type":"","overlay-color":"","overlay-opacity":"","overlay-gradient":""},"tablet":{"background-color":"","background-image":"","background-repeat":"repeat","background-position":"center center","background-size":"auto","background-attachment":"scroll","background-type":"","background-media":"","overlay-type":"","overlay-color":"","overlay-opacity":"","overlay-gradient":""},"mobile":{"background-color":"","background-image":"","background-repeat":"repeat","background-position":"center center","background-size":"auto","background-attachment":"scroll","background-type":"","background-media":"","overlay-type":"","overlay-color":"","overlay-opacity":"","overlay-gradient":""}},"ast-content-background-meta":{"desktop":{"background-color":"var(--ast-global-color-5)","background-image":"","background-repeat":"repeat","background-position":"center center","background-size":"auto","background-attachment":"scroll","background-type":"","background-media":"","overlay-type":"","overlay-color":"","overlay-opacity":"","overlay-gradient":""},"tablet":{"background-color":"var(--ast-global-color-5)","background-image":"","background-repeat":"repeat","background-position":"center center","background-size":"auto","background-attachment":"scroll","background-type":"","background-media":"","overlay-type":"","overlay-color":"","overlay-opacity":"","overlay-gradient":""},"mobile":{"background-color":"var(--ast-global-color-5)","background-image":"","background-repeat":"repeat","background-position":"center center","background-size":"auto","background-attachment":"scroll","background-type":"","background-media":"","overlay-type":"","overlay-color":"","overlay-opacity":"","overlay-gradient":""}},"footnotes":""},"class_list":["post-573","page","type-page","status-publish","hentry"],"post_mailing_queue_ids":[],"_links":{"self":[{"href":"https:\/\/agora.xtec.cat\/iespiusfontiquer\/wp-json\/wp\/v2\/pages\/573","targetHints":{"allow":["GET"]}}],"collection":[{"href":"https:\/\/agora.xtec.cat\/iespiusfontiquer\/wp-json\/wp\/v2\/pages"}],"about":[{"href":"https:\/\/agora.xtec.cat\/iespiusfontiquer\/wp-json\/wp\/v2\/types\/page"}],"author":[{"embeddable":true,"href":"https:\/\/agora.xtec.cat\/iespiusfontiquer\/wp-json\/wp\/v2\/users\/1"}],"replies":[{"embeddable":true,"href":"https:\/\/agora.xtec.cat\/iespiusfontiquer\/wp-json\/wp\/v2\/comments?post=573"}],"version-history":[{"count":3,"href":"https:\/\/agora.xtec.cat\/iespiusfontiquer\/wp-json\/wp\/v2\/pages\/573\/revisions"}],"predecessor-version":[{"id":576,"href":"https:\/\/agora.xtec.cat\/iespiusfontiquer\/wp-json\/wp\/v2\/pages\/573\/revisions\/576"}],"up":[{"embeddable":true,"href":"https:\/\/agora.xtec.cat\/iespiusfontiquer\/wp-json\/wp\/v2\/pages\/19"}],"wp:attachment":[{"href":"https:\/\/agora.xtec.cat\/iespiusfontiquer\/wp-json\/wp\/v2\/media?parent=573"}],"curies":[{"name":"wp","href":"https:\/\/api.w.org\/{rel}","templated":true}]}}