{"id":9624,"date":"2018-04-06T12:04:28","date_gmt":"2018-04-06T10:04:28","guid":{"rendered":"http:\/\/agora.xtec.cat\/iespinedademar\/?page_id=9624"},"modified":"2019-10-14T10:53:37","modified_gmt":"2019-10-14T08:53:37","slug":"projecte-transversals","status":"publish","type":"page","link":"https:\/\/agora.xtec.cat\/iespinedademar\/projecte-educatiu\/projecte-transversals\/","title":{"rendered":"Projecte Aula Oberta"},"content":{"rendered":"<p><span style=\"font-size: medium;\">El Projecte \u201cAula Oberta\u201d de l\u2019INS PINEDA DE MAR pret\u00e9n configurar-se com una experi\u00e8ncia educativa integrada d\u2019atenci\u00f3 a la diversitat al nostre centre, adre\u00e7ada a l\u2019alumnat de 3r i 4t d\u2019ESO.<\/span><\/p>\n<p><img loading=\"lazy\" decoding=\"async\" class=\"wp-image-9995 aligncenter\" src=\"http:\/\/agora.xtec.cat\/iespinedademar\/wp-content\/uploads\/usu647\/2018\/10\/IMG_20180924_090446-COLLAGE-1-1024x1024.jpg\" alt=\"\" width=\"615\" height=\"615\" srcset=\"https:\/\/agora.xtec.cat\/iespinedademar\/wp-content\/uploads\/usu647\/2018\/10\/IMG_20180924_090446-COLLAGE-1-1024x1024.jpg 1024w, https:\/\/agora.xtec.cat\/iespinedademar\/wp-content\/uploads\/usu647\/2018\/10\/IMG_20180924_090446-COLLAGE-1-150x150.jpg 150w, https:\/\/agora.xtec.cat\/iespinedademar\/wp-content\/uploads\/usu647\/2018\/10\/IMG_20180924_090446-COLLAGE-1-300x300.jpg 300w, https:\/\/agora.xtec.cat\/iespinedademar\/wp-content\/uploads\/usu647\/2018\/10\/IMG_20180924_090446-COLLAGE-1-768x768.jpg 768w, https:\/\/agora.xtec.cat\/iespinedademar\/wp-content\/uploads\/usu647\/2018\/10\/IMG_20180924_090446-COLLAGE-1.jpg 2047w\" sizes=\"auto, (max-width: 615px) 100vw, 615px\" \/><\/p>\n<p class=\"western\" lang=\"ca-ES\" style=\"text-align: justify;\" align=\"justify\"><span style=\"font-size: medium;\"><b>OBJECTIUS <\/b><\/span><\/p>\n<p class=\"western\" lang=\"ca-ES\" style=\"text-align: justify;\" align=\"justify\"><span style=\"font-size: medium;\">1. Millorar l&#8217;\u00e8xit escolar. <\/span><\/p>\n<p class=\"western\" lang=\"ca-ES\" style=\"text-align: justify;\" align=\"justify\"><span style=\"font-size: medium;\">2. Promoure l\u2019adquisici\u00f3 d\u2019habilitats per al desenvolupament personal, social i laboral. <\/span><\/p>\n<p class=\"western\" lang=\"ca-ES\" style=\"text-align: justify;\" align=\"justify\"><span style=\"font-size: medium;\">3. Afavorir que l&#8217;alumnat assoleixi les compet\u00e8ncies b\u00e0siques de l&#8217;etapa i obtingui el t\u00edtol de graduat en educaci\u00f3 secund\u00e0ria obligat\u00f2ria . <\/span><\/p>\n<p class=\"western\" lang=\"ca-ES\" style=\"text-align: justify;\" align=\"justify\"><span style=\"font-size: medium;\"><b>ESTRUCTURA ORGANITZATIVA<\/b><\/span><\/p>\n<p class=\"western\" lang=\"ca-ES\" style=\"text-align: justify;\" align=\"justify\"><span style=\"font-size: medium;\">Els alumnes assistiran amb la resta de companys del grup adscrit a les mat\u00e8ries optatives, a Educaci\u00f3 F\u00edsica i a Religi\u00f3\/Cultura i valors \u00e8tics. La resta de mat\u00e8ries segueixen la seg\u00fcent organitzaci\u00f3:<\/span><\/p>\n<p lang=\"ca-ES\" style=\"text-align: justify;\" align=\"justify\"><img loading=\"lazy\" decoding=\"async\" class=\"size-full wp-image-9975 aligncenter\" src=\"http:\/\/agora.xtec.cat\/iespinedademar\/wp-content\/uploads\/usu647\/2018\/10\/1D1E.tmp_.png\" alt=\"\" width=\"657\" height=\"358\" srcset=\"https:\/\/agora.xtec.cat\/iespinedademar\/wp-content\/uploads\/usu647\/2018\/10\/1D1E.tmp_.png 657w, https:\/\/agora.xtec.cat\/iespinedademar\/wp-content\/uploads\/usu647\/2018\/10\/1D1E.tmp_-300x163.png 300w\" sizes=\"auto, (max-width: 657px) 100vw, 657px\" \/><\/p>\n<p class=\"western\" lang=\"ca-ES\" style=\"text-align: justify;\" align=\"justify\"><span style=\"font-size: medium;\">Aix\u00ed mateix, cal esmentar que, com a grup, participaran en una s\u00e8rie d&#8217;activitats compartides amb la resta de grups de 3r i 4t ESO o espec\u00edfiques de l\u2019aula oberta: Dia de l&#8217;espectador, taules rodones, sortides pedag\u00f2giques&#8230;<\/span><\/p>\n<p style=\"text-align: justify;\"><span style=\"color: #000000;\"> <span style=\"font-family: 'Trebuchet MS', serif;\"><span style=\"font-size: medium;\"><b>CRITERIS D\u2019AVALUACI\u00d3 <\/b><\/span><\/span><\/span><\/p>\n<p class=\"western\" lang=\"ca-ES\" style=\"text-align: justify;\" align=\"justify\"><span style=\"font-size: medium;\">L&#8217;avaluaci\u00f3 ser\u00e0 cont\u00ednua i, alhora, global i diferenciada segons els diferents \u00e0mbits, projectes interdisciplinaris i mat\u00e8ries del programa. Si l\u2019alumnat assoleix les compet\u00e8ncies b\u00e0siques de l\u2019etapa, obtindr\u00e0 el t\u00edtol de graduat en educaci\u00f3 secund\u00e0ria obligat\u00f2ria.<\/span><\/p>\n<p lang=\"ca-ES\" style=\"text-align: justify;\" align=\"justify\">\n","protected":false},"excerpt":{"rendered":"<p>El Projecte \u201cAula Oberta\u201d de l\u2019INS PINEDA DE MAR pret\u00e9n configurar-se com una experi\u00e8ncia educativa integrada d\u2019atenci\u00f3 a la diversitat al nostre centre, adre\u00e7ada a l\u2019alumnat de 3r i 4t d\u2019ESO. OBJECTIUS 1. Millorar l&#8217;\u00e8xit escolar. 2. Promoure l\u2019adquisici\u00f3 d\u2019habilitats per al desenvolupament personal, social i laboral. 3. Afavorir que l&#8217;alumnat assoleixi les compet\u00e8ncies b\u00e0siques [&hellip;]<\/p>\n","protected":false},"author":1,"featured_media":0,"parent":57,"menu_order":4,"comment_status":"closed","ping_status":"closed","template":"page-templates\/side-menu.php","meta":{"_bbp_topic_count":0,"_bbp_reply_count":0,"_bbp_total_topic_count":0,"_bbp_total_reply_count":0,"_bbp_voice_count":0,"_bbp_anonymous_reply_count":0,"_bbp_topic_count_hidden":0,"_bbp_reply_count_hidden":0,"_bbp_forum_subforum_count":0,"site-sidebar-layout":"default","site-content-layout":"","ast-site-content-layout":"","site-content-style":"default","site-sidebar-style":"default","ast-global-header-display":"","ast-banner-title-visibility":"","ast-main-header-display":"","ast-hfb-above-header-display":"","ast-hfb-below-header-display":"","ast-hfb-mobile-header-display":"","site-post-title":"","ast-breadcrumbs-content":"","ast-featured-img":"","footer-sml-layout":"","theme-transparent-header-meta":"","adv-header-id-meta":"","stick-header-meta":"","header-above-stick-meta":"","header-main-stick-meta":"","header-below-stick-meta":"","astra-migrate-meta-layouts":"default","ast-page-background-enabled":"default","ast-page-background-meta":{"desktop":{"background-color":"var(--ast-global-color-4)","background-image":"","background-repeat":"repeat","background-position":"center center","background-size":"auto","background-attachment":"scroll","background-type":"","background-media":"","overlay-type":"","overlay-color":"","overlay-opacity":"","overlay-gradient":""},"tablet":{"background-color":"","background-image":"","background-repeat":"repeat","background-position":"center center","background-size":"auto","background-attachment":"scroll","background-type":"","background-media":"","overlay-type":"","overlay-color":"","overlay-opacity":"","overlay-gradient":""},"mobile":{"background-color":"","background-image":"","background-repeat":"repeat","background-position":"center center","background-size":"auto","background-attachment":"scroll","background-type":"","background-media":"","overlay-type":"","overlay-color":"","overlay-opacity":"","overlay-gradient":""}},"ast-content-background-meta":{"desktop":{"background-color":"var(--ast-global-color-5)","background-image":"","background-repeat":"repeat","background-position":"center center","background-size":"auto","background-attachment":"scroll","background-type":"","background-media":"","overlay-type":"","overlay-color":"","overlay-opacity":"","overlay-gradient":""},"tablet":{"background-color":"var(--ast-global-color-5)","background-image":"","background-repeat":"repeat","background-position":"center center","background-size":"auto","background-attachment":"scroll","background-type":"","background-media":"","overlay-type":"","overlay-color":"","overlay-opacity":"","overlay-gradient":""},"mobile":{"background-color":"var(--ast-global-color-5)","background-image":"","background-repeat":"repeat","background-position":"center center","background-size":"auto","background-attachment":"scroll","background-type":"","background-media":"","overlay-type":"","overlay-color":"","overlay-opacity":"","overlay-gradient":""}},"footnotes":""},"class_list":["post-9624","page","type-page","status-publish","hentry"],"post_mailing_queue_ids":[],"_links":{"self":[{"href":"https:\/\/agora.xtec.cat\/iespinedademar\/wp-json\/wp\/v2\/pages\/9624","targetHints":{"allow":["GET"]}}],"collection":[{"href":"https:\/\/agora.xtec.cat\/iespinedademar\/wp-json\/wp\/v2\/pages"}],"about":[{"href":"https:\/\/agora.xtec.cat\/iespinedademar\/wp-json\/wp\/v2\/types\/page"}],"author":[{"embeddable":true,"href":"https:\/\/agora.xtec.cat\/iespinedademar\/wp-json\/wp\/v2\/users\/1"}],"replies":[{"embeddable":true,"href":"https:\/\/agora.xtec.cat\/iespinedademar\/wp-json\/wp\/v2\/comments?post=9624"}],"version-history":[{"count":3,"href":"https:\/\/agora.xtec.cat\/iespinedademar\/wp-json\/wp\/v2\/pages\/9624\/revisions"}],"predecessor-version":[{"id":10730,"href":"https:\/\/agora.xtec.cat\/iespinedademar\/wp-json\/wp\/v2\/pages\/9624\/revisions\/10730"}],"up":[{"embeddable":true,"href":"https:\/\/agora.xtec.cat\/iespinedademar\/wp-json\/wp\/v2\/pages\/57"}],"wp:attachment":[{"href":"https:\/\/agora.xtec.cat\/iespinedademar\/wp-json\/wp\/v2\/media?parent=9624"}],"curies":[{"name":"wp","href":"https:\/\/api.w.org\/{rel}","templated":true}]}}