{"id":46,"date":"2014-09-17T16:53:45","date_gmt":"2014-09-17T16:53:45","guid":{"rendered":"http:\/\/agora.xtec.cat\/iespinedademar\/?page_id=46"},"modified":"2025-09-04T19:01:40","modified_gmt":"2025-09-04T17:01:40","slug":"organigrama","status":"publish","type":"page","link":"https:\/\/agora.xtec.cat\/iespinedademar\/linstitut\/organigrama\/","title":{"rendered":"Organigrama"},"content":{"rendered":"<table style=\"height: 2458px; width: 69.0915%;\" width=\"629\">\n<tbody>\n<tr style=\"height: 40px;\">\n<td style=\"height: 40px; width: 60.1408%;\"><strong>Equip directiu<\/strong><\/td>\n<td style=\"height: 40px; width: 52.4934%;\"><\/td>\n<\/tr>\n<tr style=\"height: 55px;\">\n<td style=\"height: 55px; width: 60.1408%;\">Directora<\/td>\n<td style=\"height: 55px; width: 52.4934%;\"><a href=\"https:\/\/agora.xtec.cat\/iespinedademar\/wp-content\/uploads\/usu647\/2024\/10\/Conxi-Pena.pdf\" target=\"_blank\" rel=\"noopener\">Conxi Pe\u00f1a<\/a><\/td>\n<\/tr>\n<tr style=\"height: 55px;\">\n<td style=\"height: 55px; width: 60.1408%;\">Cap d\u2019Estudis<\/td>\n<td style=\"height: 55px; width: 52.4934%;\"><a href=\"https:\/\/agora.xtec.cat\/iespinedademar\/wp-content\/uploads\/usu647\/2024\/10\/Eva-Dominguez.pdf\" target=\"_blank\" rel=\"noopener\">Eva Dom\u00ednguez<\/a><\/td>\n<\/tr>\n<tr style=\"height: 55px;\">\n<td style=\"height: 55px; width: 60.1408%;\">Secretari<\/td>\n<td style=\"height: 55px; width: 52.4934%;\"><a href=\"https:\/\/agora.xtec.cat\/iespinedademar\/wp-content\/uploads\/usu647\/2024\/10\/Carles-Tagua.pdf\" target=\"_blank\" rel=\"noopener\">Carles Tagua<\/a><\/td>\n<\/tr>\n<tr style=\"height: 55px;\">\n<td style=\"height: 55px; width: 60.1408%;\">Coordinadora Pedag\u00f2gica<\/td>\n<td style=\"height: 55px; width: 52.4934%;\"><a href=\"https:\/\/agora.xtec.cat\/iespinedademar\/wp-content\/uploads\/usu647\/2024\/10\/Alba-Sunyol.pdf\" target=\"_blank\" rel=\"noopener\">Alba Sunyol<\/a><\/td>\n<\/tr>\n<tr style=\"height: 31px;\">\n<td style=\"height: 31px; width: 60.1408%;\"><\/td>\n<td style=\"height: 31px; width: 52.4934%;\"><\/td>\n<\/tr>\n<tr style=\"height: 55px;\">\n<td style=\"height: 55px; width: 60.1408%;\"><strong>C\u00e0rrecs de coordinaci\u00f3<\/strong><\/td>\n<td style=\"height: 55px; width: 52.4934%;\"><\/td>\n<\/tr>\n<tr style=\"height: 55px;\">\n<td style=\"height: 55px; width: 60.1408%;\">Coordinaci\u00f3 Activitats i Serveis Escolars<\/td>\n<td style=\"height: 55px; width: 52.4934%;\">Carles Tagua<\/td>\n<\/tr>\n<tr style=\"height: 55px;\">\n<td style=\"height: 55px; width: 60.1408%;\">Coordinaci\u00f3 Prevenci\u00f3 Riscos Laborals<\/td>\n<td style=\"height: 55px; width: 52.4934%;\">Montse Chavarria<\/td>\n<\/tr>\n<tr style=\"height: 55px;\">\n<td style=\"height: 55px; width: 60.1408%;\">Coordinaci\u00f3 LIC<\/td>\n<td style=\"height: 55px; width: 52.4934%;\">Marta S\u00e1nchez<\/td>\n<\/tr>\n<tr style=\"height: 55px;\">\n<td style=\"height: 55px; width: 60.1408%;\">Coordinaci\u00f3 Digital<\/td>\n<td style=\"height: 55px; width: 52.4934%;\">Llu\u00efsa Estol<\/td>\n<\/tr>\n<tr style=\"height: 55px;\">\n<td style=\"width: 60.1408%; height: 55px;\"><span style=\"font-weight: 400;\">Coordinadora coeducaci\u00f3, igualtat i benestar<\/span><\/td>\n<td style=\"width: 52.4934%; height: 55px;\">Amanda Guti\u00e9rrez<\/td>\n<\/tr>\n<tr style=\"height: 55px;\">\n<td style=\"width: 60.1408%; height: 55px;\">Coordinadora 1r i 2n ESO<\/td>\n<td style=\"width: 52.4934%; height: 55px;\">Ivet Mart\u00ednez<\/td>\n<\/tr>\n<tr style=\"height: 55px;\">\n<td style=\"width: 60.1408%; height: 55px;\">Coordinador 3r i 4t ESO<\/td>\n<td style=\"width: 52.4934%; height: 55px;\">N\u00faria Pim\u00e0s<\/td>\n<\/tr>\n<tr style=\"height: 55px;\">\n<td style=\"width: 60.1408%; height: 55px;\">Coordinadora Batxillerat<\/td>\n<td style=\"width: 52.4934%; height: 55px;\">Marta Perxachs<\/td>\n<\/tr>\n<tr style=\"height: 55px;\">\n<td style=\"height: 38px; width: 60.1408%;\"><\/td>\n<td style=\"height: 38px; width: 52.4934%;\"><\/td>\n<\/tr>\n<tr style=\"height: 55px;\">\n<td style=\"height: 55px; width: 60.1408%;\"><strong>Caps de departament<\/strong><\/td>\n<td style=\"height: 55px; width: 52.4934%;\"><\/td>\n<\/tr>\n<tr style=\"height: 55px;\">\n<td style=\"height: 55px; width: 60.1408%;\">Cap de departament de Lleng\u00fces<\/td>\n<td style=\"height: 55px; width: 52.4934%;\">Neus Lloveras<\/td>\n<\/tr>\n<tr style=\"height: 55px;\">\n<td style=\"height: 55px; width: 60.1408%;\">Cap de departament d&#8217;Orientaci\u00f3<\/td>\n<td style=\"height: 55px; width: 52.4934%;\">M\u00edriam Gonz\u00e1lez<\/td>\n<\/tr>\n<tr style=\"height: 55px;\">\n<td style=\"height: 55px; width: 60.1408%;\">Cap de departament de Ci\u00e8ncies<\/td>\n<td style=\"height: 55px; width: 52.4934%;\">Loli Pla<\/td>\n<\/tr>\n<tr style=\"height: 55px;\">\n<td style=\"height: 55px; width: 60.1408%;\">Cap de departament d&#8217;Expressi\u00f3<\/td>\n<td style=\"height: 55px; width: 52.4934%;\">Marc Tudela<\/td>\n<\/tr>\n<tr style=\"height: 55px;\">\n<td style=\"height: 55px; width: 60.1408%;\">Cap de departament d&#8217;Humanitats<\/td>\n<td style=\"height: 55px; width: 52.4934%;\">Yolanda Estolt<\/td>\n<\/tr>\n<tr style=\"height: 55px;\">\n<td style=\"height: 36px; width: 60.1408%;\"><\/td>\n<td style=\"height: 36px; width: 52.4934%;\"><\/td>\n<\/tr>\n<tr style=\"height: 55px;\">\n<td style=\"height: 55px; width: 60.1408%;\"><strong>Tutories<\/strong><\/td>\n<td style=\"height: 55px; width: 52.4934%;\"><\/td>\n<\/tr>\n<tr style=\"height: 55px;\">\n<td style=\"height: 55px; width: 60.1408%;\">1r ESO A<\/td>\n<td style=\"height: 55px; width: 52.4934%;\">Anna Gonz\u00e1lez<\/td>\n<\/tr>\n<tr style=\"height: 55px;\">\n<td style=\"height: 55px; width: 60.1408%;\">1r ESO B<\/td>\n<td style=\"height: 55px; width: 52.4934%;\">Marta Bassols<\/td>\n<\/tr>\n<tr style=\"height: 55px;\">\n<td style=\"height: 55px; width: 60.1408%;\">1r ESO C<\/td>\n<td style=\"height: 55px; width: 52.4934%;\">J\u00falia Fern\u00e1ndez<\/td>\n<\/tr>\n<tr style=\"height: 51px;\">\n<td style=\"width: 60.1408%; height: 51px;\">1r ESO D<\/td>\n<td style=\"width: 52.4934%; height: 51px;\">Eug\u00e8nia Geli<\/td>\n<\/tr>\n<tr style=\"height: 31px;\">\n<td style=\"height: 31px; width: 60.1408%;\"><\/td>\n<td style=\"height: 31px; width: 52.4934%;\"><\/td>\n<\/tr>\n<tr style=\"height: 55px;\">\n<td style=\"height: 55px; width: 60.1408%;\">2n ESO A<\/td>\n<td style=\"height: 55px; width: 52.4934%;\">Patr\u00edcia Vidal<\/td>\n<\/tr>\n<tr style=\"height: 55px;\">\n<td style=\"height: 55px; width: 60.1408%;\">2n ESO B<\/td>\n<td style=\"height: 55px; width: 52.4934%;\">Oscar Morales<\/td>\n<\/tr>\n<tr style=\"height: 55px;\">\n<td style=\"height: 55px; width: 60.1408%;\">2n ESO C<\/td>\n<td style=\"height: 55px; width: 52.4934%;\">Eduard Camps<\/td>\n<\/tr>\n<tr style=\"height: 46px;\">\n<td style=\"width: 60.1408%; height: 46px;\">2n ESO D<\/td>\n<td style=\"width: 52.4934%; height: 46px;\">Ariadna Escalona<\/td>\n<\/tr>\n<tr style=\"height: 31px;\">\n<td style=\"height: 31px; width: 60.1408%;\"><\/td>\n<td style=\"height: 31px; width: 52.4934%;\"><\/td>\n<\/tr>\n<tr style=\"height: 55px;\">\n<td style=\"height: 55px; width: 60.1408%;\">3r ESO A<\/td>\n<td style=\"height: 55px; width: 52.4934%;\">Joan Targas<\/td>\n<\/tr>\n<tr style=\"height: 55px;\">\n<td style=\"height: 55px; width: 60.1408%;\">3r ESO B<\/td>\n<td style=\"height: 55px; width: 52.4934%;\">Irene Bautista<\/td>\n<\/tr>\n<tr style=\"height: 55px;\">\n<td style=\"height: 55px; width: 60.1408%;\">3r ESO C<\/td>\n<td style=\"height: 55px; width: 52.4934%;\">Maria Murillo<\/td>\n<\/tr>\n<tr style=\"height: 31px;\">\n<td style=\"height: 31px; width: 60.1408%;\"><\/td>\n<td style=\"height: 31px; width: 52.4934%;\"><\/td>\n<\/tr>\n<tr style=\"height: 55px;\">\n<td style=\"height: 55px; width: 60.1408%;\">4t ESO A<\/td>\n<td style=\"height: 55px; width: 52.4934%;\">Joan Munich<\/td>\n<\/tr>\n<tr style=\"height: 55px;\">\n<td style=\"height: 55px; width: 60.1408%;\">4t ESO B<\/td>\n<td style=\"height: 55px; width: 52.4934%;\">Georgina Calafell<\/td>\n<\/tr>\n<tr style=\"height: 55px;\">\n<td style=\"height: 55px; width: 60.1408%;\">4t ESO C<\/td>\n<td style=\"height: 55px; width: 52.4934%;\">Eva Rubio<\/td>\n<\/tr>\n<tr style=\"height: 55px;\">\n<td style=\"width: 60.1408%; text-align: center; height: 56px;\">\n<p style=\"text-align: left;\">4t ESO D<\/p>\n<\/td>\n<td style=\"width: 52.4934%; text-align: left; height: 56px;\">\u00d2scar Mart\u00ednez<\/td>\n<\/tr>\n<tr style=\"height: 24px;\">\n<td style=\"width: 60.1408%; text-align: center; height: 24px;\">\n<p style=\"text-align: left;\">Aula Oberta<\/p>\n<\/td>\n<td style=\"width: 52.4934%; text-align: left; height: 24px;\">Sara Barragan<\/td>\n<\/tr>\n<tr style=\"height: 31px;\">\n<td style=\"height: 31px; width: 60.1408%;\"><\/td>\n<td style=\"height: 31px; width: 52.4934%;\"><\/td>\n<\/tr>\n<tr style=\"height: 55px;\">\n<td style=\"height: 55px; width: 60.1408%;\">1r BATXILLERAT A<\/td>\n<td style=\"height: 55px; width: 52.4934%;\">Amanda Rodao<\/td>\n<\/tr>\n<tr style=\"height: 55px;\">\n<td style=\"height: 55px; width: 60.1408%;\">1r BATXILLERAT B<\/td>\n<td style=\"height: 55px; width: 52.4934%;\">Llu\u00eds Busquets<\/td>\n<\/tr>\n<tr style=\"height: 32px;\">\n<td style=\"width: 60.1408%; height: 32px;\"><\/td>\n<td style=\"width: 52.4934%; height: 32px;\"><\/td>\n<\/tr>\n<tr style=\"height: 55px;\">\n<td style=\"width: 60.1408%; height: 55px;\">2n BATXILLERAT A<\/td>\n<td style=\"width: 52.4934%; height: 55px;\">Steven Extremera<\/td>\n<\/tr>\n<tr style=\"height: 55px;\">\n<td style=\"width: 60.1408%; height: 55px;\">2n BATXILLERAT B<\/td>\n<td style=\"width: 52.4934%; height: 55px;\">Adri\u00e0 Martorell<\/td>\n<\/tr>\n<\/tbody>\n<\/table>\n<p><span style=\"font-weight: 400;\">\u00a0<\/span><\/p>\n","protected":false},"excerpt":{"rendered":"<p>Equip directiu Directora Conxi Pe\u00f1a Cap d\u2019Estudis Eva Dom\u00ednguez Secretari Carles Tagua Coordinadora Pedag\u00f2gica Alba Sunyol C\u00e0rrecs de coordinaci\u00f3 Coordinaci\u00f3 Activitats i Serveis Escolars Carles Tagua Coordinaci\u00f3 Prevenci\u00f3 Riscos Laborals Montse Chavarria Coordinaci\u00f3 LIC Marta S\u00e1nchez Coordinaci\u00f3 Digital Llu\u00efsa Estol Coordinadora coeducaci\u00f3, igualtat i benestar Amanda Guti\u00e9rrez Coordinadora 1r i 2n ESO Ivet Mart\u00ednez Coordinador [&hellip;]<\/p>\n","protected":false},"author":1,"featured_media":0,"parent":19,"menu_order":4,"comment_status":"closed","ping_status":"closed","template":"","meta":{"_bbp_topic_count":0,"_bbp_reply_count":0,"_bbp_total_topic_count":0,"_bbp_total_reply_count":0,"_bbp_voice_count":0,"_bbp_anonymous_reply_count":0,"_bbp_topic_count_hidden":0,"_bbp_reply_count_hidden":0,"_bbp_forum_subforum_count":0,"site-sidebar-layout":"default","site-content-layout":"","ast-site-content-layout":"default","site-content-style":"default","site-sidebar-style":"default","ast-global-header-display":"","ast-banner-title-visibility":"","ast-main-header-display":"","ast-hfb-above-header-display":"","ast-hfb-below-header-display":"","ast-hfb-mobile-header-display":"","site-post-title":"","ast-breadcrumbs-content":"","ast-featured-img":"","footer-sml-layout":"","theme-transparent-header-meta":"default","adv-header-id-meta":"","stick-header-meta":"","header-above-stick-meta":"","header-main-stick-meta":"","header-below-stick-meta":"","astra-migrate-meta-layouts":"set","ast-page-background-enabled":"default","ast-page-background-meta":{"desktop":{"background-color":"var(--ast-global-color-4)","background-image":"","background-repeat":"repeat","background-position":"center center","background-size":"auto","background-attachment":"scroll","background-type":"","background-media":"","overlay-type":"","overlay-color":"","overlay-opacity":"","overlay-gradient":""},"tablet":{"background-color":"","background-image":"","background-repeat":"repeat","background-position":"center center","background-size":"auto","background-attachment":"scroll","background-type":"","background-media":"","overlay-type":"","overlay-color":"","overlay-opacity":"","overlay-gradient":""},"mobile":{"background-color":"","background-image":"","background-repeat":"repeat","background-position":"center center","background-size":"auto","background-attachment":"scroll","background-type":"","background-media":"","overlay-type":"","overlay-color":"","overlay-opacity":"","overlay-gradient":""}},"ast-content-background-meta":{"desktop":{"background-color":"var(--ast-global-color-5)","background-image":"","background-repeat":"repeat","background-position":"center center","background-size":"auto","background-attachment":"scroll","background-type":"","background-media":"","overlay-type":"","overlay-color":"","overlay-opacity":"","overlay-gradient":""},"tablet":{"background-color":"var(--ast-global-color-5)","background-image":"","background-repeat":"repeat","background-position":"center center","background-size":"auto","background-attachment":"scroll","background-type":"","background-media":"","overlay-type":"","overlay-color":"","overlay-opacity":"","overlay-gradient":""},"mobile":{"background-color":"var(--ast-global-color-5)","background-image":"","background-repeat":"repeat","background-position":"center center","background-size":"auto","background-attachment":"scroll","background-type":"","background-media":"","overlay-type":"","overlay-color":"","overlay-opacity":"","overlay-gradient":""}},"footnotes":""},"class_list":["post-46","page","type-page","status-publish","hentry"],"post_mailing_queue_ids":[],"_links":{"self":[{"href":"https:\/\/agora.xtec.cat\/iespinedademar\/wp-json\/wp\/v2\/pages\/46","targetHints":{"allow":["GET"]}}],"collection":[{"href":"https:\/\/agora.xtec.cat\/iespinedademar\/wp-json\/wp\/v2\/pages"}],"about":[{"href":"https:\/\/agora.xtec.cat\/iespinedademar\/wp-json\/wp\/v2\/types\/page"}],"author":[{"embeddable":true,"href":"https:\/\/agora.xtec.cat\/iespinedademar\/wp-json\/wp\/v2\/users\/1"}],"replies":[{"embeddable":true,"href":"https:\/\/agora.xtec.cat\/iespinedademar\/wp-json\/wp\/v2\/comments?post=46"}],"version-history":[{"count":6,"href":"https:\/\/agora.xtec.cat\/iespinedademar\/wp-json\/wp\/v2\/pages\/46\/revisions"}],"predecessor-version":[{"id":14591,"href":"https:\/\/agora.xtec.cat\/iespinedademar\/wp-json\/wp\/v2\/pages\/46\/revisions\/14591"}],"up":[{"embeddable":true,"href":"https:\/\/agora.xtec.cat\/iespinedademar\/wp-json\/wp\/v2\/pages\/19"}],"wp:attachment":[{"href":"https:\/\/agora.xtec.cat\/iespinedademar\/wp-json\/wp\/v2\/media?parent=46"}],"curies":[{"name":"wp","href":"https:\/\/api.w.org\/{rel}","templated":true}]}}