{"id":43,"date":"2014-09-17T16:45:07","date_gmt":"2014-09-17T16:45:07","guid":{"rendered":"http:\/\/agora.xtec.cat\/iespinedademar\/?page_id=43"},"modified":"2025-12-04T08:18:19","modified_gmt":"2025-12-04T07:18:19","slug":"consell-escolar","status":"publish","type":"page","link":"https:\/\/agora.xtec.cat\/iespinedademar\/linstitut\/consell-escolar\/","title":{"rendered":"Consell escolar"},"content":{"rendered":"<p style=\"text-align: left;\"><b>COMPOSICI\u00d3 DEL CONSELL \u00a0ESCOLAR<\/b><\/p>\n<table style=\"width: 59.2632%; height: 484px;\">\n<tbody>\n<tr style=\"height: 33px;\">\n<td style=\"height: 33px; width: 53.2228%;\"><b>Directora<\/b><\/td>\n<td style=\"height: 33px; width: 45.3039%;\"><span style=\"font-weight: 400;\">Conxi Pe\u00f1a Rovira<\/span><\/td>\n<\/tr>\n<tr style=\"height: 33px;\">\n<td style=\"height: 33px; width: 53.2228%;\"><b>Cap d&#8217;estudis<\/b><\/td>\n<td style=\"height: 33px; width: 45.3039%;\">Eva Dom\u00ednguez Ventura<\/td>\n<\/tr>\n<tr style=\"height: 33px;\">\n<td style=\"height: 33px; width: 53.2228%;\"><b>Secretari<\/b><\/td>\n<td style=\"height: 33px; width: 45.3039%;\"><span style=\"font-weight: 400;\">Joan Carles Tagua Jim\u00e9nez<\/span><\/td>\n<\/tr>\n<tr style=\"height: 33px;\">\n<td style=\"height: 33px; width: 53.2228%;\"><b>Representant de l&#8217;Ajuntament<\/b><\/td>\n<td style=\"height: 33px; width: 45.3039%;\">Ester Puertas Iglesias<\/td>\n<\/tr>\n<tr style=\"height: 33px;\">\n<td style=\"height: 33px; width: 53.2228%;\"><b>Representant del professorat<\/b><\/td>\n<td style=\"height: 33px; width: 45.3039%;\"><span style=\"font-weight: 400;\">Marta Perxachs Aug\u00e9<\/span><\/td>\n<\/tr>\n<tr style=\"height: 33px;\">\n<td style=\"height: 33px; width: 53.2228%;\"><b>Representant del professorat<\/b><\/td>\n<td style=\"height: 33px; width: 45.3039%;\"><span style=\"font-weight: 400;\">Eug\u00e8nia Geli Benito<\/span><\/td>\n<\/tr>\n<tr style=\"height: 33px;\">\n<td style=\"height: 33px; width: 53.2228%;\"><b>Representant del professorat<\/b><\/td>\n<td style=\"height: 33px; width: 45.3039%;\"><span style=\"font-weight: 400;\">Yolanda Estolt Povedano<\/span><\/td>\n<\/tr>\n<tr style=\"height: 19px;\">\n<td style=\"height: 19px; width: 53.2228%;\"><b>Representant del professorat<\/b><\/td>\n<td style=\"height: 19px; width: 45.3039%;\"><span style=\"font-weight: 400;\">Marc Tudela Alarc\u00f3n<\/span><\/td>\n<\/tr>\n<tr style=\"height: 33px;\">\n<td style=\"height: 33px; width: 53.2228%;\"><b>Representant del professorat<\/b><\/td>\n<td style=\"height: 33px; width: 45.3039%;\"><span style=\"font-weight: 400;\">Llu\u00eds Busquets Mu\u00f1oz<\/span><\/td>\n<\/tr>\n<tr style=\"height: 34px;\">\n<td style=\"width: 53.2228%; height: 34px;\"><b>Representant de l&#8217;alumnat<\/b><\/td>\n<td style=\"width: 45.3039%; height: 34px;\">\u00c8ric Blanco L\u00f3pez<\/td>\n<\/tr>\n<tr style=\"height: 34px;\">\n<td style=\"width: 53.2228%; height: 34px;\"><b>Representant de l&#8217;alumnat<\/b><\/td>\n<td style=\"width: 45.3039%; height: 34px;\">Malak Akaouch Abdouni<\/td>\n<\/tr>\n<tr style=\"height: 33px;\">\n<td style=\"height: 33px; width: 53.2228%;\"><b>Representant de l&#8217;alumnat<\/b><\/td>\n<td style=\"height: 33px; width: 45.3039%;\">Salom\u00e9 Rojas Vargas<\/td>\n<\/tr>\n<tr style=\"height: 33px;\">\n<td style=\"height: 33px; width: 53.2228%;\"><b>Representant de l&#8217;AFA<\/b><\/td>\n<td style=\"height: 33px; width: 45.3039%;\"><\/td>\n<\/tr>\n<tr style=\"height: 33px;\">\n<td style=\"height: 33px; width: 53.2228%;\"><b>Representant de pares i mares<\/b><\/td>\n<td style=\"height: 33px; width: 45.3039%;\">Maria de la Sierra P\u00e9rez Poyato<\/td>\n<\/tr>\n<tr style=\"height: 33px;\">\n<td style=\"height: 33px; width: 53.2228%;\"><b>Representant del PAS<\/b><\/td>\n<td style=\"height: 33px; width: 45.3039%;\"><span style=\"font-weight: 400;\">Encarna Retamero Retamero<\/span><\/td>\n<\/tr>\n<\/tbody>\n<\/table>\n<p style=\"text-align: left;\"><b>Funcions del Consell Escolar<\/b><\/p>\n<p style=\"text-align: justify;\">Segon el Decret 102\/2010, de 3 d&#8217;agost, d&#8217;autonomia dels centres educatius, corresponen al consell escolar les funcions seg\u00fcents:<\/p>\n<ul>\n<li style=\"text-align: justify;\">Participar en l&#8217;aprovaci\u00f3 del projecte educatiu i les seves modificacions. El consell escolar ha de ser consultat pel director de manera preceptiva per valorar la proposta del projecte educatiu i manifestar el seu suport amb una majoria de les tres cinquenes parts dels membres.<\/li>\n<li style=\"text-align: justify;\">Participar en l&#8217;aprovaci\u00f3 de la programaci\u00f3 general anual, de les normes de funcionament i de la gesti\u00f3 econ\u00f2mica del centre. El consell escolar ha de ser consultat de manera preceptiva per valorar cada una de les propostes i manifestar el seu suport per majoria simple dels membres.<\/li>\n<li style=\"text-align: justify;\">Avaluar l&#8217;aplicaci\u00f3 del projecte educatiu i de les seves modificacions aix\u00ed com de la resta de documents de gesti\u00f3 del centre.<\/li>\n<li style=\"text-align: justify;\">Aprovar les propostes d&#8217;acords de corresponsabilitat, convenis i altres acords de col\u00b7laboraci\u00f3 del centre amb entitats i institucions.<\/li>\n<li style=\"text-align: justify;\">Intervenir en el procediment d&#8217;admissi\u00f3 d&#8217;alumnes.<\/li>\n<li style=\"text-align: justify;\">Participar en el procediment de selecci\u00f3 i en la proposta de cessament del director o directora.<\/li>\n<li style=\"text-align: justify;\">Intervenir en la resoluci\u00f3 dels conflictes i, si escau, revisar les sancions als alumnes.<\/li>\n<li style=\"text-align: justify;\">Aprovar les directrius per a la programaci\u00f3 d&#8217;activitats escolars complement\u00e0ries i d&#8217;activitats\u00a0 extraescolars, i avaluar-ne el desenvolupament.<\/li>\n<li style=\"text-align: justify;\">Participar en les an\u00e0lisis i les avaluacions del funcionament general del centre i con\u00e8ixer l&#8217;evoluci\u00f3 del rendiment escolar.<\/li>\n<\/ul>\n<p><a href=\"https:\/\/agora.xtec.cat\/iespinedademar\/wp-content\/uploads\/usu647\/2025\/12\/ACORDS-CONSELL-ESCOLAR-INS-PINEDA.pdf\" target=\"_blank\" rel=\"noopener\">Aqu\u00ed<\/a>\u00a0podeu consultar els acords del Consell Escolar.<\/p>\n","protected":false},"excerpt":{"rendered":"<p>COMPOSICI\u00d3 DEL CONSELL \u00a0ESCOLAR Directora Conxi Pe\u00f1a Rovira Cap d&#8217;estudis Eva Dom\u00ednguez Ventura Secretari Joan Carles Tagua Jim\u00e9nez Representant de l&#8217;Ajuntament Ester Puertas Iglesias Representant del professorat Marta Perxachs Aug\u00e9 Representant del professorat Eug\u00e8nia Geli Benito Representant del professorat Yolanda Estolt Povedano Representant del professorat Marc Tudela Alarc\u00f3n Representant del professorat Llu\u00eds Busquets Mu\u00f1oz Representant [&hellip;]<\/p>\n","protected":false},"author":1,"featured_media":0,"parent":19,"menu_order":8,"comment_status":"closed","ping_status":"closed","template":"","meta":{"_bbp_topic_count":0,"_bbp_reply_count":0,"_bbp_total_topic_count":0,"_bbp_total_reply_count":0,"_bbp_voice_count":0,"_bbp_anonymous_reply_count":0,"_bbp_topic_count_hidden":0,"_bbp_reply_count_hidden":0,"_bbp_forum_subforum_count":0,"site-sidebar-layout":"default","site-content-layout":"","ast-site-content-layout":"default","site-content-style":"default","site-sidebar-style":"default","ast-global-header-display":"","ast-banner-title-visibility":"","ast-main-header-display":"","ast-hfb-above-header-display":"","ast-hfb-below-header-display":"","ast-hfb-mobile-header-display":"","site-post-title":"","ast-breadcrumbs-content":"","ast-featured-img":"","footer-sml-layout":"","theme-transparent-header-meta":"default","adv-header-id-meta":"","stick-header-meta":"","header-above-stick-meta":"","header-main-stick-meta":"","header-below-stick-meta":"","astra-migrate-meta-layouts":"set","ast-page-background-enabled":"default","ast-page-background-meta":{"desktop":{"background-color":"var(--ast-global-color-4)","background-image":"","background-repeat":"repeat","background-position":"center center","background-size":"auto","background-attachment":"scroll","background-type":"","background-media":"","overlay-type":"","overlay-color":"","overlay-opacity":"","overlay-gradient":""},"tablet":{"background-color":"","background-image":"","background-repeat":"repeat","background-position":"center center","background-size":"auto","background-attachment":"scroll","background-type":"","background-media":"","overlay-type":"","overlay-color":"","overlay-opacity":"","overlay-gradient":""},"mobile":{"background-color":"","background-image":"","background-repeat":"repeat","background-position":"center center","background-size":"auto","background-attachment":"scroll","background-type":"","background-media":"","overlay-type":"","overlay-color":"","overlay-opacity":"","overlay-gradient":""}},"ast-content-background-meta":{"desktop":{"background-color":"var(--ast-global-color-5)","background-image":"","background-repeat":"repeat","background-position":"center center","background-size":"auto","background-attachment":"scroll","background-type":"","background-media":"","overlay-type":"","overlay-color":"","overlay-opacity":"","overlay-gradient":""},"tablet":{"background-color":"var(--ast-global-color-5)","background-image":"","background-repeat":"repeat","background-position":"center center","background-size":"auto","background-attachment":"scroll","background-type":"","background-media":"","overlay-type":"","overlay-color":"","overlay-opacity":"","overlay-gradient":""},"mobile":{"background-color":"var(--ast-global-color-5)","background-image":"","background-repeat":"repeat","background-position":"center center","background-size":"auto","background-attachment":"scroll","background-type":"","background-media":"","overlay-type":"","overlay-color":"","overlay-opacity":"","overlay-gradient":""}},"footnotes":""},"class_list":["post-43","page","type-page","status-publish","hentry"],"post_mailing_queue_ids":[],"_links":{"self":[{"href":"https:\/\/agora.xtec.cat\/iespinedademar\/wp-json\/wp\/v2\/pages\/43","targetHints":{"allow":["GET"]}}],"collection":[{"href":"https:\/\/agora.xtec.cat\/iespinedademar\/wp-json\/wp\/v2\/pages"}],"about":[{"href":"https:\/\/agora.xtec.cat\/iespinedademar\/wp-json\/wp\/v2\/types\/page"}],"author":[{"embeddable":true,"href":"https:\/\/agora.xtec.cat\/iespinedademar\/wp-json\/wp\/v2\/users\/1"}],"replies":[{"embeddable":true,"href":"https:\/\/agora.xtec.cat\/iespinedademar\/wp-json\/wp\/v2\/comments?post=43"}],"version-history":[{"count":7,"href":"https:\/\/agora.xtec.cat\/iespinedademar\/wp-json\/wp\/v2\/pages\/43\/revisions"}],"predecessor-version":[{"id":14734,"href":"https:\/\/agora.xtec.cat\/iespinedademar\/wp-json\/wp\/v2\/pages\/43\/revisions\/14734"}],"up":[{"embeddable":true,"href":"https:\/\/agora.xtec.cat\/iespinedademar\/wp-json\/wp\/v2\/pages\/19"}],"wp:attachment":[{"href":"https:\/\/agora.xtec.cat\/iespinedademar\/wp-json\/wp\/v2\/media?parent=43"}],"curies":[{"name":"wp","href":"https:\/\/api.w.org\/{rel}","templated":true}]}}