{"id":27,"date":"2014-09-17T16:24:03","date_gmt":"2014-09-17T16:24:03","guid":{"rendered":"http:\/\/agora.xtec.cat\/iespinedademar\/?page_id=27"},"modified":"2024-10-04T08:40:08","modified_gmt":"2024-10-04T06:40:08","slug":"historia","status":"publish","type":"page","link":"https:\/\/agora.xtec.cat\/iespinedademar\/linstitut\/historia\/","title":{"rendered":"Hist\u00f2ria"},"content":{"rendered":"<p style=\"text-align: justify;\"><span style=\"font-weight: 400;\">L\u2019Institut va iniciar la seva activitat acad\u00e8mica el curs 2006-2007 als locals del primer pis del Carrer Santiago Russinyol. En el seu primer any d\u2019activitat \u00e9rem un claustre de 6 professors i 33 alumnes.<\/span><\/p>\n<p style=\"text-align: justify;\"><span style=\"font-weight: 400;\">Es va apostar pel treball digital a les aules i, durant els cursos 2007-2010, es va engegar un projecte d\u2019Innovaci\u00f3 educativa,\u00a0\u201c<\/span><i><span style=\"font-weight: 400;\">Integrem les TIC a la pr\u00e0ctica educativa\u201d<\/span><\/i><span style=\"font-weight: 400;\">, que va permetre iniciar i consolidar una l\u00ednia innovadora de treball a les aules.<\/span><\/p>\n<p style=\"text-align: justify;\"><span style=\"font-weight: 400;\">El curs 2008-2009 l\u2019activitat de l\u2019Institut es va traslladar als espais que fins al moment ocupava l\u2019escola Aloc. Aquests espais, ubicats a la Pla\u00e7a d\u2019Orient, constaven d\u2019un edifici de construcci\u00f3 antiga i tres m\u00f2duls prefabricats.<\/span><\/p>\n<p style=\"text-align: justify;\"><span style=\"font-weight: 400;\">El curs 2009-2010 el centre va iniciar el projecte Educat 2.0 amb la modalitat 1&#215;1.<\/span><\/p>\n<p style=\"text-align: justify;\"><span style=\"font-weight: 400;\">Des de llavors el projecte 1&#215;1 ha anat creixent i diversificant-se, apostant per les noves tecnologies com a eina d\u2019aprenentatge: ordinador per a cada alumne amb llibres digitals, pissarres t\u00e0ctils, aplicacions educatives inform\u00e0tiques i la creaci\u00f3 de la plataforma audiovisual \u201cINS Pineda Media\u201d.<\/span><\/p>\n<p style=\"text-align: justify;\"><span style=\"font-weight: 400;\">Actualment participem en el programa d\u2019innovaci\u00f3 \u201c<\/span><i><span style=\"font-weight: 400;\">Tecnologies digitals per a l\u2019aprenentatge\u201d.<\/span><\/i><\/p>\n<p style=\"text-align: justify;\"><span style=\"font-weight: 400;\">El centre aposta per un treball digital a les aules aix\u00ed com per fer un centre m\u00e9s proper a la poblaci\u00f3 i al seu entorn. Es realitzen tamb\u00e9 activitats d\u2019Aprenentatge i Servei i de Servei Comunitari.<\/span><\/p>\n<p style=\"text-align: justify;\"><span style=\"font-weight: 400;\">Des del Departament de Lleng\u00fces Estrangeres de l\u2019institut vam passar a ser centre formador de \u201cCambridge Exams\u201d per a l\u2019 obtenci\u00f3 dels t\u00edtols PET i KET.<\/span><\/p>\n<p style=\"text-align: justify;\"><span style=\"font-weight: 400;\">Al maig del 2016 es va comen\u00e7ar la construcci\u00f3 del nou edifici de l\u2019Institut al carrer Boticelli 6-8 i es va ocupar al curs 2017-18. El 6 de novembre de 2018 es va inaugurar oficialment el centre.<\/span><\/p>\n<p style=\"text-align: justify;\"><span style=\"font-weight: 400;\">Al curs 2018-2019, una comissi\u00f3 de professors va confeccionar i presentar el projecte Erasmus \u201cTrimedia\u201d com a centre organitzador, en col\u00b7laboraci\u00f3 amb un institut alemany i un de polon\u00e8s. El projecte va esdevenir seleccionat i ha estat dotat amb recursos econ\u00f2mics per al seu desenvolupament per als cursos 2019-20 i 2020-21. Es tracta d\u2019una televisi\u00f3 digital elaborada i compartida entre els tres centres participants.\u00a0<\/span><\/p>\n<p style=\"text-align: justify;\"><span style=\"font-weight: 400;\">Durant el curs 2021-2022 s\u2019han consolidat els batxillerats iniciats el curs passat: Cient\u00edfic-Tecnol\u00f2gic i Social-Human\u00edstic.<\/span><\/p>\n<p style=\"text-align: justify;\">A m\u00e9s, es va iniciar un nou projecte Erasmus+ 2021-2023, l&#8217;<i>Ecoplant Coworking:\u00a0<\/i>plantes xer\u00f2fites en jardins verticals, amb els socis de Komotini (Gr\u00e8cia).<\/p>\n<p style=\"text-align: justify;\"><span style=\"font-weight: 400;\">Actualment, en el curs 2024-25, el centre est\u00e0 format per un claustre de 50 professors i amb una matriculaci\u00f3 de 466 alumnes, distribu\u00efts en tres l\u00ednies d\u2019ESO i dues l\u00ednies de Batxillerat.<\/span><\/p>\n<p style=\"text-align: justify;\"><span style=\"font-weight: 400;\">Al llarg dels anys d\u2019hist\u00f2ria hem obtingut diferents reconeixements, d\u2019entre els quals cal destacar:<\/span><\/p>\n<ul>\n<li style=\"font-weight: 400; text-align: justify;\" aria-level=\"1\"><span style=\"font-weight: 400;\">Premi El Peri\u00f3dico a l\u2019Escola al millor diari en paper i millor diari digital (curs 2011-12 i 2010-2011)<\/span><\/li>\n<li style=\"font-weight: 400; text-align: justify;\" aria-level=\"1\"><span style=\"font-weight: 400;\">Premi Museu de la M\u00fasica<\/span><\/li>\n<li style=\"font-weight: 400; text-align: justify;\" aria-level=\"1\"><span style=\"font-weight: 400;\">2n Premi d\u2019Educaci\u00f3 Vila de Pineda de Mar (curs 2014-2015)<\/span><\/li>\n<li style=\"font-weight: 400; text-align: justify;\" aria-level=\"1\"><span style=\"font-weight: 400;\">Finalistes en el concurs de relats Ficcions (curs 2014-15)<\/span><\/li>\n<li style=\"font-weight: 400; text-align: justify;\" aria-level=\"1\"><span style=\"font-weight: 400;\">Finalistes en el concurs de fotografia matem\u00e0tica ABEAM<\/span><\/li>\n<li style=\"font-weight: 400; text-align: justify;\" aria-level=\"1\"><span style=\"font-weight: 400;\">1r premi \u201cpremis mediamarkt Techjove 18\u201d (curs 2017-18)<\/span><\/li>\n<li style=\"font-weight: 400; text-align: justify;\" aria-level=\"1\"><span style=\"font-weight: 400;\">Premi Europass (SEPIE) (curs 2020-21)<\/span><\/li>\n<li aria-level=\"1\">Premi Europass (SEPIE) (curs 2022-23)<\/li>\n<\/ul>\n","protected":false},"excerpt":{"rendered":"<p>L\u2019Institut va iniciar la seva activitat acad\u00e8mica el curs 2006-2007 als locals del primer pis del Carrer Santiago Russinyol. En el seu primer any d\u2019activitat \u00e9rem un claustre de 6 professors i 33 alumnes. Es va apostar pel treball digital a les aules i, durant els cursos 2007-2010, es va engegar un projecte d\u2019Innovaci\u00f3 educativa,\u00a0\u201cIntegrem [&hellip;]<\/p>\n","protected":false},"author":1,"featured_media":0,"parent":19,"menu_order":1,"comment_status":"closed","ping_status":"closed","template":"page-templates\/side-menu.php","meta":{"_bbp_topic_count":0,"_bbp_reply_count":0,"_bbp_total_topic_count":0,"_bbp_total_reply_count":0,"_bbp_voice_count":0,"_bbp_anonymous_reply_count":0,"_bbp_topic_count_hidden":0,"_bbp_reply_count_hidden":0,"_bbp_forum_subforum_count":0,"site-sidebar-layout":"default","site-content-layout":"","ast-site-content-layout":"","site-content-style":"default","site-sidebar-style":"default","ast-global-header-display":"","ast-banner-title-visibility":"","ast-main-header-display":"","ast-hfb-above-header-display":"","ast-hfb-below-header-display":"","ast-hfb-mobile-header-display":"","site-post-title":"","ast-breadcrumbs-content":"","ast-featured-img":"","footer-sml-layout":"","theme-transparent-header-meta":"","adv-header-id-meta":"","stick-header-meta":"","header-above-stick-meta":"","header-main-stick-meta":"","header-below-stick-meta":"","astra-migrate-meta-layouts":"default","ast-page-background-enabled":"default","ast-page-background-meta":{"desktop":{"background-color":"var(--ast-global-color-4)","background-image":"","background-repeat":"repeat","background-position":"center center","background-size":"auto","background-attachment":"scroll","background-type":"","background-media":"","overlay-type":"","overlay-color":"","overlay-opacity":"","overlay-gradient":""},"tablet":{"background-color":"","background-image":"","background-repeat":"repeat","background-position":"center center","background-size":"auto","background-attachment":"scroll","background-type":"","background-media":"","overlay-type":"","overlay-color":"","overlay-opacity":"","overlay-gradient":""},"mobile":{"background-color":"","background-image":"","background-repeat":"repeat","background-position":"center center","background-size":"auto","background-attachment":"scroll","background-type":"","background-media":"","overlay-type":"","overlay-color":"","overlay-opacity":"","overlay-gradient":""}},"ast-content-background-meta":{"desktop":{"background-color":"var(--ast-global-color-5)","background-image":"","background-repeat":"repeat","background-position":"center center","background-size":"auto","background-attachment":"scroll","background-type":"","background-media":"","overlay-type":"","overlay-color":"","overlay-opacity":"","overlay-gradient":""},"tablet":{"background-color":"var(--ast-global-color-5)","background-image":"","background-repeat":"repeat","background-position":"center center","background-size":"auto","background-attachment":"scroll","background-type":"","background-media":"","overlay-type":"","overlay-color":"","overlay-opacity":"","overlay-gradient":""},"mobile":{"background-color":"var(--ast-global-color-5)","background-image":"","background-repeat":"repeat","background-position":"center center","background-size":"auto","background-attachment":"scroll","background-type":"","background-media":"","overlay-type":"","overlay-color":"","overlay-opacity":"","overlay-gradient":""}},"footnotes":""},"class_list":["post-27","page","type-page","status-publish","hentry"],"post_mailing_queue_ids":[],"_links":{"self":[{"href":"https:\/\/agora.xtec.cat\/iespinedademar\/wp-json\/wp\/v2\/pages\/27","targetHints":{"allow":["GET"]}}],"collection":[{"href":"https:\/\/agora.xtec.cat\/iespinedademar\/wp-json\/wp\/v2\/pages"}],"about":[{"href":"https:\/\/agora.xtec.cat\/iespinedademar\/wp-json\/wp\/v2\/types\/page"}],"author":[{"embeddable":true,"href":"https:\/\/agora.xtec.cat\/iespinedademar\/wp-json\/wp\/v2\/users\/1"}],"replies":[{"embeddable":true,"href":"https:\/\/agora.xtec.cat\/iespinedademar\/wp-json\/wp\/v2\/comments?post=27"}],"version-history":[{"count":6,"href":"https:\/\/agora.xtec.cat\/iespinedademar\/wp-json\/wp\/v2\/pages\/27\/revisions"}],"predecessor-version":[{"id":14130,"href":"https:\/\/agora.xtec.cat\/iespinedademar\/wp-json\/wp\/v2\/pages\/27\/revisions\/14130"}],"up":[{"embeddable":true,"href":"https:\/\/agora.xtec.cat\/iespinedademar\/wp-json\/wp\/v2\/pages\/19"}],"wp:attachment":[{"href":"https:\/\/agora.xtec.cat\/iespinedademar\/wp-json\/wp\/v2\/media?parent=27"}],"curies":[{"name":"wp","href":"https:\/\/api.w.org\/{rel}","templated":true}]}}