{"id":14454,"date":"2025-05-19T09:50:53","date_gmt":"2025-05-19T07:50:53","guid":{"rendered":"https:\/\/agora.xtec.cat\/iespinedademar\/?page_id=14454"},"modified":"2025-10-01T08:26:44","modified_gmt":"2025-10-01T06:26:44","slug":"pla-de-comunicacio","status":"publish","type":"page","link":"https:\/\/agora.xtec.cat\/iespinedademar\/projecte-educatiu\/pla-de-comunicacio\/","title":{"rendered":"Pla de Comunicaci\u00f3"},"content":{"rendered":"<header class=\"entry-header\">\n<p class=\"entry-title\"><span style=\"font-family: inherit; font-size: 1em; font-weight: normal;\">Cliqueu l\u2019enlla\u00e7 que hi ha a continuaci\u00f3 per accedir al document PLA DE COMUNICACI\u00d3 INS PINEDA DE MAR 2024-25.<\/span><\/p>\n<\/header>\n<div class=\"entry-content\">\n<p><a href=\"https:\/\/agora.xtec.cat\/iespinedademar\/wp-content\/uploads\/usu647\/2025\/10\/PLA-COMUNICACIO-2025-2026.pdf\" target=\"_blank\" rel=\"noopener\">Pla de Comunicaci\u00f3<\/a><\/p>\n<\/div>\n","protected":false},"excerpt":{"rendered":"<p>Cliqueu l\u2019enlla\u00e7 que hi ha a continuaci\u00f3 per accedir al document PLA DE COMUNICACI\u00d3 INS PINEDA DE MAR 2024-25. Pla de Comunicaci\u00f3<\/p>\n","protected":false},"author":1,"featured_media":0,"parent":57,"menu_order":1,"comment_status":"closed","ping_status":"closed","template":"","meta":{"_bbp_topic_count":0,"_bbp_reply_count":0,"_bbp_total_topic_count":0,"_bbp_total_reply_count":0,"_bbp_voice_count":0,"_bbp_anonymous_reply_count":0,"_bbp_topic_count_hidden":0,"_bbp_reply_count_hidden":0,"_bbp_forum_subforum_count":0,"site-sidebar-layout":"default","site-content-layout":"","ast-site-content-layout":"default","site-content-style":"default","site-sidebar-style":"default","ast-global-header-display":"","ast-banner-title-visibility":"","ast-main-header-display":"","ast-hfb-above-header-display":"","ast-hfb-below-header-display":"","ast-hfb-mobile-header-display":"","site-post-title":"","ast-breadcrumbs-content":"","ast-featured-img":"","footer-sml-layout":"","theme-transparent-header-meta":"default","adv-header-id-meta":"","stick-header-meta":"","header-above-stick-meta":"","header-main-stick-meta":"","header-below-stick-meta":"","astra-migrate-meta-layouts":"set","ast-page-background-enabled":"default","ast-page-background-meta":{"desktop":{"background-color":"var(--ast-global-color-4)","background-image":"","background-repeat":"repeat","background-position":"center center","background-size":"auto","background-attachment":"scroll","background-type":"","background-media":"","overlay-type":"","overlay-color":"","overlay-opacity":"","overlay-gradient":""},"tablet":{"background-color":"","background-image":"","background-repeat":"repeat","background-position":"center center","background-size":"auto","background-attachment":"scroll","background-type":"","background-media":"","overlay-type":"","overlay-color":"","overlay-opacity":"","overlay-gradient":""},"mobile":{"background-color":"","background-image":"","background-repeat":"repeat","background-position":"center center","background-size":"auto","background-attachment":"scroll","background-type":"","background-media":"","overlay-type":"","overlay-color":"","overlay-opacity":"","overlay-gradient":""}},"ast-content-background-meta":{"desktop":{"background-color":"var(--ast-global-color-5)","background-image":"","background-repeat":"repeat","background-position":"center center","background-size":"auto","background-attachment":"scroll","background-type":"","background-media":"","overlay-type":"","overlay-color":"","overlay-opacity":"","overlay-gradient":""},"tablet":{"background-color":"var(--ast-global-color-5)","background-image":"","background-repeat":"repeat","background-position":"center center","background-size":"auto","background-attachment":"scroll","background-type":"","background-media":"","overlay-type":"","overlay-color":"","overlay-opacity":"","overlay-gradient":""},"mobile":{"background-color":"var(--ast-global-color-5)","background-image":"","background-repeat":"repeat","background-position":"center center","background-size":"auto","background-attachment":"scroll","background-type":"","background-media":"","overlay-type":"","overlay-color":"","overlay-opacity":"","overlay-gradient":""}},"footnotes":""},"class_list":["post-14454","page","type-page","status-publish","hentry"],"post_mailing_queue_ids":[],"_links":{"self":[{"href":"https:\/\/agora.xtec.cat\/iespinedademar\/wp-json\/wp\/v2\/pages\/14454","targetHints":{"allow":["GET"]}}],"collection":[{"href":"https:\/\/agora.xtec.cat\/iespinedademar\/wp-json\/wp\/v2\/pages"}],"about":[{"href":"https:\/\/agora.xtec.cat\/iespinedademar\/wp-json\/wp\/v2\/types\/page"}],"author":[{"embeddable":true,"href":"https:\/\/agora.xtec.cat\/iespinedademar\/wp-json\/wp\/v2\/users\/1"}],"replies":[{"embeddable":true,"href":"https:\/\/agora.xtec.cat\/iespinedademar\/wp-json\/wp\/v2\/comments?post=14454"}],"version-history":[{"count":6,"href":"https:\/\/agora.xtec.cat\/iespinedademar\/wp-json\/wp\/v2\/pages\/14454\/revisions"}],"predecessor-version":[{"id":14661,"href":"https:\/\/agora.xtec.cat\/iespinedademar\/wp-json\/wp\/v2\/pages\/14454\/revisions\/14661"}],"up":[{"embeddable":true,"href":"https:\/\/agora.xtec.cat\/iespinedademar\/wp-json\/wp\/v2\/pages\/57"}],"wp:attachment":[{"href":"https:\/\/agora.xtec.cat\/iespinedademar\/wp-json\/wp\/v2\/media?parent=14454"}],"curies":[{"name":"wp","href":"https:\/\/api.w.org\/{rel}","templated":true}]}}