{"id":14333,"date":"2025-04-03T09:16:15","date_gmt":"2025-04-03T07:16:15","guid":{"rendered":"https:\/\/agora.xtec.cat\/iespinedademar\/?page_id=14333"},"modified":"2025-04-03T09:19:59","modified_gmt":"2025-04-03T07:19:59","slug":"punt-verd","status":"publish","type":"page","link":"https:\/\/agora.xtec.cat\/iespinedademar\/projecte-educatiu\/punt-verd\/","title":{"rendered":"Punt Verd"},"content":{"rendered":"<p><span style=\"font-weight: 400;\">Al nostre centre, comptem amb el <\/span><b>punt verd<\/b><span style=\"font-weight: 400;\">, un espai dedicat a la <\/span><b>sostenibilitat i el respecte pel medi ambient <\/b><span style=\"font-weight: 400;\">situat just a l\u2019entrada del centre. En aquest punt s\u2019hi poden trobar <\/span><b>not\u00edcies i curiositats<\/b><span style=\"font-weight: 400;\"> sobre reciclatge, canvi clim\u00e0tic i iniciatives ecol\u00f2giques que fomentin actituds sostenibles per part dels nostres alumnes i que prenguin consci\u00e8ncia de la problem\u00e0tica mundial actual i les accions que podem fer per millorar la conservaci\u00f3 del nostre planeta. Tamb\u00e9 informem i participem activament en diversos <\/span><b>concursos i iniciatives com les seg\u00fcents:<\/b><\/p>\n<ul>\n<li style=\"font-weight: 400;\" aria-level=\"1\"><span style=\"font-weight: 400;\">Concurs d\u2019<\/span><a href=\"https:\/\/www.apilo.cat\/concurs\/\"><span style=\"font-weight: 400;\">Apilo<\/span><\/a><span style=\"font-weight: 400;\">, per al <\/span><b>reciclatge de piles<\/b><span style=\"font-weight: 400;\">, on els alumnes i els docents aporten les piles que ja no tenen vida \u00fatil.<\/span><\/li>\n<li style=\"font-weight: 400;\" aria-level=\"1\"><span style=\"font-weight: 400;\">Concurs d\u2019<\/span><b>envasos reutilitzables<\/b><span style=\"font-weight: 400;\">, on un cop al mes es fa un recompte de tots els envasos reciclables que utilitzen els alumnes del centre i es premia a la classe amb un major nombre d\u2019envasos sostenibles.\u00a0<\/span><\/li>\n<li style=\"font-weight: 400;\" aria-level=\"1\"><span style=\"font-weight: 400;\">S\u2019han modificat les <\/span><b>papereres del pati<\/b><span style=\"font-weight: 400;\"> per impedir a les gavines destrossar les deixalles.<\/span><\/li>\n<li style=\"font-weight: 400;\" aria-level=\"1\"><span style=\"font-weight: 400;\">Recollida selectiva per part dels alumnes de paper, pl\u00e0stic i piles.<\/span><\/li>\n<li style=\"font-weight: 400;\" aria-level=\"1\"><b>Sortides, xerrades i tallers<\/b><span style=\"font-weight: 400;\"> duts a terme a l\u2019institut, com la visita al <\/span><a href=\"https:\/\/maresmecircular.cat\/consorci-per-al-tractament-de-residus-solids-urbans-del-maresme\/el-centre-integral-de-valoritzacio-de-residus\/\"><span style=\"font-weight: 400;\">Centre Integral de Valoritzaci\u00f3 de residus del Maresme<\/span><\/a><span style=\"font-weight: 400;\">, el taller de compra responsable i la Ciutat Sostenible.<\/span><\/li>\n<li style=\"font-weight: 400;\" aria-level=\"1\"><span style=\"font-weight: 400;\">L&#8217;<\/span><b>hort ecol\u00f2gic<\/b><span style=\"font-weight: 400;\"> del nostre centre, un espai on es potencia la consci\u00e8ncia de consum responsable, de temporada i l\u2019agricultura ecol\u00f2gica i sostenible.<\/span><\/li>\n<\/ul>\n<p><span style=\"font-weight: 400;\">Finalment, a m\u00e9s, disposem de <\/span><b>llibres i recursos<\/b><span style=\"font-weight: 400;\"> sobre natura i ecologia perqu\u00e8 puguin aprendre i inspirar-se per cuidar el nostre planeta.\u00a0<\/span><\/p>\n<p><span style=\"font-weight: 400;\">Tots els alumnes poden passar-hi i descobrir com fer del m\u00f3n un lloc millor.<\/span><\/p>\n<p><img loading=\"lazy\" decoding=\"async\" class=\"aligncenter size-full wp-image-14334\" src=\"https:\/\/agora.xtec.cat\/iespinedademar\/wp-content\/uploads\/usu647\/2025\/04\/Punt-verd.png\" alt=\"\" width=\"708\" height=\"535\" srcset=\"https:\/\/agora.xtec.cat\/iespinedademar\/wp-content\/uploads\/usu647\/2025\/04\/Punt-verd.png 708w, https:\/\/agora.xtec.cat\/iespinedademar\/wp-content\/uploads\/usu647\/2025\/04\/Punt-verd-300x227.png 300w, https:\/\/agora.xtec.cat\/iespinedademar\/wp-content\/uploads\/usu647\/2025\/04\/Punt-verd-200x150.png 200w\" sizes=\"auto, (max-width: 708px) 100vw, 708px\" \/><\/p>\n<p><span style=\"font-weight: 400;\">El Decret 175\/2022, de 27 de setembre, estableix el curr\u00edculum de l\u2019educaci\u00f3 b\u00e0sica a Catalunya amb una clara aposta per l\u2019educaci\u00f3 sostenible i la implicaci\u00f3 activa de l\u2019alumnat en el seu entorn. Aquest marc normatiu promou l\u2019adquisici\u00f3 de compet\u00e8ncies vinculades a la sostenibilitat, el respecte pel medi ambient i la participaci\u00f3 en iniciatives que fomentin h\u00e0bits responsables.<\/span><\/p>\n<p><span style=\"font-weight: 400;\">En aquest context, la creaci\u00f3 d\u2019un punt verd al centre educatiu esdev\u00e9 una acci\u00f3 concreta que respon a les directrius del decret, proporcionant un espai per a la gesti\u00f3 responsable dels residus i sensibilitzant la comunitat educativa sobre la import\u00e0ncia del reciclatge i la reutilitzaci\u00f3.\u00a0<\/span><\/p>\n<p><span style=\"font-weight: 400;\">A trav\u00e9s del punt verd, es pret\u00e9n que els alumnes aprenguin, d\u2019una banda, a:<\/span><\/p>\n<ul style=\"list-style-type: square;\">\n<li><i><span style=\"font-weight: 400;\">Valorar cr\u00edticament els h\u00e0bits socials relacionats amb la salut, l&#8217;alimentaci\u00f3, el consum, la cura, la consideraci\u00f3 i el respecte cap als \u00e9ssers vius, i contribuir a la conservaci\u00f3 i millora del medi ambient.<\/span><\/i><\/li>\n<li><i><span style=\"font-weight: 400;\">Prendre consci\u00e8ncia de les problem\u00e0tiques que t\u00e9 plantejades la humanitat i que es concreten en els objectius de desenvolupament sostenible<\/span><\/i><span style=\"font-weight: 400;\"> programats a l\u2019agenda 2030:<\/span><\/li>\n<\/ul>\n<p><img loading=\"lazy\" decoding=\"async\" class=\"aligncenter size-full wp-image-14336\" src=\"https:\/\/agora.xtec.cat\/iespinedademar\/wp-content\/uploads\/usu647\/2025\/04\/Punt-verd-2.png\" alt=\"\" width=\"661\" height=\"655\" srcset=\"https:\/\/agora.xtec.cat\/iespinedademar\/wp-content\/uploads\/usu647\/2025\/04\/Punt-verd-2.png 661w, https:\/\/agora.xtec.cat\/iespinedademar\/wp-content\/uploads\/usu647\/2025\/04\/Punt-verd-2-300x297.png 300w, https:\/\/agora.xtec.cat\/iespinedademar\/wp-content\/uploads\/usu647\/2025\/04\/Punt-verd-2-150x150.png 150w\" sizes=\"auto, (max-width: 661px) 100vw, 661px\" \/><\/p>\n<p>&nbsp;<\/p>\n<p><span style=\"font-weight: 400;\">\u00a0Comissi\u00f3 ambiental<\/span><\/p>\n","protected":false},"excerpt":{"rendered":"<p>Al nostre centre, comptem amb el punt verd, un espai dedicat a la sostenibilitat i el respecte pel medi ambient situat just a l\u2019entrada del centre. En aquest punt s\u2019hi poden trobar not\u00edcies i curiositats sobre reciclatge, canvi clim\u00e0tic i iniciatives ecol\u00f2giques que fomentin actituds sostenibles per part dels nostres alumnes i que prenguin consci\u00e8ncia [&hellip;]<\/p>\n","protected":false},"author":1,"featured_media":0,"parent":57,"menu_order":8,"comment_status":"closed","ping_status":"closed","template":"page-templates\/side-menu.php","meta":{"_bbp_topic_count":0,"_bbp_reply_count":0,"_bbp_total_topic_count":0,"_bbp_total_reply_count":0,"_bbp_voice_count":0,"_bbp_anonymous_reply_count":0,"_bbp_topic_count_hidden":0,"_bbp_reply_count_hidden":0,"_bbp_forum_subforum_count":0,"site-sidebar-layout":"default","site-content-layout":"","ast-site-content-layout":"","site-content-style":"default","site-sidebar-style":"default","ast-global-header-display":"","ast-banner-title-visibility":"","ast-main-header-display":"","ast-hfb-above-header-display":"","ast-hfb-below-header-display":"","ast-hfb-mobile-header-display":"","site-post-title":"","ast-breadcrumbs-content":"","ast-featured-img":"","footer-sml-layout":"","theme-transparent-header-meta":"","adv-header-id-meta":"","stick-header-meta":"","header-above-stick-meta":"","header-main-stick-meta":"","header-below-stick-meta":"","astra-migrate-meta-layouts":"default","ast-page-background-enabled":"default","ast-page-background-meta":{"desktop":{"background-color":"var(--ast-global-color-4)","background-image":"","background-repeat":"repeat","background-position":"center center","background-size":"auto","background-attachment":"scroll","background-type":"","background-media":"","overlay-type":"","overlay-color":"","overlay-opacity":"","overlay-gradient":""},"tablet":{"background-color":"","background-image":"","background-repeat":"repeat","background-position":"center center","background-size":"auto","background-attachment":"scroll","background-type":"","background-media":"","overlay-type":"","overlay-color":"","overlay-opacity":"","overlay-gradient":""},"mobile":{"background-color":"","background-image":"","background-repeat":"repeat","background-position":"center center","background-size":"auto","background-attachment":"scroll","background-type":"","background-media":"","overlay-type":"","overlay-color":"","overlay-opacity":"","overlay-gradient":""}},"ast-content-background-meta":{"desktop":{"background-color":"var(--ast-global-color-5)","background-image":"","background-repeat":"repeat","background-position":"center center","background-size":"auto","background-attachment":"scroll","background-type":"","background-media":"","overlay-type":"","overlay-color":"","overlay-opacity":"","overlay-gradient":""},"tablet":{"background-color":"var(--ast-global-color-5)","background-image":"","background-repeat":"repeat","background-position":"center center","background-size":"auto","background-attachment":"scroll","background-type":"","background-media":"","overlay-type":"","overlay-color":"","overlay-opacity":"","overlay-gradient":""},"mobile":{"background-color":"var(--ast-global-color-5)","background-image":"","background-repeat":"repeat","background-position":"center center","background-size":"auto","background-attachment":"scroll","background-type":"","background-media":"","overlay-type":"","overlay-color":"","overlay-opacity":"","overlay-gradient":""}},"footnotes":""},"class_list":["post-14333","page","type-page","status-publish","hentry"],"post_mailing_queue_ids":[],"_links":{"self":[{"href":"https:\/\/agora.xtec.cat\/iespinedademar\/wp-json\/wp\/v2\/pages\/14333","targetHints":{"allow":["GET"]}}],"collection":[{"href":"https:\/\/agora.xtec.cat\/iespinedademar\/wp-json\/wp\/v2\/pages"}],"about":[{"href":"https:\/\/agora.xtec.cat\/iespinedademar\/wp-json\/wp\/v2\/types\/page"}],"author":[{"embeddable":true,"href":"https:\/\/agora.xtec.cat\/iespinedademar\/wp-json\/wp\/v2\/users\/1"}],"replies":[{"embeddable":true,"href":"https:\/\/agora.xtec.cat\/iespinedademar\/wp-json\/wp\/v2\/comments?post=14333"}],"version-history":[{"count":3,"href":"https:\/\/agora.xtec.cat\/iespinedademar\/wp-json\/wp\/v2\/pages\/14333\/revisions"}],"predecessor-version":[{"id":14339,"href":"https:\/\/agora.xtec.cat\/iespinedademar\/wp-json\/wp\/v2\/pages\/14333\/revisions\/14339"}],"up":[{"embeddable":true,"href":"https:\/\/agora.xtec.cat\/iespinedademar\/wp-json\/wp\/v2\/pages\/57"}],"wp:attachment":[{"href":"https:\/\/agora.xtec.cat\/iespinedademar\/wp-json\/wp\/v2\/media?parent=14333"}],"curies":[{"name":"wp","href":"https:\/\/api.w.org\/{rel}","templated":true}]}}