{"id":14264,"date":"2025-02-26T18:08:47","date_gmt":"2025-02-26T17:08:47","guid":{"rendered":"https:\/\/agora.xtec.cat\/iespinedademar\/?page_id=14264"},"modified":"2025-04-03T09:19:21","modified_gmt":"2025-04-03T07:19:21","slug":"punt-lila","status":"publish","type":"page","link":"https:\/\/agora.xtec.cat\/iespinedademar\/projecte-educatiu\/punt-lila\/","title":{"rendered":"Punt Lila"},"content":{"rendered":"<p><span style=\"font-weight: 400;\">El Departament d\u2019Educaci\u00f3 defineix la coeducaci\u00f3 com:\u00a0<\/span><\/p>\n<p><i><span style=\"font-weight: 400;\">\u201cL&#8217;acci\u00f3 educadora que potencia la igualtat real d&#8217;oportunitats i valora indistintament l&#8217;experi\u00e8ncia, les aptituds i l&#8217;aportaci\u00f3 social i cultural de dones i homes, en igualtat de drets, sense estereotips sexistes, homof\u00f2bics, bif\u00f2bics, transf\u00f2bics o androc\u00e8ntrics ni actituds discriminat\u00f2ries per ra\u00f3 de sexe, orientaci\u00f3 sexual, identitat de g\u00e8nere o expressi\u00f3 de g\u00e8nere\u201d.<\/span><\/i><\/p>\n<p><span style=\"font-weight: 400;\">Es tracta d&#8217;una l\u00ednia estrat\u00e8gica del Departament d&#8217;Educaci\u00f3 i Formaci\u00f3 Professional que pret\u00e9n abra\u00e7ar diferents \u00e0mbits de treball:<\/span><\/p>\n<ul>\n<li aria-level=\"1\"><b>A trav\u00e9s del curr\u00edculum:<\/b><span style=\"font-weight: 400;\"> aquest \u00e0mbit pret\u00e9n garantir la incorporaci\u00f3 de la coeducaci\u00f3 i la perspectiva de g\u00e8nere en les unitats did\u00e0ctiques, projectes i activitats que es realitzen a les aules.<\/span><span style=\"font-weight: 400;\">\u00a0<\/span><\/li>\n<\/ul>\n<ul>\n<li aria-level=\"1\"><b>A trav\u00e9s de l\u2019organitzaci\u00f3 del centre:<\/b><span style=\"font-weight: 400;\"> aquest \u00e0mbit pret\u00e9n garantir que tota l&#8217;organitzaci\u00f3, documentaci\u00f3 i disseny d&#8217;espais dels centres educatius responguin a una perspectiva coeducativa. El centre ha de disposar del Projecte de conviv\u00e8ncia i d\u2019una coordinaci\u00f3 de conviv\u00e8ncia i coeducaci\u00f3.\u00a0<\/span><\/li>\n<\/ul>\n<ul>\n<li aria-level=\"1\"><b>Pla d\u2019Escoles lliures de viol\u00e8ncia:<\/b><span style=\"font-weight: 400;\"> aquest \u00e0mbit pret\u00e9n visibilitzar les viol\u00e8ncies ocultes als centres educatius, identificar-les i actuar-hi per protegir infants i adolescents.\u00a0<\/span><\/li>\n<li aria-level=\"1\"><span style=\"font-weight: 400;\">Pla de drets sexuals i reproductius en l&#8217;\u00e0mbit educatiu: aquest \u00e0mbit s&#8217;emmarca dintre de l&#8217;<\/span><a href=\"https:\/\/igualtat.gencat.cat\/ca\/ambits-dactuacio\/drets-sexuals-reproductius\/estrategia-nacional-de-drets-sexuals-i-reproductius\/\"><span style=\"font-weight: 400;\">Estrat\u00e8gia Nacional de Drets Sexuals i Reproductius de la Generalitat de Catalunya<\/span><\/a><span style=\"font-weight: 400;\"> i pret\u00e9n garantir aquests drets per a totes les persones.<\/span><\/li>\n<\/ul>\n<p><span style=\"font-weight: 400;\">Per aquest motiu, aquest curs 2024-2025 hem creat un <\/span><b>Punt Lila<\/b><span style=\"font-weight: 400;\"> fix a l\u2019entrada principal del nostre centre.\u00a0<\/span><\/p>\n<p><img loading=\"lazy\" decoding=\"async\" class=\"aligncenter wp-image-14265\" src=\"https:\/\/agora.xtec.cat\/iespinedademar\/wp-content\/uploads\/usu647\/2025\/02\/PUNT-LILA.png\" alt=\"\" width=\"650\" height=\"492\" srcset=\"https:\/\/agora.xtec.cat\/iespinedademar\/wp-content\/uploads\/usu647\/2025\/02\/PUNT-LILA.png 769w, https:\/\/agora.xtec.cat\/iespinedademar\/wp-content\/uploads\/usu647\/2025\/02\/PUNT-LILA-300x227.png 300w, https:\/\/agora.xtec.cat\/iespinedademar\/wp-content\/uploads\/usu647\/2025\/02\/PUNT-LILA-200x150.png 200w\" sizes=\"auto, (max-width: 650px) 100vw, 650px\" \/><\/p>\n<p><span style=\"font-weight: 400;\">\u00c9s un espai on tota la comunitat educativa (fam\u00edlies, alumnat i professorat) podeu trobar cartells informatius en mat\u00e8ria de sexualitat i sensibilitzaci\u00f3 LGTBI i de perspectiva de g\u00e8nere. Disposeu de guies orientatives per docents, de tr\u00edptics de diferents serveis a Pineda de Mar: SIAD, SAI i de campanyes iniciades al municipi.<\/span><\/p>\n<p><span style=\"font-weight: 400;\">Tamb\u00e9 disposeu de la b\u00fastia de la conviv\u00e8ncia on tothom pot denunciar qualsevol acte discriminatori que tingui lloc dins de l\u2019\u00e0mbit escolar. Aquesta eina tamb\u00e9 est\u00e0 disponible en format digital, totalment an\u00f2nima, omplint el seg\u00fcent formulari:\u00a0<\/span><\/p>\n<p><a href=\"https:\/\/forms.gle\/jig3kwNNAZC3PxX96\"><span style=\"font-weight: 400;\">https:\/\/forms.gle\/jig3kwNNAZC3PxX96<\/span><\/a><\/p>\n<p><b>B\u00daSTIA DIGITAL DE LA CONVIV\u00c8NCIA<\/b><\/p>\n<p><span style=\"font-weight: 400;\">La <\/span><b>b\u00fastia de la conviv\u00e8ncia<\/b><span style=\"font-weight: 400;\"> \u00e9s una eina de comunicaci\u00f3 per a tot l\u2019alumnat del centre educatiu, que t\u00e9 com a objectiu acabar amb tot tipus de viol\u00e8ncia i malestar emocional que pateixi qualsevol alumne i convertir-nos en un cent<\/span><\/p>\n<p><img loading=\"lazy\" decoding=\"async\" class=\" wp-image-14266 alignright\" src=\"https:\/\/agora.xtec.cat\/iespinedademar\/wp-content\/uploads\/usu647\/2025\/02\/BUSTIA-DE-LA-CONVIVENCIA.png\" alt=\"\" width=\"248\" height=\"330\" srcset=\"https:\/\/agora.xtec.cat\/iespinedademar\/wp-content\/uploads\/usu647\/2025\/02\/BUSTIA-DE-LA-CONVIVENCIA.png 300w, https:\/\/agora.xtec.cat\/iespinedademar\/wp-content\/uploads\/usu647\/2025\/02\/BUSTIA-DE-LA-CONVIVENCIA-226x300.png 226w\" sizes=\"auto, (max-width: 248px) 100vw, 248px\" \/><\/p>\n<p><span style=\"font-weight: 400;\">re pac\u00edfic i solidari basat en el benestar de totes les persones que en formem part.\u00a0<\/span><\/p>\n<p><span style=\"font-weight: 400;\">Aquest projecte persegueix uns objectius concrets com:\u00a0<\/span><\/p>\n<ul>\n<li style=\"font-weight: 400;\" aria-level=\"1\"><span style=\"font-weight: 400;\">Facilitar la comunicaci\u00f3 de conductes contr\u00e0ries a la normativa de conviv\u00e8ncia.<\/span><\/li>\n<li style=\"font-weight: 400;\" aria-level=\"1\"><span style=\"font-weight: 400;\">Garantir el benestar de tota la comunitat educativa.<\/span><\/li>\n<li style=\"font-weight: 400;\" aria-level=\"1\"><span style=\"font-weight: 400;\">Promoure la cultura de la no-viol\u00e8ncia, la no-discriminaci\u00f3 i el respecte a la diversitat.<\/span><\/li>\n<\/ul>\n<p><span style=\"font-weight: 400;\">Els alumnes podran facilitar les seves dades (nom i cognoms) o, si ho prefereixen, tamb\u00e9 podran fer la comunicaci\u00f3 de manera an\u00f2nima. La informaci\u00f3 que ens facin arribar ser\u00e0 tractada amb la m\u00e0xima confidencialitat i ser\u00e0 derivada a l\u2019equip de gesti\u00f3 de la conviv\u00e8ncia i s\u2019activar\u00e0 un protocol de recerca, si s\u2019escau. La b\u00fastia digital ser\u00e0 revisada setmanalment.<\/span><\/p>\n<p><span style=\"font-weight: 400;\">La posada en coneixement d&#8217;aquest projecte s\u2019hauria de traslladar a l&#8217;alumnat de tots els grups des del pla d&#8217;acci\u00f3 tutorial del centre.<\/span><\/p>\n","protected":false},"excerpt":{"rendered":"<p>El Departament d\u2019Educaci\u00f3 defineix la coeducaci\u00f3 com:\u00a0 \u201cL&#8217;acci\u00f3 educadora que potencia la igualtat real d&#8217;oportunitats i valora indistintament l&#8217;experi\u00e8ncia, les aptituds i l&#8217;aportaci\u00f3 social i cultural de dones i homes, en igualtat de drets, sense estereotips sexistes, homof\u00f2bics, bif\u00f2bics, transf\u00f2bics o androc\u00e8ntrics ni actituds discriminat\u00f2ries per ra\u00f3 de sexe, orientaci\u00f3 sexual, identitat de g\u00e8nere o [&hellip;]<\/p>\n","protected":false},"author":1,"featured_media":0,"parent":57,"menu_order":7,"comment_status":"closed","ping_status":"closed","template":"page-templates\/side-menu.php","meta":{"_bbp_topic_count":0,"_bbp_reply_count":0,"_bbp_total_topic_count":0,"_bbp_total_reply_count":0,"_bbp_voice_count":0,"_bbp_anonymous_reply_count":0,"_bbp_topic_count_hidden":0,"_bbp_reply_count_hidden":0,"_bbp_forum_subforum_count":0,"site-sidebar-layout":"default","site-content-layout":"","ast-site-content-layout":"","site-content-style":"default","site-sidebar-style":"default","ast-global-header-display":"","ast-banner-title-visibility":"","ast-main-header-display":"","ast-hfb-above-header-display":"","ast-hfb-below-header-display":"","ast-hfb-mobile-header-display":"","site-post-title":"","ast-breadcrumbs-content":"","ast-featured-img":"","footer-sml-layout":"","theme-transparent-header-meta":"","adv-header-id-meta":"","stick-header-meta":"","header-above-stick-meta":"","header-main-stick-meta":"","header-below-stick-meta":"","astra-migrate-meta-layouts":"default","ast-page-background-enabled":"default","ast-page-background-meta":{"desktop":{"background-color":"var(--ast-global-color-4)","background-image":"","background-repeat":"repeat","background-position":"center center","background-size":"auto","background-attachment":"scroll","background-type":"","background-media":"","overlay-type":"","overlay-color":"","overlay-opacity":"","overlay-gradient":""},"tablet":{"background-color":"","background-image":"","background-repeat":"repeat","background-position":"center center","background-size":"auto","background-attachment":"scroll","background-type":"","background-media":"","overlay-type":"","overlay-color":"","overlay-opacity":"","overlay-gradient":""},"mobile":{"background-color":"","background-image":"","background-repeat":"repeat","background-position":"center center","background-size":"auto","background-attachment":"scroll","background-type":"","background-media":"","overlay-type":"","overlay-color":"","overlay-opacity":"","overlay-gradient":""}},"ast-content-background-meta":{"desktop":{"background-color":"var(--ast-global-color-5)","background-image":"","background-repeat":"repeat","background-position":"center center","background-size":"auto","background-attachment":"scroll","background-type":"","background-media":"","overlay-type":"","overlay-color":"","overlay-opacity":"","overlay-gradient":""},"tablet":{"background-color":"var(--ast-global-color-5)","background-image":"","background-repeat":"repeat","background-position":"center center","background-size":"auto","background-attachment":"scroll","background-type":"","background-media":"","overlay-type":"","overlay-color":"","overlay-opacity":"","overlay-gradient":""},"mobile":{"background-color":"var(--ast-global-color-5)","background-image":"","background-repeat":"repeat","background-position":"center center","background-size":"auto","background-attachment":"scroll","background-type":"","background-media":"","overlay-type":"","overlay-color":"","overlay-opacity":"","overlay-gradient":""}},"footnotes":""},"class_list":["post-14264","page","type-page","status-publish","hentry"],"post_mailing_queue_ids":[],"_links":{"self":[{"href":"https:\/\/agora.xtec.cat\/iespinedademar\/wp-json\/wp\/v2\/pages\/14264","targetHints":{"allow":["GET"]}}],"collection":[{"href":"https:\/\/agora.xtec.cat\/iespinedademar\/wp-json\/wp\/v2\/pages"}],"about":[{"href":"https:\/\/agora.xtec.cat\/iespinedademar\/wp-json\/wp\/v2\/types\/page"}],"author":[{"embeddable":true,"href":"https:\/\/agora.xtec.cat\/iespinedademar\/wp-json\/wp\/v2\/users\/1"}],"replies":[{"embeddable":true,"href":"https:\/\/agora.xtec.cat\/iespinedademar\/wp-json\/wp\/v2\/comments?post=14264"}],"version-history":[{"count":4,"href":"https:\/\/agora.xtec.cat\/iespinedademar\/wp-json\/wp\/v2\/pages\/14264\/revisions"}],"predecessor-version":[{"id":14329,"href":"https:\/\/agora.xtec.cat\/iespinedademar\/wp-json\/wp\/v2\/pages\/14264\/revisions\/14329"}],"up":[{"embeddable":true,"href":"https:\/\/agora.xtec.cat\/iespinedademar\/wp-json\/wp\/v2\/pages\/57"}],"wp:attachment":[{"href":"https:\/\/agora.xtec.cat\/iespinedademar\/wp-json\/wp\/v2\/media?parent=14264"}],"curies":[{"name":"wp","href":"https:\/\/api.w.org\/{rel}","templated":true}]}}