{"id":12979,"date":"2022-10-24T09:17:27","date_gmt":"2022-10-24T07:17:27","guid":{"rendered":"https:\/\/agora.xtec.cat\/iespinedademar\/?page_id=12979"},"modified":"2022-10-26T10:32:27","modified_gmt":"2022-10-26T08:32:27","slug":"tutorials","status":"publish","type":"page","link":"https:\/\/agora.xtec.cat\/iespinedademar\/estrategia-digital-de-centre-edc\/cultura-digital\/competencia-professorat\/tutorials\/","title":{"rendered":"Tutorials"},"content":{"rendered":"<p>Tutorials d&#8217;incid\u00e8ncies inform\u00e0tiques:<\/p>\n<ul>\n<li><a href=\"https:\/\/docs.google.com\/document\/d\/1JAmBLBh4EANMsUJgNwW_hh7dKBO9onYL\/edit?usp=drive_web&amp;ouid=108909898166408585836&amp;rtpof=true\" target=\"_blank\" rel=\"noopener\">Configurar xarxa wifi a Chromebook<\/a><\/li>\n<li><a href=\"https:\/\/agora.xtec.cat\/iespinedademar\/wp-content\/uploads\/usu647\/2022\/10\/Solucio\u0301-a-lerror_-Bitlocker-Recovery.pdf\" target=\"_blank\" rel=\"noopener\">Recuperaci\u00f3 de clau (Bitlocker Recovery)<\/a><\/li>\n<li><a href=\"https:\/\/agora.xtec.cat\/iespinedademar\/wp-content\/uploads\/usu647\/2022\/10\/Com-fer-un-Backup-dun-curs-Moodle.pdf\" target=\"_blank\" rel=\"noopener\">Backup Moodle<\/a><\/li>\n<li><a href=\"https:\/\/agora.xtec.cat\/iespinedademar\/wp-content\/uploads\/usu647\/2022\/10\/configuracio_projeccio\u0301-porta\u0300til-panell.pdf\" target=\"_blank\" rel=\"noopener\">Configuraci\u00f3 projecci\u00f3 a panell interactiu<\/a><\/li>\n<\/ul>\n","protected":false},"excerpt":{"rendered":"<p>Tutorials d&#8217;incid\u00e8ncies inform\u00e0tiques: Configurar xarxa wifi a Chromebook Recuperaci\u00f3 de clau (Bitlocker Recovery) Backup Moodle Configuraci\u00f3 projecci\u00f3 a panell interactiu<\/p>\n","protected":false},"author":1,"featured_media":0,"parent":12664,"menu_order":3,"comment_status":"closed","ping_status":"closed","template":"page-templates\/side-menu.php","meta":{"_bbp_topic_count":0,"_bbp_reply_count":0,"_bbp_total_topic_count":0,"_bbp_total_reply_count":0,"_bbp_voice_count":0,"_bbp_anonymous_reply_count":0,"_bbp_topic_count_hidden":0,"_bbp_reply_count_hidden":0,"_bbp_forum_subforum_count":0,"site-sidebar-layout":"default","site-content-layout":"","ast-site-content-layout":"","site-content-style":"default","site-sidebar-style":"default","ast-global-header-display":"","ast-banner-title-visibility":"","ast-main-header-display":"","ast-hfb-above-header-display":"","ast-hfb-below-header-display":"","ast-hfb-mobile-header-display":"","site-post-title":"","ast-breadcrumbs-content":"","ast-featured-img":"","footer-sml-layout":"","theme-transparent-header-meta":"","adv-header-id-meta":"","stick-header-meta":"","header-above-stick-meta":"","header-main-stick-meta":"","header-below-stick-meta":"","astra-migrate-meta-layouts":"default","ast-page-background-enabled":"default","ast-page-background-meta":{"desktop":{"background-color":"var(--ast-global-color-4)","background-image":"","background-repeat":"repeat","background-position":"center center","background-size":"auto","background-attachment":"scroll","background-type":"","background-media":"","overlay-type":"","overlay-color":"","overlay-opacity":"","overlay-gradient":""},"tablet":{"background-color":"","background-image":"","background-repeat":"repeat","background-position":"center center","background-size":"auto","background-attachment":"scroll","background-type":"","background-media":"","overlay-type":"","overlay-color":"","overlay-opacity":"","overlay-gradient":""},"mobile":{"background-color":"","background-image":"","background-repeat":"repeat","background-position":"center center","background-size":"auto","background-attachment":"scroll","background-type":"","background-media":"","overlay-type":"","overlay-color":"","overlay-opacity":"","overlay-gradient":""}},"ast-content-background-meta":{"desktop":{"background-color":"var(--ast-global-color-5)","background-image":"","background-repeat":"repeat","background-position":"center center","background-size":"auto","background-attachment":"scroll","background-type":"","background-media":"","overlay-type":"","overlay-color":"","overlay-opacity":"","overlay-gradient":""},"tablet":{"background-color":"var(--ast-global-color-5)","background-image":"","background-repeat":"repeat","background-position":"center center","background-size":"auto","background-attachment":"scroll","background-type":"","background-media":"","overlay-type":"","overlay-color":"","overlay-opacity":"","overlay-gradient":""},"mobile":{"background-color":"var(--ast-global-color-5)","background-image":"","background-repeat":"repeat","background-position":"center center","background-size":"auto","background-attachment":"scroll","background-type":"","background-media":"","overlay-type":"","overlay-color":"","overlay-opacity":"","overlay-gradient":""}},"footnotes":""},"class_list":["post-12979","page","type-page","status-publish","hentry"],"post_mailing_queue_ids":[],"_links":{"self":[{"href":"https:\/\/agora.xtec.cat\/iespinedademar\/wp-json\/wp\/v2\/pages\/12979","targetHints":{"allow":["GET"]}}],"collection":[{"href":"https:\/\/agora.xtec.cat\/iespinedademar\/wp-json\/wp\/v2\/pages"}],"about":[{"href":"https:\/\/agora.xtec.cat\/iespinedademar\/wp-json\/wp\/v2\/types\/page"}],"author":[{"embeddable":true,"href":"https:\/\/agora.xtec.cat\/iespinedademar\/wp-json\/wp\/v2\/users\/1"}],"replies":[{"embeddable":true,"href":"https:\/\/agora.xtec.cat\/iespinedademar\/wp-json\/wp\/v2\/comments?post=12979"}],"version-history":[{"count":3,"href":"https:\/\/agora.xtec.cat\/iespinedademar\/wp-json\/wp\/v2\/pages\/12979\/revisions"}],"predecessor-version":[{"id":12999,"href":"https:\/\/agora.xtec.cat\/iespinedademar\/wp-json\/wp\/v2\/pages\/12979\/revisions\/12999"}],"up":[{"embeddable":true,"href":"https:\/\/agora.xtec.cat\/iespinedademar\/wp-json\/wp\/v2\/pages\/12664"}],"wp:attachment":[{"href":"https:\/\/agora.xtec.cat\/iespinedademar\/wp-json\/wp\/v2\/media?parent=12979"}],"curies":[{"name":"wp","href":"https:\/\/api.w.org\/{rel}","templated":true}]}}