{"id":12709,"date":"2022-05-20T08:50:44","date_gmt":"2022-05-20T06:50:44","guid":{"rendered":"https:\/\/agora.xtec.cat\/iespinedademar\/?page_id=12709"},"modified":"2023-06-12T22:41:44","modified_gmt":"2023-06-12T20:41:44","slug":"objectius","status":"publish","type":"page","link":"https:\/\/agora.xtec.cat\/iespinedademar\/estrategia-digital-de-centre-edc\/part-estrategica\/objectius\/","title":{"rendered":"Objectius"},"content":{"rendered":"<p>Per desenvolupar l&#8217;estrat\u00e8gia digital de centre, l&#8217;INS Pineda de Mar s&#8217;ha marcat els seg\u00fcents objectius prioritaris<\/p>\n<table class=\"MsoNormalTable\" style=\"border-collapse: collapse; margin: 0 auto; mso-yfti-tbllook: 1184;\" border=\"0\" cellspacing=\"0\" cellpadding=\"0\">\n<tbody>\n<tr style=\"mso-yfti-irow: 0; mso-yfti-firstrow: yes; height: 27.75pt;\">\n<td style=\"border: solid white 1.0pt; mso-border-alt: solid white .5pt; background: #767676; padding: 7.0pt 8.0pt 7.0pt 8.0pt; height: 27.75pt;\" colspan=\"3\" valign=\"top\">\n<p class=\"MsoNormal\" style=\"margin-bottom: 0cm; text-align: center; line-height: normal;\" align=\"center\"><span style=\"font-size: 10.5pt; font-family: 'Open Sans',sans-serif; mso-fareast-font-family: 'Times New Roman'; color: white; mso-font-kerning: 0pt; mso-ligatures: none; mso-fareast-language: CA;\">OBJECTIUS<\/span><\/p>\n<\/td>\n<\/tr>\n<tr style=\"mso-yfti-irow: 1; height: 27.75pt;\">\n<td style=\"border: solid white 1.0pt; border-top: none; mso-border-top-alt: solid white .5pt; mso-border-alt: solid white .5pt; background: #767676; padding: 7.0pt 8.0pt 7.0pt 8.0pt; height: 27.75pt;\" valign=\"top\">\n<p class=\"MsoNormal\" style=\"margin-bottom: 0cm; text-align: center; line-height: normal;\" align=\"center\"><span style=\"font-size: 10.5pt; font-family: 'Open Sans',sans-serif; mso-fareast-font-family: 'Times New Roman'; color: white; mso-font-kerning: 0pt; mso-ligatures: none; mso-fareast-language: CA;\">OBJECTIU<\/span><\/p>\n<\/td>\n<td style=\"border-top: none; border-left: none; border-bottom: solid white 1.0pt; border-right: solid white 1.0pt; mso-border-top-alt: solid white .5pt; mso-border-left-alt: solid white .5pt; mso-border-alt: solid white .5pt; background: #767676; padding: 7.0pt 8.0pt 7.0pt 8.0pt; height: 27.75pt;\" valign=\"top\">\n<p class=\"MsoNormal\" style=\"margin-bottom: 0cm; text-align: center; line-height: normal;\" align=\"center\"><span style=\"font-size: 10.5pt; font-family: 'Open Sans',sans-serif; mso-fareast-font-family: 'Times New Roman'; color: white; mso-font-kerning: 0pt; mso-ligatures: none; mso-fareast-language: CA;\">DESCRIPCI\u00d3<\/span><\/p>\n<\/td>\n<td style=\"border-top: none; border-left: none; border-bottom: solid white 1.0pt; border-right: solid white 1.0pt; mso-border-top-alt: solid white .5pt; mso-border-left-alt: solid white .5pt; mso-border-alt: solid white .5pt; background: #767676; padding: 7.0pt 8.0pt 7.0pt 8.0pt; height: 27.75pt;\" valign=\"top\">\n<p class=\"MsoNormal\" style=\"margin-bottom: 0cm; text-align: center; line-height: normal;\" align=\"center\"><span style=\"font-size: 10.5pt; font-family: 'Open Sans',sans-serif; mso-fareast-font-family: 'Times New Roman'; color: white; mso-font-kerning: 0pt; mso-ligatures: none; mso-fareast-language: CA;\">RESPONSABLE<\/span><\/p>\n<\/td>\n<\/tr>\n<tr style=\"mso-yfti-irow: 2; height: 27.0pt;\">\n<td style=\"border: solid white 1.0pt; border-top: none; mso-border-top-alt: solid white .5pt; mso-border-alt: solid white .5pt; background: #087EB6; padding: 7.0pt 8.0pt 7.0pt 8.0pt; height: 27.0pt;\" rowspan=\"2\" valign=\"top\">\n<p class=\"MsoNormal\" style=\"margin-bottom: 0cm; text-align: center; line-height: normal;\" align=\"center\"><span style=\"font-size: 10.5pt; font-family: 'Open Sans',sans-serif; mso-fareast-font-family: 'Times New Roman'; color: white; mso-font-kerning: 0pt; mso-ligatures: none; mso-fareast-language: CA;\">OBJECTIU 1<\/span><\/p>\n<\/td>\n<td style=\"border-top: none; border-left: none; border-bottom: solid white 1.0pt; border-right: solid white 1.0pt; mso-border-top-alt: solid white .5pt; mso-border-left-alt: solid white .5pt; mso-border-alt: solid white .5pt; background: #39B5FD; padding: 7.0pt 8.0pt 7.0pt 8.0pt; height: 27.0pt;\" valign=\"top\">\n<p class=\"MsoNormal\" style=\"margin-bottom: 0cm; text-align: justify; line-height: normal;\"><span style=\"font-size: 10.5pt; font-family: 'Open Sans',sans-serif; mso-fareast-font-family: 'Times New Roman'; color: #222222; mso-font-kerning: 0pt; mso-ligatures: none; mso-fareast-language: CA;\">Dissenyar noves metodologies per consolidar l\u2019\u00fas de les tecnologies digitals<\/span><\/p>\n<\/td>\n<td style=\"border-top: none; border-left: none; border-bottom: solid white 1.0pt; border-right: solid white 1.0pt; mso-border-top-alt: solid white .5pt; mso-border-left-alt: solid white .5pt; mso-border-alt: solid white .5pt; background: #087EB6; padding: 7.0pt 8.0pt 7.0pt 8.0pt; height: 27.0pt;\" rowspan=\"2\" valign=\"top\">\n<p class=\"MsoNormal\" style=\"margin-bottom: 0cm; text-align: center; line-height: normal;\" align=\"center\"><span style=\"font-size: 10.5pt; font-family: 'Open Sans',sans-serif; mso-fareast-font-family: 'Times New Roman'; color: white; mso-font-kerning: 0pt; mso-ligatures: none; mso-fareast-language: CA;\">Equip directiu<\/span><\/p>\n<\/td>\n<\/tr>\n<tr style=\"mso-yfti-irow: 3; height: 27.0pt;\">\n<td style=\"border-top: none; border-left: none; border-bottom: solid white 1.0pt; border-right: solid white 1.0pt; mso-border-top-alt: solid white .5pt; mso-border-left-alt: solid white .5pt; mso-border-alt: solid white .5pt; background: #CCECFF; padding: 7.0pt 8.0pt 7.0pt 8.0pt; height: 27.0pt;\" valign=\"top\">\n<p class=\"MsoNormal\" style=\"margin-bottom: 0cm; text-align: justify; line-height: normal;\"><i><span style=\"font-size: 9.5pt; font-family: 'Open Sans',sans-serif; mso-fareast-font-family: 'Times New Roman'; color: #222222; mso-font-kerning: 0pt; mso-ligatures: none; mso-fareast-language: CA;\">Es realitzen, com a m\u00ednim , dos projectes a cada curs.<\/span><\/i><\/p>\n<\/td>\n<\/tr>\n<tr style=\"mso-yfti-irow: 4; height: 27.0pt;\">\n<td style=\"border: solid white 1.0pt; border-top: none; mso-border-top-alt: solid white .5pt; mso-border-alt: solid white .5pt; background: #087EB6; padding: 7.0pt 8.0pt 7.0pt 8.0pt; height: 27.0pt;\" rowspan=\"2\" valign=\"top\">\n<p class=\"MsoNormal\" style=\"margin-bottom: 0cm; text-align: center; line-height: normal;\" align=\"center\"><span style=\"font-size: 10.5pt; font-family: 'Open Sans',sans-serif; mso-fareast-font-family: 'Times New Roman'; color: white; mso-font-kerning: 0pt; mso-ligatures: none; mso-fareast-language: CA;\">OBJECTIU 2<\/span><\/p>\n<\/td>\n<td style=\"border-top: none; border-left: none; border-bottom: solid white 1.0pt; border-right: solid white 1.0pt; mso-border-top-alt: solid white .5pt; mso-border-left-alt: solid white .5pt; mso-border-alt: solid white .5pt; background: #39B5FD; padding: 7.0pt 8.0pt 7.0pt 8.0pt; height: 27.0pt;\" valign=\"top\">\n<p class=\"MsoNormal\" style=\"margin-bottom: 0cm; text-align: justify; line-height: normal;\"><span style=\"font-size: 10.5pt; font-family: 'Open Sans',sans-serif; mso-fareast-font-family: 'Times New Roman'; color: #222222; mso-font-kerning: 0pt; mso-ligatures: none; mso-fareast-language: CA;\">Millorar la compet\u00e8ncia digital de l\u2019alumnat<\/span><\/p>\n<\/td>\n<td style=\"border-top: none; border-left: none; border-bottom: solid white 1.0pt; border-right: solid white 1.0pt; mso-border-top-alt: solid white .5pt; mso-border-left-alt: solid white .5pt; mso-border-alt: solid white .5pt; background: #087EB6; padding: 7.0pt 8.0pt 7.0pt 8.0pt; height: 27.0pt;\" rowspan=\"2\" valign=\"top\">\n<p class=\"MsoNormal\" style=\"margin-bottom: 0cm; text-align: center; line-height: normal;\" align=\"center\"><span style=\"font-size: 10.5pt; font-family: 'Open Sans',sans-serif; mso-fareast-font-family: 'Times New Roman'; color: white; mso-font-kerning: 0pt; mso-ligatures: none; mso-fareast-language: CA;\">Comissi\u00f3 digital<\/span><\/p>\n<\/td>\n<\/tr>\n<tr style=\"mso-yfti-irow: 5; height: 27.0pt;\">\n<td style=\"border-top: none; border-left: none; border-bottom: solid white 1.0pt; border-right: solid white 1.0pt; mso-border-top-alt: solid white .5pt; mso-border-left-alt: solid white .5pt; mso-border-alt: solid white .5pt; background: #CCECFF; padding: 7.0pt 8.0pt 7.0pt 8.0pt; height: 27.0pt;\" valign=\"top\">\n<p class=\"MsoNormal\" style=\"margin-bottom: 0cm; text-align: justify; line-height: normal;\"><i><span style=\"font-size: 9.5pt; font-family: 'Open Sans',sans-serif; mso-fareast-font-family: 'Times New Roman'; color: #222222; mso-font-kerning: 0pt; mso-ligatures: none; mso-fareast-language: CA;\">A finals del curs 2024-2025, s\u2019ha fet el desplegament de la CDA a tota l\u2019ESO.\u00a0<\/span><\/i><\/p>\n<\/td>\n<\/tr>\n<tr style=\"mso-yfti-irow: 6; height: 27.0pt;\">\n<td style=\"border: solid white 1.0pt; border-top: none; mso-border-top-alt: solid white .5pt; mso-border-alt: solid white .5pt; background: #087EB6; padding: 7.0pt 8.0pt 7.0pt 8.0pt; height: 27.0pt;\" rowspan=\"2\" valign=\"top\">\n<p class=\"MsoNormal\" style=\"margin-bottom: 0cm; text-align: center; line-height: normal;\" align=\"center\"><span style=\"font-size: 10.5pt; font-family: 'Open Sans',sans-serif; mso-fareast-font-family: 'Times New Roman'; color: white; mso-font-kerning: 0pt; mso-ligatures: none; mso-fareast-language: CA;\">OBJECTIU 3<\/span><\/p>\n<\/td>\n<td style=\"border-top: none; border-left: none; border-bottom: solid white 1.0pt; border-right: solid white 1.0pt; mso-border-top-alt: solid white .5pt; mso-border-left-alt: solid white .5pt; mso-border-alt: solid white .5pt; background: #39B5FD; padding: 7.0pt 8.0pt 7.0pt 8.0pt; height: 27.0pt;\" valign=\"top\">\n<p class=\"MsoNormal\" style=\"margin-bottom: 0cm; text-align: justify; line-height: normal;\"><i><span style=\"font-size: 9.5pt; font-family: 'Open Sans',sans-serif; mso-fareast-font-family: 'Times New Roman'; color: #222222; mso-font-kerning: 0pt; mso-ligatures: none; mso-fareast-language: CA;\">Desenvolupar l\u2019Estrat\u00e8gia Digital de Centre<\/span><\/i><\/p>\n<\/td>\n<td style=\"border-top: none; border-left: none; border-bottom: solid white 1.0pt; border-right: solid white 1.0pt; mso-border-top-alt: solid white .5pt; mso-border-left-alt: solid white .5pt; mso-border-alt: solid white .5pt; background: #087EB6; padding: 7.0pt 8.0pt 7.0pt 8.0pt; height: 27.0pt;\" rowspan=\"2\" valign=\"top\">\n<p class=\"MsoNormal\" style=\"margin-bottom: 0cm; text-align: center; line-height: normal;\" align=\"center\"><span style=\"font-size: 10.5pt; font-family: 'Open Sans',sans-serif; mso-fareast-font-family: 'Times New Roman'; color: white; mso-font-kerning: 0pt; mso-ligatures: none; mso-fareast-language: CA;\">Comissi\u00f3 digital<\/span><\/p>\n<\/td>\n<\/tr>\n<tr style=\"mso-yfti-irow: 7; height: 27.0pt;\">\n<td style=\"border-top: none; border-left: none; border-bottom: solid white 1.0pt; border-right: solid white 1.0pt; mso-border-top-alt: solid white .5pt; mso-border-left-alt: solid white .5pt; mso-border-alt: solid white .5pt; background: #CCECFF; padding: 7.0pt 8.0pt 7.0pt 8.0pt; height: 27.0pt;\" valign=\"top\">\n<p class=\"MsoNormal\" style=\"margin-bottom: 0cm; text-align: justify; line-height: normal;\"><i><span style=\"font-size: 9.5pt; font-family: 'Open Sans',sans-serif; mso-fareast-font-family: 'Times New Roman'; color: #222222; mso-font-kerning: 0pt; mso-ligatures: none; mso-fareast-language: CA;\">S\u2019ha finalitzat l&#8217;EDC i la cultura digital del centre<\/span><\/i><\/p>\n<\/td>\n<\/tr>\n<tr style=\"mso-yfti-irow: 8; height: 27.0pt;\">\n<td style=\"border: solid white 1.0pt; border-top: none; mso-border-top-alt: solid white .5pt; mso-border-alt: solid white .5pt; background: #087EB6; padding: 7.0pt 8.0pt 7.0pt 8.0pt; height: 27.0pt;\" rowspan=\"2\" valign=\"top\">\n<p class=\"MsoNormal\" style=\"margin-bottom: 0cm; text-align: center; line-height: normal;\" align=\"center\"><span style=\"font-size: 10.5pt; font-family: 'Open Sans',sans-serif; mso-fareast-font-family: 'Times New Roman'; color: white; mso-font-kerning: 0pt; mso-ligatures: none; mso-fareast-language: CA;\">OBJECTIU 4<\/span><\/p>\n<\/td>\n<td style=\"border-top: none; border-left: none; border-bottom: solid white 1.0pt; border-right: solid white 1.0pt; mso-border-top-alt: solid white .5pt; mso-border-left-alt: solid white .5pt; mso-border-alt: solid white .5pt; background: #39B5FD; padding: 7.0pt 8.0pt 7.0pt 8.0pt; height: 27.0pt;\" valign=\"top\">\n<p class=\"MsoNormal\" style=\"margin-bottom: 0cm; text-align: justify; line-height: normal;\"><span style=\"font-size: 10.5pt; font-family: 'Open Sans',sans-serif; mso-fareast-font-family: 'Times New Roman'; color: #222222; mso-font-kerning: 0pt; mso-ligatures: none; mso-fareast-language: CA;\">Millorar la compet\u00e8ncia digital del professorat<\/span><\/p>\n<\/td>\n<td style=\"border-top: none; border-left: none; border-bottom: solid white 1.0pt; border-right: solid white 1.0pt; mso-border-top-alt: solid white .5pt; mso-border-left-alt: solid white .5pt; mso-border-alt: solid white .5pt; background: #087EB6; padding: 7.0pt 8.0pt 7.0pt 8.0pt; height: 27.0pt;\" rowspan=\"2\" valign=\"top\">\n<p class=\"MsoNormal\" style=\"margin-bottom: 0cm; text-align: center; line-height: normal;\" align=\"center\"><span style=\"font-size: 10.5pt; font-family: 'Open Sans',sans-serif; mso-fareast-font-family: 'Times New Roman'; color: white; mso-font-kerning: 0pt; mso-ligatures: none; mso-fareast-language: CA;\">Comissi\u00f3 digital<\/span><\/p>\n<\/td>\n<\/tr>\n<tr style=\"mso-yfti-irow: 9; height: 27.0pt;\">\n<td style=\"border-top: none; border-left: none; border-bottom: solid white 1.0pt; border-right: solid white 1.0pt; mso-border-top-alt: solid white .5pt; mso-border-left-alt: solid white .5pt; mso-border-alt: solid white .5pt; background: #CCECFF; padding: 7.0pt 8.0pt 7.0pt 8.0pt; height: 27.0pt;\" valign=\"top\">\n<p class=\"MsoNormal\" style=\"margin-bottom: 0cm; text-align: justify; line-height: normal;\"><i><span style=\"font-size: 9.5pt; font-family: 'Open Sans',sans-serif; mso-fareast-font-family: 'Times New Roman'; color: #222222; mso-font-kerning: 0pt; mso-ligatures: none; mso-fareast-language: CA;\">Un 85% del professorat acredita la FIC de l&#8217;EDC<\/span><\/i><\/p>\n<\/td>\n<\/tr>\n<tr style=\"mso-yfti-irow: 10; height: 40.5pt;\">\n<td style=\"border: solid white 1.0pt; border-top: none; mso-border-top-alt: solid white .5pt; mso-border-alt: solid white .5pt; background: #087EB6; padding: 7.0pt 8.0pt 7.0pt 8.0pt; height: 40.5pt;\" rowspan=\"2\" valign=\"top\">\n<p class=\"MsoNormal\" style=\"margin-bottom: 0cm; text-align: center; line-height: normal;\" align=\"center\"><span style=\"font-size: 10.5pt; font-family: 'Open Sans',sans-serif; mso-fareast-font-family: 'Times New Roman'; color: white; mso-font-kerning: 0pt; mso-ligatures: none; mso-fareast-language: CA;\">OBJECTIU 5<\/span><\/p>\n<\/td>\n<td style=\"border-top: none; border-left: none; border-bottom: solid white 1.0pt; border-right: solid white 1.0pt; mso-border-top-alt: solid white .5pt; mso-border-left-alt: solid white .5pt; mso-border-alt: solid white .5pt; background: #39B5FD; padding: 7.0pt 8.0pt 7.0pt 8.0pt; height: 40.5pt;\" valign=\"top\">\n<p class=\"MsoNormal\" style=\"margin-bottom: 0cm; text-align: justify; line-height: normal;\"><span style=\"font-size: 10.5pt; font-family: 'Open Sans',sans-serif; mso-fareast-font-family: 'Times New Roman'; color: #222222; mso-font-kerning: 0pt; mso-ligatures: none; mso-fareast-language: CA;\">Reorganitzar de la documentaci\u00f3 interna de centre<\/span><\/p>\n<\/td>\n<td style=\"border-top: none; border-left: none; border-bottom: solid white 1.0pt; border-right: solid white 1.0pt; mso-border-top-alt: solid white .5pt; mso-border-left-alt: solid white .5pt; mso-border-alt: solid white .5pt; background: #087EB6; padding: 7.0pt 8.0pt 7.0pt 8.0pt; height: 40.5pt;\" rowspan=\"2\" valign=\"top\">\n<p class=\"MsoNormal\" style=\"margin-bottom: 0cm; text-align: center; line-height: normal;\" align=\"center\"><span style=\"font-size: 10.5pt; font-family: 'Open Sans',sans-serif; mso-fareast-font-family: 'Times New Roman'; color: white; mso-font-kerning: 0pt; mso-ligatures: none; mso-fareast-language: CA;\">Cap d&#8217;Estudis<\/span><\/p>\n<\/td>\n<\/tr>\n<tr style=\"mso-yfti-irow: 11; height: 40.5pt;\">\n<td style=\"border-top: none; border-left: none; border-bottom: solid white 1.0pt; border-right: solid white 1.0pt; mso-border-top-alt: solid white .5pt; mso-border-left-alt: solid white .5pt; mso-border-alt: solid white .5pt; background: #CCECFF; padding: 7.0pt 8.0pt 7.0pt 8.0pt; height: 40.5pt;\" valign=\"top\">\n<p class=\"MsoNormal\" style=\"margin-bottom: 0cm; text-align: justify; line-height: normal;\"><i><span style=\"font-size: 9.5pt; font-family: 'Open Sans',sans-serif; mso-fareast-font-family: 'Times New Roman'; color: #222222; mso-font-kerning: 0pt; mso-ligatures: none; mso-fareast-language: CA;\">S\u2019ha creat la unitat compartida i el registre d&#8217;usuaris i contrasenyes<\/span><\/i><\/p>\n<\/td>\n<\/tr>\n<tr style=\"mso-yfti-irow: 12; height: 27.0pt;\">\n<td style=\"border-top: none; border-left: solid white 1.0pt; border-bottom: none; border-right: solid white 1.0pt; mso-border-top-alt: solid white .5pt; mso-border-left-alt: solid white .5pt; mso-border-right-alt: solid white .5pt; background: #087EB6; padding: 7.0pt 8.0pt 7.0pt 8.0pt; height: 27.0pt;\" rowspan=\"2\" valign=\"top\">\n<p class=\"MsoNormal\" style=\"margin-bottom: 0cm; text-align: center; line-height: normal;\" align=\"center\"><span style=\"font-size: 10.5pt; font-family: 'Open Sans',sans-serif; mso-fareast-font-family: 'Times New Roman'; color: white; mso-font-kerning: 0pt; mso-ligatures: none; mso-fareast-language: CA;\">OBJECTIU 6<\/span><\/p>\n<\/td>\n<td style=\"border-top: none; border-left: none; border-bottom: solid white 1.0pt; border-right: solid white 1.0pt; mso-border-top-alt: solid white .5pt; mso-border-left-alt: solid white .5pt; mso-border-alt: solid white .5pt; background: #39B5FD; padding: 7.0pt 8.0pt 7.0pt 8.0pt; height: 27.0pt;\" valign=\"top\">\n<p class=\"MsoNormal\" style=\"margin-bottom: 0cm; text-align: justify; line-height: normal;\"><span style=\"font-size: 10.5pt; font-family: 'Open Sans',sans-serif; mso-fareast-font-family: 'Times New Roman'; color: #222222; mso-font-kerning: 0pt; mso-ligatures: none; mso-fareast-language: CA;\">Ampliar la compet\u00e8ncia digital de les fam\u00edlies<\/span><\/p>\n<\/td>\n<td style=\"border: none; border-right: solid white 1.0pt; mso-border-top-alt: solid white .5pt; mso-border-left-alt: solid white .5pt; mso-border-right-alt: solid white .5pt; background: #087EB6; padding: 7.0pt 8.0pt 7.0pt 8.0pt; height: 27.0pt;\" rowspan=\"2\" valign=\"top\">\n<p class=\"MsoNormal\" style=\"margin-bottom: 0cm; text-align: center; line-height: normal;\" align=\"center\"><span style=\"font-size: 10.5pt; font-family: 'Open Sans',sans-serif; mso-fareast-font-family: 'Times New Roman'; color: white; mso-font-kerning: 0pt; mso-ligatures: none; mso-fareast-language: CA;\">Equip directiu<\/span><\/p>\n<\/td>\n<\/tr>\n<tr style=\"mso-yfti-irow: 13; mso-yfti-lastrow: yes; height: 27.0pt;\">\n<td style=\"border: none; border-right: solid white 1.0pt; mso-border-top-alt: solid white .5pt; mso-border-left-alt: solid white .5pt; mso-border-right-alt: solid white .5pt; background: #CCECFF; padding: 7.0pt 8.0pt 7.0pt 8.0pt; height: 27.0pt;\" valign=\"top\">\n<p class=\"MsoNormal\" style=\"margin-bottom: 0cm; text-align: justify; line-height: normal;\"><i><span style=\"font-size: 9.5pt; font-family: 'Open Sans',sans-serif; mso-fareast-font-family: 'Times New Roman'; color: #222222; mso-font-kerning: 0pt; mso-ligatures: none; mso-fareast-language: CA;\">S\u2019ha fet, com a m\u00ednim, 1 reuni\u00f3 per curs amb les fam\u00edlies amb l&#8217;objectiu de formar-los digitalment en<br \/>\nles eines del centre<\/span><\/i><\/p>\n<\/td>\n<\/tr>\n<\/tbody>\n<\/table>\n","protected":false},"excerpt":{"rendered":"<p>Per desenvolupar l&#8217;estrat\u00e8gia digital de centre, l&#8217;INS Pineda de Mar s&#8217;ha marcat els seg\u00fcents objectius prioritaris OBJECTIUS OBJECTIU DESCRIPCI\u00d3 RESPONSABLE OBJECTIU 1 Dissenyar noves metodologies per consolidar l\u2019\u00fas de les tecnologies digitals Equip directiu Es realitzen, com a m\u00ednim , dos projectes a cada curs. OBJECTIU 2 Millorar la compet\u00e8ncia digital de l\u2019alumnat Comissi\u00f3 digital [&hellip;]<\/p>\n","protected":false},"author":1,"featured_media":0,"parent":12612,"menu_order":1,"comment_status":"closed","ping_status":"closed","template":"page-templates\/side-menu.php","meta":{"_bbp_topic_count":0,"_bbp_reply_count":0,"_bbp_total_topic_count":0,"_bbp_total_reply_count":0,"_bbp_voice_count":0,"_bbp_anonymous_reply_count":0,"_bbp_topic_count_hidden":0,"_bbp_reply_count_hidden":0,"_bbp_forum_subforum_count":0,"site-sidebar-layout":"default","site-content-layout":"","ast-site-content-layout":"","site-content-style":"default","site-sidebar-style":"default","ast-global-header-display":"","ast-banner-title-visibility":"","ast-main-header-display":"","ast-hfb-above-header-display":"","ast-hfb-below-header-display":"","ast-hfb-mobile-header-display":"","site-post-title":"","ast-breadcrumbs-content":"","ast-featured-img":"","footer-sml-layout":"","theme-transparent-header-meta":"","adv-header-id-meta":"","stick-header-meta":"","header-above-stick-meta":"","header-main-stick-meta":"","header-below-stick-meta":"","astra-migrate-meta-layouts":"default","ast-page-background-enabled":"default","ast-page-background-meta":{"desktop":{"background-color":"var(--ast-global-color-4)","background-image":"","background-repeat":"repeat","background-position":"center center","background-size":"auto","background-attachment":"scroll","background-type":"","background-media":"","overlay-type":"","overlay-color":"","overlay-opacity":"","overlay-gradient":""},"tablet":{"background-color":"","background-image":"","background-repeat":"repeat","background-position":"center center","background-size":"auto","background-attachment":"scroll","background-type":"","background-media":"","overlay-type":"","overlay-color":"","overlay-opacity":"","overlay-gradient":""},"mobile":{"background-color":"","background-image":"","background-repeat":"repeat","background-position":"center center","background-size":"auto","background-attachment":"scroll","background-type":"","background-media":"","overlay-type":"","overlay-color":"","overlay-opacity":"","overlay-gradient":""}},"ast-content-background-meta":{"desktop":{"background-color":"var(--ast-global-color-5)","background-image":"","background-repeat":"repeat","background-position":"center center","background-size":"auto","background-attachment":"scroll","background-type":"","background-media":"","overlay-type":"","overlay-color":"","overlay-opacity":"","overlay-gradient":""},"tablet":{"background-color":"var(--ast-global-color-5)","background-image":"","background-repeat":"repeat","background-position":"center center","background-size":"auto","background-attachment":"scroll","background-type":"","background-media":"","overlay-type":"","overlay-color":"","overlay-opacity":"","overlay-gradient":""},"mobile":{"background-color":"var(--ast-global-color-5)","background-image":"","background-repeat":"repeat","background-position":"center center","background-size":"auto","background-attachment":"scroll","background-type":"","background-media":"","overlay-type":"","overlay-color":"","overlay-opacity":"","overlay-gradient":""}},"footnotes":""},"class_list":["post-12709","page","type-page","status-publish","hentry"],"post_mailing_queue_ids":[],"_links":{"self":[{"href":"https:\/\/agora.xtec.cat\/iespinedademar\/wp-json\/wp\/v2\/pages\/12709","targetHints":{"allow":["GET"]}}],"collection":[{"href":"https:\/\/agora.xtec.cat\/iespinedademar\/wp-json\/wp\/v2\/pages"}],"about":[{"href":"https:\/\/agora.xtec.cat\/iespinedademar\/wp-json\/wp\/v2\/types\/page"}],"author":[{"embeddable":true,"href":"https:\/\/agora.xtec.cat\/iespinedademar\/wp-json\/wp\/v2\/users\/1"}],"replies":[{"embeddable":true,"href":"https:\/\/agora.xtec.cat\/iespinedademar\/wp-json\/wp\/v2\/comments?post=12709"}],"version-history":[{"count":3,"href":"https:\/\/agora.xtec.cat\/iespinedademar\/wp-json\/wp\/v2\/pages\/12709\/revisions"}],"predecessor-version":[{"id":13493,"href":"https:\/\/agora.xtec.cat\/iespinedademar\/wp-json\/wp\/v2\/pages\/12709\/revisions\/13493"}],"up":[{"embeddable":true,"href":"https:\/\/agora.xtec.cat\/iespinedademar\/wp-json\/wp\/v2\/pages\/12612"}],"wp:attachment":[{"href":"https:\/\/agora.xtec.cat\/iespinedademar\/wp-json\/wp\/v2\/media?parent=12709"}],"curies":[{"name":"wp","href":"https:\/\/api.w.org\/{rel}","templated":true}]}}