{"id":12707,"date":"2022-05-20T08:50:13","date_gmt":"2022-05-20T06:50:13","guid":{"rendered":"https:\/\/agora.xtec.cat\/iespinedademar\/?page_id=12707"},"modified":"2022-11-01T17:40:44","modified_gmt":"2022-11-01T16:40:44","slug":"diagnosi","status":"publish","type":"page","link":"https:\/\/agora.xtec.cat\/iespinedademar\/estrategia-digital-de-centre-edc\/part-estrategica\/diagnosi\/","title":{"rendered":"Diagnosi"},"content":{"rendered":"<p>Com a resultat de la diagnosi d&#8217;un estudi realitzat al INS Pineda de Mar seguint les <a href=\"https:\/\/projectes.xtec.cat\/edc-suport\/diagnosi\/\">pautes<\/a> del Departament d&#8217;Educaci\u00f3, que inclou diverses enquestes al professorat, a l&#8217;alumnat i a les fam\u00edlies, entrevistes amb caps de departament i membres de direcci\u00f3&#8230;, fent servir eines de diagnosi donades des de l&#8217;\u00e0mbit europeu (<a href=\"https:\/\/education.ec.europa.eu\/es\/selfie\">eines selfie<\/a>), diagnosi qualitativa per \u00e0rees, valorant com a par\u00e0metres els \u00edtems del <a href=\"https:\/\/agora.xtec.cat\/iespinedademar\/wp-content\/uploads\/usu647\/2021\/09\/PLA-TAC-20-21-historia-modificada.pdf\">pla TAC<\/a> del centre, s&#8217;ha aconseguit identificar els punts forts (<a href=\"https:\/\/agora.xtec.cat\/iespinedademar\/estrategia-digital-de-centre-edc\/part-estrategica\/diagnosi\/punts-forts\/\">vegeu taula de punts forts<\/a>), aix\u00ed com tamb\u00e9 s&#8217;han detectat els punts febles (<a href=\"https:\/\/agora.xtec.cat\/iespinedademar\/?page_id=12799&amp;preview=true\">vegeu taula de punts febles<\/a>).<\/p>\n<p>La recol\u00b7lecci\u00f3 d&#8217;aquesta informaci\u00f3 ha perm\u00e8s, no nom\u00e9s la detecci\u00f3 dels esmenats punts forts i febles, i fer aquesta diagnosi p\u00fablica, sin\u00f3 que tamb\u00e9 ha perm\u00e8s l&#8217;inici d&#8217;un proc\u00e9s de millora continua de l&#8217;estrat\u00e8gia digital amb l&#8217;establiment d&#8217;uns <a href=\"https:\/\/agora.xtec.cat\/iespinedademar\/estrategia-digital-de-centre-edc\/part-estrategica\/objectius\/\">objectius prioritaris<\/a>. S&#8217;han revisat els <a href=\"https:\/\/agora.xtec.cat\/iespinedademar\/estrategia-digital-de-centre-edc\/cultura-digital\/documentacio-basica\/\">documents organitzatius<\/a> del centre que incorporen la compet\u00e8ncia digital, com tamb\u00e9 els m\u00e8todes d&#8217;organitzaci\u00f3 dels usuaris de centre i els m\u00e8todes de <a href=\"https:\/\/agora.xtec.cat\/iespinedademar\/estrategia-digital-de-centre-edc\/cultura-digital\/comunicacio\/\">comunicaci\u00f3<\/a> entre els professionals del centre i entre l&#8217;alumnat i les seves fam\u00edlies. S&#8217;ha planificat tamb\u00e9 actuacions respecte a la <a href=\"https:\/\/agora.xtec.cat\/iespinedademar\/estrategia-digital-de-centre-edc\/cultura-digital\/competencia-alumnat\/\">compet\u00e8ncia digital de l&#8217;alumne<\/a> i respecte a la <a href=\"https:\/\/agora.xtec.cat\/iespinedademar\/estrategia-digital-de-centre-edc\/cultura-digital\/competencia-professorat\/\">compet\u00e8ncia digital de professorat<\/a>.<\/p>\n","protected":false},"excerpt":{"rendered":"<p>Com a resultat de la diagnosi d&#8217;un estudi realitzat al INS Pineda de Mar seguint les pautes del Departament d&#8217;Educaci\u00f3, que inclou diverses enquestes al professorat, a l&#8217;alumnat i a les fam\u00edlies, entrevistes amb caps de departament i membres de direcci\u00f3&#8230;, fent servir eines de diagnosi donades des de l&#8217;\u00e0mbit europeu (eines selfie), diagnosi qualitativa [&hellip;]<\/p>\n","protected":false},"author":1,"featured_media":0,"parent":12612,"menu_order":0,"comment_status":"closed","ping_status":"closed","template":"page-templates\/side-menu.php","meta":{"_bbp_topic_count":0,"_bbp_reply_count":0,"_bbp_total_topic_count":0,"_bbp_total_reply_count":0,"_bbp_voice_count":0,"_bbp_anonymous_reply_count":0,"_bbp_topic_count_hidden":0,"_bbp_reply_count_hidden":0,"_bbp_forum_subforum_count":0,"site-sidebar-layout":"default","site-content-layout":"","ast-site-content-layout":"","site-content-style":"default","site-sidebar-style":"default","ast-global-header-display":"","ast-banner-title-visibility":"","ast-main-header-display":"","ast-hfb-above-header-display":"","ast-hfb-below-header-display":"","ast-hfb-mobile-header-display":"","site-post-title":"","ast-breadcrumbs-content":"","ast-featured-img":"","footer-sml-layout":"","theme-transparent-header-meta":"","adv-header-id-meta":"","stick-header-meta":"","header-above-stick-meta":"","header-main-stick-meta":"","header-below-stick-meta":"","astra-migrate-meta-layouts":"default","ast-page-background-enabled":"default","ast-page-background-meta":{"desktop":{"background-color":"var(--ast-global-color-4)","background-image":"","background-repeat":"repeat","background-position":"center center","background-size":"auto","background-attachment":"scroll","background-type":"","background-media":"","overlay-type":"","overlay-color":"","overlay-opacity":"","overlay-gradient":""},"tablet":{"background-color":"","background-image":"","background-repeat":"repeat","background-position":"center center","background-size":"auto","background-attachment":"scroll","background-type":"","background-media":"","overlay-type":"","overlay-color":"","overlay-opacity":"","overlay-gradient":""},"mobile":{"background-color":"","background-image":"","background-repeat":"repeat","background-position":"center center","background-size":"auto","background-attachment":"scroll","background-type":"","background-media":"","overlay-type":"","overlay-color":"","overlay-opacity":"","overlay-gradient":""}},"ast-content-background-meta":{"desktop":{"background-color":"var(--ast-global-color-5)","background-image":"","background-repeat":"repeat","background-position":"center center","background-size":"auto","background-attachment":"scroll","background-type":"","background-media":"","overlay-type":"","overlay-color":"","overlay-opacity":"","overlay-gradient":""},"tablet":{"background-color":"var(--ast-global-color-5)","background-image":"","background-repeat":"repeat","background-position":"center center","background-size":"auto","background-attachment":"scroll","background-type":"","background-media":"","overlay-type":"","overlay-color":"","overlay-opacity":"","overlay-gradient":""},"mobile":{"background-color":"var(--ast-global-color-5)","background-image":"","background-repeat":"repeat","background-position":"center center","background-size":"auto","background-attachment":"scroll","background-type":"","background-media":"","overlay-type":"","overlay-color":"","overlay-opacity":"","overlay-gradient":""}},"footnotes":""},"class_list":["post-12707","page","type-page","status-publish","hentry"],"post_mailing_queue_ids":[],"_links":{"self":[{"href":"https:\/\/agora.xtec.cat\/iespinedademar\/wp-json\/wp\/v2\/pages\/12707","targetHints":{"allow":["GET"]}}],"collection":[{"href":"https:\/\/agora.xtec.cat\/iespinedademar\/wp-json\/wp\/v2\/pages"}],"about":[{"href":"https:\/\/agora.xtec.cat\/iespinedademar\/wp-json\/wp\/v2\/types\/page"}],"author":[{"embeddable":true,"href":"https:\/\/agora.xtec.cat\/iespinedademar\/wp-json\/wp\/v2\/users\/1"}],"replies":[{"embeddable":true,"href":"https:\/\/agora.xtec.cat\/iespinedademar\/wp-json\/wp\/v2\/comments?post=12707"}],"version-history":[{"count":3,"href":"https:\/\/agora.xtec.cat\/iespinedademar\/wp-json\/wp\/v2\/pages\/12707\/revisions"}],"predecessor-version":[{"id":13043,"href":"https:\/\/agora.xtec.cat\/iespinedademar\/wp-json\/wp\/v2\/pages\/12707\/revisions\/13043"}],"up":[{"embeddable":true,"href":"https:\/\/agora.xtec.cat\/iespinedademar\/wp-json\/wp\/v2\/pages\/12612"}],"wp:attachment":[{"href":"https:\/\/agora.xtec.cat\/iespinedademar\/wp-json\/wp\/v2\/media?parent=12707"}],"curies":[{"name":"wp","href":"https:\/\/api.w.org\/{rel}","templated":true}]}}