{"id":12662,"date":"2022-05-04T13:58:36","date_gmt":"2022-05-04T11:58:36","guid":{"rendered":"https:\/\/agora.xtec.cat\/iespinedademar\/?page_id=12662"},"modified":"2025-09-08T16:26:55","modified_gmt":"2025-09-08T14:26:55","slug":"competencia-alumnat","status":"publish","type":"page","link":"https:\/\/agora.xtec.cat\/iespinedademar\/estrategia-digital-de-centre-edc\/cultura-digital\/competencia-alumnat\/","title":{"rendered":"Compet\u00e8ncia alumnat"},"content":{"rendered":"<header>Pla d&#8217;Acollida a l&#8217;alumnat.<\/header>\n<header><\/header>\n<header><\/header>\n<header><\/header>\n<header class=\"entry-header\">Tutorials d&#8217;incid\u00e8ncies TIC:<\/header>\n<header><\/header>\n<header><\/header>\n<header class=\"entry-header\">\n<ul>\n<li style=\"list-style-type: none;\">\n<ul>\n<li><a href=\"https:\/\/agora.xtec.cat\/iespinedademar\/captura-de-pantalla-2022-09-14-a-les-15-58-42\/\" target=\"_blank\" rel=\"noopener\">Xarxa Wifi<\/a><\/li>\n<li class=\"entry-title\"><a href=\"https:\/\/agora.xtec.cat\/iespinedademar\/wp-content\/uploads\/usu647\/2021\/11\/Connectar-Chromebook-a-wifi.pdf\" target=\"_blank\" rel=\"noopener\">Configuraci\u00f3 WIFI a Chromebooks<\/a><\/li>\n<li>Canviar idioma a Chromebooks<\/li>\n<li>Restaurar Chromebook<\/li>\n<li>Recuperar contrasenyes: Cal dirigir-se a Coordinaci\u00f3 digital. No es recomana recuperar de manera autom\u00e0tica la contrasenya, ja que el centre t\u00e9 les contrasenyes de totes les plataformes unificades.<\/li>\n<li>Port\u00e0til espatllat \/ pr\u00e9stec<\/li>\n<li>Comunicar incid\u00e8ncia inform\u00e0tica:\n<ul>\n<li>Escriure un correu electr\u00f2nic a tic@inspineda.com<\/li>\n<li>Dirigir-se al despatx Coordinaci\u00f3 inform\u00e0tica<\/li>\n<\/ul>\n<\/li>\n<li>Acc\u00e9s a plataformes digitals\n<ul>\n<li style=\"list-style-type: none;\">\n<ul style=\"list-style-type: circle;\">\n<li>Moodle<\/li>\n<\/ul>\n<\/li>\n<\/ul>\n<p style=\"text-align: center;\"><iframe loading=\"lazy\" src=\"https:\/\/www.loom.com\/embed\/4502c3027a874de99da7e455ce4246e7\" width=\"400\" height=\"225\" frameborder=\"0\" allowfullscreen=\"allowfullscreen\"><\/iframe><\/p>\n<ul style=\"list-style-type: circle;\">\n<li>Google Classroom<\/li>\n<\/ul>\n<\/li>\n<\/ul>\n<\/li>\n<\/ul>\n<p style=\"text-align: center;\">\u00a0 \u00a0 \u00a0 \u00a0 \u00a0<iframe loading=\"lazy\" src=\"https:\/\/www.loom.com\/embed\/504273a729d149c6a75ca0c1d65f7a2f\" width=\"400\" height=\"225\" frameborder=\"0\" allowfullscreen=\"allowfullscreen\"><\/iframe><\/p>\n<p>&nbsp;<\/p>\n<\/header>\n","protected":false},"excerpt":{"rendered":"<p>Pla d&#8217;Acollida a l&#8217;alumnat. Tutorials d&#8217;incid\u00e8ncies TIC: Xarxa Wifi Configuraci\u00f3 WIFI a Chromebooks Canviar idioma a Chromebooks Restaurar Chromebook Recuperar contrasenyes: Cal dirigir-se a Coordinaci\u00f3 digital. No es recomana recuperar de manera autom\u00e0tica la contrasenya, ja que el centre t\u00e9 les contrasenyes de totes les plataformes unificades. Port\u00e0til espatllat \/ pr\u00e9stec Comunicar incid\u00e8ncia inform\u00e0tica: Escriure [&hellip;]<\/p>\n","protected":false},"author":1,"featured_media":0,"parent":12619,"menu_order":3,"comment_status":"closed","ping_status":"closed","template":"","meta":{"_bbp_topic_count":0,"_bbp_reply_count":0,"_bbp_total_topic_count":0,"_bbp_total_reply_count":0,"_bbp_voice_count":0,"_bbp_anonymous_reply_count":0,"_bbp_topic_count_hidden":0,"_bbp_reply_count_hidden":0,"_bbp_forum_subforum_count":0,"site-sidebar-layout":"default","site-content-layout":"","ast-site-content-layout":"default","site-content-style":"default","site-sidebar-style":"default","ast-global-header-display":"","ast-banner-title-visibility":"","ast-main-header-display":"","ast-hfb-above-header-display":"","ast-hfb-below-header-display":"","ast-hfb-mobile-header-display":"","site-post-title":"","ast-breadcrumbs-content":"","ast-featured-img":"","footer-sml-layout":"","theme-transparent-header-meta":"default","adv-header-id-meta":"","stick-header-meta":"","header-above-stick-meta":"","header-main-stick-meta":"","header-below-stick-meta":"","astra-migrate-meta-layouts":"set","ast-page-background-enabled":"default","ast-page-background-meta":{"desktop":{"background-color":"var(--ast-global-color-4)","background-image":"","background-repeat":"repeat","background-position":"center center","background-size":"auto","background-attachment":"scroll","background-type":"","background-media":"","overlay-type":"","overlay-color":"","overlay-opacity":"","overlay-gradient":""},"tablet":{"background-color":"","background-image":"","background-repeat":"repeat","background-position":"center center","background-size":"auto","background-attachment":"scroll","background-type":"","background-media":"","overlay-type":"","overlay-color":"","overlay-opacity":"","overlay-gradient":""},"mobile":{"background-color":"","background-image":"","background-repeat":"repeat","background-position":"center center","background-size":"auto","background-attachment":"scroll","background-type":"","background-media":"","overlay-type":"","overlay-color":"","overlay-opacity":"","overlay-gradient":""}},"ast-content-background-meta":{"desktop":{"background-color":"var(--ast-global-color-5)","background-image":"","background-repeat":"repeat","background-position":"center center","background-size":"auto","background-attachment":"scroll","background-type":"","background-media":"","overlay-type":"","overlay-color":"","overlay-opacity":"","overlay-gradient":""},"tablet":{"background-color":"var(--ast-global-color-5)","background-image":"","background-repeat":"repeat","background-position":"center center","background-size":"auto","background-attachment":"scroll","background-type":"","background-media":"","overlay-type":"","overlay-color":"","overlay-opacity":"","overlay-gradient":""},"mobile":{"background-color":"var(--ast-global-color-5)","background-image":"","background-repeat":"repeat","background-position":"center center","background-size":"auto","background-attachment":"scroll","background-type":"","background-media":"","overlay-type":"","overlay-color":"","overlay-opacity":"","overlay-gradient":""}},"footnotes":""},"class_list":["post-12662","page","type-page","status-publish","hentry"],"post_mailing_queue_ids":[],"_links":{"self":[{"href":"https:\/\/agora.xtec.cat\/iespinedademar\/wp-json\/wp\/v2\/pages\/12662","targetHints":{"allow":["GET"]}}],"collection":[{"href":"https:\/\/agora.xtec.cat\/iespinedademar\/wp-json\/wp\/v2\/pages"}],"about":[{"href":"https:\/\/agora.xtec.cat\/iespinedademar\/wp-json\/wp\/v2\/types\/page"}],"author":[{"embeddable":true,"href":"https:\/\/agora.xtec.cat\/iespinedademar\/wp-json\/wp\/v2\/users\/1"}],"replies":[{"embeddable":true,"href":"https:\/\/agora.xtec.cat\/iespinedademar\/wp-json\/wp\/v2\/comments?post=12662"}],"version-history":[{"count":5,"href":"https:\/\/agora.xtec.cat\/iespinedademar\/wp-json\/wp\/v2\/pages\/12662\/revisions"}],"predecessor-version":[{"id":14613,"href":"https:\/\/agora.xtec.cat\/iespinedademar\/wp-json\/wp\/v2\/pages\/12662\/revisions\/14613"}],"up":[{"embeddable":true,"href":"https:\/\/agora.xtec.cat\/iespinedademar\/wp-json\/wp\/v2\/pages\/12619"}],"wp:attachment":[{"href":"https:\/\/agora.xtec.cat\/iespinedademar\/wp-json\/wp\/v2\/media?parent=12662"}],"curies":[{"name":"wp","href":"https:\/\/api.w.org\/{rel}","templated":true}]}}