{"id":10699,"date":"2019-10-14T15:37:23","date_gmt":"2019-10-14T13:37:23","guid":{"rendered":"http:\/\/agora.xtec.cat\/iespinedademar\/?page_id=10699"},"modified":"2024-10-23T16:11:22","modified_gmt":"2024-10-23T14:11:22","slug":"projecte-erasmus","status":"publish","type":"page","link":"https:\/\/agora.xtec.cat\/iespinedademar\/projectes-dinnovacio-pedagogica\/projecte-erasmus\/","title":{"rendered":"Projecte Erasmus"},"content":{"rendered":"<p><a class=\"https:\/\/trimedia.education\/\" href=\"https:\/\/agora.xtec.cat\/iespinedademar\/general\/llancament-del-web-trimedia\/attachment\/logo_trimedia_fondo_negro_mesa-de-trabajo-1\/\" target=\"_blank\" rel=\"https:\/\/trimedia.education\/ noopener\">\u00a0\u00a0<\/a><\/p>\n<table style=\"width: 99.7676%;\">\n<tbody>\n<tr>\n<td style=\"width: 48.9813%;\"><a class=\"https:\/\/trimedia.education\/\" style=\"color: #2795b6; font-size: 16px;\" href=\"https:\/\/sites.google.com\/inspineda.com\/trimedia\/about-trimedia\" target=\"_blank\" rel=\"https:\/\/trimedia.education\/ noopener\"><img loading=\"lazy\" decoding=\"async\" class=\"wp-image-11066 aligncenter\" src=\"https:\/\/agora.xtec.cat\/iespinedademar\/wp-content\/uploads\/usu647\/2020\/03\/logo_trimedia_fondo_negro_Mesa-de-trabajo-1.jpg\" alt=\"\" width=\"204\" height=\"162\" srcset=\"https:\/\/agora.xtec.cat\/iespinedademar\/wp-content\/uploads\/usu647\/2020\/03\/logo_trimedia_fondo_negro_Mesa-de-trabajo-1.jpg 4400w, https:\/\/agora.xtec.cat\/iespinedademar\/wp-content\/uploads\/usu647\/2020\/03\/logo_trimedia_fondo_negro_Mesa-de-trabajo-1-300x239.jpg 300w, https:\/\/agora.xtec.cat\/iespinedademar\/wp-content\/uploads\/usu647\/2020\/03\/logo_trimedia_fondo_negro_Mesa-de-trabajo-1-768x611.jpg 768w, https:\/\/agora.xtec.cat\/iespinedademar\/wp-content\/uploads\/usu647\/2020\/03\/logo_trimedia_fondo_negro_Mesa-de-trabajo-1-1024x815.jpg 1024w\" sizes=\"auto, (max-width: 204px) 100vw, 204px\" \/><\/a><\/td>\n<td style=\"width: 94.3547%;\"><a class=\"https:\/\/sites.google.com\/inspineda.com\/erasmus-ecoplant\/home?authuser=0\" href=\"https:\/\/sites.google.com\/inspineda.com\/erasmus-ecoplant\/home?authuser=0\" target=\"_blank\" rel=\"https:\/\/sites.google.com\/inspineda.com\/erasmus-ecoplant\/home?authuser=0 noopener\"><img loading=\"lazy\" decoding=\"async\" class=\"aligncenter wp-image-12565\" src=\"https:\/\/agora.xtec.cat\/iespinedademar\/wp-content\/uploads\/usu647\/2022\/04\/logoeco-e1650632041175.png\" alt=\"\" width=\"262\" height=\"135\" srcset=\"https:\/\/agora.xtec.cat\/iespinedademar\/wp-content\/uploads\/usu647\/2022\/04\/logoeco-e1650632041175.png 1985w, https:\/\/agora.xtec.cat\/iespinedademar\/wp-content\/uploads\/usu647\/2022\/04\/logoeco-e1650632041175-300x155.png 300w, https:\/\/agora.xtec.cat\/iespinedademar\/wp-content\/uploads\/usu647\/2022\/04\/logoeco-e1650632041175-1024x529.png 1024w, https:\/\/agora.xtec.cat\/iespinedademar\/wp-content\/uploads\/usu647\/2022\/04\/logoeco-e1650632041175-768x397.png 768w, https:\/\/agora.xtec.cat\/iespinedademar\/wp-content\/uploads\/usu647\/2022\/04\/logoeco-e1650632041175-1536x793.png 1536w\" sizes=\"auto, (max-width: 262px) 100vw, 262px\" \/><\/a><\/td>\n<\/tr>\n<\/tbody>\n<\/table>\n<p style=\"text-align: justify;\"><span style=\"font-weight: 400;\">El projecte Erasmus de l\u2019Institut de Pineda de Mar gaudeix d\u2019una subvenci\u00f3 del <\/span><b>Programa Erasmus+ de la Uni\u00f3 Europea<\/b><span style=\"font-weight: 400;\">. Aquest Programa subvenciona projectes de dos anys i t\u00e9 l\u2019objectiu de <\/span><b>millorar els resultats acad\u00e8mics<\/b><span style=\"font-weight: 400;\"> o d\u2019<\/span><b>introduir noves idees en l\u2019educaci\u00f3<\/b><span style=\"font-weight: 400;\"> del centre. Durant aquests dos anys, es porten a terme un seguit d\u2019activitats que han de tenir continu\u00eftat i implementaci\u00f3 un cop el projecte s\u2019acaba.\u00a0<\/span><\/p>\n<p style=\"text-align: justify;\"><b>Les activitats<\/b><span style=\"font-weight: 400;\"> que es proposen es desenvolupen amb dues o m\u00e9s escoles de diferents pa\u00efsos (a aquests pa\u00efsos se\u2019ls anomena \u00absocis\u00bb), per tal d\u2019aprendre els uns dels altres. Hi ha dos tipus d\u2019activitats:\u00a0<\/span><\/p>\n<p style=\"text-align: justify;\"><span style=\"font-weight: 400;\">1) Les que <\/span><b>es realitzen al centre<\/b><span style=\"font-weight: 400;\"> i que intenten <\/span><b>implicar el m\u00e0xim possible d\u2019alumnes<\/b><span style=\"font-weight: 400;\">.<\/span><\/p>\n<p style=\"text-align: justify;\"><span style=\"font-weight: 400;\">2) Les activitats que <\/span><b>es realitzen durant les estades internacionals<\/b><span style=\"font-weight: 400;\">, en les quals participen a) un grup d\u2019<\/span><b>alumnes<\/b><span style=\"font-weight: 400;\">, amb l\u2019objectiu d\u2019adquirir coneixement i transmetre\u2019l a la resta de l\u2019alumnat a la tornada, i b) el <\/span><b>professorat<\/b><span style=\"font-weight: 400;\"> que tamb\u00e9 viatja, que s\u2019obre a noves maneres de treballar que es comenten despr\u00e9s al claustre i\u00a0que es poden incloure en el funcionament del centre per millorar-ne la qualitat educativa.<\/span><\/p>\n<p style=\"text-align: justify;\"><span style=\"font-weight: 400;\">El nostre projecte es diu <\/span><b>\u00abPlataforma audiovisual interactiva \u201cTrimedia\u201d\u00bb,<\/b><span style=\"font-weight: 400;\"> dura dos anys acad\u00e8mics i consisteix en una associaci\u00f3 amb un institut alemany i un de polon\u00e8s. Durant aquests dos anys es realitzaran un seguit d\u2019activitats relacionades amb les audiovisuals per potenciar-ne l\u2019\u00fas al centre i <\/span><b>millorar tant el treball cooperatiu com la compet\u00e8ncia digital<\/b><span style=\"font-weight: 400;\">.\u00a0 Alguns exemples d\u2019aquestes activitats s\u00f3n: reportatges, entrevistes, videoclips, pel\u00b7l\u00edcula, noticiaris, programes de cuina, etc. A m\u00e9s, tamb\u00e9 es vol portar la cultura alemanya i la polonesa al centre per con\u00e8ixer m\u00e9s aquests pa\u00efsos.\u00a0<\/span><\/p>\n<p style=\"text-align: justify;\"><span style=\"font-weight: 400;\">Aquests programes i altres materials o productes audiovisuals, aix\u00ed com la informaci\u00f3 de totes les activitats que es realitzin, es penjaran en\u00a0 <\/span><b>xarxes socials<\/b><span style=\"font-weight: 400;\"> i es crear\u00e0 un <\/span><b>web gestionat pels 3 centres<\/b><span style=\"font-weight: 400;\">, per tal de difondre el projecte en conjunt.\u00a0<\/span><\/p>\n<p>&nbsp;<\/p>\n","protected":false},"excerpt":{"rendered":"<p>\u00a0\u00a0 El projecte Erasmus de l\u2019Institut de Pineda de Mar gaudeix d\u2019una subvenci\u00f3 del Programa Erasmus+ de la Uni\u00f3 Europea. Aquest Programa subvenciona projectes de dos anys i t\u00e9 l\u2019objectiu de millorar els resultats acad\u00e8mics o d\u2019introduir noves idees en l\u2019educaci\u00f3 del centre. Durant aquests dos anys, es porten a terme un seguit d\u2019activitats que [&hellip;]<\/p>\n","protected":false},"author":1,"featured_media":0,"parent":10705,"menu_order":0,"comment_status":"closed","ping_status":"closed","template":"page-templates\/side-menu.php","meta":{"_bbp_topic_count":0,"_bbp_reply_count":0,"_bbp_total_topic_count":0,"_bbp_total_reply_count":0,"_bbp_voice_count":0,"_bbp_anonymous_reply_count":0,"_bbp_topic_count_hidden":0,"_bbp_reply_count_hidden":0,"_bbp_forum_subforum_count":0,"site-sidebar-layout":"default","site-content-layout":"","ast-site-content-layout":"","site-content-style":"default","site-sidebar-style":"default","ast-global-header-display":"","ast-banner-title-visibility":"","ast-main-header-display":"","ast-hfb-above-header-display":"","ast-hfb-below-header-display":"","ast-hfb-mobile-header-display":"","site-post-title":"","ast-breadcrumbs-content":"","ast-featured-img":"","footer-sml-layout":"","theme-transparent-header-meta":"","adv-header-id-meta":"","stick-header-meta":"","header-above-stick-meta":"","header-main-stick-meta":"","header-below-stick-meta":"","astra-migrate-meta-layouts":"default","ast-page-background-enabled":"default","ast-page-background-meta":{"desktop":{"background-color":"var(--ast-global-color-4)","background-image":"","background-repeat":"repeat","background-position":"center center","background-size":"auto","background-attachment":"scroll","background-type":"","background-media":"","overlay-type":"","overlay-color":"","overlay-opacity":"","overlay-gradient":""},"tablet":{"background-color":"","background-image":"","background-repeat":"repeat","background-position":"center center","background-size":"auto","background-attachment":"scroll","background-type":"","background-media":"","overlay-type":"","overlay-color":"","overlay-opacity":"","overlay-gradient":""},"mobile":{"background-color":"","background-image":"","background-repeat":"repeat","background-position":"center center","background-size":"auto","background-attachment":"scroll","background-type":"","background-media":"","overlay-type":"","overlay-color":"","overlay-opacity":"","overlay-gradient":""}},"ast-content-background-meta":{"desktop":{"background-color":"var(--ast-global-color-5)","background-image":"","background-repeat":"repeat","background-position":"center center","background-size":"auto","background-attachment":"scroll","background-type":"","background-media":"","overlay-type":"","overlay-color":"","overlay-opacity":"","overlay-gradient":""},"tablet":{"background-color":"var(--ast-global-color-5)","background-image":"","background-repeat":"repeat","background-position":"center center","background-size":"auto","background-attachment":"scroll","background-type":"","background-media":"","overlay-type":"","overlay-color":"","overlay-opacity":"","overlay-gradient":""},"mobile":{"background-color":"var(--ast-global-color-5)","background-image":"","background-repeat":"repeat","background-position":"center center","background-size":"auto","background-attachment":"scroll","background-type":"","background-media":"","overlay-type":"","overlay-color":"","overlay-opacity":"","overlay-gradient":""}},"footnotes":""},"class_list":["post-10699","page","type-page","status-publish","hentry"],"post_mailing_queue_ids":[],"_links":{"self":[{"href":"https:\/\/agora.xtec.cat\/iespinedademar\/wp-json\/wp\/v2\/pages\/10699","targetHints":{"allow":["GET"]}}],"collection":[{"href":"https:\/\/agora.xtec.cat\/iespinedademar\/wp-json\/wp\/v2\/pages"}],"about":[{"href":"https:\/\/agora.xtec.cat\/iespinedademar\/wp-json\/wp\/v2\/types\/page"}],"author":[{"embeddable":true,"href":"https:\/\/agora.xtec.cat\/iespinedademar\/wp-json\/wp\/v2\/users\/1"}],"replies":[{"embeddable":true,"href":"https:\/\/agora.xtec.cat\/iespinedademar\/wp-json\/wp\/v2\/comments?post=10699"}],"version-history":[{"count":6,"href":"https:\/\/agora.xtec.cat\/iespinedademar\/wp-json\/wp\/v2\/pages\/10699\/revisions"}],"predecessor-version":[{"id":14147,"href":"https:\/\/agora.xtec.cat\/iespinedademar\/wp-json\/wp\/v2\/pages\/10699\/revisions\/14147"}],"up":[{"embeddable":true,"href":"https:\/\/agora.xtec.cat\/iespinedademar\/wp-json\/wp\/v2\/pages\/10705"}],"wp:attachment":[{"href":"https:\/\/agora.xtec.cat\/iespinedademar\/wp-json\/wp\/v2\/media?parent=10699"}],"curies":[{"name":"wp","href":"https:\/\/api.w.org\/{rel}","templated":true}]}}