{"id":10668,"date":"2019-10-03T12:11:36","date_gmt":"2019-10-03T10:11:36","guid":{"rendered":"http:\/\/agora.xtec.cat\/iespinedademar\/?page_id=10668"},"modified":"2019-10-03T12:19:03","modified_gmt":"2019-10-03T10:19:03","slug":"programa-salut-i-escola","status":"publish","type":"page","link":"https:\/\/agora.xtec.cat\/iespinedademar\/projecte-educatiu\/programa-salut-i-escola\/","title":{"rendered":"Programa Salut i Escola"},"content":{"rendered":"<p><span style=\"font-weight: 300;\">Us informem que el centre disposa d\u2019un servei d\u2019atenci\u00f3 a la salut adre\u00e7at als i les alumnes i coordinat pel Programa Salut i Escola. Aquest programa de salut<\/span> <span style=\"font-weight: 300;\">\u00e9s una actuaci\u00f3 dels departaments de Salut i d\u2019Educaci\u00f3 de la Generalitat de Catalunya i est\u00e0 adre\u00e7at als alumnes d\u2019ESO, amb l\u2019objectiu de\u00a0 formar, informar, educar en salut i detectar situacions de risc dels adolescents.\u00a0<\/span><\/p>\n<p><span style=\"font-weight: 300;\">El programa consisteix en dos tipus d\u2019 activitats: les col\u00b7lectives, en forma de tallers, xerrades monogr\u00e0fiques, treballs de grup, etc. i una consulta individualitzada i personal anomenada <\/span><span style=\"font-weight: 400;\">Consulta Oberta<\/span><span style=\"font-weight: 300;\"> en la qual l\u2019alumne ser\u00e0 at\u00e8s de forma absolutament confidencial. Els \u00e0mbits de la salut d\u2019actuaci\u00f3 del programa son: <\/span><i><span style=\"font-weight: 300;\">Salut afectiva i sexual, Salut aliment\u00e0ria, Salut mental i H\u00e0bits de salut (consum de tabac i altres drogues, altres addicions, exercici<\/span><\/i> <i><span style=\"font-weight: 300;\">f\u00edsic i dieta<\/span><\/i><span style=\"font-weight: 300;\">.), etc.\u00a0<\/span><\/p>\n<p><span style=\"font-weight: 300;\">La Consulta ser\u00e0 atesa per una infermera del Centre de Salut ( CAP ) al qual pertany l\u2019 institut.<\/span><\/p>\n","protected":false},"excerpt":{"rendered":"<p>Us informem que el centre disposa d\u2019un servei d\u2019atenci\u00f3 a la salut adre\u00e7at als i les alumnes i coordinat pel Programa Salut i Escola. Aquest programa de salut \u00e9s una actuaci\u00f3 dels departaments de Salut i d\u2019Educaci\u00f3 de la Generalitat de Catalunya i est\u00e0 adre\u00e7at als alumnes d\u2019ESO, amb l\u2019objectiu de\u00a0 formar, informar, educar en [&hellip;]<\/p>\n","protected":false},"author":1,"featured_media":0,"parent":57,"menu_order":0,"comment_status":"closed","ping_status":"closed","template":"page-templates\/side-menu.php","meta":{"_bbp_topic_count":0,"_bbp_reply_count":0,"_bbp_total_topic_count":0,"_bbp_total_reply_count":0,"_bbp_voice_count":0,"_bbp_anonymous_reply_count":0,"_bbp_topic_count_hidden":0,"_bbp_reply_count_hidden":0,"_bbp_forum_subforum_count":0,"site-sidebar-layout":"default","site-content-layout":"","ast-site-content-layout":"","site-content-style":"default","site-sidebar-style":"default","ast-global-header-display":"","ast-banner-title-visibility":"","ast-main-header-display":"","ast-hfb-above-header-display":"","ast-hfb-below-header-display":"","ast-hfb-mobile-header-display":"","site-post-title":"","ast-breadcrumbs-content":"","ast-featured-img":"","footer-sml-layout":"","theme-transparent-header-meta":"","adv-header-id-meta":"","stick-header-meta":"","header-above-stick-meta":"","header-main-stick-meta":"","header-below-stick-meta":"","astra-migrate-meta-layouts":"default","ast-page-background-enabled":"default","ast-page-background-meta":{"desktop":{"background-color":"var(--ast-global-color-4)","background-image":"","background-repeat":"repeat","background-position":"center center","background-size":"auto","background-attachment":"scroll","background-type":"","background-media":"","overlay-type":"","overlay-color":"","overlay-opacity":"","overlay-gradient":""},"tablet":{"background-color":"","background-image":"","background-repeat":"repeat","background-position":"center center","background-size":"auto","background-attachment":"scroll","background-type":"","background-media":"","overlay-type":"","overlay-color":"","overlay-opacity":"","overlay-gradient":""},"mobile":{"background-color":"","background-image":"","background-repeat":"repeat","background-position":"center center","background-size":"auto","background-attachment":"scroll","background-type":"","background-media":"","overlay-type":"","overlay-color":"","overlay-opacity":"","overlay-gradient":""}},"ast-content-background-meta":{"desktop":{"background-color":"var(--ast-global-color-5)","background-image":"","background-repeat":"repeat","background-position":"center center","background-size":"auto","background-attachment":"scroll","background-type":"","background-media":"","overlay-type":"","overlay-color":"","overlay-opacity":"","overlay-gradient":""},"tablet":{"background-color":"var(--ast-global-color-5)","background-image":"","background-repeat":"repeat","background-position":"center center","background-size":"auto","background-attachment":"scroll","background-type":"","background-media":"","overlay-type":"","overlay-color":"","overlay-opacity":"","overlay-gradient":""},"mobile":{"background-color":"var(--ast-global-color-5)","background-image":"","background-repeat":"repeat","background-position":"center center","background-size":"auto","background-attachment":"scroll","background-type":"","background-media":"","overlay-type":"","overlay-color":"","overlay-opacity":"","overlay-gradient":""}},"footnotes":""},"class_list":["post-10668","page","type-page","status-publish","hentry"],"post_mailing_queue_ids":[],"_links":{"self":[{"href":"https:\/\/agora.xtec.cat\/iespinedademar\/wp-json\/wp\/v2\/pages\/10668","targetHints":{"allow":["GET"]}}],"collection":[{"href":"https:\/\/agora.xtec.cat\/iespinedademar\/wp-json\/wp\/v2\/pages"}],"about":[{"href":"https:\/\/agora.xtec.cat\/iespinedademar\/wp-json\/wp\/v2\/types\/page"}],"author":[{"embeddable":true,"href":"https:\/\/agora.xtec.cat\/iespinedademar\/wp-json\/wp\/v2\/users\/1"}],"replies":[{"embeddable":true,"href":"https:\/\/agora.xtec.cat\/iespinedademar\/wp-json\/wp\/v2\/comments?post=10668"}],"version-history":[{"count":2,"href":"https:\/\/agora.xtec.cat\/iespinedademar\/wp-json\/wp\/v2\/pages\/10668\/revisions"}],"predecessor-version":[{"id":10670,"href":"https:\/\/agora.xtec.cat\/iespinedademar\/wp-json\/wp\/v2\/pages\/10668\/revisions\/10670"}],"up":[{"embeddable":true,"href":"https:\/\/agora.xtec.cat\/iespinedademar\/wp-json\/wp\/v2\/pages\/57"}],"wp:attachment":[{"href":"https:\/\/agora.xtec.cat\/iespinedademar\/wp-json\/wp\/v2\/media?parent=10668"}],"curies":[{"name":"wp","href":"https:\/\/api.w.org\/{rel}","templated":true}]}}